{"id":16,"date":"2023-08-07T12:00:00","date_gmt":"2023-08-07T10:00:00","guid":{"rendered":"https:\/\/eblum.ch\/?page_id=16"},"modified":"2024-09-02T09:41:18","modified_gmt":"2024-09-02T07:41:18","slug":"kontakt","status":"publish","type":"page","link":"https:\/\/eblum.ch\/de\/kontakt\/","title":{"rendered":"Kontakt"},"content":{"rendered":"\n<p>E. Blum &amp; Co. AG<br>Patentanw\u00e4lte und Markenanw\u00e4lte<br>Franklinturm<br>Hofwiesenstrasse 349<br>CH-8050 Z\u00fcrich<br>Schweiz<br><br>Tel. <a class=\"no-line\" href=\"tel:+41432225600\">+41 43 222 56 00<\/a><br>Fax +41 43 222 56 01<br><a href=\"mailto:mail@eblum.ch\">mail@eblum.ch<\/a><\/p>\n\n\n\n<p>Anreise: <a href=\"https:\/\/www.google.com\/maps\/place\/E.+Blum+%26+Co.+AG\/@47.3766836,8.5567287,17z\/data=!3m2!4b1!5s0x479aa0ba5d1e0e21:0xa3d927d7126ddde2!4m6!3m5!1s0x479aa0ba5c9e5f1b:0x1a8d8a9f39bc5272!8m2!3d47.37668!4d8.559309!16s%2Fg%2F1v3km0ts?entry=ttu\" target=\"_blank\" rel=\"noreferrer noopener nofollow\">maps.google.com<\/a><\/p>\n\n\n\n<div class=\"wp-block-buttons is-layout-flex wp-block-buttons-is-layout-flex\">\n<div class=\"wp-block-button has-custom-font-size\" style=\"font-size:13px\"><a class=\"wp-block-button__link has-background has-text-align-left wp-element-button\" href=\"https:\/\/eblum.ch\/de\/kostenlose-erstberatung-buchen\/\" style=\"background-color:#0c4070\">Kostenlose Erstberatung buchen<\/a><\/div>\n<\/div>\n\n\n\n<p><br>Unser Telefon ist wie folgt besetzt:<br>Montag-Freitag von 8.00-12.00 Uhr und von 13.00-17.00 Uhr<\/p>\n\n\n\n<p><br>Unser B\u00fcro bleibt an \u00f6ffentlichen Feiertagen, sowie am 26. Dezember und 2. Januar geschlossen. Zus\u00e4tzlich ist unser B\u00fcro am Sechsel\u00e4uten und Knabenschiessen ab 12.00 Uhr geschlossen.<\/p>\n\n\n\n<p><\/p>\n\n\n\n<p><br><strong>Anreise<\/strong><br>Unsere B\u00fcros befinden sich in unmittelbarer N\u00e4he zum Bahnhof Oerlikon, weshalb wir die Anreise mit \u00d6V empfehlen. F\u00fcr den Individualverkehr steht vis-\u00e0-vis des Franklinturms, in der Schulstrasse 44, 8050 Z\u00fcrich, die Tiefgarage &#171;Swiss\u00f4tel\/Neumarkt&#187; mit \u00f6ffentlichen Parkpl\u00e4tzen zur Verf\u00fcgung (Ebene P2). Von dort folgen Sie bitte zu Fuss der Beschilderung &#171;Neumarkt&#187;\/&#187;Neumarkt Eingang&#187; bis zu den Fahrst\u00fchlen. Alle Fahrst\u00fchle bringen Sie ins Erdgeschoss (Ebene 0), wo sich die Ausg\u00e4nge des Neumarkts befinden. Der Franklinturm ist das Hochaus zwischen dem Neumarkt und dem Bahnhof bzw. den Bahngeleisen.<br><\/p>\n\n\n\n<p><\/p>\n","protected":false},"excerpt":{"rendered":"<p>E. Blum &amp; Co. AGPatentanw\u00e4lte und Markenanw\u00e4lteFranklinturmHofwiesenstrasse 349CH-8050 Z\u00fcrichSchweiz Tel. +41 43 222 56 00Fax +41 43 222 56 01mail@eblum.ch Anreise: maps.google.com Unser Telefon ist wie folgt besetzt:Montag-Freitag von 8.00-12.00 Uhr und von 13.00-17.00 Uhr Unser B\u00fcro bleibt an \u00f6ffentlichen Feiertagen, sowie am 26. Dezember und 2. Januar geschlossen. Zus\u00e4tzlich ist unser B\u00fcro am Sechsel\u00e4uten &hellip; <\/p>\n<p class=\"link-more\"><a href=\"https:\/\/eblum.ch\/de\/kontakt\/\" class=\"more-link\">Weiterlesen<span class=\"screen-reader-text\"> &#171;Kontakt&#187;<\/span><\/a><\/p>\n","protected":false},"author":1,"featured_media":2609,"parent":0,"menu_order":20,"comment_status":"closed","ping_status":"closed","template":"","meta":{"_acf_changed":false,"footnotes":""},"class_list":["post-16","page","type-page","status-publish","has-post-thumbnail","hentry"],"acf":[],"yoast_head":"<!-- This site is optimized with the Yoast SEO plugin v26.0 - https:\/\/yoast.com\/wordpress\/plugins\/seo\/ -->\n<title>Kontakt - E. Blum &amp; Co. AG Patent- und Markenanw\u00e4lte Z\u00fcrich<\/title>\n<meta name=\"description\" content=\"Kontakt - E. Blum &amp; Co. AG, Z\u00fcrich, Patentanw\u00e4lte und Markenanw\u00e4lte in Z\u00fcrich: Patente, Marken, Designs, Trademarks und alle weiteren Bereiche des Immaterialg\u00fcterrechts\" \/>\n<meta name=\"robots\" content=\"index, follow, max-snippet:-1, max-image-preview:large, max-video-preview:-1\" \/>\n<link rel=\"canonical\" href=\"https:\/\/eblum.ch\/de\/kontakt\/\" \/>\n<meta property=\"og:locale\" content=\"de_DE\" \/>\n<meta property=\"og:type\" content=\"article\" \/>\n<meta property=\"og:title\" content=\"Kontakt - E. Blum &amp; Co. AG Patent- und Markenanw\u00e4lte Z\u00fcrich\" \/>\n<meta property=\"og:description\" content=\"Kontakt - E. Blum &amp; Co. AG, Z\u00fcrich, Patentanw\u00e4lte und Markenanw\u00e4lte in Z\u00fcrich: Patente, Marken, Designs, Trademarks und alle weiteren Bereiche des Immaterialg\u00fcterrechts\" \/>\n<meta property=\"og:url\" content=\"https:\/\/eblum.ch\/de\/kontakt\/\" \/>\n<meta property=\"og:site_name\" content=\"E. Blum &amp; Co. AG Patent- und Markenanw\u00e4lte Z\u00fcrich\" \/>\n<meta property=\"article:modified_time\" content=\"2024-09-02T07:41:18+00:00\" \/>\n<meta property=\"og:image\" content=\"https:\/\/eblum.ch\/wp-content\/uploads\/2023\/11\/Kontaktbild.jpg\" \/>\n\t<meta property=\"og:image:width\" content=\"2010\" \/>\n\t<meta property=\"og:image:height\" content=\"2000\" \/>\n\t<meta property=\"og:image:type\" content=\"image\/jpeg\" \/>\n<meta name=\"twitter:card\" content=\"summary_large_image\" \/>\n<meta name=\"twitter:label1\" content=\"Gesch\u00e4tzte Lesezeit\" \/>\n\t<meta name=\"twitter:data1\" content=\"2\u00a0Minuten\" \/>\n<script type=\"application\/ld+json\" class=\"yoast-schema-graph\">{\"@context\":\"https:\/\/schema.org\",\"@graph\":[{\"@type\":\"WebPage\",\"@id\":\"https:\/\/eblum.ch\/de\/kontakt\/\",\"url\":\"https:\/\/eblum.ch\/de\/kontakt\/\",\"name\":\"Kontakt - E. Blum &amp; Co. AG Patent- und Markenanw\u00e4lte Z\u00fcrich\",\"isPartOf\":{\"@id\":\"https:\/\/eblum.ch\/de\/#website\"},\"primaryImageOfPage\":{\"@id\":\"https:\/\/eblum.ch\/de\/kontakt\/#primaryimage\"},\"image\":{\"@id\":\"https:\/\/eblum.ch\/de\/kontakt\/#primaryimage\"},\"thumbnailUrl\":\"https:\/\/eblum.ch\/wp-content\/uploads\/2023\/11\/Kontaktbild.jpg\",\"datePublished\":\"2023-08-07T10:00:00+00:00\",\"dateModified\":\"2024-09-02T07:41:18+00:00\",\"description\":\"Kontakt - E. Blum & Co. AG, Z\u00fcrich, Patentanw\u00e4lte und Markenanw\u00e4lte in Z\u00fcrich: Patente, Marken, Designs, Trademarks und alle weiteren Bereiche des Immaterialg\u00fcterrechts\",\"breadcrumb\":{\"@id\":\"https:\/\/eblum.ch\/de\/kontakt\/#breadcrumb\"},\"inLanguage\":\"de-CH\",\"potentialAction\":[{\"@type\":\"ReadAction\",\"target\":[\"https:\/\/eblum.ch\/de\/kontakt\/\"]}]},{\"@type\":\"ImageObject\",\"inLanguage\":\"de-CH\",\"@id\":\"https:\/\/eblum.ch\/de\/kontakt\/#primaryimage\",\"url\":\"https:\/\/eblum.ch\/wp-content\/uploads\/2023\/11\/Kontaktbild.jpg\",\"contentUrl\":\"https:\/\/eblum.ch\/wp-content\/uploads\/2023\/11\/Kontaktbild.jpg\",\"width\":2010,\"height\":2000},{\"@type\":\"BreadcrumbList\",\"@id\":\"https:\/\/eblum.ch\/de\/kontakt\/#breadcrumb\",\"itemListElement\":[{\"@type\":\"ListItem\",\"position\":1,\"name\":\"Home\",\"item\":\"https:\/\/eblum.ch\/de\/\"},{\"@type\":\"ListItem\",\"position\":2,\"name\":\"Kontakt\"}]},{\"@type\":\"WebSite\",\"@id\":\"https:\/\/eblum.ch\/de\/#website\",\"url\":\"https:\/\/eblum.ch\/de\/\",\"name\":\"E. Blum & Co. AG Patent- und Markenanw\u00e4lte Z\u00fcrich\",\"description\":\"\",\"potentialAction\":[{\"@type\":\"SearchAction\",\"target\":{\"@type\":\"EntryPoint\",\"urlTemplate\":\"https:\/\/eblum.ch\/de\/?s={search_term_string}\"},\"query-input\":{\"@type\":\"PropertyValueSpecification\",\"valueRequired\":true,\"valueName\":\"search_term_string\"}}],\"inLanguage\":\"de-CH\"}]}<\/script>\n<!-- \/ Yoast SEO plugin. -->","yoast_head_json":{"title":"Kontakt - E. Blum &amp; Co. AG Patent- und Markenanw\u00e4lte Z\u00fcrich","description":"Kontakt - E. Blum & Co. AG, Z\u00fcrich, Patentanw\u00e4lte und Markenanw\u00e4lte in Z\u00fcrich: Patente, Marken, Designs, Trademarks und alle weiteren Bereiche des Immaterialg\u00fcterrechts","robots":{"index":"index","follow":"follow","max-snippet":"max-snippet:-1","max-image-preview":"max-image-preview:large","max-video-preview":"max-video-preview:-1"},"canonical":"https:\/\/eblum.ch\/de\/kontakt\/","og_locale":"de_DE","og_type":"article","og_title":"Kontakt - E. Blum &amp; Co. AG Patent- und Markenanw\u00e4lte Z\u00fcrich","og_description":"Kontakt - E. Blum & Co. AG, Z\u00fcrich, Patentanw\u00e4lte und Markenanw\u00e4lte in Z\u00fcrich: Patente, Marken, Designs, Trademarks und alle weiteren Bereiche des Immaterialg\u00fcterrechts","og_url":"https:\/\/eblum.ch\/de\/kontakt\/","og_site_name":"E. Blum &amp; Co. AG Patent- und Markenanw\u00e4lte Z\u00fcrich","article_modified_time":"2024-09-02T07:41:18+00:00","og_image":[{"width":2010,"height":2000,"url":"https:\/\/eblum.ch\/wp-content\/uploads\/2023\/11\/Kontaktbild.jpg","type":"image\/jpeg"}],"twitter_card":"summary_large_image","twitter_misc":{"Gesch\u00e4tzte Lesezeit":"2\u00a0Minuten"},"schema":{"@context":"https:\/\/schema.org","@graph":[{"@type":"WebPage","@id":"https:\/\/eblum.ch\/de\/kontakt\/","url":"https:\/\/eblum.ch\/de\/kontakt\/","name":"Kontakt - E. Blum &amp; Co. AG Patent- und Markenanw\u00e4lte Z\u00fcrich","isPartOf":{"@id":"https:\/\/eblum.ch\/de\/#website"},"primaryImageOfPage":{"@id":"https:\/\/eblum.ch\/de\/kontakt\/#primaryimage"},"image":{"@id":"https:\/\/eblum.ch\/de\/kontakt\/#primaryimage"},"thumbnailUrl":"https:\/\/eblum.ch\/wp-content\/uploads\/2023\/11\/Kontaktbild.jpg","datePublished":"2023-08-07T10:00:00+00:00","dateModified":"2024-09-02T07:41:18+00:00","description":"Kontakt - E. Blum & Co. AG, Z\u00fcrich, Patentanw\u00e4lte und Markenanw\u00e4lte in Z\u00fcrich: Patente, Marken, Designs, Trademarks und alle weiteren Bereiche des Immaterialg\u00fcterrechts","breadcrumb":{"@id":"https:\/\/eblum.ch\/de\/kontakt\/#breadcrumb"},"inLanguage":"de-CH","potentialAction":[{"@type":"ReadAction","target":["https:\/\/eblum.ch\/de\/kontakt\/"]}]},{"@type":"ImageObject","inLanguage":"de-CH","@id":"https:\/\/eblum.ch\/de\/kontakt\/#primaryimage","url":"https:\/\/eblum.ch\/wp-content\/uploads\/2023\/11\/Kontaktbild.jpg","contentUrl":"https:\/\/eblum.ch\/wp-content\/uploads\/2023\/11\/Kontaktbild.jpg","width":2010,"height":2000},{"@type":"BreadcrumbList","@id":"https:\/\/eblum.ch\/de\/kontakt\/#breadcrumb","itemListElement":[{"@type":"ListItem","position":1,"name":"Home","item":"https:\/\/eblum.ch\/de\/"},{"@type":"ListItem","position":2,"name":"Kontakt"}]},{"@type":"WebSite","@id":"https:\/\/eblum.ch\/de\/#website","url":"https:\/\/eblum.ch\/de\/","name":"E. Blum & Co. AG Patent- und Markenanw\u00e4lte Z\u00fcrich","description":"","potentialAction":[{"@type":"SearchAction","target":{"@type":"EntryPoint","urlTemplate":"https:\/\/eblum.ch\/de\/?s={search_term_string}"},"query-input":{"@type":"PropertyValueSpecification","valueRequired":true,"valueName":"search_term_string"}}],"inLanguage":"de-CH"}]}},"_links":{"self":[{"href":"https:\/\/eblum.ch\/de\/wp-json\/wp\/v2\/pages\/16","targetHints":{"allow":["GET"]}}],"collection":[{"href":"https:\/\/eblum.ch\/de\/wp-json\/wp\/v2\/pages"}],"about":[{"href":"https:\/\/eblum.ch\/de\/wp-json\/wp\/v2\/types\/page"}],"author":[{"embeddable":true,"href":"https:\/\/eblum.ch\/de\/wp-json\/wp\/v2\/users\/1"}],"replies":[{"embeddable":true,"href":"https:\/\/eblum.ch\/de\/wp-json\/wp\/v2\/comments?post=16"}],"version-history":[{"count":36,"href":"https:\/\/eblum.ch\/de\/wp-json\/wp\/v2\/pages\/16\/revisions"}],"predecessor-version":[{"id":3138,"href":"https:\/\/eblum.ch\/de\/wp-json\/wp\/v2\/pages\/16\/revisions\/3138"}],"wp:featuredmedia":[{"embeddable":true,"href":"https:\/\/eblum.ch\/de\/wp-json\/wp\/v2\/media\/2609"}],"wp:attachment":[{"href":"https:\/\/eblum.ch\/de\/wp-json\/wp\/v2\/media?parent=16"}],"curies":[{"name":"wp","href":"https:\/\/api.w.org\/{rel}","templated":true}]}}