{"id":219,"date":"2023-08-07T12:00:00","date_gmt":"2023-08-07T10:00:00","guid":{"rendered":"https:\/\/eblum.ch\/?page_id=219"},"modified":"2023-11-03T14:20:47","modified_gmt":"2023-11-03T13:20:47","slug":"automatisierungstechnik-robotik","status":"publish","type":"page","link":"https:\/\/eblum.ch\/de\/technologiegebiete\/automatisierungstechnik-robotik\/","title":{"rendered":"Automatisierungstechnik, Robotik"},"content":{"rendered":"\n<p>Die Automatisierungstechnik ist ein interdisziplin\u00e4rer Zweig der Ingenieur- und Naturwissenschaften, welcher u. a. den\u00a0<a href=\"https:\/\/eblum.ch\/technologiegebiete\/maschinenbau\/\">Maschinenbau<\/a>, die\u00a0<a href=\"https:\/\/eblum.ch\/technologiegebiete\/elektrotechnik\/\">Elektrotechnik<\/a>, Steuer- und Regelungstechnik sowie\u00a0<a href=\"https:\/\/eblum.ch\/technologiegebiete\/informations-und-kommunikationstechnologie-ict\/\">Informations- und Kommunikationstechnik (ICT)<\/a>\u00a0umfasst, siehe separate Seiten hierzu. Die Automatisierungstechnik erm\u00f6glicht den weitgehend autonomen Betrieb von Maschinen und Anlagen. Neben dem klassischen Einsatzbereich in der Fertigung erleben wir derzeit ein \u00e4usserst dynamisches Wachstum der Anwendungsm\u00f6glichkeiten in der Robotik, z.B. in den Bereichen autonomes Fahren und Fliegen (Drohnen) und der\u00a0<a href=\"https:\/\/eblum.ch\/technologiegebiete\/thermodynamik-und-fluidmechanik\/\">Medizintechnik<\/a>. Erm\u00f6glicht und angetrieben wird diese Entwicklung insbesondere durch die zunehmende Vernetzung einer Vielzahl von Ger\u00e4ten und Sensoren (<a href=\"https:\/\/eblum.ch\/technologiegebiete\/internet-der-dinge\/\">Internet der Dinge<\/a>, Industrie 4.0), durch\u00a0<a href=\"https:\/\/eblum.ch\/technologiegebiete\/kuenstliche-intelligenz-ki-maschinelles-lernen\/\">k\u00fcnstliche Intelligenz<\/a>\u00a0und durch neue\u00a0<a href=\"https:\/\/de.wikipedia.org\/wiki\/Mobilfunkstandard\" target=\"_blank\" rel=\"noreferrer noopener\">Mobilfunkstandards<\/a>\u00a0wie 5G. Die Schweiz nimmt in diesem Bereich gem\u00e4ss vielen Studien eine\u00a0f\u00fchrende Rolle\u00a0ein, welche es schutzrechtlich abzusichern gilt.<\/p>\n\n\n\n<p>Auch patentrechtlich ist dieses Gebiet sehr anspruchsvoll und erfordert vielfach einen interdisziplin\u00e4ren Ansatz, welcher oft in einem Team verschiedener Fachleute verfolgt wird. Zudem werden viele Innovationen in diesem Bereich als Software verwirklicht. Entsprechende Erfindungen sind daher nach den speziellen Massst\u00e4ben f\u00fcr&nbsp;<a href=\"https:\/\/eblum.ch\/de\/technologiegebiete\/software\/\">Computer-implementierte Erfindungen<\/a>&nbsp;zu beurteilen und zu formulieren. Unser grosses Team von Patentanw\u00e4lten deckt alle relevanten Ingenieur- und Naturwissenschaften ab. Wir sind daher in der Lage, f\u00fcr jeden Fall in diesem komplexen Gebiet einen geeigneten Fachmann oder ein Team von Fachleuten aufzubieten:<\/p>\n","protected":false},"excerpt":{"rendered":"<p>Die Automatisierungstechnik ist ein interdisziplin\u00e4rer Zweig der Ingenieur- und Naturwissenschaften, welcher u. a. den\u00a0Maschinenbau, die\u00a0Elektrotechnik, Steuer- und Regelungstechnik sowie\u00a0Informations- und Kommunikationstechnik (ICT)\u00a0umfasst, siehe separate Seiten hierzu. Die Automatisierungstechnik erm\u00f6glicht den weitgehend autonomen Betrieb von Maschinen und Anlagen. Neben dem klassischen Einsatzbereich in der Fertigung erleben wir derzeit ein \u00e4usserst dynamisches Wachstum der Anwendungsm\u00f6glichkeiten in der &hellip; <\/p>\n<p class=\"link-more\"><a href=\"https:\/\/eblum.ch\/de\/technologiegebiete\/automatisierungstechnik-robotik\/\" class=\"more-link\">Weiterlesen<span class=\"screen-reader-text\"> &#171;Automatisierungstechnik, Robotik&#187;<\/span><\/a><\/p>\n","protected":false},"author":1,"featured_media":663,"parent":214,"menu_order":3,"comment_status":"closed","ping_status":"closed","template":"","meta":{"_acf_changed":false,"footnotes":""},"class_list":["post-219","page","type-page","status-publish","has-post-thumbnail","hentry"],"acf":[],"yoast_head":"<!-- This site is optimized with the Yoast SEO plugin v26.0 - https:\/\/yoast.com\/wordpress\/plugins\/seo\/ -->\n<title>Automatisierungstechnik, Robotik - E. Blum &amp; Co. AG Patent- und Markenanw\u00e4lte Z\u00fcrich<\/title>\n<meta name=\"description\" content=\"Automatisierungstechnik, Robotik - E. Blum &amp; Co. AG, Z\u00fcrich, Patentanw\u00e4lte und Markenanw\u00e4lte in Z\u00fcrich: Patente, Marken, Designs, Trademarks und alle weiteren Bereiche des Immaterialg\u00fcterrechts\" \/>\n<meta name=\"robots\" content=\"index, follow, max-snippet:-1, max-image-preview:large, max-video-preview:-1\" \/>\n<link rel=\"canonical\" href=\"https:\/\/eblum.ch\/de\/technologiegebiete\/automatisierungstechnik-robotik\/\" \/>\n<meta property=\"og:locale\" content=\"de_DE\" \/>\n<meta property=\"og:type\" content=\"article\" \/>\n<meta property=\"og:title\" content=\"Automatisierungstechnik, Robotik - E. Blum &amp; Co. AG Patent- und Markenanw\u00e4lte Z\u00fcrich\" \/>\n<meta property=\"og:description\" content=\"Automatisierungstechnik, Robotik - E. Blum &amp; Co. AG, Z\u00fcrich, Patentanw\u00e4lte und Markenanw\u00e4lte in Z\u00fcrich: Patente, Marken, Designs, Trademarks und alle weiteren Bereiche des Immaterialg\u00fcterrechts\" \/>\n<meta property=\"og:url\" content=\"https:\/\/eblum.ch\/de\/technologiegebiete\/automatisierungstechnik-robotik\/\" \/>\n<meta property=\"og:site_name\" content=\"E. Blum &amp; Co. AG Patent- und Markenanw\u00e4lte Z\u00fcrich\" \/>\n<meta property=\"article:modified_time\" content=\"2023-11-03T13:20:47+00:00\" \/>\n<meta property=\"og:image\" content=\"https:\/\/eblum.ch\/wp-content\/uploads\/2023\/05\/e-blum-patentanwalt-robotik.jpg\" \/>\n\t<meta property=\"og:image:width\" content=\"2000\" \/>\n\t<meta property=\"og:image:height\" content=\"2000\" \/>\n\t<meta property=\"og:image:type\" content=\"image\/jpeg\" \/>\n<meta name=\"twitter:card\" content=\"summary_large_image\" \/>\n<meta name=\"twitter:label1\" content=\"Gesch\u00e4tzte Lesezeit\" \/>\n\t<meta name=\"twitter:data1\" content=\"2\u00a0Minuten\" \/>\n<script type=\"application\/ld+json\" class=\"yoast-schema-graph\">{\"@context\":\"https:\/\/schema.org\",\"@graph\":[{\"@type\":\"WebPage\",\"@id\":\"https:\/\/eblum.ch\/de\/technologiegebiete\/automatisierungstechnik-robotik\/\",\"url\":\"https:\/\/eblum.ch\/de\/technologiegebiete\/automatisierungstechnik-robotik\/\",\"name\":\"Automatisierungstechnik, Robotik - E. Blum &amp; Co. AG Patent- und Markenanw\u00e4lte Z\u00fcrich\",\"isPartOf\":{\"@id\":\"https:\/\/eblum.ch\/de\/#website\"},\"primaryImageOfPage\":{\"@id\":\"https:\/\/eblum.ch\/de\/technologiegebiete\/automatisierungstechnik-robotik\/#primaryimage\"},\"image\":{\"@id\":\"https:\/\/eblum.ch\/de\/technologiegebiete\/automatisierungstechnik-robotik\/#primaryimage\"},\"thumbnailUrl\":\"https:\/\/eblum.ch\/wp-content\/uploads\/2023\/05\/e-blum-patentanwalt-robotik.jpg\",\"datePublished\":\"2023-08-07T10:00:00+00:00\",\"dateModified\":\"2023-11-03T13:20:47+00:00\",\"description\":\"Automatisierungstechnik, Robotik - E. Blum & Co. AG, Z\u00fcrich, Patentanw\u00e4lte und Markenanw\u00e4lte in Z\u00fcrich: Patente, Marken, Designs, Trademarks und alle weiteren Bereiche des Immaterialg\u00fcterrechts\",\"breadcrumb\":{\"@id\":\"https:\/\/eblum.ch\/de\/technologiegebiete\/automatisierungstechnik-robotik\/#breadcrumb\"},\"inLanguage\":\"de-CH\",\"potentialAction\":[{\"@type\":\"ReadAction\",\"target\":[\"https:\/\/eblum.ch\/de\/technologiegebiete\/automatisierungstechnik-robotik\/\"]}]},{\"@type\":\"ImageObject\",\"inLanguage\":\"de-CH\",\"@id\":\"https:\/\/eblum.ch\/de\/technologiegebiete\/automatisierungstechnik-robotik\/#primaryimage\",\"url\":\"https:\/\/eblum.ch\/wp-content\/uploads\/2023\/05\/e-blum-patentanwalt-robotik.jpg\",\"contentUrl\":\"https:\/\/eblum.ch\/wp-content\/uploads\/2023\/05\/e-blum-patentanwalt-robotik.jpg\",\"width\":2000,\"height\":2000},{\"@type\":\"BreadcrumbList\",\"@id\":\"https:\/\/eblum.ch\/de\/technologiegebiete\/automatisierungstechnik-robotik\/#breadcrumb\",\"itemListElement\":[{\"@type\":\"ListItem\",\"position\":1,\"name\":\"Home\",\"item\":\"https:\/\/eblum.ch\/de\/\"},{\"@type\":\"ListItem\",\"position\":2,\"name\":\"Technologiegebiete\",\"item\":\"https:\/\/eblum.ch\/de\/technologiegebiete\/\"},{\"@type\":\"ListItem\",\"position\":3,\"name\":\"Automatisierungstechnik, Robotik\"}]},{\"@type\":\"WebSite\",\"@id\":\"https:\/\/eblum.ch\/de\/#website\",\"url\":\"https:\/\/eblum.ch\/de\/\",\"name\":\"E. Blum & Co. AG Patent- und Markenanw\u00e4lte Z\u00fcrich\",\"description\":\"\",\"potentialAction\":[{\"@type\":\"SearchAction\",\"target\":{\"@type\":\"EntryPoint\",\"urlTemplate\":\"https:\/\/eblum.ch\/de\/?s={search_term_string}\"},\"query-input\":{\"@type\":\"PropertyValueSpecification\",\"valueRequired\":true,\"valueName\":\"search_term_string\"}}],\"inLanguage\":\"de-CH\"}]}<\/script>\n<!-- \/ Yoast SEO plugin. -->","yoast_head_json":{"title":"Automatisierungstechnik, Robotik - E. Blum &amp; Co. AG Patent- und Markenanw\u00e4lte Z\u00fcrich","description":"Automatisierungstechnik, Robotik - E. Blum & Co. AG, Z\u00fcrich, Patentanw\u00e4lte und Markenanw\u00e4lte in Z\u00fcrich: Patente, Marken, Designs, Trademarks und alle weiteren Bereiche des Immaterialg\u00fcterrechts","robots":{"index":"index","follow":"follow","max-snippet":"max-snippet:-1","max-image-preview":"max-image-preview:large","max-video-preview":"max-video-preview:-1"},"canonical":"https:\/\/eblum.ch\/de\/technologiegebiete\/automatisierungstechnik-robotik\/","og_locale":"de_DE","og_type":"article","og_title":"Automatisierungstechnik, Robotik - E. Blum &amp; Co. AG Patent- und Markenanw\u00e4lte Z\u00fcrich","og_description":"Automatisierungstechnik, Robotik - E. Blum & Co. AG, Z\u00fcrich, Patentanw\u00e4lte und Markenanw\u00e4lte in Z\u00fcrich: Patente, Marken, Designs, Trademarks und alle weiteren Bereiche des Immaterialg\u00fcterrechts","og_url":"https:\/\/eblum.ch\/de\/technologiegebiete\/automatisierungstechnik-robotik\/","og_site_name":"E. Blum &amp; Co. AG Patent- und Markenanw\u00e4lte Z\u00fcrich","article_modified_time":"2023-11-03T13:20:47+00:00","og_image":[{"width":2000,"height":2000,"url":"https:\/\/eblum.ch\/wp-content\/uploads\/2023\/05\/e-blum-patentanwalt-robotik.jpg","type":"image\/jpeg"}],"twitter_card":"summary_large_image","twitter_misc":{"Gesch\u00e4tzte Lesezeit":"2\u00a0Minuten"},"schema":{"@context":"https:\/\/schema.org","@graph":[{"@type":"WebPage","@id":"https:\/\/eblum.ch\/de\/technologiegebiete\/automatisierungstechnik-robotik\/","url":"https:\/\/eblum.ch\/de\/technologiegebiete\/automatisierungstechnik-robotik\/","name":"Automatisierungstechnik, Robotik - E. Blum &amp; Co. AG Patent- und Markenanw\u00e4lte Z\u00fcrich","isPartOf":{"@id":"https:\/\/eblum.ch\/de\/#website"},"primaryImageOfPage":{"@id":"https:\/\/eblum.ch\/de\/technologiegebiete\/automatisierungstechnik-robotik\/#primaryimage"},"image":{"@id":"https:\/\/eblum.ch\/de\/technologiegebiete\/automatisierungstechnik-robotik\/#primaryimage"},"thumbnailUrl":"https:\/\/eblum.ch\/wp-content\/uploads\/2023\/05\/e-blum-patentanwalt-robotik.jpg","datePublished":"2023-08-07T10:00:00+00:00","dateModified":"2023-11-03T13:20:47+00:00","description":"Automatisierungstechnik, Robotik - E. Blum & Co. AG, Z\u00fcrich, Patentanw\u00e4lte und Markenanw\u00e4lte in Z\u00fcrich: Patente, Marken, Designs, Trademarks und alle weiteren Bereiche des Immaterialg\u00fcterrechts","breadcrumb":{"@id":"https:\/\/eblum.ch\/de\/technologiegebiete\/automatisierungstechnik-robotik\/#breadcrumb"},"inLanguage":"de-CH","potentialAction":[{"@type":"ReadAction","target":["https:\/\/eblum.ch\/de\/technologiegebiete\/automatisierungstechnik-robotik\/"]}]},{"@type":"ImageObject","inLanguage":"de-CH","@id":"https:\/\/eblum.ch\/de\/technologiegebiete\/automatisierungstechnik-robotik\/#primaryimage","url":"https:\/\/eblum.ch\/wp-content\/uploads\/2023\/05\/e-blum-patentanwalt-robotik.jpg","contentUrl":"https:\/\/eblum.ch\/wp-content\/uploads\/2023\/05\/e-blum-patentanwalt-robotik.jpg","width":2000,"height":2000},{"@type":"BreadcrumbList","@id":"https:\/\/eblum.ch\/de\/technologiegebiete\/automatisierungstechnik-robotik\/#breadcrumb","itemListElement":[{"@type":"ListItem","position":1,"name":"Home","item":"https:\/\/eblum.ch\/de\/"},{"@type":"ListItem","position":2,"name":"Technologiegebiete","item":"https:\/\/eblum.ch\/de\/technologiegebiete\/"},{"@type":"ListItem","position":3,"name":"Automatisierungstechnik, Robotik"}]},{"@type":"WebSite","@id":"https:\/\/eblum.ch\/de\/#website","url":"https:\/\/eblum.ch\/de\/","name":"E. Blum & Co. AG Patent- und Markenanw\u00e4lte Z\u00fcrich","description":"","potentialAction":[{"@type":"SearchAction","target":{"@type":"EntryPoint","urlTemplate":"https:\/\/eblum.ch\/de\/?s={search_term_string}"},"query-input":{"@type":"PropertyValueSpecification","valueRequired":true,"valueName":"search_term_string"}}],"inLanguage":"de-CH"}]}},"_links":{"self":[{"href":"https:\/\/eblum.ch\/de\/wp-json\/wp\/v2\/pages\/219","targetHints":{"allow":["GET"]}}],"collection":[{"href":"https:\/\/eblum.ch\/de\/wp-json\/wp\/v2\/pages"}],"about":[{"href":"https:\/\/eblum.ch\/de\/wp-json\/wp\/v2\/types\/page"}],"author":[{"embeddable":true,"href":"https:\/\/eblum.ch\/de\/wp-json\/wp\/v2\/users\/1"}],"replies":[{"embeddable":true,"href":"https:\/\/eblum.ch\/de\/wp-json\/wp\/v2\/comments?post=219"}],"version-history":[{"count":11,"href":"https:\/\/eblum.ch\/de\/wp-json\/wp\/v2\/pages\/219\/revisions"}],"predecessor-version":[{"id":2516,"href":"https:\/\/eblum.ch\/de\/wp-json\/wp\/v2\/pages\/219\/revisions\/2516"}],"up":[{"embeddable":true,"href":"https:\/\/eblum.ch\/de\/wp-json\/wp\/v2\/pages\/214"}],"wp:featuredmedia":[{"embeddable":true,"href":"https:\/\/eblum.ch\/de\/wp-json\/wp\/v2\/media\/663"}],"wp:attachment":[{"href":"https:\/\/eblum.ch\/de\/wp-json\/wp\/v2\/media?parent=219"}],"curies":[{"name":"wp","href":"https:\/\/api.w.org\/{rel}","templated":true}]}}