{"id":23,"date":"2023-08-07T12:00:00","date_gmt":"2023-08-07T10:00:00","guid":{"rendered":"https:\/\/eblum.ch\/?page_id=23"},"modified":"2024-12-02T13:18:22","modified_gmt":"2024-12-02T12:18:22","slug":"e-blum-co-ag","status":"publish","type":"page","link":"https:\/\/eblum.ch\/de\/","title":{"rendered":"E. Blum &amp; Co. AG<br> Patent- und Markenanw\u00e4lte"},"content":{"rendered":"\n<p><em>Wir sch\u00fctzen geistiges Eigentum<\/em><\/p>\n\n\n\n<div class=\"wp-block-buttons is-content-justification-center is-layout-flex wp-container-core-buttons-is-layout-16018d1d wp-block-buttons-is-layout-flex\">\n<div class=\"wp-block-button has-custom-width wp-block-button__width-75\"><a class=\"wp-block-button__link has-background wp-element-button\" href=\"https:\/\/eblum.ch\/de\/kostenlose-erstberatung-buchen\/\" style=\"background-color:#0c4070\">Kostenlose Erstberatung buchen<\/a><\/div>\n<\/div>\n\n\n\n<p><br>Sie suchen eine <strong>Markenanw\u00e4ltin, <\/strong>einen <strong>Patentanwalt<\/strong>\u00a0oder eine andere Fachperson im <strong>Immaterialg\u00fcterrecht<\/strong>? Wir beraten und unterst\u00fctzen Sie\u00a0in allen Bereichen des Immaterialg\u00fcterrechts, insbesondere im Zusammenhang mit Patenten, Marken, Designs, Urheberrechten, Domainnamen oder Lizenzvertr\u00e4gen. Unser <a href=\"https:\/\/eblum.ch\/de\/ueber-uns\/team\/\">grosses Team<\/a> von Patentanw\u00e4ltinnen\/ Patentanw\u00e4lten, Markenanw\u00e4ltinnen\/ Markenanw\u00e4lten und Rechtsanw\u00e4ltinnen\/ Rechtsanw\u00e4lten ist in der Lage, Sie in diesen komplexen Bereichen kompetent und umfassend zu beraten.\u00a0<\/p>\n\n\n\n<p>Seit \u00fcber 140 Jahren&nbsp;bieten wir von unseren B\u00fcros in Z\u00fcrich aus Dienstleistungen h\u00f6chster Qualit\u00e4t und geh\u00f6ren zu den schweizweit&nbsp;<a href=\"https:\/\/eblum.ch\/ueber-uns\/auszeichnungen\/\">f\u00fchrenden Kanzleien<\/a>&nbsp;in diesem Gebiet. Gleichzeitig stellen wir durch intensive fachliche Kontakte mit Beh\u00f6rden, Verb\u00e4nden sowie Spezialistinnen und Spezialisten im In- und Ausland sicher, dass unsere Dienstleistungen in einem sich dauernd ver\u00e4ndernden Umfeld stets auf dem neusten Stand sind.<\/p>\n","protected":false},"excerpt":{"rendered":"<p>Wir sch\u00fctzen geistiges Eigentum Sie suchen eine Markenanw\u00e4ltin, einen Patentanwalt\u00a0oder eine andere Fachperson im Immaterialg\u00fcterrecht? Wir beraten und unterst\u00fctzen Sie\u00a0in allen Bereichen des Immaterialg\u00fcterrechts, insbesondere im Zusammenhang mit Patenten, Marken, Designs, Urheberrechten, Domainnamen oder Lizenzvertr\u00e4gen. Unser grosses Team von Patentanw\u00e4ltinnen\/ Patentanw\u00e4lten, Markenanw\u00e4ltinnen\/ Markenanw\u00e4lten und Rechtsanw\u00e4ltinnen\/ Rechtsanw\u00e4lten ist in der Lage, Sie in diesen komplexen Bereichen &hellip; <\/p>\n<p class=\"link-more\"><a href=\"https:\/\/eblum.ch\/de\/\" class=\"more-link\">Weiterlesen<span class=\"screen-reader-text\"> &#171;E. Blum &amp; Co. AG<br \/> Patent- und Markenanw\u00e4lte&#187;<\/span><\/a><\/p>\n","protected":false},"author":1,"featured_media":0,"parent":0,"menu_order":5,"comment_status":"closed","ping_status":"closed","template":"","meta":{"_acf_changed":false,"footnotes":""},"class_list":["post-23","page","type-page","status-publish","hentry"],"acf":[],"yoast_head":"<!-- This site is optimized with the Yoast SEO plugin v26.0 - https:\/\/yoast.com\/wordpress\/plugins\/seo\/ -->\n<title>E. Blum &amp; Co. AG, Patent- und Markenanw\u00e4lte Z\u00fcrich, Schweiz<\/title>\n<meta name=\"description\" content=\"E. Blum &amp; Co. AG, Z\u00fcrich, Patentanw\u00e4lte und Markenanw\u00e4lte in Z\u00fcrich: Patente, Marken, Designs, Trademarks und alle weiteren Bereiche des Immaterialg\u00fcterrechts\" \/>\n<meta name=\"robots\" content=\"index, follow, max-snippet:-1, max-image-preview:large, max-video-preview:-1\" \/>\n<link rel=\"canonical\" href=\"https:\/\/eblum.ch\/de\/\" \/>\n<meta property=\"og:locale\" content=\"de_DE\" \/>\n<meta property=\"og:type\" content=\"article\" \/>\n<meta property=\"og:title\" content=\"E. Blum &amp; Co. AG, Patent- und Markenanw\u00e4lte Z\u00fcrich, Schweiz\" \/>\n<meta property=\"og:description\" content=\"E. Blum &amp; Co. AG, Z\u00fcrich, Patentanw\u00e4lte und Markenanw\u00e4lte in Z\u00fcrich: Patente, Marken, Designs, Trademarks und alle weiteren Bereiche des Immaterialg\u00fcterrechts\" \/>\n<meta property=\"og:url\" content=\"https:\/\/eblum.ch\/de\/\" \/>\n<meta property=\"og:site_name\" content=\"E. Blum &amp; Co. AG Patent- und Markenanw\u00e4lte Z\u00fcrich\" \/>\n<meta property=\"article:modified_time\" content=\"2024-12-02T12:18:22+00:00\" \/>\n<meta name=\"twitter:card\" content=\"summary_large_image\" \/>\n<meta name=\"twitter:label1\" content=\"Gesch\u00e4tzte Lesezeit\" \/>\n\t<meta name=\"twitter:data1\" content=\"1\u00a0Minute\" \/>\n<script type=\"application\/ld+json\" class=\"yoast-schema-graph\">{\"@context\":\"https:\/\/schema.org\",\"@graph\":[{\"@type\":\"WebPage\",\"@id\":\"https:\/\/eblum.ch\/de\/\",\"url\":\"https:\/\/eblum.ch\/de\/\",\"name\":\"E. Blum & Co. AG, Patent- und Markenanw\u00e4lte Z\u00fcrich, Schweiz\",\"isPartOf\":{\"@id\":\"https:\/\/eblum.ch\/de\/#website\"},\"datePublished\":\"2023-08-07T10:00:00+00:00\",\"dateModified\":\"2024-12-02T12:18:22+00:00\",\"description\":\"E. Blum & Co. AG, Z\u00fcrich, Patentanw\u00e4lte und Markenanw\u00e4lte in Z\u00fcrich: Patente, Marken, Designs, Trademarks und alle weiteren Bereiche des Immaterialg\u00fcterrechts\",\"breadcrumb\":{\"@id\":\"https:\/\/eblum.ch\/de\/#breadcrumb\"},\"inLanguage\":\"de-CH\",\"potentialAction\":[{\"@type\":\"ReadAction\",\"target\":[\"https:\/\/eblum.ch\/de\/\"]}]},{\"@type\":\"BreadcrumbList\",\"@id\":\"https:\/\/eblum.ch\/de\/#breadcrumb\",\"itemListElement\":[{\"@type\":\"ListItem\",\"position\":1,\"name\":\"Home\",\"item\":\"https:\/\/eblum.ch\/de\/\"},{\"@type\":\"ListItem\",\"position\":2,\"name\":\"E. Blum &amp; Co. AG Patent- und Markenanw\u00e4lte\"}]},{\"@type\":\"WebSite\",\"@id\":\"https:\/\/eblum.ch\/de\/#website\",\"url\":\"https:\/\/eblum.ch\/de\/\",\"name\":\"E. Blum & Co. AG Patent- und Markenanw\u00e4lte Z\u00fcrich\",\"description\":\"\",\"potentialAction\":[{\"@type\":\"SearchAction\",\"target\":{\"@type\":\"EntryPoint\",\"urlTemplate\":\"https:\/\/eblum.ch\/de\/?s={search_term_string}\"},\"query-input\":{\"@type\":\"PropertyValueSpecification\",\"valueRequired\":true,\"valueName\":\"search_term_string\"}}],\"inLanguage\":\"de-CH\"}]}<\/script>\n<!-- \/ Yoast SEO plugin. -->","yoast_head_json":{"title":"E. Blum & Co. AG, Patent- und Markenanw\u00e4lte Z\u00fcrich, Schweiz","description":"E. Blum & Co. AG, Z\u00fcrich, Patentanw\u00e4lte und Markenanw\u00e4lte in Z\u00fcrich: Patente, Marken, Designs, Trademarks und alle weiteren Bereiche des Immaterialg\u00fcterrechts","robots":{"index":"index","follow":"follow","max-snippet":"max-snippet:-1","max-image-preview":"max-image-preview:large","max-video-preview":"max-video-preview:-1"},"canonical":"https:\/\/eblum.ch\/de\/","og_locale":"de_DE","og_type":"article","og_title":"E. Blum & Co. AG, Patent- und Markenanw\u00e4lte Z\u00fcrich, Schweiz","og_description":"E. Blum & Co. AG, Z\u00fcrich, Patentanw\u00e4lte und Markenanw\u00e4lte in Z\u00fcrich: Patente, Marken, Designs, Trademarks und alle weiteren Bereiche des Immaterialg\u00fcterrechts","og_url":"https:\/\/eblum.ch\/de\/","og_site_name":"E. Blum &amp; Co. AG Patent- und Markenanw\u00e4lte Z\u00fcrich","article_modified_time":"2024-12-02T12:18:22+00:00","twitter_card":"summary_large_image","twitter_misc":{"Gesch\u00e4tzte Lesezeit":"1\u00a0Minute"},"schema":{"@context":"https:\/\/schema.org","@graph":[{"@type":"WebPage","@id":"https:\/\/eblum.ch\/de\/","url":"https:\/\/eblum.ch\/de\/","name":"E. Blum & Co. AG, Patent- und Markenanw\u00e4lte Z\u00fcrich, Schweiz","isPartOf":{"@id":"https:\/\/eblum.ch\/de\/#website"},"datePublished":"2023-08-07T10:00:00+00:00","dateModified":"2024-12-02T12:18:22+00:00","description":"E. Blum & Co. AG, Z\u00fcrich, Patentanw\u00e4lte und Markenanw\u00e4lte in Z\u00fcrich: Patente, Marken, Designs, Trademarks und alle weiteren Bereiche des Immaterialg\u00fcterrechts","breadcrumb":{"@id":"https:\/\/eblum.ch\/de\/#breadcrumb"},"inLanguage":"de-CH","potentialAction":[{"@type":"ReadAction","target":["https:\/\/eblum.ch\/de\/"]}]},{"@type":"BreadcrumbList","@id":"https:\/\/eblum.ch\/de\/#breadcrumb","itemListElement":[{"@type":"ListItem","position":1,"name":"Home","item":"https:\/\/eblum.ch\/de\/"},{"@type":"ListItem","position":2,"name":"E. Blum &amp; Co. AG Patent- und Markenanw\u00e4lte"}]},{"@type":"WebSite","@id":"https:\/\/eblum.ch\/de\/#website","url":"https:\/\/eblum.ch\/de\/","name":"E. Blum & Co. AG Patent- und Markenanw\u00e4lte Z\u00fcrich","description":"","potentialAction":[{"@type":"SearchAction","target":{"@type":"EntryPoint","urlTemplate":"https:\/\/eblum.ch\/de\/?s={search_term_string}"},"query-input":{"@type":"PropertyValueSpecification","valueRequired":true,"valueName":"search_term_string"}}],"inLanguage":"de-CH"}]}},"_links":{"self":[{"href":"https:\/\/eblum.ch\/de\/wp-json\/wp\/v2\/pages\/23","targetHints":{"allow":["GET"]}}],"collection":[{"href":"https:\/\/eblum.ch\/de\/wp-json\/wp\/v2\/pages"}],"about":[{"href":"https:\/\/eblum.ch\/de\/wp-json\/wp\/v2\/types\/page"}],"author":[{"embeddable":true,"href":"https:\/\/eblum.ch\/de\/wp-json\/wp\/v2\/users\/1"}],"replies":[{"embeddable":true,"href":"https:\/\/eblum.ch\/de\/wp-json\/wp\/v2\/comments?post=23"}],"version-history":[{"count":83,"href":"https:\/\/eblum.ch\/de\/wp-json\/wp\/v2\/pages\/23\/revisions"}],"predecessor-version":[{"id":3260,"href":"https:\/\/eblum.ch\/de\/wp-json\/wp\/v2\/pages\/23\/revisions\/3260"}],"wp:attachment":[{"href":"https:\/\/eblum.ch\/de\/wp-json\/wp\/v2\/media?parent=23"}],"curies":[{"name":"wp","href":"https:\/\/api.w.org\/{rel}","templated":true}]}}