{"id":233,"date":"2023-08-07T12:00:00","date_gmt":"2023-08-07T10:00:00","guid":{"rendered":"https:\/\/eblum.ch\/?page_id=233"},"modified":"2025-02-13T13:28:07","modified_gmt":"2025-02-13T12:28:07","slug":"bildgebung","status":"publish","type":"page","link":"https:\/\/eblum.ch\/de\/technologiegebiete\/bildgebung\/","title":{"rendered":"Bildgebung"},"content":{"rendered":"\n<p>Ein&nbsp;<a href=\"https:\/\/de.wikipedia.org\/wiki\/Bildgebendes_Verfahren\" target=\"_blank\" rel=\"noreferrer noopener\">bildgebendes Verfahren<\/a>&nbsp;erzeugt aus Messgr\u00f6ssen eines realen Objekts ein Abbild. Dabei wird die Messgr\u00f6sse oder eine daraus abgeleitete Gr\u00f6sse ortsaufgel\u00f6st dargestellt, z.B. \u00fcber Helligkeitswerte oder Farben. Bildgebende Verfahren finden Anwendung in den verschiedensten Gebieten \u2013 von der biomedizinischen Forschung und medizinischen Diagnostik \u00fcber die Materialpr\u00fcfung bis hin zur Fernerkundung und Erforschung des Erdinneren. L\u00e4ngenskalen reichen von den kleinsten Skalen in der Teilchenphysik zu den gr\u00f6ssten in der Astronomie.<\/p>\n\n\n\n<p>Die zur Bilderzeugung verwendete Messgr\u00f6sse entscheidet, welche Eigenschaft des Objekts dargestellt wird. Beispiele f\u00fcr Messgr\u00f6ssen sind Licht bzw. elektromagnetische Strahlung im Allgemeinen (z.B. R\u00f6ntgen oder Radar), Kraft, Stromst\u00e4rke\/Spannung, magnetische Feldst\u00e4rke und Ultraschall bzw. elastische Wellen im Allgemeinen. Gemeinsam ist vielen bildgebenden Verfahren die Notwendigkeit einer Signalverarbeitung, um aus gemessenen Werten ein 2D- oder 3D-Abbild des realen Objekts zu erstellen. Dabei k\u00f6nnen \u2013 je nach Verfahren \u2013 z.B. auch Inversionsmethoden zur Objektrekonstruktion zur Anwendung kommen, siehe z.B. die Tomografie.<\/p>\n\n\n\n<p>Mehrere unserer Patentanw\u00e4lte haben praktische Erfahrung mit verschiedensten bildgebenden Verfahren und sind daher in der Lage, Sie mit dem n\u00f6tigen Fachwissen zu beraten. Dies betrifft insbesondere optische Abbildungsverfahren (z.B. Fluoreszenzmikroskopie in der biomedizinischen Forschung), Abbildungsverfahren und Inversionsmethoden in der&nbsp;<a href=\"https:\/\/de.wikipedia.org\/wiki\/Werkstoffpr%C3%BCfung\" target=\"_blank\" rel=\"noreferrer noopener\">Werkstoffpr\u00fcfung<\/a>, der&nbsp;<a href=\"https:\/\/de.wikipedia.org\/wiki\/Geophysik\" target=\"_blank\" rel=\"noreferrer noopener\">Geophysik<\/a>&nbsp;und der medizinischen Diagnostik, siehe auch&nbsp;<a href=\"https:\/\/eblum.ch\/technologiegebiete\/medtech\/\">Medizintechnik<\/a>.<\/p>\n","protected":false},"excerpt":{"rendered":"<p>Ein&nbsp;bildgebendes Verfahren&nbsp;erzeugt aus Messgr\u00f6ssen eines realen Objekts ein Abbild. Dabei wird die Messgr\u00f6sse oder eine daraus abgeleitete Gr\u00f6sse ortsaufgel\u00f6st dargestellt, z.B. \u00fcber Helligkeitswerte oder Farben. Bildgebende Verfahren finden Anwendung in den verschiedensten Gebieten \u2013 von der biomedizinischen Forschung und medizinischen Diagnostik \u00fcber die Materialpr\u00fcfung bis hin zur Fernerkundung und Erforschung des Erdinneren. L\u00e4ngenskalen reichen von &hellip; <\/p>\n<p class=\"link-more\"><a href=\"https:\/\/eblum.ch\/de\/technologiegebiete\/bildgebung\/\" class=\"more-link\">Weiterlesen<span class=\"screen-reader-text\"> &#171;Bildgebung&#187;<\/span><\/a><\/p>\n","protected":false},"author":1,"featured_media":599,"parent":214,"menu_order":3,"comment_status":"closed","ping_status":"closed","template":"","meta":{"_acf_changed":false,"footnotes":""},"class_list":["post-233","page","type-page","status-publish","has-post-thumbnail","hentry"],"acf":[],"yoast_head":"<!-- This site is optimized with the Yoast SEO plugin v26.0 - https:\/\/yoast.com\/wordpress\/plugins\/seo\/ -->\n<title>Bildgebung - E. Blum &amp; Co. AG Patent- und Markenanw\u00e4lte Z\u00fcrich<\/title>\n<meta name=\"description\" content=\"Bildgebung - E. Blum &amp; Co. AG, Z\u00fcrich, Patentanw\u00e4lte und Markenanw\u00e4lte in Z\u00fcrich: Patente, Marken, Designs, Trademarks und alle weiteren Bereiche des Immaterialg\u00fcterrechts\" \/>\n<meta name=\"robots\" content=\"index, follow, max-snippet:-1, max-image-preview:large, max-video-preview:-1\" \/>\n<link rel=\"canonical\" href=\"https:\/\/eblum.ch\/de\/technologiegebiete\/bildgebung\/\" \/>\n<meta property=\"og:locale\" content=\"de_DE\" \/>\n<meta property=\"og:type\" content=\"article\" \/>\n<meta property=\"og:title\" content=\"Bildgebung - E. Blum &amp; Co. AG Patent- und Markenanw\u00e4lte Z\u00fcrich\" \/>\n<meta property=\"og:description\" content=\"Bildgebung - E. Blum &amp; Co. AG, Z\u00fcrich, Patentanw\u00e4lte und Markenanw\u00e4lte in Z\u00fcrich: Patente, Marken, Designs, Trademarks und alle weiteren Bereiche des Immaterialg\u00fcterrechts\" \/>\n<meta property=\"og:url\" content=\"https:\/\/eblum.ch\/de\/technologiegebiete\/bildgebung\/\" \/>\n<meta property=\"og:site_name\" content=\"E. Blum &amp; Co. AG Patent- und Markenanw\u00e4lte Z\u00fcrich\" \/>\n<meta property=\"article:modified_time\" content=\"2025-02-13T12:28:07+00:00\" \/>\n<meta property=\"og:image\" content=\"https:\/\/eblum.ch\/wp-content\/uploads\/2023\/05\/e-blum-patentanwalt-bildgebende-verfahren-1024x1024.jpg\" \/>\n\t<meta property=\"og:image:width\" content=\"1024\" \/>\n\t<meta property=\"og:image:height\" content=\"1024\" \/>\n\t<meta property=\"og:image:type\" content=\"image\/jpeg\" \/>\n<meta name=\"twitter:card\" content=\"summary_large_image\" \/>\n<meta name=\"twitter:label1\" content=\"Gesch\u00e4tzte Lesezeit\" \/>\n\t<meta name=\"twitter:data1\" content=\"2\u00a0Minuten\" \/>\n<script type=\"application\/ld+json\" class=\"yoast-schema-graph\">{\"@context\":\"https:\/\/schema.org\",\"@graph\":[{\"@type\":\"WebPage\",\"@id\":\"https:\/\/eblum.ch\/de\/technologiegebiete\/bildgebung\/\",\"url\":\"https:\/\/eblum.ch\/de\/technologiegebiete\/bildgebung\/\",\"name\":\"Bildgebung - E. Blum &amp; Co. AG Patent- und Markenanw\u00e4lte Z\u00fcrich\",\"isPartOf\":{\"@id\":\"https:\/\/eblum.ch\/de\/#website\"},\"primaryImageOfPage\":{\"@id\":\"https:\/\/eblum.ch\/de\/technologiegebiete\/bildgebung\/#primaryimage\"},\"image\":{\"@id\":\"https:\/\/eblum.ch\/de\/technologiegebiete\/bildgebung\/#primaryimage\"},\"thumbnailUrl\":\"https:\/\/eblum.ch\/wp-content\/uploads\/2023\/05\/e-blum-patentanwalt-bildgebende-verfahren.jpg\",\"datePublished\":\"2023-08-07T10:00:00+00:00\",\"dateModified\":\"2025-02-13T12:28:07+00:00\",\"description\":\"Bildgebung - E. Blum & Co. AG, Z\u00fcrich, Patentanw\u00e4lte und Markenanw\u00e4lte in Z\u00fcrich: Patente, Marken, Designs, Trademarks und alle weiteren Bereiche des Immaterialg\u00fcterrechts\",\"breadcrumb\":{\"@id\":\"https:\/\/eblum.ch\/de\/technologiegebiete\/bildgebung\/#breadcrumb\"},\"inLanguage\":\"de-CH\",\"potentialAction\":[{\"@type\":\"ReadAction\",\"target\":[\"https:\/\/eblum.ch\/de\/technologiegebiete\/bildgebung\/\"]}]},{\"@type\":\"ImageObject\",\"inLanguage\":\"de-CH\",\"@id\":\"https:\/\/eblum.ch\/de\/technologiegebiete\/bildgebung\/#primaryimage\",\"url\":\"https:\/\/eblum.ch\/wp-content\/uploads\/2023\/05\/e-blum-patentanwalt-bildgebende-verfahren.jpg\",\"contentUrl\":\"https:\/\/eblum.ch\/wp-content\/uploads\/2023\/05\/e-blum-patentanwalt-bildgebende-verfahren.jpg\",\"width\":2000,\"height\":2000},{\"@type\":\"BreadcrumbList\",\"@id\":\"https:\/\/eblum.ch\/de\/technologiegebiete\/bildgebung\/#breadcrumb\",\"itemListElement\":[{\"@type\":\"ListItem\",\"position\":1,\"name\":\"Home\",\"item\":\"https:\/\/eblum.ch\/de\/\"},{\"@type\":\"ListItem\",\"position\":2,\"name\":\"Technologiegebiete\",\"item\":\"https:\/\/eblum.ch\/de\/technologiegebiete\/\"},{\"@type\":\"ListItem\",\"position\":3,\"name\":\"Bildgebung\"}]},{\"@type\":\"WebSite\",\"@id\":\"https:\/\/eblum.ch\/de\/#website\",\"url\":\"https:\/\/eblum.ch\/de\/\",\"name\":\"E. Blum & Co. AG Patent- und Markenanw\u00e4lte Z\u00fcrich\",\"description\":\"\",\"potentialAction\":[{\"@type\":\"SearchAction\",\"target\":{\"@type\":\"EntryPoint\",\"urlTemplate\":\"https:\/\/eblum.ch\/de\/?s={search_term_string}\"},\"query-input\":{\"@type\":\"PropertyValueSpecification\",\"valueRequired\":true,\"valueName\":\"search_term_string\"}}],\"inLanguage\":\"de-CH\"}]}<\/script>\n<!-- \/ Yoast SEO plugin. -->","yoast_head_json":{"title":"Bildgebung - E. Blum &amp; Co. AG Patent- und Markenanw\u00e4lte Z\u00fcrich","description":"Bildgebung - E. Blum & Co. AG, Z\u00fcrich, Patentanw\u00e4lte und Markenanw\u00e4lte in Z\u00fcrich: Patente, Marken, Designs, Trademarks und alle weiteren Bereiche des Immaterialg\u00fcterrechts","robots":{"index":"index","follow":"follow","max-snippet":"max-snippet:-1","max-image-preview":"max-image-preview:large","max-video-preview":"max-video-preview:-1"},"canonical":"https:\/\/eblum.ch\/de\/technologiegebiete\/bildgebung\/","og_locale":"de_DE","og_type":"article","og_title":"Bildgebung - E. Blum &amp; Co. AG Patent- und Markenanw\u00e4lte Z\u00fcrich","og_description":"Bildgebung - E. Blum & Co. AG, Z\u00fcrich, Patentanw\u00e4lte und Markenanw\u00e4lte in Z\u00fcrich: Patente, Marken, Designs, Trademarks und alle weiteren Bereiche des Immaterialg\u00fcterrechts","og_url":"https:\/\/eblum.ch\/de\/technologiegebiete\/bildgebung\/","og_site_name":"E. Blum &amp; Co. AG Patent- und Markenanw\u00e4lte Z\u00fcrich","article_modified_time":"2025-02-13T12:28:07+00:00","og_image":[{"width":1024,"height":1024,"url":"https:\/\/eblum.ch\/wp-content\/uploads\/2023\/05\/e-blum-patentanwalt-bildgebende-verfahren-1024x1024.jpg","type":"image\/jpeg"}],"twitter_card":"summary_large_image","twitter_misc":{"Gesch\u00e4tzte Lesezeit":"2\u00a0Minuten"},"schema":{"@context":"https:\/\/schema.org","@graph":[{"@type":"WebPage","@id":"https:\/\/eblum.ch\/de\/technologiegebiete\/bildgebung\/","url":"https:\/\/eblum.ch\/de\/technologiegebiete\/bildgebung\/","name":"Bildgebung - E. Blum &amp; Co. AG Patent- und Markenanw\u00e4lte Z\u00fcrich","isPartOf":{"@id":"https:\/\/eblum.ch\/de\/#website"},"primaryImageOfPage":{"@id":"https:\/\/eblum.ch\/de\/technologiegebiete\/bildgebung\/#primaryimage"},"image":{"@id":"https:\/\/eblum.ch\/de\/technologiegebiete\/bildgebung\/#primaryimage"},"thumbnailUrl":"https:\/\/eblum.ch\/wp-content\/uploads\/2023\/05\/e-blum-patentanwalt-bildgebende-verfahren.jpg","datePublished":"2023-08-07T10:00:00+00:00","dateModified":"2025-02-13T12:28:07+00:00","description":"Bildgebung - E. Blum & Co. AG, Z\u00fcrich, Patentanw\u00e4lte und Markenanw\u00e4lte in Z\u00fcrich: Patente, Marken, Designs, Trademarks und alle weiteren Bereiche des Immaterialg\u00fcterrechts","breadcrumb":{"@id":"https:\/\/eblum.ch\/de\/technologiegebiete\/bildgebung\/#breadcrumb"},"inLanguage":"de-CH","potentialAction":[{"@type":"ReadAction","target":["https:\/\/eblum.ch\/de\/technologiegebiete\/bildgebung\/"]}]},{"@type":"ImageObject","inLanguage":"de-CH","@id":"https:\/\/eblum.ch\/de\/technologiegebiete\/bildgebung\/#primaryimage","url":"https:\/\/eblum.ch\/wp-content\/uploads\/2023\/05\/e-blum-patentanwalt-bildgebende-verfahren.jpg","contentUrl":"https:\/\/eblum.ch\/wp-content\/uploads\/2023\/05\/e-blum-patentanwalt-bildgebende-verfahren.jpg","width":2000,"height":2000},{"@type":"BreadcrumbList","@id":"https:\/\/eblum.ch\/de\/technologiegebiete\/bildgebung\/#breadcrumb","itemListElement":[{"@type":"ListItem","position":1,"name":"Home","item":"https:\/\/eblum.ch\/de\/"},{"@type":"ListItem","position":2,"name":"Technologiegebiete","item":"https:\/\/eblum.ch\/de\/technologiegebiete\/"},{"@type":"ListItem","position":3,"name":"Bildgebung"}]},{"@type":"WebSite","@id":"https:\/\/eblum.ch\/de\/#website","url":"https:\/\/eblum.ch\/de\/","name":"E. Blum & Co. AG Patent- und Markenanw\u00e4lte Z\u00fcrich","description":"","potentialAction":[{"@type":"SearchAction","target":{"@type":"EntryPoint","urlTemplate":"https:\/\/eblum.ch\/de\/?s={search_term_string}"},"query-input":{"@type":"PropertyValueSpecification","valueRequired":true,"valueName":"search_term_string"}}],"inLanguage":"de-CH"}]}},"_links":{"self":[{"href":"https:\/\/eblum.ch\/de\/wp-json\/wp\/v2\/pages\/233","targetHints":{"allow":["GET"]}}],"collection":[{"href":"https:\/\/eblum.ch\/de\/wp-json\/wp\/v2\/pages"}],"about":[{"href":"https:\/\/eblum.ch\/de\/wp-json\/wp\/v2\/types\/page"}],"author":[{"embeddable":true,"href":"https:\/\/eblum.ch\/de\/wp-json\/wp\/v2\/users\/1"}],"replies":[{"embeddable":true,"href":"https:\/\/eblum.ch\/de\/wp-json\/wp\/v2\/comments?post=233"}],"version-history":[{"count":9,"href":"https:\/\/eblum.ch\/de\/wp-json\/wp\/v2\/pages\/233\/revisions"}],"predecessor-version":[{"id":3363,"href":"https:\/\/eblum.ch\/de\/wp-json\/wp\/v2\/pages\/233\/revisions\/3363"}],"up":[{"embeddable":true,"href":"https:\/\/eblum.ch\/de\/wp-json\/wp\/v2\/pages\/214"}],"wp:featuredmedia":[{"embeddable":true,"href":"https:\/\/eblum.ch\/de\/wp-json\/wp\/v2\/media\/599"}],"wp:attachment":[{"href":"https:\/\/eblum.ch\/de\/wp-json\/wp\/v2\/media?parent=233"}],"curies":[{"name":"wp","href":"https:\/\/api.w.org\/{rel}","templated":true}]}}