{"id":236,"date":"2023-08-07T12:00:00","date_gmt":"2023-08-07T10:00:00","guid":{"rendered":"https:\/\/eblum.ch\/?page_id=236"},"modified":"2023-08-07T12:00:00","modified_gmt":"2023-08-07T10:00:00","slug":"bauwesen","status":"publish","type":"page","link":"https:\/\/eblum.ch\/de\/technologiegebiete\/bauwesen\/","title":{"rendered":"Bauwesen"},"content":{"rendered":"\n<p>Ob in traditionellen Gebieten wie Hochbau, Tiefbau, Garten- und Landschaftsbau oder in Spezialgebieten wie Tunnelbau, Wasserbau, Eisenbahnbau oder Br\u00fcckenbau: \u00dcberall werden bekannte L\u00f6sungen weiterentwickelt mit dem Ziel, ein technisch wie wirtschaftlich optimiertes Ergebnis zu erhalten. Dies betrifft beispielsweise neu entwickelte Baumaterialien \/ Baumaterialkombinationen, neue Geb\u00e4udekomponenten oder neue Verfahren zum Erstellen von Geb\u00e4uden oder Bestandteilen davon. Insbesondere wenn es um Systementwicklungen im Bereich der Geb\u00e4udeisolation, Geb\u00e4udeabdichtung oder der Geb\u00e4udefassade geht, sind oftmals erhebliche Vorleistungen f\u00fcr die Entwicklung, Versuchsinstallationen und Zulassungsverfahren erforderlich, welche aus unternehmerischer Sicht nur dann Sinn machen, wenn das neu entwickelte System durch Patentschutz wirkungsvoll vor Nachahmern gesch\u00fctzt werden kann.<\/p>\n","protected":false},"excerpt":{"rendered":"<p>Ob in traditionellen Gebieten wie Hochbau, Tiefbau, Garten- und Landschaftsbau oder in Spezialgebieten wie Tunnelbau, Wasserbau, Eisenbahnbau oder Br\u00fcckenbau: \u00dcberall werden bekannte L\u00f6sungen weiterentwickelt mit dem Ziel, ein technisch wie wirtschaftlich optimiertes Ergebnis zu erhalten. Dies betrifft beispielsweise neu entwickelte Baumaterialien \/ Baumaterialkombinationen, neue Geb\u00e4udekomponenten oder neue Verfahren zum Erstellen von Geb\u00e4uden oder Bestandteilen davon. &hellip; <\/p>\n<p class=\"link-more\"><a href=\"https:\/\/eblum.ch\/de\/technologiegebiete\/bauwesen\/\" class=\"more-link\">Weiterlesen<span class=\"screen-reader-text\"> &#171;Bauwesen&#187;<\/span><\/a><\/p>\n","protected":false},"author":1,"featured_media":597,"parent":214,"menu_order":3,"comment_status":"closed","ping_status":"closed","template":"","meta":{"_acf_changed":false,"footnotes":""},"class_list":["post-236","page","type-page","status-publish","has-post-thumbnail","hentry"],"acf":[],"yoast_head":"<!-- This site is optimized with the Yoast SEO plugin v26.0 - https:\/\/yoast.com\/wordpress\/plugins\/seo\/ -->\n<title>Bauwesen - E. Blum &amp; Co. AG Patent- und Markenanw\u00e4lte Z\u00fcrich<\/title>\n<meta name=\"description\" content=\"Bauwesen - E. Blum &amp; Co. AG, Z\u00fcrich, Patentanw\u00e4lte und Markenanw\u00e4lte in Z\u00fcrich: Patente, Marken, Designs, Trademarks und alle weiteren Bereiche des Immaterialg\u00fcterrechts\" \/>\n<meta name=\"robots\" content=\"index, follow, max-snippet:-1, max-image-preview:large, max-video-preview:-1\" \/>\n<link rel=\"canonical\" href=\"https:\/\/eblum.ch\/de\/technologiegebiete\/bauwesen\/\" \/>\n<meta property=\"og:locale\" content=\"de_DE\" \/>\n<meta property=\"og:type\" content=\"article\" \/>\n<meta property=\"og:title\" content=\"Bauwesen - E. Blum &amp; Co. AG Patent- und Markenanw\u00e4lte Z\u00fcrich\" \/>\n<meta property=\"og:description\" content=\"Bauwesen - E. Blum &amp; Co. AG, Z\u00fcrich, Patentanw\u00e4lte und Markenanw\u00e4lte in Z\u00fcrich: Patente, Marken, Designs, Trademarks und alle weiteren Bereiche des Immaterialg\u00fcterrechts\" \/>\n<meta property=\"og:url\" content=\"https:\/\/eblum.ch\/de\/technologiegebiete\/bauwesen\/\" \/>\n<meta property=\"og:site_name\" content=\"E. Blum &amp; Co. AG Patent- und Markenanw\u00e4lte Z\u00fcrich\" \/>\n<meta property=\"og:image\" content=\"https:\/\/eblum.ch\/wp-content\/uploads\/2023\/05\/e-blum-patentanwalt-bauwesen.jpg\" \/>\n\t<meta property=\"og:image:width\" content=\"2000\" \/>\n\t<meta property=\"og:image:height\" content=\"2000\" \/>\n\t<meta property=\"og:image:type\" content=\"image\/jpeg\" \/>\n<meta name=\"twitter:card\" content=\"summary_large_image\" \/>\n<meta name=\"twitter:label1\" content=\"Gesch\u00e4tzte Lesezeit\" \/>\n\t<meta name=\"twitter:data1\" content=\"1\u00a0Minute\" \/>\n<script type=\"application\/ld+json\" class=\"yoast-schema-graph\">{\"@context\":\"https:\/\/schema.org\",\"@graph\":[{\"@type\":\"WebPage\",\"@id\":\"https:\/\/eblum.ch\/de\/technologiegebiete\/bauwesen\/\",\"url\":\"https:\/\/eblum.ch\/de\/technologiegebiete\/bauwesen\/\",\"name\":\"Bauwesen - E. Blum &amp; Co. AG Patent- und Markenanw\u00e4lte Z\u00fcrich\",\"isPartOf\":{\"@id\":\"https:\/\/eblum.ch\/de\/#website\"},\"primaryImageOfPage\":{\"@id\":\"https:\/\/eblum.ch\/de\/technologiegebiete\/bauwesen\/#primaryimage\"},\"image\":{\"@id\":\"https:\/\/eblum.ch\/de\/technologiegebiete\/bauwesen\/#primaryimage\"},\"thumbnailUrl\":\"https:\/\/eblum.ch\/wp-content\/uploads\/2023\/05\/e-blum-patentanwalt-bauwesen.jpg\",\"datePublished\":\"2023-08-07T10:00:00+00:00\",\"description\":\"Bauwesen - E. Blum & Co. AG, Z\u00fcrich, Patentanw\u00e4lte und Markenanw\u00e4lte in Z\u00fcrich: Patente, Marken, Designs, Trademarks und alle weiteren Bereiche des Immaterialg\u00fcterrechts\",\"breadcrumb\":{\"@id\":\"https:\/\/eblum.ch\/de\/technologiegebiete\/bauwesen\/#breadcrumb\"},\"inLanguage\":\"de-CH\",\"potentialAction\":[{\"@type\":\"ReadAction\",\"target\":[\"https:\/\/eblum.ch\/de\/technologiegebiete\/bauwesen\/\"]}]},{\"@type\":\"ImageObject\",\"inLanguage\":\"de-CH\",\"@id\":\"https:\/\/eblum.ch\/de\/technologiegebiete\/bauwesen\/#primaryimage\",\"url\":\"https:\/\/eblum.ch\/wp-content\/uploads\/2023\/05\/e-blum-patentanwalt-bauwesen.jpg\",\"contentUrl\":\"https:\/\/eblum.ch\/wp-content\/uploads\/2023\/05\/e-blum-patentanwalt-bauwesen.jpg\",\"width\":2000,\"height\":2000},{\"@type\":\"BreadcrumbList\",\"@id\":\"https:\/\/eblum.ch\/de\/technologiegebiete\/bauwesen\/#breadcrumb\",\"itemListElement\":[{\"@type\":\"ListItem\",\"position\":1,\"name\":\"Home\",\"item\":\"https:\/\/eblum.ch\/de\/\"},{\"@type\":\"ListItem\",\"position\":2,\"name\":\"Technologiegebiete\",\"item\":\"https:\/\/eblum.ch\/de\/technologiegebiete\/\"},{\"@type\":\"ListItem\",\"position\":3,\"name\":\"Bauwesen\"}]},{\"@type\":\"WebSite\",\"@id\":\"https:\/\/eblum.ch\/de\/#website\",\"url\":\"https:\/\/eblum.ch\/de\/\",\"name\":\"E. Blum & Co. AG Patent- und Markenanw\u00e4lte Z\u00fcrich\",\"description\":\"\",\"potentialAction\":[{\"@type\":\"SearchAction\",\"target\":{\"@type\":\"EntryPoint\",\"urlTemplate\":\"https:\/\/eblum.ch\/de\/?s={search_term_string}\"},\"query-input\":{\"@type\":\"PropertyValueSpecification\",\"valueRequired\":true,\"valueName\":\"search_term_string\"}}],\"inLanguage\":\"de-CH\"}]}<\/script>\n<!-- \/ Yoast SEO plugin. -->","yoast_head_json":{"title":"Bauwesen - E. Blum &amp; Co. AG Patent- und Markenanw\u00e4lte Z\u00fcrich","description":"Bauwesen - E. Blum & Co. AG, Z\u00fcrich, Patentanw\u00e4lte und Markenanw\u00e4lte in Z\u00fcrich: Patente, Marken, Designs, Trademarks und alle weiteren Bereiche des Immaterialg\u00fcterrechts","robots":{"index":"index","follow":"follow","max-snippet":"max-snippet:-1","max-image-preview":"max-image-preview:large","max-video-preview":"max-video-preview:-1"},"canonical":"https:\/\/eblum.ch\/de\/technologiegebiete\/bauwesen\/","og_locale":"de_DE","og_type":"article","og_title":"Bauwesen - E. Blum &amp; Co. AG Patent- und Markenanw\u00e4lte Z\u00fcrich","og_description":"Bauwesen - E. Blum & Co. AG, Z\u00fcrich, Patentanw\u00e4lte und Markenanw\u00e4lte in Z\u00fcrich: Patente, Marken, Designs, Trademarks und alle weiteren Bereiche des Immaterialg\u00fcterrechts","og_url":"https:\/\/eblum.ch\/de\/technologiegebiete\/bauwesen\/","og_site_name":"E. Blum &amp; Co. AG Patent- und Markenanw\u00e4lte Z\u00fcrich","og_image":[{"width":2000,"height":2000,"url":"https:\/\/eblum.ch\/wp-content\/uploads\/2023\/05\/e-blum-patentanwalt-bauwesen.jpg","type":"image\/jpeg"}],"twitter_card":"summary_large_image","twitter_misc":{"Gesch\u00e4tzte Lesezeit":"1\u00a0Minute"},"schema":{"@context":"https:\/\/schema.org","@graph":[{"@type":"WebPage","@id":"https:\/\/eblum.ch\/de\/technologiegebiete\/bauwesen\/","url":"https:\/\/eblum.ch\/de\/technologiegebiete\/bauwesen\/","name":"Bauwesen - E. Blum &amp; Co. AG Patent- und Markenanw\u00e4lte Z\u00fcrich","isPartOf":{"@id":"https:\/\/eblum.ch\/de\/#website"},"primaryImageOfPage":{"@id":"https:\/\/eblum.ch\/de\/technologiegebiete\/bauwesen\/#primaryimage"},"image":{"@id":"https:\/\/eblum.ch\/de\/technologiegebiete\/bauwesen\/#primaryimage"},"thumbnailUrl":"https:\/\/eblum.ch\/wp-content\/uploads\/2023\/05\/e-blum-patentanwalt-bauwesen.jpg","datePublished":"2023-08-07T10:00:00+00:00","description":"Bauwesen - E. Blum & Co. AG, Z\u00fcrich, Patentanw\u00e4lte und Markenanw\u00e4lte in Z\u00fcrich: Patente, Marken, Designs, Trademarks und alle weiteren Bereiche des Immaterialg\u00fcterrechts","breadcrumb":{"@id":"https:\/\/eblum.ch\/de\/technologiegebiete\/bauwesen\/#breadcrumb"},"inLanguage":"de-CH","potentialAction":[{"@type":"ReadAction","target":["https:\/\/eblum.ch\/de\/technologiegebiete\/bauwesen\/"]}]},{"@type":"ImageObject","inLanguage":"de-CH","@id":"https:\/\/eblum.ch\/de\/technologiegebiete\/bauwesen\/#primaryimage","url":"https:\/\/eblum.ch\/wp-content\/uploads\/2023\/05\/e-blum-patentanwalt-bauwesen.jpg","contentUrl":"https:\/\/eblum.ch\/wp-content\/uploads\/2023\/05\/e-blum-patentanwalt-bauwesen.jpg","width":2000,"height":2000},{"@type":"BreadcrumbList","@id":"https:\/\/eblum.ch\/de\/technologiegebiete\/bauwesen\/#breadcrumb","itemListElement":[{"@type":"ListItem","position":1,"name":"Home","item":"https:\/\/eblum.ch\/de\/"},{"@type":"ListItem","position":2,"name":"Technologiegebiete","item":"https:\/\/eblum.ch\/de\/technologiegebiete\/"},{"@type":"ListItem","position":3,"name":"Bauwesen"}]},{"@type":"WebSite","@id":"https:\/\/eblum.ch\/de\/#website","url":"https:\/\/eblum.ch\/de\/","name":"E. Blum & Co. AG Patent- und Markenanw\u00e4lte Z\u00fcrich","description":"","potentialAction":[{"@type":"SearchAction","target":{"@type":"EntryPoint","urlTemplate":"https:\/\/eblum.ch\/de\/?s={search_term_string}"},"query-input":{"@type":"PropertyValueSpecification","valueRequired":true,"valueName":"search_term_string"}}],"inLanguage":"de-CH"}]}},"_links":{"self":[{"href":"https:\/\/eblum.ch\/de\/wp-json\/wp\/v2\/pages\/236","targetHints":{"allow":["GET"]}}],"collection":[{"href":"https:\/\/eblum.ch\/de\/wp-json\/wp\/v2\/pages"}],"about":[{"href":"https:\/\/eblum.ch\/de\/wp-json\/wp\/v2\/types\/page"}],"author":[{"embeddable":true,"href":"https:\/\/eblum.ch\/de\/wp-json\/wp\/v2\/users\/1"}],"replies":[{"embeddable":true,"href":"https:\/\/eblum.ch\/de\/wp-json\/wp\/v2\/comments?post=236"}],"version-history":[{"count":13,"href":"https:\/\/eblum.ch\/de\/wp-json\/wp\/v2\/pages\/236\/revisions"}],"predecessor-version":[{"id":1453,"href":"https:\/\/eblum.ch\/de\/wp-json\/wp\/v2\/pages\/236\/revisions\/1453"}],"up":[{"embeddable":true,"href":"https:\/\/eblum.ch\/de\/wp-json\/wp\/v2\/pages\/214"}],"wp:featuredmedia":[{"embeddable":true,"href":"https:\/\/eblum.ch\/de\/wp-json\/wp\/v2\/media\/597"}],"wp:attachment":[{"href":"https:\/\/eblum.ch\/de\/wp-json\/wp\/v2\/media?parent=236"}],"curies":[{"name":"wp","href":"https:\/\/api.w.org\/{rel}","templated":true}]}}