{"id":239,"date":"2023-08-07T12:00:00","date_gmt":"2023-08-07T10:00:00","guid":{"rendered":"https:\/\/eblum.ch\/?page_id=239"},"modified":"2025-02-13T13:22:24","modified_gmt":"2025-02-13T12:22:24","slug":"biotechnologie","status":"publish","type":"page","link":"https:\/\/eblum.ch\/de\/technologiegebiete\/biotechnologie\/","title":{"rendered":"Biotechnologie"},"content":{"rendered":"\n<p>Mittels traditioneller biotechnologischer Verfahren werden seit Jahrtausenden viele Lebensmittel wie K\u00e4se oder Sauerkraut und alkoholische Getr\u00e4nken wie Wein und Bier hergestellt. Die moderne&nbsp;<a href=\"https:\/\/de.wikipedia.org\/wiki\/Biotechnologie\" target=\"_blank\" rel=\"noreferrer noopener\">Biotechnologie<\/a>&nbsp;und&nbsp;<a href=\"https:\/\/de.wikipedia.org\/wiki\/Gentechnik\" target=\"_blank\" rel=\"noreferrer noopener\">Gentechnik<\/a>&nbsp;entwickelt Produkte und Verfahren f\u00fcr ganz verschiedene Industriezweige, wie beispielsweise:<\/p>\n\n\n\n<ul class=\"wp-block-list\">\n<li>Brennstoffe: Herstellungsverfahren f\u00fcr Biogas oder Bioalkohol<\/li>\n\n\n\n<li><a href=\"https:\/\/eblum.ch\/technologiegebiete\/chemie\/\">Chemie<\/a>: &nbsp;Biokatalysatoren (Enzyme) z.B.: in Waschmitteln, Medikamenten oder Insektenschutzmittel<\/li>\n\n\n\n<li>Diagnostik: Biotechnologische Diagnoseverfahren f\u00fcr Erbkrankheiten oder biologische Marker (Proteine und Nukleins\u00e4uren) als Indikatoren f\u00fcr Krebs oder andere Krankheiten<\/li>\n\n\n\n<li>Forensik: DNA-Profiling zur Identifizierung von Personen<\/li>\n\n\n\n<li>Landwirtschaft: Gentechnisch ver\u00e4ndertes Saatgut oder biotechnische Sch\u00e4dlingsbek\u00e4mpfung<\/li>\n\n\n\n<li><a href=\"https:\/\/eblum.ch\/technologiegebiete\/pharmazie\/\">Pharma<\/a>:  Biotechnologisch hergestellte Wirkstoffe und Impfstoffe (Biologicals) oder Gentherapeutika, Zelltherapeutika und Tissue Engineering Produkte<\/li>\n\n\n\n<li><a href=\"https:\/\/eblum.ch\/technologiegebiete\/sensorik\/\">Sensorik<\/a>: Biosensoren oder Biochips, welche die spezifischen Bindungsf\u00e4higkeiten von biologischen Markern mit elektronischer Signalaufbereitung kombinieren<\/li>\n\n\n\n<li><a href=\"https:\/\/eblum.ch\/technologiegebiete\/umwelttechnologie\/\">Umweltindustrie<\/a>: Bodendekontamination oder biotechnologischer Schadstoffabbau in Kl\u00e4ranlagen<\/li>\n<\/ul>\n\n\n\n<p>Erfindungen der Biotechnologie sind h\u00e4ufig interdisziplin\u00e4r. Wir stellen gerne ein Team aus Patentanw\u00e4lten mit den erforderlichen Kenntnissen zusammen. Unter den obigen Links finden Sie weitere Informationen und zugeh\u00f6rige Experten.<\/p>\n","protected":false},"excerpt":{"rendered":"<p>Mittels traditioneller biotechnologischer Verfahren werden seit Jahrtausenden viele Lebensmittel wie K\u00e4se oder Sauerkraut und alkoholische Getr\u00e4nken wie Wein und Bier hergestellt. Die moderne&nbsp;Biotechnologie&nbsp;und&nbsp;Gentechnik&nbsp;entwickelt Produkte und Verfahren f\u00fcr ganz verschiedene Industriezweige, wie beispielsweise: Erfindungen der Biotechnologie sind h\u00e4ufig interdisziplin\u00e4r. Wir stellen gerne ein Team aus Patentanw\u00e4lten mit den erforderlichen Kenntnissen zusammen. Unter den obigen Links finden &hellip; <\/p>\n<p class=\"link-more\"><a href=\"https:\/\/eblum.ch\/de\/technologiegebiete\/biotechnologie\/\" class=\"more-link\">Weiterlesen<span class=\"screen-reader-text\"> &#171;Biotechnologie&#187;<\/span><\/a><\/p>\n","protected":false},"author":1,"featured_media":601,"parent":214,"menu_order":3,"comment_status":"closed","ping_status":"closed","template":"","meta":{"_acf_changed":false,"footnotes":""},"class_list":["post-239","page","type-page","status-publish","has-post-thumbnail","hentry"],"acf":[],"yoast_head":"<!-- This site is optimized with the Yoast SEO plugin v26.0 - https:\/\/yoast.com\/wordpress\/plugins\/seo\/ -->\n<title>Biotechnologie - E. Blum &amp; Co. AG Patent- und Markenanw\u00e4lte Z\u00fcrich<\/title>\n<meta name=\"description\" content=\"Biotechnologie - E. Blum &amp; Co. AG, Z\u00fcrich, Patentanw\u00e4lte und Markenanw\u00e4lte in Z\u00fcrich: Patente, Marken, Designs, Trademarks und alle weiteren Bereiche des Immaterialg\u00fcterrechts\" \/>\n<meta name=\"robots\" content=\"index, follow, max-snippet:-1, max-image-preview:large, max-video-preview:-1\" \/>\n<link rel=\"canonical\" href=\"https:\/\/eblum.ch\/de\/technologiegebiete\/biotechnologie\/\" \/>\n<meta property=\"og:locale\" content=\"de_DE\" \/>\n<meta property=\"og:type\" content=\"article\" \/>\n<meta property=\"og:title\" content=\"Biotechnologie - E. Blum &amp; Co. AG Patent- und Markenanw\u00e4lte Z\u00fcrich\" \/>\n<meta property=\"og:description\" content=\"Biotechnologie - E. Blum &amp; Co. AG, Z\u00fcrich, Patentanw\u00e4lte und Markenanw\u00e4lte in Z\u00fcrich: Patente, Marken, Designs, Trademarks und alle weiteren Bereiche des Immaterialg\u00fcterrechts\" \/>\n<meta property=\"og:url\" content=\"https:\/\/eblum.ch\/de\/technologiegebiete\/biotechnologie\/\" \/>\n<meta property=\"og:site_name\" content=\"E. Blum &amp; Co. AG Patent- und Markenanw\u00e4lte Z\u00fcrich\" \/>\n<meta property=\"article:modified_time\" content=\"2025-02-13T12:22:24+00:00\" \/>\n<meta property=\"og:image\" content=\"https:\/\/eblum.ch\/wp-content\/uploads\/2023\/05\/e-blum-patentanwalt-biotechnologie.jpg\" \/>\n\t<meta property=\"og:image:width\" content=\"2000\" \/>\n\t<meta property=\"og:image:height\" content=\"2000\" \/>\n\t<meta property=\"og:image:type\" content=\"image\/jpeg\" \/>\n<meta name=\"twitter:card\" content=\"summary_large_image\" \/>\n<meta name=\"twitter:label1\" content=\"Gesch\u00e4tzte Lesezeit\" \/>\n\t<meta name=\"twitter:data1\" content=\"2\u00a0Minuten\" \/>\n<script type=\"application\/ld+json\" class=\"yoast-schema-graph\">{\"@context\":\"https:\/\/schema.org\",\"@graph\":[{\"@type\":\"WebPage\",\"@id\":\"https:\/\/eblum.ch\/de\/technologiegebiete\/biotechnologie\/\",\"url\":\"https:\/\/eblum.ch\/de\/technologiegebiete\/biotechnologie\/\",\"name\":\"Biotechnologie - E. Blum &amp; Co. AG Patent- und Markenanw\u00e4lte Z\u00fcrich\",\"isPartOf\":{\"@id\":\"https:\/\/eblum.ch\/de\/#website\"},\"primaryImageOfPage\":{\"@id\":\"https:\/\/eblum.ch\/de\/technologiegebiete\/biotechnologie\/#primaryimage\"},\"image\":{\"@id\":\"https:\/\/eblum.ch\/de\/technologiegebiete\/biotechnologie\/#primaryimage\"},\"thumbnailUrl\":\"https:\/\/eblum.ch\/wp-content\/uploads\/2023\/05\/e-blum-patentanwalt-biotechnologie.jpg\",\"datePublished\":\"2023-08-07T10:00:00+00:00\",\"dateModified\":\"2025-02-13T12:22:24+00:00\",\"description\":\"Biotechnologie - E. Blum & Co. AG, Z\u00fcrich, Patentanw\u00e4lte und Markenanw\u00e4lte in Z\u00fcrich: Patente, Marken, Designs, Trademarks und alle weiteren Bereiche des Immaterialg\u00fcterrechts\",\"breadcrumb\":{\"@id\":\"https:\/\/eblum.ch\/de\/technologiegebiete\/biotechnologie\/#breadcrumb\"},\"inLanguage\":\"de-CH\",\"potentialAction\":[{\"@type\":\"ReadAction\",\"target\":[\"https:\/\/eblum.ch\/de\/technologiegebiete\/biotechnologie\/\"]}]},{\"@type\":\"ImageObject\",\"inLanguage\":\"de-CH\",\"@id\":\"https:\/\/eblum.ch\/de\/technologiegebiete\/biotechnologie\/#primaryimage\",\"url\":\"https:\/\/eblum.ch\/wp-content\/uploads\/2023\/05\/e-blum-patentanwalt-biotechnologie.jpg\",\"contentUrl\":\"https:\/\/eblum.ch\/wp-content\/uploads\/2023\/05\/e-blum-patentanwalt-biotechnologie.jpg\",\"width\":2000,\"height\":2000},{\"@type\":\"BreadcrumbList\",\"@id\":\"https:\/\/eblum.ch\/de\/technologiegebiete\/biotechnologie\/#breadcrumb\",\"itemListElement\":[{\"@type\":\"ListItem\",\"position\":1,\"name\":\"Home\",\"item\":\"https:\/\/eblum.ch\/de\/\"},{\"@type\":\"ListItem\",\"position\":2,\"name\":\"Technologiegebiete\",\"item\":\"https:\/\/eblum.ch\/de\/technologiegebiete\/\"},{\"@type\":\"ListItem\",\"position\":3,\"name\":\"Biotechnologie\"}]},{\"@type\":\"WebSite\",\"@id\":\"https:\/\/eblum.ch\/de\/#website\",\"url\":\"https:\/\/eblum.ch\/de\/\",\"name\":\"E. Blum & Co. AG Patent- und Markenanw\u00e4lte Z\u00fcrich\",\"description\":\"\",\"potentialAction\":[{\"@type\":\"SearchAction\",\"target\":{\"@type\":\"EntryPoint\",\"urlTemplate\":\"https:\/\/eblum.ch\/de\/?s={search_term_string}\"},\"query-input\":{\"@type\":\"PropertyValueSpecification\",\"valueRequired\":true,\"valueName\":\"search_term_string\"}}],\"inLanguage\":\"de-CH\"}]}<\/script>\n<!-- \/ Yoast SEO plugin. -->","yoast_head_json":{"title":"Biotechnologie - E. Blum &amp; Co. AG Patent- und Markenanw\u00e4lte Z\u00fcrich","description":"Biotechnologie - E. Blum & Co. AG, Z\u00fcrich, Patentanw\u00e4lte und Markenanw\u00e4lte in Z\u00fcrich: Patente, Marken, Designs, Trademarks und alle weiteren Bereiche des Immaterialg\u00fcterrechts","robots":{"index":"index","follow":"follow","max-snippet":"max-snippet:-1","max-image-preview":"max-image-preview:large","max-video-preview":"max-video-preview:-1"},"canonical":"https:\/\/eblum.ch\/de\/technologiegebiete\/biotechnologie\/","og_locale":"de_DE","og_type":"article","og_title":"Biotechnologie - E. Blum &amp; Co. AG Patent- und Markenanw\u00e4lte Z\u00fcrich","og_description":"Biotechnologie - E. Blum & Co. AG, Z\u00fcrich, Patentanw\u00e4lte und Markenanw\u00e4lte in Z\u00fcrich: Patente, Marken, Designs, Trademarks und alle weiteren Bereiche des Immaterialg\u00fcterrechts","og_url":"https:\/\/eblum.ch\/de\/technologiegebiete\/biotechnologie\/","og_site_name":"E. Blum &amp; Co. AG Patent- und Markenanw\u00e4lte Z\u00fcrich","article_modified_time":"2025-02-13T12:22:24+00:00","og_image":[{"width":2000,"height":2000,"url":"https:\/\/eblum.ch\/wp-content\/uploads\/2023\/05\/e-blum-patentanwalt-biotechnologie.jpg","type":"image\/jpeg"}],"twitter_card":"summary_large_image","twitter_misc":{"Gesch\u00e4tzte Lesezeit":"2\u00a0Minuten"},"schema":{"@context":"https:\/\/schema.org","@graph":[{"@type":"WebPage","@id":"https:\/\/eblum.ch\/de\/technologiegebiete\/biotechnologie\/","url":"https:\/\/eblum.ch\/de\/technologiegebiete\/biotechnologie\/","name":"Biotechnologie - E. Blum &amp; Co. AG Patent- und Markenanw\u00e4lte Z\u00fcrich","isPartOf":{"@id":"https:\/\/eblum.ch\/de\/#website"},"primaryImageOfPage":{"@id":"https:\/\/eblum.ch\/de\/technologiegebiete\/biotechnologie\/#primaryimage"},"image":{"@id":"https:\/\/eblum.ch\/de\/technologiegebiete\/biotechnologie\/#primaryimage"},"thumbnailUrl":"https:\/\/eblum.ch\/wp-content\/uploads\/2023\/05\/e-blum-patentanwalt-biotechnologie.jpg","datePublished":"2023-08-07T10:00:00+00:00","dateModified":"2025-02-13T12:22:24+00:00","description":"Biotechnologie - E. Blum & Co. AG, Z\u00fcrich, Patentanw\u00e4lte und Markenanw\u00e4lte in Z\u00fcrich: Patente, Marken, Designs, Trademarks und alle weiteren Bereiche des Immaterialg\u00fcterrechts","breadcrumb":{"@id":"https:\/\/eblum.ch\/de\/technologiegebiete\/biotechnologie\/#breadcrumb"},"inLanguage":"de-CH","potentialAction":[{"@type":"ReadAction","target":["https:\/\/eblum.ch\/de\/technologiegebiete\/biotechnologie\/"]}]},{"@type":"ImageObject","inLanguage":"de-CH","@id":"https:\/\/eblum.ch\/de\/technologiegebiete\/biotechnologie\/#primaryimage","url":"https:\/\/eblum.ch\/wp-content\/uploads\/2023\/05\/e-blum-patentanwalt-biotechnologie.jpg","contentUrl":"https:\/\/eblum.ch\/wp-content\/uploads\/2023\/05\/e-blum-patentanwalt-biotechnologie.jpg","width":2000,"height":2000},{"@type":"BreadcrumbList","@id":"https:\/\/eblum.ch\/de\/technologiegebiete\/biotechnologie\/#breadcrumb","itemListElement":[{"@type":"ListItem","position":1,"name":"Home","item":"https:\/\/eblum.ch\/de\/"},{"@type":"ListItem","position":2,"name":"Technologiegebiete","item":"https:\/\/eblum.ch\/de\/technologiegebiete\/"},{"@type":"ListItem","position":3,"name":"Biotechnologie"}]},{"@type":"WebSite","@id":"https:\/\/eblum.ch\/de\/#website","url":"https:\/\/eblum.ch\/de\/","name":"E. Blum & Co. AG Patent- und Markenanw\u00e4lte Z\u00fcrich","description":"","potentialAction":[{"@type":"SearchAction","target":{"@type":"EntryPoint","urlTemplate":"https:\/\/eblum.ch\/de\/?s={search_term_string}"},"query-input":{"@type":"PropertyValueSpecification","valueRequired":true,"valueName":"search_term_string"}}],"inLanguage":"de-CH"}]}},"_links":{"self":[{"href":"https:\/\/eblum.ch\/de\/wp-json\/wp\/v2\/pages\/239","targetHints":{"allow":["GET"]}}],"collection":[{"href":"https:\/\/eblum.ch\/de\/wp-json\/wp\/v2\/pages"}],"about":[{"href":"https:\/\/eblum.ch\/de\/wp-json\/wp\/v2\/types\/page"}],"author":[{"embeddable":true,"href":"https:\/\/eblum.ch\/de\/wp-json\/wp\/v2\/users\/1"}],"replies":[{"embeddable":true,"href":"https:\/\/eblum.ch\/de\/wp-json\/wp\/v2\/comments?post=239"}],"version-history":[{"count":10,"href":"https:\/\/eblum.ch\/de\/wp-json\/wp\/v2\/pages\/239\/revisions"}],"predecessor-version":[{"id":3358,"href":"https:\/\/eblum.ch\/de\/wp-json\/wp\/v2\/pages\/239\/revisions\/3358"}],"up":[{"embeddable":true,"href":"https:\/\/eblum.ch\/de\/wp-json\/wp\/v2\/pages\/214"}],"wp:featuredmedia":[{"embeddable":true,"href":"https:\/\/eblum.ch\/de\/wp-json\/wp\/v2\/media\/601"}],"wp:attachment":[{"href":"https:\/\/eblum.ch\/de\/wp-json\/wp\/v2\/media?parent=239"}],"curies":[{"name":"wp","href":"https:\/\/api.w.org\/{rel}","templated":true}]}}