{"id":244,"date":"2023-08-07T12:00:00","date_gmt":"2023-08-07T10:00:00","guid":{"rendered":"https:\/\/eblum.ch\/?page_id=244"},"modified":"2023-11-03T14:20:58","modified_gmt":"2023-11-03T13:20:58","slug":"blockchain","status":"publish","type":"page","link":"https:\/\/eblum.ch\/de\/technologiegebiete\/blockchain\/","title":{"rendered":"Blockchain"},"content":{"rendered":"\n<p>Als&nbsp;<a href=\"https:\/\/de.wikipedia.org\/wiki\/Blockchain\" target=\"_blank\" rel=\"noreferrer noopener\">Blockchain<\/a>&nbsp;bezeichnet man eine Liste von Bl\u00f6cken, die mittels kryptographischer Methoden, insbesondere mittels eines Streuwertes (Hashes) miteinander verkettet sind. Jeder Block umfasst Transaktionen und andere Informationen. Mittels der Verkettung wird ein permanenter, unver\u00e4nderlicher Datensatz aller Transaktionen erstellt, die in die Blockkette geschrieben werden. Transaktionen k\u00f6nnen auch kleine Programme enthalten, die als&nbsp;<a href=\"https:\/\/de.wikipedia.org\/wiki\/Smart_Contract\" target=\"_blank\" rel=\"noreferrer noopener\">Smart Contracts<\/a>&nbsp;bezeichnet werden.&nbsp;<\/p>\n\n\n\n<p>Blockchain-basierte Netzwerke, wie beispielsweise&nbsp;<a href=\"https:\/\/de.wikipedia.org\/wiki\/Bitcoin\" target=\"_blank\" rel=\"noreferrer noopener\">Bitcoin<\/a>&nbsp;oder&nbsp;<a href=\"https:\/\/de.wikipedia.org\/wiki\/Ethereum\" target=\"_blank\" rel=\"noreferrer noopener\">Ethereum<\/a>, &nbsp;sind konsensorientierte, elektronische &nbsp;Kassenb\u00fccher (\u201eLedger\u201c), die auf derartigen Bl\u00f6cken basieren. Neben der Finanzwelt (Stichwort \u201eFintec\u201c) bietet die Blockchain- Technologie weitere Einsatzm\u00f6glichkeiten, z.B. in den Bereichen Supply Chain Management,&nbsp;<a href=\"https:\/\/de.wikipedia.org\/wiki\/Identit%C3%A4tsmanagement\" target=\"_blank\" rel=\"noreferrer noopener\">Identit\u00e4tsmanagement<\/a>,&nbsp;<a href=\"https:\/\/de.wikipedia.org\/wiki\/Verwaltung#Datenverwaltung\" target=\"_blank\" rel=\"noreferrer noopener\">Datenverwaltung<\/a>,&nbsp;<a href=\"https:\/\/de.wikipedia.org\/wiki\/Gesundheitssystem\" target=\"_blank\" rel=\"noreferrer noopener\">Gesundheitswesen<\/a>,&nbsp;<a href=\"https:\/\/de.wikipedia.org\/wiki\/Informationssicherheit\" target=\"_blank\" rel=\"noreferrer noopener\">Cybersecurity<\/a>&nbsp;oder&nbsp;<a href=\"https:\/\/eblum.ch\/technologiegebiete\/internet-der-dinge\/\">Internet of Things<\/a>, siehe unsere weiteren Posts. Damit eine Transaktion in die Blockchain geschrieben werden kann, muss sie vom Netzwerk &#171;validiert&#187; werden. Die Netzwerkknoten m\u00fcssen hierbei die Zustimmung zu Bl\u00f6cken einholen, die in die Blockkette geschrieben werden sollen. Diese Zustimmung kann durch verschiedene Konsensprotokolle wie z.B.&nbsp;<a href=\"https:\/\/de.wikipedia.org\/wiki\/Proof_of_Work\" target=\"_blank\" rel=\"noreferrer noopener\">Proof-of-Work<\/a>&nbsp;oder&nbsp;<a href=\"https:\/\/de.wikipedia.org\/wiki\/Proof_of_Stake\" target=\"_blank\" rel=\"noreferrer noopener\">Proof-of-Stake<\/a>&nbsp;erreicht werden.<\/p>\n\n\n\n<p>Auch patentrechtlich stellen Entwicklungen im Bereich Blockchain eine Herausforderung dar. Entsprechende Erfindungen sind nach den speziellen Massst\u00e4ben f\u00fcr\u00a0<a href=\"https:\/\/eblum.ch\/technologiegebiete\/computertechnik\/\">Computer-implementierte Erfindungen<\/a>\u00a0zu beurteilen und zu formulieren. Das europ\u00e4ische Patentamt hat hierzu im Dezember 2018 eine\u00a0Fachkonferenz\u00a0gehalten, auf der die Bedeutung eines patentrechtlichen Schutzes f\u00fcr Blockchain-Technologien hervorgehoben wurde.<\/p>\n","protected":false},"excerpt":{"rendered":"<p>Als&nbsp;Blockchain&nbsp;bezeichnet man eine Liste von Bl\u00f6cken, die mittels kryptographischer Methoden, insbesondere mittels eines Streuwertes (Hashes) miteinander verkettet sind. Jeder Block umfasst Transaktionen und andere Informationen. Mittels der Verkettung wird ein permanenter, unver\u00e4nderlicher Datensatz aller Transaktionen erstellt, die in die Blockkette geschrieben werden. Transaktionen k\u00f6nnen auch kleine Programme enthalten, die als&nbsp;Smart Contracts&nbsp;bezeichnet werden.&nbsp; Blockchain-basierte Netzwerke, wie &hellip; <\/p>\n<p class=\"link-more\"><a href=\"https:\/\/eblum.ch\/de\/technologiegebiete\/blockchain\/\" class=\"more-link\">Weiterlesen<span class=\"screen-reader-text\"> &#171;Blockchain&#187;<\/span><\/a><\/p>\n","protected":false},"author":1,"featured_media":603,"parent":214,"menu_order":3,"comment_status":"closed","ping_status":"closed","template":"","meta":{"_acf_changed":false,"footnotes":""},"class_list":["post-244","page","type-page","status-publish","has-post-thumbnail","hentry"],"acf":[],"yoast_head":"<!-- This site is optimized with the Yoast SEO plugin v26.0 - https:\/\/yoast.com\/wordpress\/plugins\/seo\/ -->\n<title>Blockchain - E. Blum &amp; Co. AG Patent- und Markenanw\u00e4lte Z\u00fcrich<\/title>\n<meta name=\"description\" content=\"Blockchain - E. Blum &amp; Co. AG, Z\u00fcrich, Patentanw\u00e4lte und Markenanw\u00e4lte in Z\u00fcrich: Patente, Marken, Designs, Trademarks und alle weiteren Bereiche des Immaterialg\u00fcterrechts\" \/>\n<meta name=\"robots\" content=\"index, follow, max-snippet:-1, max-image-preview:large, max-video-preview:-1\" \/>\n<link rel=\"canonical\" href=\"https:\/\/eblum.ch\/de\/technologiegebiete\/blockchain\/\" \/>\n<meta property=\"og:locale\" content=\"de_DE\" \/>\n<meta property=\"og:type\" content=\"article\" \/>\n<meta property=\"og:title\" content=\"Blockchain - E. Blum &amp; Co. AG Patent- und Markenanw\u00e4lte Z\u00fcrich\" \/>\n<meta property=\"og:description\" content=\"Blockchain - E. Blum &amp; Co. AG, Z\u00fcrich, Patentanw\u00e4lte und Markenanw\u00e4lte in Z\u00fcrich: Patente, Marken, Designs, Trademarks und alle weiteren Bereiche des Immaterialg\u00fcterrechts\" \/>\n<meta property=\"og:url\" content=\"https:\/\/eblum.ch\/de\/technologiegebiete\/blockchain\/\" \/>\n<meta property=\"og:site_name\" content=\"E. Blum &amp; Co. AG Patent- und Markenanw\u00e4lte Z\u00fcrich\" \/>\n<meta property=\"article:modified_time\" content=\"2023-11-03T13:20:58+00:00\" \/>\n<meta property=\"og:image\" content=\"https:\/\/eblum.ch\/wp-content\/uploads\/2023\/05\/e-blum-patentanwalt-blockchain-1024x1024.jpg\" \/>\n\t<meta property=\"og:image:width\" content=\"1024\" \/>\n\t<meta property=\"og:image:height\" content=\"1024\" \/>\n\t<meta property=\"og:image:type\" content=\"image\/jpeg\" \/>\n<meta name=\"twitter:card\" content=\"summary_large_image\" \/>\n<meta name=\"twitter:label1\" content=\"Gesch\u00e4tzte Lesezeit\" \/>\n\t<meta name=\"twitter:data1\" content=\"2\u00a0Minuten\" \/>\n<script type=\"application\/ld+json\" class=\"yoast-schema-graph\">{\"@context\":\"https:\/\/schema.org\",\"@graph\":[{\"@type\":\"WebPage\",\"@id\":\"https:\/\/eblum.ch\/de\/technologiegebiete\/blockchain\/\",\"url\":\"https:\/\/eblum.ch\/de\/technologiegebiete\/blockchain\/\",\"name\":\"Blockchain - E. Blum &amp; Co. AG Patent- und Markenanw\u00e4lte Z\u00fcrich\",\"isPartOf\":{\"@id\":\"https:\/\/eblum.ch\/de\/#website\"},\"primaryImageOfPage\":{\"@id\":\"https:\/\/eblum.ch\/de\/technologiegebiete\/blockchain\/#primaryimage\"},\"image\":{\"@id\":\"https:\/\/eblum.ch\/de\/technologiegebiete\/blockchain\/#primaryimage\"},\"thumbnailUrl\":\"https:\/\/eblum.ch\/wp-content\/uploads\/2023\/05\/e-blum-patentanwalt-blockchain.jpg\",\"datePublished\":\"2023-08-07T10:00:00+00:00\",\"dateModified\":\"2023-11-03T13:20:58+00:00\",\"description\":\"Blockchain - E. Blum & Co. AG, Z\u00fcrich, Patentanw\u00e4lte und Markenanw\u00e4lte in Z\u00fcrich: Patente, Marken, Designs, Trademarks und alle weiteren Bereiche des Immaterialg\u00fcterrechts\",\"breadcrumb\":{\"@id\":\"https:\/\/eblum.ch\/de\/technologiegebiete\/blockchain\/#breadcrumb\"},\"inLanguage\":\"de-CH\",\"potentialAction\":[{\"@type\":\"ReadAction\",\"target\":[\"https:\/\/eblum.ch\/de\/technologiegebiete\/blockchain\/\"]}]},{\"@type\":\"ImageObject\",\"inLanguage\":\"de-CH\",\"@id\":\"https:\/\/eblum.ch\/de\/technologiegebiete\/blockchain\/#primaryimage\",\"url\":\"https:\/\/eblum.ch\/wp-content\/uploads\/2023\/05\/e-blum-patentanwalt-blockchain.jpg\",\"contentUrl\":\"https:\/\/eblum.ch\/wp-content\/uploads\/2023\/05\/e-blum-patentanwalt-blockchain.jpg\",\"width\":2000,\"height\":2000},{\"@type\":\"BreadcrumbList\",\"@id\":\"https:\/\/eblum.ch\/de\/technologiegebiete\/blockchain\/#breadcrumb\",\"itemListElement\":[{\"@type\":\"ListItem\",\"position\":1,\"name\":\"Home\",\"item\":\"https:\/\/eblum.ch\/de\/\"},{\"@type\":\"ListItem\",\"position\":2,\"name\":\"Technologiegebiete\",\"item\":\"https:\/\/eblum.ch\/de\/technologiegebiete\/\"},{\"@type\":\"ListItem\",\"position\":3,\"name\":\"Blockchain\"}]},{\"@type\":\"WebSite\",\"@id\":\"https:\/\/eblum.ch\/de\/#website\",\"url\":\"https:\/\/eblum.ch\/de\/\",\"name\":\"E. Blum & Co. AG Patent- und Markenanw\u00e4lte Z\u00fcrich\",\"description\":\"\",\"potentialAction\":[{\"@type\":\"SearchAction\",\"target\":{\"@type\":\"EntryPoint\",\"urlTemplate\":\"https:\/\/eblum.ch\/de\/?s={search_term_string}\"},\"query-input\":{\"@type\":\"PropertyValueSpecification\",\"valueRequired\":true,\"valueName\":\"search_term_string\"}}],\"inLanguage\":\"de-CH\"}]}<\/script>\n<!-- \/ Yoast SEO plugin. -->","yoast_head_json":{"title":"Blockchain - E. Blum &amp; Co. AG Patent- und Markenanw\u00e4lte Z\u00fcrich","description":"Blockchain - E. Blum & Co. AG, Z\u00fcrich, Patentanw\u00e4lte und Markenanw\u00e4lte in Z\u00fcrich: Patente, Marken, Designs, Trademarks und alle weiteren Bereiche des Immaterialg\u00fcterrechts","robots":{"index":"index","follow":"follow","max-snippet":"max-snippet:-1","max-image-preview":"max-image-preview:large","max-video-preview":"max-video-preview:-1"},"canonical":"https:\/\/eblum.ch\/de\/technologiegebiete\/blockchain\/","og_locale":"de_DE","og_type":"article","og_title":"Blockchain - E. Blum &amp; Co. AG Patent- und Markenanw\u00e4lte Z\u00fcrich","og_description":"Blockchain - E. Blum & Co. AG, Z\u00fcrich, Patentanw\u00e4lte und Markenanw\u00e4lte in Z\u00fcrich: Patente, Marken, Designs, Trademarks und alle weiteren Bereiche des Immaterialg\u00fcterrechts","og_url":"https:\/\/eblum.ch\/de\/technologiegebiete\/blockchain\/","og_site_name":"E. Blum &amp; Co. AG Patent- und Markenanw\u00e4lte Z\u00fcrich","article_modified_time":"2023-11-03T13:20:58+00:00","og_image":[{"width":1024,"height":1024,"url":"https:\/\/eblum.ch\/wp-content\/uploads\/2023\/05\/e-blum-patentanwalt-blockchain-1024x1024.jpg","type":"image\/jpeg"}],"twitter_card":"summary_large_image","twitter_misc":{"Gesch\u00e4tzte Lesezeit":"2\u00a0Minuten"},"schema":{"@context":"https:\/\/schema.org","@graph":[{"@type":"WebPage","@id":"https:\/\/eblum.ch\/de\/technologiegebiete\/blockchain\/","url":"https:\/\/eblum.ch\/de\/technologiegebiete\/blockchain\/","name":"Blockchain - E. Blum &amp; Co. AG Patent- und Markenanw\u00e4lte Z\u00fcrich","isPartOf":{"@id":"https:\/\/eblum.ch\/de\/#website"},"primaryImageOfPage":{"@id":"https:\/\/eblum.ch\/de\/technologiegebiete\/blockchain\/#primaryimage"},"image":{"@id":"https:\/\/eblum.ch\/de\/technologiegebiete\/blockchain\/#primaryimage"},"thumbnailUrl":"https:\/\/eblum.ch\/wp-content\/uploads\/2023\/05\/e-blum-patentanwalt-blockchain.jpg","datePublished":"2023-08-07T10:00:00+00:00","dateModified":"2023-11-03T13:20:58+00:00","description":"Blockchain - E. Blum & Co. AG, Z\u00fcrich, Patentanw\u00e4lte und Markenanw\u00e4lte in Z\u00fcrich: Patente, Marken, Designs, Trademarks und alle weiteren Bereiche des Immaterialg\u00fcterrechts","breadcrumb":{"@id":"https:\/\/eblum.ch\/de\/technologiegebiete\/blockchain\/#breadcrumb"},"inLanguage":"de-CH","potentialAction":[{"@type":"ReadAction","target":["https:\/\/eblum.ch\/de\/technologiegebiete\/blockchain\/"]}]},{"@type":"ImageObject","inLanguage":"de-CH","@id":"https:\/\/eblum.ch\/de\/technologiegebiete\/blockchain\/#primaryimage","url":"https:\/\/eblum.ch\/wp-content\/uploads\/2023\/05\/e-blum-patentanwalt-blockchain.jpg","contentUrl":"https:\/\/eblum.ch\/wp-content\/uploads\/2023\/05\/e-blum-patentanwalt-blockchain.jpg","width":2000,"height":2000},{"@type":"BreadcrumbList","@id":"https:\/\/eblum.ch\/de\/technologiegebiete\/blockchain\/#breadcrumb","itemListElement":[{"@type":"ListItem","position":1,"name":"Home","item":"https:\/\/eblum.ch\/de\/"},{"@type":"ListItem","position":2,"name":"Technologiegebiete","item":"https:\/\/eblum.ch\/de\/technologiegebiete\/"},{"@type":"ListItem","position":3,"name":"Blockchain"}]},{"@type":"WebSite","@id":"https:\/\/eblum.ch\/de\/#website","url":"https:\/\/eblum.ch\/de\/","name":"E. Blum & Co. AG Patent- und Markenanw\u00e4lte Z\u00fcrich","description":"","potentialAction":[{"@type":"SearchAction","target":{"@type":"EntryPoint","urlTemplate":"https:\/\/eblum.ch\/de\/?s={search_term_string}"},"query-input":{"@type":"PropertyValueSpecification","valueRequired":true,"valueName":"search_term_string"}}],"inLanguage":"de-CH"}]}},"_links":{"self":[{"href":"https:\/\/eblum.ch\/de\/wp-json\/wp\/v2\/pages\/244","targetHints":{"allow":["GET"]}}],"collection":[{"href":"https:\/\/eblum.ch\/de\/wp-json\/wp\/v2\/pages"}],"about":[{"href":"https:\/\/eblum.ch\/de\/wp-json\/wp\/v2\/types\/page"}],"author":[{"embeddable":true,"href":"https:\/\/eblum.ch\/de\/wp-json\/wp\/v2\/users\/1"}],"replies":[{"embeddable":true,"href":"https:\/\/eblum.ch\/de\/wp-json\/wp\/v2\/comments?post=244"}],"version-history":[{"count":8,"href":"https:\/\/eblum.ch\/de\/wp-json\/wp\/v2\/pages\/244\/revisions"}],"predecessor-version":[{"id":2517,"href":"https:\/\/eblum.ch\/de\/wp-json\/wp\/v2\/pages\/244\/revisions\/2517"}],"up":[{"embeddable":true,"href":"https:\/\/eblum.ch\/de\/wp-json\/wp\/v2\/pages\/214"}],"wp:featuredmedia":[{"embeddable":true,"href":"https:\/\/eblum.ch\/de\/wp-json\/wp\/v2\/media\/603"}],"wp:attachment":[{"href":"https:\/\/eblum.ch\/de\/wp-json\/wp\/v2\/media?parent=244"}],"curies":[{"name":"wp","href":"https:\/\/api.w.org\/{rel}","templated":true}]}}