{"id":248,"date":"2023-08-07T12:00:00","date_gmt":"2023-08-07T10:00:00","guid":{"rendered":"https:\/\/eblum.ch\/?page_id=248"},"modified":"2024-03-18T12:06:07","modified_gmt":"2024-03-18T11:06:07","slug":"cloud-computing","status":"publish","type":"page","link":"https:\/\/eblum.ch\/de\/technologiegebiete\/cloud-computing\/","title":{"rendered":"Cloud Computing"},"content":{"rendered":"\n<p>Als&nbsp;<a href=\"https:\/\/de.wikipedia.org\/wiki\/Cloud_Computing\" target=\"_blank\" rel=\"noreferrer noopener\">Cloud Computing<\/a>&nbsp;bezeichnet man die Bereitstellung von IT-Ressourcen \u00fcber ein Rechnernetz, z.B. \u00fcber das Internet. Dazu geh\u00f6ren auch die Bereitstellung von Datenbanken, wie etwa&nbsp;<a href=\"https:\/\/eblum.ch\/technologiegebiete\/key-value-stores-kvs\/\">Key Value Stores<\/a>, oder anderen&nbsp;<a href=\"https:\/\/eblum.ch\/technologiegebiete\/speichertechnologien\/\">Speicherresourcen<\/a>, siehe unsere zugeh\u00f6rigen Posts. Damit muss der einzelne Nutzer bzw. ein Unternehmen die IT-Ressourcen nicht selbst intern zur Verf\u00fcgung stellen, sondern bezieht diese \u00fcber einen Fernzugriff (remote access) als Service von einem spezialisierten Dienstleister. Grunds\u00e4tzlich unterscheidet man beim Cloud Computing drei Servicemodelle, die sich im Grad des Outsourcings unterscheiden: Bei Infrastructure as a Service (IaaS) werden virtualisierte Hardware-Ressourcen wie Rechenleistung und Speicherkapazit\u00e4t zur Verf\u00fcgung gestellt; Platform as a Service (PaaS) bietet Zugang zu einer vollwertigen Entwicklungsumgebung; bei Software as a Service (SaaS) werden Anwendungsprogramme in der Cloud zur Verf\u00fcgung gestellt.<\/p>\n\n\n\n<p>Cloud Computing wirft aufgrund des Outsourcings von Daten und Berechnungen verschiedene rechtliche Fragen auf. Diese betreffen unter anderem den Datenschutz, z.B. bei personenbezogenen Daten, und das Urheberrecht, z.B. bei urheberrechtlich gesch\u00fctzten Daten, siehe auch die\u00a0Webseite des <a href=\"https:\/\/www.edoeb.admin.ch\/edoeb\/de\/home\/datenschutz.html\">Eidgen\u00f6ssischen Datenschutz- und \u00d6ffentlichkeitsbeauftragten<\/a>. Auch patentrechtlich stellen Entwicklungen im Bereich Cloud Computing eine Herausforderung dar. Entsprechende Erfindungen sind nach den speziellen Massst\u00e4ben f\u00fcr\u00a0<a href=\"https:\/\/eblum.ch\/technologiegebiete\/computertechnik\/\">Computer-implementierte Erfindungen<\/a>\u00a0zu beurteilen und zu formulieren. Um einen m\u00f6glichst umfassenden Schutz zu definieren, ist dabei jeweils auch das den Diensten zugrunde liegende Gesch\u00e4ftsmodell zu analysieren.<\/p>\n","protected":false},"excerpt":{"rendered":"<p>Als&nbsp;Cloud Computing&nbsp;bezeichnet man die Bereitstellung von IT-Ressourcen \u00fcber ein Rechnernetz, z.B. \u00fcber das Internet. Dazu geh\u00f6ren auch die Bereitstellung von Datenbanken, wie etwa&nbsp;Key Value Stores, oder anderen&nbsp;Speicherresourcen, siehe unsere zugeh\u00f6rigen Posts. Damit muss der einzelne Nutzer bzw. ein Unternehmen die IT-Ressourcen nicht selbst intern zur Verf\u00fcgung stellen, sondern bezieht diese \u00fcber einen Fernzugriff (remote access) &hellip; <\/p>\n<p class=\"link-more\"><a href=\"https:\/\/eblum.ch\/de\/technologiegebiete\/cloud-computing\/\" class=\"more-link\">Weiterlesen<span class=\"screen-reader-text\"> &#171;Cloud Computing&#187;<\/span><\/a><\/p>\n","protected":false},"author":1,"featured_media":607,"parent":214,"menu_order":3,"comment_status":"closed","ping_status":"closed","template":"","meta":{"_acf_changed":false,"footnotes":""},"class_list":["post-248","page","type-page","status-publish","has-post-thumbnail","hentry"],"acf":[],"yoast_head":"<!-- This site is optimized with the Yoast SEO plugin v26.0 - https:\/\/yoast.com\/wordpress\/plugins\/seo\/ -->\n<title>Cloud Computing - E. Blum &amp; Co. AG Patent- und Markenanw\u00e4lte Z\u00fcrich<\/title>\n<meta name=\"description\" content=\"Cloud Computing - E. Blum &amp; Co. AG, Z\u00fcrich, Patentanw\u00e4lte und Markenanw\u00e4lte in Z\u00fcrich: Patente, Marken, Designs, Trademarks und alle weiteren Bereiche des Immaterialg\u00fcterrechts\" \/>\n<meta name=\"robots\" content=\"index, follow, max-snippet:-1, max-image-preview:large, max-video-preview:-1\" \/>\n<link rel=\"canonical\" href=\"https:\/\/eblum.ch\/de\/technologiegebiete\/cloud-computing\/\" \/>\n<meta property=\"og:locale\" content=\"de_DE\" \/>\n<meta property=\"og:type\" content=\"article\" \/>\n<meta property=\"og:title\" content=\"Cloud Computing - E. Blum &amp; Co. AG Patent- und Markenanw\u00e4lte Z\u00fcrich\" \/>\n<meta property=\"og:description\" content=\"Cloud Computing - E. Blum &amp; Co. AG, Z\u00fcrich, Patentanw\u00e4lte und Markenanw\u00e4lte in Z\u00fcrich: Patente, Marken, Designs, Trademarks und alle weiteren Bereiche des Immaterialg\u00fcterrechts\" \/>\n<meta property=\"og:url\" content=\"https:\/\/eblum.ch\/de\/technologiegebiete\/cloud-computing\/\" \/>\n<meta property=\"og:site_name\" content=\"E. Blum &amp; Co. AG Patent- und Markenanw\u00e4lte Z\u00fcrich\" \/>\n<meta property=\"article:modified_time\" content=\"2024-03-18T11:06:07+00:00\" \/>\n<meta property=\"og:image\" content=\"https:\/\/eblum.ch\/wp-content\/uploads\/2023\/05\/e-blum-patentanwalt-cloud-computing.jpg\" \/>\n\t<meta property=\"og:image:width\" content=\"2000\" \/>\n\t<meta property=\"og:image:height\" content=\"2000\" \/>\n\t<meta property=\"og:image:type\" content=\"image\/jpeg\" \/>\n<meta name=\"twitter:card\" content=\"summary_large_image\" \/>\n<meta name=\"twitter:label1\" content=\"Gesch\u00e4tzte Lesezeit\" \/>\n\t<meta name=\"twitter:data1\" content=\"2\u00a0Minuten\" \/>\n<script type=\"application\/ld+json\" class=\"yoast-schema-graph\">{\"@context\":\"https:\/\/schema.org\",\"@graph\":[{\"@type\":\"WebPage\",\"@id\":\"https:\/\/eblum.ch\/de\/technologiegebiete\/cloud-computing\/\",\"url\":\"https:\/\/eblum.ch\/de\/technologiegebiete\/cloud-computing\/\",\"name\":\"Cloud Computing - E. Blum &amp; Co. AG Patent- und Markenanw\u00e4lte Z\u00fcrich\",\"isPartOf\":{\"@id\":\"https:\/\/eblum.ch\/de\/#website\"},\"primaryImageOfPage\":{\"@id\":\"https:\/\/eblum.ch\/de\/technologiegebiete\/cloud-computing\/#primaryimage\"},\"image\":{\"@id\":\"https:\/\/eblum.ch\/de\/technologiegebiete\/cloud-computing\/#primaryimage\"},\"thumbnailUrl\":\"https:\/\/eblum.ch\/wp-content\/uploads\/2023\/05\/e-blum-patentanwalt-cloud-computing.jpg\",\"datePublished\":\"2023-08-07T10:00:00+00:00\",\"dateModified\":\"2024-03-18T11:06:07+00:00\",\"description\":\"Cloud Computing - E. Blum & Co. AG, Z\u00fcrich, Patentanw\u00e4lte und Markenanw\u00e4lte in Z\u00fcrich: Patente, Marken, Designs, Trademarks und alle weiteren Bereiche des Immaterialg\u00fcterrechts\",\"breadcrumb\":{\"@id\":\"https:\/\/eblum.ch\/de\/technologiegebiete\/cloud-computing\/#breadcrumb\"},\"inLanguage\":\"de-CH\",\"potentialAction\":[{\"@type\":\"ReadAction\",\"target\":[\"https:\/\/eblum.ch\/de\/technologiegebiete\/cloud-computing\/\"]}]},{\"@type\":\"ImageObject\",\"inLanguage\":\"de-CH\",\"@id\":\"https:\/\/eblum.ch\/de\/technologiegebiete\/cloud-computing\/#primaryimage\",\"url\":\"https:\/\/eblum.ch\/wp-content\/uploads\/2023\/05\/e-blum-patentanwalt-cloud-computing.jpg\",\"contentUrl\":\"https:\/\/eblum.ch\/wp-content\/uploads\/2023\/05\/e-blum-patentanwalt-cloud-computing.jpg\",\"width\":2000,\"height\":2000},{\"@type\":\"BreadcrumbList\",\"@id\":\"https:\/\/eblum.ch\/de\/technologiegebiete\/cloud-computing\/#breadcrumb\",\"itemListElement\":[{\"@type\":\"ListItem\",\"position\":1,\"name\":\"Home\",\"item\":\"https:\/\/eblum.ch\/de\/\"},{\"@type\":\"ListItem\",\"position\":2,\"name\":\"Technologiegebiete\",\"item\":\"https:\/\/eblum.ch\/de\/technologiegebiete\/\"},{\"@type\":\"ListItem\",\"position\":3,\"name\":\"Cloud Computing\"}]},{\"@type\":\"WebSite\",\"@id\":\"https:\/\/eblum.ch\/de\/#website\",\"url\":\"https:\/\/eblum.ch\/de\/\",\"name\":\"E. Blum & Co. AG Patent- und Markenanw\u00e4lte Z\u00fcrich\",\"description\":\"\",\"potentialAction\":[{\"@type\":\"SearchAction\",\"target\":{\"@type\":\"EntryPoint\",\"urlTemplate\":\"https:\/\/eblum.ch\/de\/?s={search_term_string}\"},\"query-input\":{\"@type\":\"PropertyValueSpecification\",\"valueRequired\":true,\"valueName\":\"search_term_string\"}}],\"inLanguage\":\"de-CH\"}]}<\/script>\n<!-- \/ Yoast SEO plugin. -->","yoast_head_json":{"title":"Cloud Computing - E. Blum &amp; Co. AG Patent- und Markenanw\u00e4lte Z\u00fcrich","description":"Cloud Computing - E. Blum & Co. AG, Z\u00fcrich, Patentanw\u00e4lte und Markenanw\u00e4lte in Z\u00fcrich: Patente, Marken, Designs, Trademarks und alle weiteren Bereiche des Immaterialg\u00fcterrechts","robots":{"index":"index","follow":"follow","max-snippet":"max-snippet:-1","max-image-preview":"max-image-preview:large","max-video-preview":"max-video-preview:-1"},"canonical":"https:\/\/eblum.ch\/de\/technologiegebiete\/cloud-computing\/","og_locale":"de_DE","og_type":"article","og_title":"Cloud Computing - E. Blum &amp; Co. AG Patent- und Markenanw\u00e4lte Z\u00fcrich","og_description":"Cloud Computing - E. Blum & Co. AG, Z\u00fcrich, Patentanw\u00e4lte und Markenanw\u00e4lte in Z\u00fcrich: Patente, Marken, Designs, Trademarks und alle weiteren Bereiche des Immaterialg\u00fcterrechts","og_url":"https:\/\/eblum.ch\/de\/technologiegebiete\/cloud-computing\/","og_site_name":"E. Blum &amp; Co. AG Patent- und Markenanw\u00e4lte Z\u00fcrich","article_modified_time":"2024-03-18T11:06:07+00:00","og_image":[{"width":2000,"height":2000,"url":"https:\/\/eblum.ch\/wp-content\/uploads\/2023\/05\/e-blum-patentanwalt-cloud-computing.jpg","type":"image\/jpeg"}],"twitter_card":"summary_large_image","twitter_misc":{"Gesch\u00e4tzte Lesezeit":"2\u00a0Minuten"},"schema":{"@context":"https:\/\/schema.org","@graph":[{"@type":"WebPage","@id":"https:\/\/eblum.ch\/de\/technologiegebiete\/cloud-computing\/","url":"https:\/\/eblum.ch\/de\/technologiegebiete\/cloud-computing\/","name":"Cloud Computing - E. Blum &amp; Co. AG Patent- und Markenanw\u00e4lte Z\u00fcrich","isPartOf":{"@id":"https:\/\/eblum.ch\/de\/#website"},"primaryImageOfPage":{"@id":"https:\/\/eblum.ch\/de\/technologiegebiete\/cloud-computing\/#primaryimage"},"image":{"@id":"https:\/\/eblum.ch\/de\/technologiegebiete\/cloud-computing\/#primaryimage"},"thumbnailUrl":"https:\/\/eblum.ch\/wp-content\/uploads\/2023\/05\/e-blum-patentanwalt-cloud-computing.jpg","datePublished":"2023-08-07T10:00:00+00:00","dateModified":"2024-03-18T11:06:07+00:00","description":"Cloud Computing - E. Blum & Co. AG, Z\u00fcrich, Patentanw\u00e4lte und Markenanw\u00e4lte in Z\u00fcrich: Patente, Marken, Designs, Trademarks und alle weiteren Bereiche des Immaterialg\u00fcterrechts","breadcrumb":{"@id":"https:\/\/eblum.ch\/de\/technologiegebiete\/cloud-computing\/#breadcrumb"},"inLanguage":"de-CH","potentialAction":[{"@type":"ReadAction","target":["https:\/\/eblum.ch\/de\/technologiegebiete\/cloud-computing\/"]}]},{"@type":"ImageObject","inLanguage":"de-CH","@id":"https:\/\/eblum.ch\/de\/technologiegebiete\/cloud-computing\/#primaryimage","url":"https:\/\/eblum.ch\/wp-content\/uploads\/2023\/05\/e-blum-patentanwalt-cloud-computing.jpg","contentUrl":"https:\/\/eblum.ch\/wp-content\/uploads\/2023\/05\/e-blum-patentanwalt-cloud-computing.jpg","width":2000,"height":2000},{"@type":"BreadcrumbList","@id":"https:\/\/eblum.ch\/de\/technologiegebiete\/cloud-computing\/#breadcrumb","itemListElement":[{"@type":"ListItem","position":1,"name":"Home","item":"https:\/\/eblum.ch\/de\/"},{"@type":"ListItem","position":2,"name":"Technologiegebiete","item":"https:\/\/eblum.ch\/de\/technologiegebiete\/"},{"@type":"ListItem","position":3,"name":"Cloud Computing"}]},{"@type":"WebSite","@id":"https:\/\/eblum.ch\/de\/#website","url":"https:\/\/eblum.ch\/de\/","name":"E. Blum & Co. AG Patent- und Markenanw\u00e4lte Z\u00fcrich","description":"","potentialAction":[{"@type":"SearchAction","target":{"@type":"EntryPoint","urlTemplate":"https:\/\/eblum.ch\/de\/?s={search_term_string}"},"query-input":{"@type":"PropertyValueSpecification","valueRequired":true,"valueName":"search_term_string"}}],"inLanguage":"de-CH"}]}},"_links":{"self":[{"href":"https:\/\/eblum.ch\/de\/wp-json\/wp\/v2\/pages\/248","targetHints":{"allow":["GET"]}}],"collection":[{"href":"https:\/\/eblum.ch\/de\/wp-json\/wp\/v2\/pages"}],"about":[{"href":"https:\/\/eblum.ch\/de\/wp-json\/wp\/v2\/types\/page"}],"author":[{"embeddable":true,"href":"https:\/\/eblum.ch\/de\/wp-json\/wp\/v2\/users\/1"}],"replies":[{"embeddable":true,"href":"https:\/\/eblum.ch\/de\/wp-json\/wp\/v2\/comments?post=248"}],"version-history":[{"count":10,"href":"https:\/\/eblum.ch\/de\/wp-json\/wp\/v2\/pages\/248\/revisions"}],"predecessor-version":[{"id":2816,"href":"https:\/\/eblum.ch\/de\/wp-json\/wp\/v2\/pages\/248\/revisions\/2816"}],"up":[{"embeddable":true,"href":"https:\/\/eblum.ch\/de\/wp-json\/wp\/v2\/pages\/214"}],"wp:featuredmedia":[{"embeddable":true,"href":"https:\/\/eblum.ch\/de\/wp-json\/wp\/v2\/media\/607"}],"wp:attachment":[{"href":"https:\/\/eblum.ch\/de\/wp-json\/wp\/v2\/media?parent=248"}],"curies":[{"name":"wp","href":"https:\/\/api.w.org\/{rel}","templated":true}]}}