{"id":255,"date":"2023-08-07T12:00:00","date_gmt":"2023-08-07T10:00:00","guid":{"rendered":"https:\/\/eblum.ch\/?page_id=255"},"modified":"2023-08-07T12:00:00","modified_gmt":"2023-08-07T10:00:00","slug":"energietechnik","status":"publish","type":"page","link":"https:\/\/eblum.ch\/de\/technologiegebiete\/energietechnik\/","title":{"rendered":"Energietechnik"},"content":{"rendered":"\n<p>Die Energietechnik ist eine Ingenieurwissenschaft, die sich mit Technologien zur effizienten, sicheren, umweltschonenden und wirtschaftlichen Gewinnung, Umwandlung, Transport, Speicherung und Nutzung von Energie in all ihren Formen besch\u00e4ftigt. Die Bedeutung der Energietechnik w\u00e4chst stetig, insbesondere im Hinblick auf Erh\u00f6hung der Effizienz und Schonung der Umwelt. Die Energietechnik ist eine interdisziplin\u00e4re Technologie und eng mit einer Vielzahl von Wissenschaften wie&nbsp;<a href=\"https:\/\/eblum.ch\/technologiegebiete\/chemie\/\">Chemie<\/a>, Physik,&nbsp;<a href=\"https:\/\/eblum.ch\/technologiegebiete\/elektrotechnik\/\">Elektrotechnik<\/a>,&nbsp;<a href=\"https:\/\/eblum.ch\/technologiegebiete\/maschinenbau\/\">Maschinenbau<\/a>,&nbsp;<a href=\"https:\/\/eblum.ch\/technologiegebiete\/thermodynamik-und-fluidmechanik\/\">Thermodynamik<\/a>, etc. verzahnt.<\/p>\n\n\n\n<p>Die elektrische Energietechnik besch\u00e4ftigt sich unter anderem mit dem Transport und der Verteilung von elektrischer Energie (konventionell oder erneuerbar) und umfasst Teilgebiete der Elektrotechnik, wie etwa die Leistungselektronik, elektrische Maschinen, Schaltanlagen, Energiespeicherung oder Smart Grids.<\/p>\n","protected":false},"excerpt":{"rendered":"<p>Die Energietechnik ist eine Ingenieurwissenschaft, die sich mit Technologien zur effizienten, sicheren, umweltschonenden und wirtschaftlichen Gewinnung, Umwandlung, Transport, Speicherung und Nutzung von Energie in all ihren Formen besch\u00e4ftigt. Die Bedeutung der Energietechnik w\u00e4chst stetig, insbesondere im Hinblick auf Erh\u00f6hung der Effizienz und Schonung der Umwelt. Die Energietechnik ist eine interdisziplin\u00e4re Technologie und eng mit einer &hellip; <\/p>\n<p class=\"link-more\"><a href=\"https:\/\/eblum.ch\/de\/technologiegebiete\/energietechnik\/\" class=\"more-link\">Weiterlesen<span class=\"screen-reader-text\"> &#171;Energietechnik&#187;<\/span><\/a><\/p>\n","protected":false},"author":1,"featured_media":611,"parent":214,"menu_order":3,"comment_status":"closed","ping_status":"closed","template":"","meta":{"_acf_changed":false,"footnotes":""},"class_list":["post-255","page","type-page","status-publish","has-post-thumbnail","hentry"],"acf":[],"yoast_head":"<!-- This site is optimized with the Yoast SEO plugin v26.0 - https:\/\/yoast.com\/wordpress\/plugins\/seo\/ -->\n<title>Energietechnik - E. Blum &amp; Co. AG Patent- und Markenanw\u00e4lte Z\u00fcrich<\/title>\n<meta name=\"description\" content=\"Energietechnik - E. Blum &amp; Co. AG, Z\u00fcrich, Patentanw\u00e4lte und Markenanw\u00e4lte in Z\u00fcrich: Patente, Marken, Designs, Trademarks und alle weiteren Bereiche des Immaterialg\u00fcterrechts\" \/>\n<meta name=\"robots\" content=\"index, follow, max-snippet:-1, max-image-preview:large, max-video-preview:-1\" \/>\n<link rel=\"canonical\" href=\"https:\/\/eblum.ch\/de\/technologiegebiete\/energietechnik\/\" \/>\n<meta property=\"og:locale\" content=\"de_DE\" \/>\n<meta property=\"og:type\" content=\"article\" \/>\n<meta property=\"og:title\" content=\"Energietechnik - E. Blum &amp; Co. AG Patent- und Markenanw\u00e4lte Z\u00fcrich\" \/>\n<meta property=\"og:description\" content=\"Energietechnik - E. Blum &amp; Co. AG, Z\u00fcrich, Patentanw\u00e4lte und Markenanw\u00e4lte in Z\u00fcrich: Patente, Marken, Designs, Trademarks und alle weiteren Bereiche des Immaterialg\u00fcterrechts\" \/>\n<meta property=\"og:url\" content=\"https:\/\/eblum.ch\/de\/technologiegebiete\/energietechnik\/\" \/>\n<meta property=\"og:site_name\" content=\"E. Blum &amp; Co. AG Patent- und Markenanw\u00e4lte Z\u00fcrich\" \/>\n<meta property=\"og:image\" content=\"https:\/\/eblum.ch\/wp-content\/uploads\/2023\/05\/e-blum-patentanwalt-energietechnik.jpg\" \/>\n\t<meta property=\"og:image:width\" content=\"2000\" \/>\n\t<meta property=\"og:image:height\" content=\"2000\" \/>\n\t<meta property=\"og:image:type\" content=\"image\/jpeg\" \/>\n<meta name=\"twitter:card\" content=\"summary_large_image\" \/>\n<meta name=\"twitter:label1\" content=\"Gesch\u00e4tzte Lesezeit\" \/>\n\t<meta name=\"twitter:data1\" content=\"1\u00a0Minute\" \/>\n<script type=\"application\/ld+json\" class=\"yoast-schema-graph\">{\"@context\":\"https:\/\/schema.org\",\"@graph\":[{\"@type\":\"WebPage\",\"@id\":\"https:\/\/eblum.ch\/de\/technologiegebiete\/energietechnik\/\",\"url\":\"https:\/\/eblum.ch\/de\/technologiegebiete\/energietechnik\/\",\"name\":\"Energietechnik - E. Blum &amp; Co. AG Patent- und Markenanw\u00e4lte Z\u00fcrich\",\"isPartOf\":{\"@id\":\"https:\/\/eblum.ch\/de\/#website\"},\"primaryImageOfPage\":{\"@id\":\"https:\/\/eblum.ch\/de\/technologiegebiete\/energietechnik\/#primaryimage\"},\"image\":{\"@id\":\"https:\/\/eblum.ch\/de\/technologiegebiete\/energietechnik\/#primaryimage\"},\"thumbnailUrl\":\"https:\/\/eblum.ch\/wp-content\/uploads\/2023\/05\/e-blum-patentanwalt-energietechnik.jpg\",\"datePublished\":\"2023-08-07T10:00:00+00:00\",\"description\":\"Energietechnik - E. Blum & Co. AG, Z\u00fcrich, Patentanw\u00e4lte und Markenanw\u00e4lte in Z\u00fcrich: Patente, Marken, Designs, Trademarks und alle weiteren Bereiche des Immaterialg\u00fcterrechts\",\"breadcrumb\":{\"@id\":\"https:\/\/eblum.ch\/de\/technologiegebiete\/energietechnik\/#breadcrumb\"},\"inLanguage\":\"de-CH\",\"potentialAction\":[{\"@type\":\"ReadAction\",\"target\":[\"https:\/\/eblum.ch\/de\/technologiegebiete\/energietechnik\/\"]}]},{\"@type\":\"ImageObject\",\"inLanguage\":\"de-CH\",\"@id\":\"https:\/\/eblum.ch\/de\/technologiegebiete\/energietechnik\/#primaryimage\",\"url\":\"https:\/\/eblum.ch\/wp-content\/uploads\/2023\/05\/e-blum-patentanwalt-energietechnik.jpg\",\"contentUrl\":\"https:\/\/eblum.ch\/wp-content\/uploads\/2023\/05\/e-blum-patentanwalt-energietechnik.jpg\",\"width\":2000,\"height\":2000},{\"@type\":\"BreadcrumbList\",\"@id\":\"https:\/\/eblum.ch\/de\/technologiegebiete\/energietechnik\/#breadcrumb\",\"itemListElement\":[{\"@type\":\"ListItem\",\"position\":1,\"name\":\"Home\",\"item\":\"https:\/\/eblum.ch\/de\/\"},{\"@type\":\"ListItem\",\"position\":2,\"name\":\"Technologiegebiete\",\"item\":\"https:\/\/eblum.ch\/de\/technologiegebiete\/\"},{\"@type\":\"ListItem\",\"position\":3,\"name\":\"Energietechnik\"}]},{\"@type\":\"WebSite\",\"@id\":\"https:\/\/eblum.ch\/de\/#website\",\"url\":\"https:\/\/eblum.ch\/de\/\",\"name\":\"E. Blum & Co. AG Patent- und Markenanw\u00e4lte Z\u00fcrich\",\"description\":\"\",\"potentialAction\":[{\"@type\":\"SearchAction\",\"target\":{\"@type\":\"EntryPoint\",\"urlTemplate\":\"https:\/\/eblum.ch\/de\/?s={search_term_string}\"},\"query-input\":{\"@type\":\"PropertyValueSpecification\",\"valueRequired\":true,\"valueName\":\"search_term_string\"}}],\"inLanguage\":\"de-CH\"}]}<\/script>\n<!-- \/ Yoast SEO plugin. -->","yoast_head_json":{"title":"Energietechnik - E. Blum &amp; Co. AG Patent- und Markenanw\u00e4lte Z\u00fcrich","description":"Energietechnik - E. Blum & Co. AG, Z\u00fcrich, Patentanw\u00e4lte und Markenanw\u00e4lte in Z\u00fcrich: Patente, Marken, Designs, Trademarks und alle weiteren Bereiche des Immaterialg\u00fcterrechts","robots":{"index":"index","follow":"follow","max-snippet":"max-snippet:-1","max-image-preview":"max-image-preview:large","max-video-preview":"max-video-preview:-1"},"canonical":"https:\/\/eblum.ch\/de\/technologiegebiete\/energietechnik\/","og_locale":"de_DE","og_type":"article","og_title":"Energietechnik - E. Blum &amp; Co. AG Patent- und Markenanw\u00e4lte Z\u00fcrich","og_description":"Energietechnik - E. Blum & Co. AG, Z\u00fcrich, Patentanw\u00e4lte und Markenanw\u00e4lte in Z\u00fcrich: Patente, Marken, Designs, Trademarks und alle weiteren Bereiche des Immaterialg\u00fcterrechts","og_url":"https:\/\/eblum.ch\/de\/technologiegebiete\/energietechnik\/","og_site_name":"E. Blum &amp; Co. AG Patent- und Markenanw\u00e4lte Z\u00fcrich","og_image":[{"width":2000,"height":2000,"url":"https:\/\/eblum.ch\/wp-content\/uploads\/2023\/05\/e-blum-patentanwalt-energietechnik.jpg","type":"image\/jpeg"}],"twitter_card":"summary_large_image","twitter_misc":{"Gesch\u00e4tzte Lesezeit":"1\u00a0Minute"},"schema":{"@context":"https:\/\/schema.org","@graph":[{"@type":"WebPage","@id":"https:\/\/eblum.ch\/de\/technologiegebiete\/energietechnik\/","url":"https:\/\/eblum.ch\/de\/technologiegebiete\/energietechnik\/","name":"Energietechnik - E. Blum &amp; Co. AG Patent- und Markenanw\u00e4lte Z\u00fcrich","isPartOf":{"@id":"https:\/\/eblum.ch\/de\/#website"},"primaryImageOfPage":{"@id":"https:\/\/eblum.ch\/de\/technologiegebiete\/energietechnik\/#primaryimage"},"image":{"@id":"https:\/\/eblum.ch\/de\/technologiegebiete\/energietechnik\/#primaryimage"},"thumbnailUrl":"https:\/\/eblum.ch\/wp-content\/uploads\/2023\/05\/e-blum-patentanwalt-energietechnik.jpg","datePublished":"2023-08-07T10:00:00+00:00","description":"Energietechnik - E. Blum & Co. AG, Z\u00fcrich, Patentanw\u00e4lte und Markenanw\u00e4lte in Z\u00fcrich: Patente, Marken, Designs, Trademarks und alle weiteren Bereiche des Immaterialg\u00fcterrechts","breadcrumb":{"@id":"https:\/\/eblum.ch\/de\/technologiegebiete\/energietechnik\/#breadcrumb"},"inLanguage":"de-CH","potentialAction":[{"@type":"ReadAction","target":["https:\/\/eblum.ch\/de\/technologiegebiete\/energietechnik\/"]}]},{"@type":"ImageObject","inLanguage":"de-CH","@id":"https:\/\/eblum.ch\/de\/technologiegebiete\/energietechnik\/#primaryimage","url":"https:\/\/eblum.ch\/wp-content\/uploads\/2023\/05\/e-blum-patentanwalt-energietechnik.jpg","contentUrl":"https:\/\/eblum.ch\/wp-content\/uploads\/2023\/05\/e-blum-patentanwalt-energietechnik.jpg","width":2000,"height":2000},{"@type":"BreadcrumbList","@id":"https:\/\/eblum.ch\/de\/technologiegebiete\/energietechnik\/#breadcrumb","itemListElement":[{"@type":"ListItem","position":1,"name":"Home","item":"https:\/\/eblum.ch\/de\/"},{"@type":"ListItem","position":2,"name":"Technologiegebiete","item":"https:\/\/eblum.ch\/de\/technologiegebiete\/"},{"@type":"ListItem","position":3,"name":"Energietechnik"}]},{"@type":"WebSite","@id":"https:\/\/eblum.ch\/de\/#website","url":"https:\/\/eblum.ch\/de\/","name":"E. Blum & Co. AG Patent- und Markenanw\u00e4lte Z\u00fcrich","description":"","potentialAction":[{"@type":"SearchAction","target":{"@type":"EntryPoint","urlTemplate":"https:\/\/eblum.ch\/de\/?s={search_term_string}"},"query-input":{"@type":"PropertyValueSpecification","valueRequired":true,"valueName":"search_term_string"}}],"inLanguage":"de-CH"}]}},"_links":{"self":[{"href":"https:\/\/eblum.ch\/de\/wp-json\/wp\/v2\/pages\/255","targetHints":{"allow":["GET"]}}],"collection":[{"href":"https:\/\/eblum.ch\/de\/wp-json\/wp\/v2\/pages"}],"about":[{"href":"https:\/\/eblum.ch\/de\/wp-json\/wp\/v2\/types\/page"}],"author":[{"embeddable":true,"href":"https:\/\/eblum.ch\/de\/wp-json\/wp\/v2\/users\/1"}],"replies":[{"embeddable":true,"href":"https:\/\/eblum.ch\/de\/wp-json\/wp\/v2\/comments?post=255"}],"version-history":[{"count":4,"href":"https:\/\/eblum.ch\/de\/wp-json\/wp\/v2\/pages\/255\/revisions"}],"predecessor-version":[{"id":1463,"href":"https:\/\/eblum.ch\/de\/wp-json\/wp\/v2\/pages\/255\/revisions\/1463"}],"up":[{"embeddable":true,"href":"https:\/\/eblum.ch\/de\/wp-json\/wp\/v2\/pages\/214"}],"wp:featuredmedia":[{"embeddable":true,"href":"https:\/\/eblum.ch\/de\/wp-json\/wp\/v2\/media\/611"}],"wp:attachment":[{"href":"https:\/\/eblum.ch\/de\/wp-json\/wp\/v2\/media?parent=255"}],"curies":[{"name":"wp","href":"https:\/\/api.w.org\/{rel}","templated":true}]}}