{"id":261,"date":"2023-08-07T12:00:00","date_gmt":"2023-08-07T10:00:00","guid":{"rendered":"https:\/\/eblum.ch\/?page_id=261"},"modified":"2024-03-08T11:00:18","modified_gmt":"2024-03-08T10:00:18","slug":"graphical-user-interfaces-guis","status":"publish","type":"page","link":"https:\/\/eblum.ch\/de\/technologiegebiete\/graphical-user-interfaces-guis\/","title":{"rendered":"Graphical User Interfaces (GUIs)"},"content":{"rendered":"\n<p>Graphical User Interfaces (GUI &#8211; grafische Benutzeroberfl\u00e4chen) kennen wir alle von Smartphones, Tablets und Computern. Der Touchscreen erlaubt die Steuerung des Ger\u00e4ts durch das Aktivieren von grafischen Elementen wie Icons, Scroll Bars, Fenstern etc. Aufgrund der grafischen Komponente dieser Elemente erscheinen zun\u00e4chst das Designrecht und das Urheberrecht als geeignete Schutzrechte, vorausgesetzt die erforderliche Eigenart ist gegeben. F\u00fcr einige grafische Benutzeroberfl\u00e4chen kann jedoch Patentschutz erlangt werden, auch wenn die reinen grafischen Elemente als solche nicht patentierbar sind. Um patentierbar zu sein, muss eine GUI einen technischen Beitrag leisten.<\/p>\n","protected":false},"excerpt":{"rendered":"<p>Graphical User Interfaces (GUI &#8211; grafische Benutzeroberfl\u00e4chen) kennen wir alle von Smartphones, Tablets und Computern. Der Touchscreen erlaubt die Steuerung des Ger\u00e4ts durch das Aktivieren von grafischen Elementen wie Icons, Scroll Bars, Fenstern etc. Aufgrund der grafischen Komponente dieser Elemente erscheinen zun\u00e4chst das Designrecht und das Urheberrecht als geeignete Schutzrechte, vorausgesetzt die erforderliche Eigenart ist &hellip; <\/p>\n<p class=\"link-more\"><a href=\"https:\/\/eblum.ch\/de\/technologiegebiete\/graphical-user-interfaces-guis\/\" class=\"more-link\">Weiterlesen<span class=\"screen-reader-text\"> &#171;Graphical User Interfaces (GUIs)&#187;<\/span><\/a><\/p>\n","protected":false},"author":1,"featured_media":615,"parent":214,"menu_order":3,"comment_status":"closed","ping_status":"closed","template":"","meta":{"_acf_changed":false,"footnotes":""},"class_list":["post-261","page","type-page","status-publish","has-post-thumbnail","hentry"],"acf":[],"yoast_head":"<!-- This site is optimized with the Yoast SEO plugin v26.0 - https:\/\/yoast.com\/wordpress\/plugins\/seo\/ -->\n<title>Graphical User Interfaces (GUIs) - E. Blum &amp; Co. AG Patent- und Markenanw\u00e4lte Z\u00fcrich<\/title>\n<meta name=\"description\" content=\"Graphical User Interfaces (GUIs) - E. Blum &amp; Co. AG, Z\u00fcrich, Patentanw\u00e4lte und Markenanw\u00e4lte in Z\u00fcrich: Patente, Marken, Designs, Trademarks und alle weiteren Bereiche des Immaterialg\u00fcterrechts\" \/>\n<meta name=\"robots\" content=\"index, follow, max-snippet:-1, max-image-preview:large, max-video-preview:-1\" \/>\n<link rel=\"canonical\" href=\"https:\/\/eblum.ch\/de\/technologiegebiete\/graphical-user-interfaces-guis\/\" \/>\n<meta property=\"og:locale\" content=\"de_DE\" \/>\n<meta property=\"og:type\" content=\"article\" \/>\n<meta property=\"og:title\" content=\"Graphical User Interfaces (GUIs) - E. Blum &amp; Co. AG Patent- und Markenanw\u00e4lte Z\u00fcrich\" \/>\n<meta property=\"og:description\" content=\"Graphical User Interfaces (GUIs) - E. Blum &amp; Co. AG, Z\u00fcrich, Patentanw\u00e4lte und Markenanw\u00e4lte in Z\u00fcrich: Patente, Marken, Designs, Trademarks und alle weiteren Bereiche des Immaterialg\u00fcterrechts\" \/>\n<meta property=\"og:url\" content=\"https:\/\/eblum.ch\/de\/technologiegebiete\/graphical-user-interfaces-guis\/\" \/>\n<meta property=\"og:site_name\" content=\"E. Blum &amp; Co. AG Patent- und Markenanw\u00e4lte Z\u00fcrich\" \/>\n<meta property=\"article:modified_time\" content=\"2024-03-08T10:00:18+00:00\" \/>\n<meta property=\"og:image\" content=\"https:\/\/eblum.ch\/wp-content\/uploads\/2023\/05\/e-blum-patentanwalt-graphical-user-interfaces-1024x1024.jpg\" \/>\n\t<meta property=\"og:image:width\" content=\"1024\" \/>\n\t<meta property=\"og:image:height\" content=\"1024\" \/>\n\t<meta property=\"og:image:type\" content=\"image\/jpeg\" \/>\n<meta name=\"twitter:card\" content=\"summary_large_image\" \/>\n<meta name=\"twitter:label1\" content=\"Gesch\u00e4tzte Lesezeit\" \/>\n\t<meta name=\"twitter:data1\" content=\"1\u00a0Minute\" \/>\n<script type=\"application\/ld+json\" class=\"yoast-schema-graph\">{\"@context\":\"https:\/\/schema.org\",\"@graph\":[{\"@type\":\"WebPage\",\"@id\":\"https:\/\/eblum.ch\/de\/technologiegebiete\/graphical-user-interfaces-guis\/\",\"url\":\"https:\/\/eblum.ch\/de\/technologiegebiete\/graphical-user-interfaces-guis\/\",\"name\":\"Graphical User Interfaces (GUIs) - E. Blum &amp; Co. AG Patent- und Markenanw\u00e4lte Z\u00fcrich\",\"isPartOf\":{\"@id\":\"https:\/\/eblum.ch\/de\/#website\"},\"primaryImageOfPage\":{\"@id\":\"https:\/\/eblum.ch\/de\/technologiegebiete\/graphical-user-interfaces-guis\/#primaryimage\"},\"image\":{\"@id\":\"https:\/\/eblum.ch\/de\/technologiegebiete\/graphical-user-interfaces-guis\/#primaryimage\"},\"thumbnailUrl\":\"https:\/\/eblum.ch\/wp-content\/uploads\/2023\/05\/e-blum-patentanwalt-graphical-user-interfaces.jpg\",\"datePublished\":\"2023-08-07T10:00:00+00:00\",\"dateModified\":\"2024-03-08T10:00:18+00:00\",\"description\":\"Graphical User Interfaces (GUIs) - E. Blum & Co. AG, Z\u00fcrich, Patentanw\u00e4lte und Markenanw\u00e4lte in Z\u00fcrich: Patente, Marken, Designs, Trademarks und alle weiteren Bereiche des Immaterialg\u00fcterrechts\",\"breadcrumb\":{\"@id\":\"https:\/\/eblum.ch\/de\/technologiegebiete\/graphical-user-interfaces-guis\/#breadcrumb\"},\"inLanguage\":\"de-CH\",\"potentialAction\":[{\"@type\":\"ReadAction\",\"target\":[\"https:\/\/eblum.ch\/de\/technologiegebiete\/graphical-user-interfaces-guis\/\"]}]},{\"@type\":\"ImageObject\",\"inLanguage\":\"de-CH\",\"@id\":\"https:\/\/eblum.ch\/de\/technologiegebiete\/graphical-user-interfaces-guis\/#primaryimage\",\"url\":\"https:\/\/eblum.ch\/wp-content\/uploads\/2023\/05\/e-blum-patentanwalt-graphical-user-interfaces.jpg\",\"contentUrl\":\"https:\/\/eblum.ch\/wp-content\/uploads\/2023\/05\/e-blum-patentanwalt-graphical-user-interfaces.jpg\",\"width\":2000,\"height\":2000},{\"@type\":\"BreadcrumbList\",\"@id\":\"https:\/\/eblum.ch\/de\/technologiegebiete\/graphical-user-interfaces-guis\/#breadcrumb\",\"itemListElement\":[{\"@type\":\"ListItem\",\"position\":1,\"name\":\"Home\",\"item\":\"https:\/\/eblum.ch\/de\/\"},{\"@type\":\"ListItem\",\"position\":2,\"name\":\"Technologiegebiete\",\"item\":\"https:\/\/eblum.ch\/de\/technologiegebiete\/\"},{\"@type\":\"ListItem\",\"position\":3,\"name\":\"Graphical User Interfaces (GUIs)\"}]},{\"@type\":\"WebSite\",\"@id\":\"https:\/\/eblum.ch\/de\/#website\",\"url\":\"https:\/\/eblum.ch\/de\/\",\"name\":\"E. Blum & Co. AG Patent- und Markenanw\u00e4lte Z\u00fcrich\",\"description\":\"\",\"potentialAction\":[{\"@type\":\"SearchAction\",\"target\":{\"@type\":\"EntryPoint\",\"urlTemplate\":\"https:\/\/eblum.ch\/de\/?s={search_term_string}\"},\"query-input\":{\"@type\":\"PropertyValueSpecification\",\"valueRequired\":true,\"valueName\":\"search_term_string\"}}],\"inLanguage\":\"de-CH\"}]}<\/script>\n<!-- \/ Yoast SEO plugin. -->","yoast_head_json":{"title":"Graphical User Interfaces (GUIs) - E. Blum &amp; Co. AG Patent- und Markenanw\u00e4lte Z\u00fcrich","description":"Graphical User Interfaces (GUIs) - E. Blum & Co. AG, Z\u00fcrich, Patentanw\u00e4lte und Markenanw\u00e4lte in Z\u00fcrich: Patente, Marken, Designs, Trademarks und alle weiteren Bereiche des Immaterialg\u00fcterrechts","robots":{"index":"index","follow":"follow","max-snippet":"max-snippet:-1","max-image-preview":"max-image-preview:large","max-video-preview":"max-video-preview:-1"},"canonical":"https:\/\/eblum.ch\/de\/technologiegebiete\/graphical-user-interfaces-guis\/","og_locale":"de_DE","og_type":"article","og_title":"Graphical User Interfaces (GUIs) - E. Blum &amp; Co. AG Patent- und Markenanw\u00e4lte Z\u00fcrich","og_description":"Graphical User Interfaces (GUIs) - E. Blum & Co. AG, Z\u00fcrich, Patentanw\u00e4lte und Markenanw\u00e4lte in Z\u00fcrich: Patente, Marken, Designs, Trademarks und alle weiteren Bereiche des Immaterialg\u00fcterrechts","og_url":"https:\/\/eblum.ch\/de\/technologiegebiete\/graphical-user-interfaces-guis\/","og_site_name":"E. Blum &amp; Co. AG Patent- und Markenanw\u00e4lte Z\u00fcrich","article_modified_time":"2024-03-08T10:00:18+00:00","og_image":[{"width":1024,"height":1024,"url":"https:\/\/eblum.ch\/wp-content\/uploads\/2023\/05\/e-blum-patentanwalt-graphical-user-interfaces-1024x1024.jpg","type":"image\/jpeg"}],"twitter_card":"summary_large_image","twitter_misc":{"Gesch\u00e4tzte Lesezeit":"1\u00a0Minute"},"schema":{"@context":"https:\/\/schema.org","@graph":[{"@type":"WebPage","@id":"https:\/\/eblum.ch\/de\/technologiegebiete\/graphical-user-interfaces-guis\/","url":"https:\/\/eblum.ch\/de\/technologiegebiete\/graphical-user-interfaces-guis\/","name":"Graphical User Interfaces (GUIs) - E. Blum &amp; Co. AG Patent- und Markenanw\u00e4lte Z\u00fcrich","isPartOf":{"@id":"https:\/\/eblum.ch\/de\/#website"},"primaryImageOfPage":{"@id":"https:\/\/eblum.ch\/de\/technologiegebiete\/graphical-user-interfaces-guis\/#primaryimage"},"image":{"@id":"https:\/\/eblum.ch\/de\/technologiegebiete\/graphical-user-interfaces-guis\/#primaryimage"},"thumbnailUrl":"https:\/\/eblum.ch\/wp-content\/uploads\/2023\/05\/e-blum-patentanwalt-graphical-user-interfaces.jpg","datePublished":"2023-08-07T10:00:00+00:00","dateModified":"2024-03-08T10:00:18+00:00","description":"Graphical User Interfaces (GUIs) - E. Blum & Co. AG, Z\u00fcrich, Patentanw\u00e4lte und Markenanw\u00e4lte in Z\u00fcrich: Patente, Marken, Designs, Trademarks und alle weiteren Bereiche des Immaterialg\u00fcterrechts","breadcrumb":{"@id":"https:\/\/eblum.ch\/de\/technologiegebiete\/graphical-user-interfaces-guis\/#breadcrumb"},"inLanguage":"de-CH","potentialAction":[{"@type":"ReadAction","target":["https:\/\/eblum.ch\/de\/technologiegebiete\/graphical-user-interfaces-guis\/"]}]},{"@type":"ImageObject","inLanguage":"de-CH","@id":"https:\/\/eblum.ch\/de\/technologiegebiete\/graphical-user-interfaces-guis\/#primaryimage","url":"https:\/\/eblum.ch\/wp-content\/uploads\/2023\/05\/e-blum-patentanwalt-graphical-user-interfaces.jpg","contentUrl":"https:\/\/eblum.ch\/wp-content\/uploads\/2023\/05\/e-blum-patentanwalt-graphical-user-interfaces.jpg","width":2000,"height":2000},{"@type":"BreadcrumbList","@id":"https:\/\/eblum.ch\/de\/technologiegebiete\/graphical-user-interfaces-guis\/#breadcrumb","itemListElement":[{"@type":"ListItem","position":1,"name":"Home","item":"https:\/\/eblum.ch\/de\/"},{"@type":"ListItem","position":2,"name":"Technologiegebiete","item":"https:\/\/eblum.ch\/de\/technologiegebiete\/"},{"@type":"ListItem","position":3,"name":"Graphical User Interfaces (GUIs)"}]},{"@type":"WebSite","@id":"https:\/\/eblum.ch\/de\/#website","url":"https:\/\/eblum.ch\/de\/","name":"E. Blum & Co. AG Patent- und Markenanw\u00e4lte Z\u00fcrich","description":"","potentialAction":[{"@type":"SearchAction","target":{"@type":"EntryPoint","urlTemplate":"https:\/\/eblum.ch\/de\/?s={search_term_string}"},"query-input":{"@type":"PropertyValueSpecification","valueRequired":true,"valueName":"search_term_string"}}],"inLanguage":"de-CH"}]}},"_links":{"self":[{"href":"https:\/\/eblum.ch\/de\/wp-json\/wp\/v2\/pages\/261","targetHints":{"allow":["GET"]}}],"collection":[{"href":"https:\/\/eblum.ch\/de\/wp-json\/wp\/v2\/pages"}],"about":[{"href":"https:\/\/eblum.ch\/de\/wp-json\/wp\/v2\/types\/page"}],"author":[{"embeddable":true,"href":"https:\/\/eblum.ch\/de\/wp-json\/wp\/v2\/users\/1"}],"replies":[{"embeddable":true,"href":"https:\/\/eblum.ch\/de\/wp-json\/wp\/v2\/comments?post=261"}],"version-history":[{"count":3,"href":"https:\/\/eblum.ch\/de\/wp-json\/wp\/v2\/pages\/261\/revisions"}],"predecessor-version":[{"id":2808,"href":"https:\/\/eblum.ch\/de\/wp-json\/wp\/v2\/pages\/261\/revisions\/2808"}],"up":[{"embeddable":true,"href":"https:\/\/eblum.ch\/de\/wp-json\/wp\/v2\/pages\/214"}],"wp:featuredmedia":[{"embeddable":true,"href":"https:\/\/eblum.ch\/de\/wp-json\/wp\/v2\/media\/615"}],"wp:attachment":[{"href":"https:\/\/eblum.ch\/de\/wp-json\/wp\/v2\/media?parent=261"}],"curies":[{"name":"wp","href":"https:\/\/api.w.org\/{rel}","templated":true}]}}