{"id":263,"date":"2023-08-07T12:00:00","date_gmt":"2023-08-07T10:00:00","guid":{"rendered":"https:\/\/eblum.ch\/?page_id=263"},"modified":"2023-08-07T12:00:00","modified_gmt":"2023-08-07T10:00:00","slug":"hardware-security-modules-hsm-sichere-kryptoprozessoren","status":"publish","type":"page","link":"https:\/\/eblum.ch\/de\/technologiegebiete\/hardware-security-modules-hsm-sichere-kryptoprozessoren\/","title":{"rendered":"Hardware Security Modules (HSM), sichere Kryptoprozessoren"},"content":{"rendered":"\n<p>Ein&nbsp;<a href=\"https:\/\/de.wikipedia.org\/wiki\/Kryptoprozessor\" target=\"_blank\" rel=\"noreferrer noopener\">sicherer Kryptoprozessor<\/a>&nbsp;ist ein spezieller Chip oder Mikroprozessor, der kryptographische Operationen durchf\u00fchrt und meist zusammen mit physikalischen Sicherheitsmassnahmen realisiert ist. Er bietet damit eine gewisse Manipulationssicherheit. Smartcards enthalten beispielsweise Kryptoprozessoren. In sensiblen Systemen wie Geldautomaten sind komplexere Kryptoprozessoren weit verbreitet. Bitte siehe auch&nbsp;<a href=\"https:\/\/eblum.ch\/technologiegebiete\/kryptographie\/\">Kryptographie<\/a>.<\/p>\n\n\n\n<p><a href=\"https:\/\/de.wikipedia.org\/wiki\/Hardware-Sicherheitsmodul\" target=\"_blank\" rel=\"noreferrer noopener\">Hardware Security Modules<\/a>&nbsp;(HSM) sind Kryptoprozessoren zur Verwaltung digitaler Schl\u00fcssel, zur Beschleunigung von Kryptoprozessen in Form von digitalen Signaturen und zur Bereitstellung einer starken Authentifizierung f\u00fcr den Zugriff auf kritische Schl\u00fcssel f\u00fcr Serveranwendungen. Solche Module sind physische Ger\u00e4te, die traditionell in Form von Steckkarten oder externen TCP\/IP-Sicherheitsvorrichtungen vorliegen, und die direkt an einen Computer angeschlossen werden k\u00f6nnen. HSMs k\u00f6nnen insbesondere zur Bereitstellung digital signierter Daten wie Zeitstempel verwendet werden. Digitale Signaturen werden im Allgemeinen durch Daten repr\u00e4sentiert, die an eine Dateneinheit angeh\u00e4ngt werden, oder die einer kryptographische Umwandlung dieser Dateneinheit entsprechen. Digitale Signaturen erm\u00f6glichen es einem Empf\u00e4nger, die Quelle und Integrit\u00e4t der Dateneinheit nachzuweisen.<\/p>\n","protected":false},"excerpt":{"rendered":"<p>Ein&nbsp;sicherer Kryptoprozessor&nbsp;ist ein spezieller Chip oder Mikroprozessor, der kryptographische Operationen durchf\u00fchrt und meist zusammen mit physikalischen Sicherheitsmassnahmen realisiert ist. Er bietet damit eine gewisse Manipulationssicherheit. Smartcards enthalten beispielsweise Kryptoprozessoren. In sensiblen Systemen wie Geldautomaten sind komplexere Kryptoprozessoren weit verbreitet. Bitte siehe auch&nbsp;Kryptographie. Hardware Security Modules&nbsp;(HSM) sind Kryptoprozessoren zur Verwaltung digitaler Schl\u00fcssel, zur Beschleunigung von Kryptoprozessen &hellip; <\/p>\n<p class=\"link-more\"><a href=\"https:\/\/eblum.ch\/de\/technologiegebiete\/hardware-security-modules-hsm-sichere-kryptoprozessoren\/\" class=\"more-link\">Weiterlesen<span class=\"screen-reader-text\"> &#171;Hardware Security Modules (HSM), sichere Kryptoprozessoren&#187;<\/span><\/a><\/p>\n","protected":false},"author":1,"featured_media":617,"parent":214,"menu_order":3,"comment_status":"closed","ping_status":"closed","template":"","meta":{"_acf_changed":false,"footnotes":""},"class_list":["post-263","page","type-page","status-publish","has-post-thumbnail","hentry"],"acf":[],"yoast_head":"<!-- This site is optimized with the Yoast SEO plugin v26.0 - https:\/\/yoast.com\/wordpress\/plugins\/seo\/ -->\n<title>Hardware Security Modules (HSM), sichere Kryptoprozessoren - E. Blum &amp; Co. AG Patent- und Markenanw\u00e4lte Z\u00fcrich<\/title>\n<meta name=\"description\" content=\"Hardware Security Modules (HSM), sichere Kryptoprozessoren - E. Blum &amp; Co. AG, Z\u00fcrich, Patentanw\u00e4lte und Markenanw\u00e4lte in Z\u00fcrich: Patente, Marken, Designs, Trademarks und alle weiteren Bereiche des Immaterialg\u00fcterrechts\" \/>\n<meta name=\"robots\" content=\"index, follow, max-snippet:-1, max-image-preview:large, max-video-preview:-1\" \/>\n<link rel=\"canonical\" href=\"https:\/\/eblum.ch\/de\/technologiegebiete\/hardware-security-modules-hsm-sichere-kryptoprozessoren\/\" \/>\n<meta property=\"og:locale\" content=\"de_DE\" \/>\n<meta property=\"og:type\" content=\"article\" \/>\n<meta property=\"og:title\" content=\"Hardware Security Modules (HSM), sichere Kryptoprozessoren - E. Blum &amp; Co. AG Patent- und Markenanw\u00e4lte Z\u00fcrich\" \/>\n<meta property=\"og:description\" content=\"Hardware Security Modules (HSM), sichere Kryptoprozessoren - E. Blum &amp; Co. AG, Z\u00fcrich, Patentanw\u00e4lte und Markenanw\u00e4lte in Z\u00fcrich: Patente, Marken, Designs, Trademarks und alle weiteren Bereiche des Immaterialg\u00fcterrechts\" \/>\n<meta property=\"og:url\" content=\"https:\/\/eblum.ch\/de\/technologiegebiete\/hardware-security-modules-hsm-sichere-kryptoprozessoren\/\" \/>\n<meta property=\"og:site_name\" content=\"E. Blum &amp; Co. AG Patent- und Markenanw\u00e4lte Z\u00fcrich\" \/>\n<meta property=\"og:image\" content=\"https:\/\/eblum.ch\/wp-content\/uploads\/2023\/05\/e-blum-patentanwalt-hardware-security-modules.jpg\" \/>\n\t<meta property=\"og:image:width\" content=\"2000\" \/>\n\t<meta property=\"og:image:height\" content=\"2000\" \/>\n\t<meta property=\"og:image:type\" content=\"image\/jpeg\" \/>\n<meta name=\"twitter:card\" content=\"summary_large_image\" \/>\n<meta name=\"twitter:label1\" content=\"Gesch\u00e4tzte Lesezeit\" \/>\n\t<meta name=\"twitter:data1\" content=\"1\u00a0Minute\" \/>\n<script type=\"application\/ld+json\" class=\"yoast-schema-graph\">{\"@context\":\"https:\/\/schema.org\",\"@graph\":[{\"@type\":\"WebPage\",\"@id\":\"https:\/\/eblum.ch\/de\/technologiegebiete\/hardware-security-modules-hsm-sichere-kryptoprozessoren\/\",\"url\":\"https:\/\/eblum.ch\/de\/technologiegebiete\/hardware-security-modules-hsm-sichere-kryptoprozessoren\/\",\"name\":\"Hardware Security Modules (HSM), sichere Kryptoprozessoren - E. Blum &amp; Co. AG Patent- und Markenanw\u00e4lte Z\u00fcrich\",\"isPartOf\":{\"@id\":\"https:\/\/eblum.ch\/de\/#website\"},\"primaryImageOfPage\":{\"@id\":\"https:\/\/eblum.ch\/de\/technologiegebiete\/hardware-security-modules-hsm-sichere-kryptoprozessoren\/#primaryimage\"},\"image\":{\"@id\":\"https:\/\/eblum.ch\/de\/technologiegebiete\/hardware-security-modules-hsm-sichere-kryptoprozessoren\/#primaryimage\"},\"thumbnailUrl\":\"https:\/\/eblum.ch\/wp-content\/uploads\/2023\/05\/e-blum-patentanwalt-hardware-security-modules.jpg\",\"datePublished\":\"2023-08-07T10:00:00+00:00\",\"description\":\"Hardware Security Modules (HSM), sichere Kryptoprozessoren - E. Blum & Co. AG, Z\u00fcrich, Patentanw\u00e4lte und Markenanw\u00e4lte in Z\u00fcrich: Patente, Marken, Designs, Trademarks und alle weiteren Bereiche des Immaterialg\u00fcterrechts\",\"breadcrumb\":{\"@id\":\"https:\/\/eblum.ch\/de\/technologiegebiete\/hardware-security-modules-hsm-sichere-kryptoprozessoren\/#breadcrumb\"},\"inLanguage\":\"de-CH\",\"potentialAction\":[{\"@type\":\"ReadAction\",\"target\":[\"https:\/\/eblum.ch\/de\/technologiegebiete\/hardware-security-modules-hsm-sichere-kryptoprozessoren\/\"]}]},{\"@type\":\"ImageObject\",\"inLanguage\":\"de-CH\",\"@id\":\"https:\/\/eblum.ch\/de\/technologiegebiete\/hardware-security-modules-hsm-sichere-kryptoprozessoren\/#primaryimage\",\"url\":\"https:\/\/eblum.ch\/wp-content\/uploads\/2023\/05\/e-blum-patentanwalt-hardware-security-modules.jpg\",\"contentUrl\":\"https:\/\/eblum.ch\/wp-content\/uploads\/2023\/05\/e-blum-patentanwalt-hardware-security-modules.jpg\",\"width\":2000,\"height\":2000},{\"@type\":\"BreadcrumbList\",\"@id\":\"https:\/\/eblum.ch\/de\/technologiegebiete\/hardware-security-modules-hsm-sichere-kryptoprozessoren\/#breadcrumb\",\"itemListElement\":[{\"@type\":\"ListItem\",\"position\":1,\"name\":\"Home\",\"item\":\"https:\/\/eblum.ch\/de\/\"},{\"@type\":\"ListItem\",\"position\":2,\"name\":\"Technologiegebiete\",\"item\":\"https:\/\/eblum.ch\/de\/technologiegebiete\/\"},{\"@type\":\"ListItem\",\"position\":3,\"name\":\"Hardware Security Modules (HSM), sichere Kryptoprozessoren\"}]},{\"@type\":\"WebSite\",\"@id\":\"https:\/\/eblum.ch\/de\/#website\",\"url\":\"https:\/\/eblum.ch\/de\/\",\"name\":\"E. Blum & Co. AG Patent- und Markenanw\u00e4lte Z\u00fcrich\",\"description\":\"\",\"potentialAction\":[{\"@type\":\"SearchAction\",\"target\":{\"@type\":\"EntryPoint\",\"urlTemplate\":\"https:\/\/eblum.ch\/de\/?s={search_term_string}\"},\"query-input\":{\"@type\":\"PropertyValueSpecification\",\"valueRequired\":true,\"valueName\":\"search_term_string\"}}],\"inLanguage\":\"de-CH\"}]}<\/script>\n<!-- \/ Yoast SEO plugin. -->","yoast_head_json":{"title":"Hardware Security Modules (HSM), sichere Kryptoprozessoren - E. Blum &amp; Co. AG Patent- und Markenanw\u00e4lte Z\u00fcrich","description":"Hardware Security Modules (HSM), sichere Kryptoprozessoren - E. Blum & Co. AG, Z\u00fcrich, Patentanw\u00e4lte und Markenanw\u00e4lte in Z\u00fcrich: Patente, Marken, Designs, Trademarks und alle weiteren Bereiche des Immaterialg\u00fcterrechts","robots":{"index":"index","follow":"follow","max-snippet":"max-snippet:-1","max-image-preview":"max-image-preview:large","max-video-preview":"max-video-preview:-1"},"canonical":"https:\/\/eblum.ch\/de\/technologiegebiete\/hardware-security-modules-hsm-sichere-kryptoprozessoren\/","og_locale":"de_DE","og_type":"article","og_title":"Hardware Security Modules (HSM), sichere Kryptoprozessoren - E. Blum &amp; Co. AG Patent- und Markenanw\u00e4lte Z\u00fcrich","og_description":"Hardware Security Modules (HSM), sichere Kryptoprozessoren - E. Blum & Co. AG, Z\u00fcrich, Patentanw\u00e4lte und Markenanw\u00e4lte in Z\u00fcrich: Patente, Marken, Designs, Trademarks und alle weiteren Bereiche des Immaterialg\u00fcterrechts","og_url":"https:\/\/eblum.ch\/de\/technologiegebiete\/hardware-security-modules-hsm-sichere-kryptoprozessoren\/","og_site_name":"E. Blum &amp; Co. AG Patent- und Markenanw\u00e4lte Z\u00fcrich","og_image":[{"width":2000,"height":2000,"url":"https:\/\/eblum.ch\/wp-content\/uploads\/2023\/05\/e-blum-patentanwalt-hardware-security-modules.jpg","type":"image\/jpeg"}],"twitter_card":"summary_large_image","twitter_misc":{"Gesch\u00e4tzte Lesezeit":"1\u00a0Minute"},"schema":{"@context":"https:\/\/schema.org","@graph":[{"@type":"WebPage","@id":"https:\/\/eblum.ch\/de\/technologiegebiete\/hardware-security-modules-hsm-sichere-kryptoprozessoren\/","url":"https:\/\/eblum.ch\/de\/technologiegebiete\/hardware-security-modules-hsm-sichere-kryptoprozessoren\/","name":"Hardware Security Modules (HSM), sichere Kryptoprozessoren - E. Blum &amp; Co. AG Patent- und Markenanw\u00e4lte Z\u00fcrich","isPartOf":{"@id":"https:\/\/eblum.ch\/de\/#website"},"primaryImageOfPage":{"@id":"https:\/\/eblum.ch\/de\/technologiegebiete\/hardware-security-modules-hsm-sichere-kryptoprozessoren\/#primaryimage"},"image":{"@id":"https:\/\/eblum.ch\/de\/technologiegebiete\/hardware-security-modules-hsm-sichere-kryptoprozessoren\/#primaryimage"},"thumbnailUrl":"https:\/\/eblum.ch\/wp-content\/uploads\/2023\/05\/e-blum-patentanwalt-hardware-security-modules.jpg","datePublished":"2023-08-07T10:00:00+00:00","description":"Hardware Security Modules (HSM), sichere Kryptoprozessoren - E. Blum & Co. AG, Z\u00fcrich, Patentanw\u00e4lte und Markenanw\u00e4lte in Z\u00fcrich: Patente, Marken, Designs, Trademarks und alle weiteren Bereiche des Immaterialg\u00fcterrechts","breadcrumb":{"@id":"https:\/\/eblum.ch\/de\/technologiegebiete\/hardware-security-modules-hsm-sichere-kryptoprozessoren\/#breadcrumb"},"inLanguage":"de-CH","potentialAction":[{"@type":"ReadAction","target":["https:\/\/eblum.ch\/de\/technologiegebiete\/hardware-security-modules-hsm-sichere-kryptoprozessoren\/"]}]},{"@type":"ImageObject","inLanguage":"de-CH","@id":"https:\/\/eblum.ch\/de\/technologiegebiete\/hardware-security-modules-hsm-sichere-kryptoprozessoren\/#primaryimage","url":"https:\/\/eblum.ch\/wp-content\/uploads\/2023\/05\/e-blum-patentanwalt-hardware-security-modules.jpg","contentUrl":"https:\/\/eblum.ch\/wp-content\/uploads\/2023\/05\/e-blum-patentanwalt-hardware-security-modules.jpg","width":2000,"height":2000},{"@type":"BreadcrumbList","@id":"https:\/\/eblum.ch\/de\/technologiegebiete\/hardware-security-modules-hsm-sichere-kryptoprozessoren\/#breadcrumb","itemListElement":[{"@type":"ListItem","position":1,"name":"Home","item":"https:\/\/eblum.ch\/de\/"},{"@type":"ListItem","position":2,"name":"Technologiegebiete","item":"https:\/\/eblum.ch\/de\/technologiegebiete\/"},{"@type":"ListItem","position":3,"name":"Hardware Security Modules (HSM), sichere Kryptoprozessoren"}]},{"@type":"WebSite","@id":"https:\/\/eblum.ch\/de\/#website","url":"https:\/\/eblum.ch\/de\/","name":"E. Blum & Co. AG Patent- und Markenanw\u00e4lte Z\u00fcrich","description":"","potentialAction":[{"@type":"SearchAction","target":{"@type":"EntryPoint","urlTemplate":"https:\/\/eblum.ch\/de\/?s={search_term_string}"},"query-input":{"@type":"PropertyValueSpecification","valueRequired":true,"valueName":"search_term_string"}}],"inLanguage":"de-CH"}]}},"_links":{"self":[{"href":"https:\/\/eblum.ch\/de\/wp-json\/wp\/v2\/pages\/263","targetHints":{"allow":["GET"]}}],"collection":[{"href":"https:\/\/eblum.ch\/de\/wp-json\/wp\/v2\/pages"}],"about":[{"href":"https:\/\/eblum.ch\/de\/wp-json\/wp\/v2\/types\/page"}],"author":[{"embeddable":true,"href":"https:\/\/eblum.ch\/de\/wp-json\/wp\/v2\/users\/1"}],"replies":[{"embeddable":true,"href":"https:\/\/eblum.ch\/de\/wp-json\/wp\/v2\/comments?post=263"}],"version-history":[{"count":5,"href":"https:\/\/eblum.ch\/de\/wp-json\/wp\/v2\/pages\/263\/revisions"}],"predecessor-version":[{"id":1466,"href":"https:\/\/eblum.ch\/de\/wp-json\/wp\/v2\/pages\/263\/revisions\/1466"}],"up":[{"embeddable":true,"href":"https:\/\/eblum.ch\/de\/wp-json\/wp\/v2\/pages\/214"}],"wp:featuredmedia":[{"embeddable":true,"href":"https:\/\/eblum.ch\/de\/wp-json\/wp\/v2\/media\/617"}],"wp:attachment":[{"href":"https:\/\/eblum.ch\/de\/wp-json\/wp\/v2\/media?parent=263"}],"curies":[{"name":"wp","href":"https:\/\/api.w.org\/{rel}","templated":true}]}}