{"id":271,"date":"2023-08-07T12:00:00","date_gmt":"2023-08-07T10:00:00","guid":{"rendered":"https:\/\/eblum.ch\/?page_id=271"},"modified":"2023-11-03T10:27:27","modified_gmt":"2023-11-03T09:27:27","slug":"kryptographie","status":"publish","type":"page","link":"https:\/\/eblum.ch\/de\/technologiegebiete\/kryptographie\/","title":{"rendered":"Kryptographie"},"content":{"rendered":"\n<p><a href=\"https:\/\/de.wikipedia.org\/wiki\/Kryptographie\" target=\"_blank\" rel=\"noreferrer noopener\">Kryptografie<\/a>\u00a0(altgriechisch: krypto f\u00fcr &#171;verborgen, geheim&#187; und grafie f\u00fcr &#171;schreiben, Schrift&#187;) ist ein Teilgebiet der Kryptologie und befasst sich mit dem Verschl\u00fcsseln von Informationen. Ausser der Kryptografie umfasst die Kryptologie auch noch die\u00a0<a href=\"https:\/\/de.wikipedia.org\/wiki\/Kryptoanalyse\" target=\"_blank\" rel=\"noreferrer noopener\">Kryptoanalyse<\/a>, welche sich mit dem Entschl\u00fcsseln von verschl\u00fcsselten Botschaften besch\u00e4ftigt. Die Kryptoanalyse ist das anspruchsvollere Teilgebiet.<\/p>\n\n\n\n<p>Schon 3000 Jahre vor unserer Zeitrechnung wurde Kryptografie im alten \u00c4gypten eingesetzt. Diese eher einfachen&nbsp;<a href=\"https:\/\/eblum.ch\/technologiegebiete\/hardware-security-modules-hsm-sichere-kryptoprozessoren\/\">Verschl\u00fcsselungsverfahren<\/a>&nbsp;wurden \u00fcber die Zeit immer weiter verfeinert und ihre Komplexit\u00e4t wuchs mit den vorhandenen Mitteln &#8211; \u00fcber Papier und Bleistift, \u00fcber mechanische Rechenmaschinen und Chiffriermaschinen wie der&nbsp;<a href=\"https:\/\/de.wikipedia.org\/wiki\/Enigma_(Maschine)\" target=\"_blank\" rel=\"noreferrer noopener\">Enigma<\/a>&nbsp;bis hin zu heutigen Computern und Supercomputern. Wurde fr\u00fcher Kryptografie meistens durch Milit\u00e4rs und in Geheimdiensten eingesetzt, so ist sie in der heutigen Zeit, in der fast jeder \u00fcber einen Computer und ein Smartphone verf\u00fcgt, auch im privaten Bereich ein t\u00e4glicher Begleiter und wird benutzt, z. B., um eine E-Mail zu verschl\u00fcsseln oder eine sichere Daten\u00fcbertragung im Internet mittels des SSL\/TLS Verschl\u00fcsselungsprotokols durchzuf\u00fchren. Zudem spielt die Kryptografie f\u00fcr den gesamten Bereich der Daten- und Computersicherheit einschliesslich \u201eCyber-Security\u201c eine herausragende Rolle.<\/p>\n\n\n\n<p>Auch patentrechtlich stellen Entwicklungen im Bereich Kryptographie eine Herausforderung dar. Entsprechende Erfindungen sind nach den speziellen Massst\u00e4ben f\u00fcr&nbsp;<a href=\"https:\/\/eblum.ch\/technologiegebiete\/computertechnik\/\">Computer-implementierte Erfindungen<\/a>&nbsp;zu beurteilen und zu formulieren. Erfindungen auf diesem Gebiet sind bereits mit dem&nbsp;<a href=\"https:\/\/www.epo.org\/learning-events\/european-inventor\/finalists\/2010\/landrock_de.html\" target=\"_blank\" rel=\"noreferrer noopener\">Europ\u00e4ischen Erfinderpreis<\/a>&nbsp;pr\u00e4miert worden. Mehrere unserer Patentanw\u00e4lte haben umfangreiche Erfahrungen auf diesem Gebiet, insbesondere durch langj\u00e4hrige Betreuung der entsprechenden Forschungsgruppe des IBM Forschungslabors in R\u00fcschlikon, und sind daher in der Lage, diese anspruchsvolle Aufgabe mit dem n\u00f6tigen Fachwissen wahrzunehmen.<\/p>\n","protected":false},"excerpt":{"rendered":"<p>Kryptografie\u00a0(altgriechisch: krypto f\u00fcr &#171;verborgen, geheim&#187; und grafie f\u00fcr &#171;schreiben, Schrift&#187;) ist ein Teilgebiet der Kryptologie und befasst sich mit dem Verschl\u00fcsseln von Informationen. Ausser der Kryptografie umfasst die Kryptologie auch noch die\u00a0Kryptoanalyse, welche sich mit dem Entschl\u00fcsseln von verschl\u00fcsselten Botschaften besch\u00e4ftigt. Die Kryptoanalyse ist das anspruchsvollere Teilgebiet. Schon 3000 Jahre vor unserer Zeitrechnung wurde Kryptografie &hellip; <\/p>\n<p class=\"link-more\"><a href=\"https:\/\/eblum.ch\/de\/technologiegebiete\/kryptographie\/\" class=\"more-link\">Weiterlesen<span class=\"screen-reader-text\"> &#171;Kryptographie&#187;<\/span><\/a><\/p>\n","protected":false},"author":1,"featured_media":625,"parent":214,"menu_order":3,"comment_status":"closed","ping_status":"closed","template":"","meta":{"_acf_changed":false,"footnotes":""},"class_list":["post-271","page","type-page","status-publish","has-post-thumbnail","hentry"],"acf":[],"yoast_head":"<!-- This site is optimized with the Yoast SEO plugin v26.0 - https:\/\/yoast.com\/wordpress\/plugins\/seo\/ -->\n<title>Kryptographie - E. Blum &amp; Co. AG Patent- und Markenanw\u00e4lte Z\u00fcrich<\/title>\n<meta name=\"description\" content=\"Kryptographie - E. Blum &amp; Co. AG, Z\u00fcrich, Patentanw\u00e4lte und Markenanw\u00e4lte in Z\u00fcrich: Patente, Marken, Designs, Trademarks und alle weiteren Bereiche des Immaterialg\u00fcterrechts\" \/>\n<meta name=\"robots\" content=\"index, follow, max-snippet:-1, max-image-preview:large, max-video-preview:-1\" \/>\n<link rel=\"canonical\" href=\"https:\/\/eblum.ch\/de\/technologiegebiete\/kryptographie\/\" \/>\n<meta property=\"og:locale\" content=\"de_DE\" \/>\n<meta property=\"og:type\" content=\"article\" \/>\n<meta property=\"og:title\" content=\"Kryptographie - E. Blum &amp; Co. AG Patent- und Markenanw\u00e4lte Z\u00fcrich\" \/>\n<meta property=\"og:description\" content=\"Kryptographie - E. Blum &amp; Co. AG, Z\u00fcrich, Patentanw\u00e4lte und Markenanw\u00e4lte in Z\u00fcrich: Patente, Marken, Designs, Trademarks und alle weiteren Bereiche des Immaterialg\u00fcterrechts\" \/>\n<meta property=\"og:url\" content=\"https:\/\/eblum.ch\/de\/technologiegebiete\/kryptographie\/\" \/>\n<meta property=\"og:site_name\" content=\"E. Blum &amp; Co. AG Patent- und Markenanw\u00e4lte Z\u00fcrich\" \/>\n<meta property=\"article:modified_time\" content=\"2023-11-03T09:27:27+00:00\" \/>\n<meta property=\"og:image\" content=\"https:\/\/eblum.ch\/wp-content\/uploads\/2023\/05\/e-blum-patentanwalt-kryptographie-1024x1024.jpg\" \/>\n\t<meta property=\"og:image:width\" content=\"1024\" \/>\n\t<meta property=\"og:image:height\" content=\"1024\" \/>\n\t<meta property=\"og:image:type\" content=\"image\/jpeg\" \/>\n<meta name=\"twitter:card\" content=\"summary_large_image\" \/>\n<meta name=\"twitter:label1\" content=\"Gesch\u00e4tzte Lesezeit\" \/>\n\t<meta name=\"twitter:data1\" content=\"2\u00a0Minuten\" \/>\n<script type=\"application\/ld+json\" class=\"yoast-schema-graph\">{\"@context\":\"https:\/\/schema.org\",\"@graph\":[{\"@type\":\"WebPage\",\"@id\":\"https:\/\/eblum.ch\/de\/technologiegebiete\/kryptographie\/\",\"url\":\"https:\/\/eblum.ch\/de\/technologiegebiete\/kryptographie\/\",\"name\":\"Kryptographie - E. Blum &amp; Co. AG Patent- und Markenanw\u00e4lte Z\u00fcrich\",\"isPartOf\":{\"@id\":\"https:\/\/eblum.ch\/de\/#website\"},\"primaryImageOfPage\":{\"@id\":\"https:\/\/eblum.ch\/de\/technologiegebiete\/kryptographie\/#primaryimage\"},\"image\":{\"@id\":\"https:\/\/eblum.ch\/de\/technologiegebiete\/kryptographie\/#primaryimage\"},\"thumbnailUrl\":\"https:\/\/eblum.ch\/wp-content\/uploads\/2023\/05\/e-blum-patentanwalt-kryptographie.jpg\",\"datePublished\":\"2023-08-07T10:00:00+00:00\",\"dateModified\":\"2023-11-03T09:27:27+00:00\",\"description\":\"Kryptographie - E. Blum & Co. AG, Z\u00fcrich, Patentanw\u00e4lte und Markenanw\u00e4lte in Z\u00fcrich: Patente, Marken, Designs, Trademarks und alle weiteren Bereiche des Immaterialg\u00fcterrechts\",\"breadcrumb\":{\"@id\":\"https:\/\/eblum.ch\/de\/technologiegebiete\/kryptographie\/#breadcrumb\"},\"inLanguage\":\"de-CH\",\"potentialAction\":[{\"@type\":\"ReadAction\",\"target\":[\"https:\/\/eblum.ch\/de\/technologiegebiete\/kryptographie\/\"]}]},{\"@type\":\"ImageObject\",\"inLanguage\":\"de-CH\",\"@id\":\"https:\/\/eblum.ch\/de\/technologiegebiete\/kryptographie\/#primaryimage\",\"url\":\"https:\/\/eblum.ch\/wp-content\/uploads\/2023\/05\/e-blum-patentanwalt-kryptographie.jpg\",\"contentUrl\":\"https:\/\/eblum.ch\/wp-content\/uploads\/2023\/05\/e-blum-patentanwalt-kryptographie.jpg\",\"width\":2000,\"height\":2000},{\"@type\":\"BreadcrumbList\",\"@id\":\"https:\/\/eblum.ch\/de\/technologiegebiete\/kryptographie\/#breadcrumb\",\"itemListElement\":[{\"@type\":\"ListItem\",\"position\":1,\"name\":\"Home\",\"item\":\"https:\/\/eblum.ch\/de\/\"},{\"@type\":\"ListItem\",\"position\":2,\"name\":\"Technologiegebiete\",\"item\":\"https:\/\/eblum.ch\/de\/technologiegebiete\/\"},{\"@type\":\"ListItem\",\"position\":3,\"name\":\"Kryptographie\"}]},{\"@type\":\"WebSite\",\"@id\":\"https:\/\/eblum.ch\/de\/#website\",\"url\":\"https:\/\/eblum.ch\/de\/\",\"name\":\"E. Blum & Co. AG Patent- und Markenanw\u00e4lte Z\u00fcrich\",\"description\":\"\",\"potentialAction\":[{\"@type\":\"SearchAction\",\"target\":{\"@type\":\"EntryPoint\",\"urlTemplate\":\"https:\/\/eblum.ch\/de\/?s={search_term_string}\"},\"query-input\":{\"@type\":\"PropertyValueSpecification\",\"valueRequired\":true,\"valueName\":\"search_term_string\"}}],\"inLanguage\":\"de-CH\"}]}<\/script>\n<!-- \/ Yoast SEO plugin. -->","yoast_head_json":{"title":"Kryptographie - E. Blum &amp; Co. AG Patent- und Markenanw\u00e4lte Z\u00fcrich","description":"Kryptographie - E. Blum & Co. AG, Z\u00fcrich, Patentanw\u00e4lte und Markenanw\u00e4lte in Z\u00fcrich: Patente, Marken, Designs, Trademarks und alle weiteren Bereiche des Immaterialg\u00fcterrechts","robots":{"index":"index","follow":"follow","max-snippet":"max-snippet:-1","max-image-preview":"max-image-preview:large","max-video-preview":"max-video-preview:-1"},"canonical":"https:\/\/eblum.ch\/de\/technologiegebiete\/kryptographie\/","og_locale":"de_DE","og_type":"article","og_title":"Kryptographie - E. Blum &amp; Co. AG Patent- und Markenanw\u00e4lte Z\u00fcrich","og_description":"Kryptographie - E. Blum & Co. AG, Z\u00fcrich, Patentanw\u00e4lte und Markenanw\u00e4lte in Z\u00fcrich: Patente, Marken, Designs, Trademarks und alle weiteren Bereiche des Immaterialg\u00fcterrechts","og_url":"https:\/\/eblum.ch\/de\/technologiegebiete\/kryptographie\/","og_site_name":"E. Blum &amp; Co. AG Patent- und Markenanw\u00e4lte Z\u00fcrich","article_modified_time":"2023-11-03T09:27:27+00:00","og_image":[{"width":1024,"height":1024,"url":"https:\/\/eblum.ch\/wp-content\/uploads\/2023\/05\/e-blum-patentanwalt-kryptographie-1024x1024.jpg","type":"image\/jpeg"}],"twitter_card":"summary_large_image","twitter_misc":{"Gesch\u00e4tzte Lesezeit":"2\u00a0Minuten"},"schema":{"@context":"https:\/\/schema.org","@graph":[{"@type":"WebPage","@id":"https:\/\/eblum.ch\/de\/technologiegebiete\/kryptographie\/","url":"https:\/\/eblum.ch\/de\/technologiegebiete\/kryptographie\/","name":"Kryptographie - E. Blum &amp; Co. AG Patent- und Markenanw\u00e4lte Z\u00fcrich","isPartOf":{"@id":"https:\/\/eblum.ch\/de\/#website"},"primaryImageOfPage":{"@id":"https:\/\/eblum.ch\/de\/technologiegebiete\/kryptographie\/#primaryimage"},"image":{"@id":"https:\/\/eblum.ch\/de\/technologiegebiete\/kryptographie\/#primaryimage"},"thumbnailUrl":"https:\/\/eblum.ch\/wp-content\/uploads\/2023\/05\/e-blum-patentanwalt-kryptographie.jpg","datePublished":"2023-08-07T10:00:00+00:00","dateModified":"2023-11-03T09:27:27+00:00","description":"Kryptographie - E. Blum & Co. AG, Z\u00fcrich, Patentanw\u00e4lte und Markenanw\u00e4lte in Z\u00fcrich: Patente, Marken, Designs, Trademarks und alle weiteren Bereiche des Immaterialg\u00fcterrechts","breadcrumb":{"@id":"https:\/\/eblum.ch\/de\/technologiegebiete\/kryptographie\/#breadcrumb"},"inLanguage":"de-CH","potentialAction":[{"@type":"ReadAction","target":["https:\/\/eblum.ch\/de\/technologiegebiete\/kryptographie\/"]}]},{"@type":"ImageObject","inLanguage":"de-CH","@id":"https:\/\/eblum.ch\/de\/technologiegebiete\/kryptographie\/#primaryimage","url":"https:\/\/eblum.ch\/wp-content\/uploads\/2023\/05\/e-blum-patentanwalt-kryptographie.jpg","contentUrl":"https:\/\/eblum.ch\/wp-content\/uploads\/2023\/05\/e-blum-patentanwalt-kryptographie.jpg","width":2000,"height":2000},{"@type":"BreadcrumbList","@id":"https:\/\/eblum.ch\/de\/technologiegebiete\/kryptographie\/#breadcrumb","itemListElement":[{"@type":"ListItem","position":1,"name":"Home","item":"https:\/\/eblum.ch\/de\/"},{"@type":"ListItem","position":2,"name":"Technologiegebiete","item":"https:\/\/eblum.ch\/de\/technologiegebiete\/"},{"@type":"ListItem","position":3,"name":"Kryptographie"}]},{"@type":"WebSite","@id":"https:\/\/eblum.ch\/de\/#website","url":"https:\/\/eblum.ch\/de\/","name":"E. Blum & Co. AG Patent- und Markenanw\u00e4lte Z\u00fcrich","description":"","potentialAction":[{"@type":"SearchAction","target":{"@type":"EntryPoint","urlTemplate":"https:\/\/eblum.ch\/de\/?s={search_term_string}"},"query-input":{"@type":"PropertyValueSpecification","valueRequired":true,"valueName":"search_term_string"}}],"inLanguage":"de-CH"}]}},"_links":{"self":[{"href":"https:\/\/eblum.ch\/de\/wp-json\/wp\/v2\/pages\/271","targetHints":{"allow":["GET"]}}],"collection":[{"href":"https:\/\/eblum.ch\/de\/wp-json\/wp\/v2\/pages"}],"about":[{"href":"https:\/\/eblum.ch\/de\/wp-json\/wp\/v2\/types\/page"}],"author":[{"embeddable":true,"href":"https:\/\/eblum.ch\/de\/wp-json\/wp\/v2\/users\/1"}],"replies":[{"embeddable":true,"href":"https:\/\/eblum.ch\/de\/wp-json\/wp\/v2\/comments?post=271"}],"version-history":[{"count":8,"href":"https:\/\/eblum.ch\/de\/wp-json\/wp\/v2\/pages\/271\/revisions"}],"predecessor-version":[{"id":2495,"href":"https:\/\/eblum.ch\/de\/wp-json\/wp\/v2\/pages\/271\/revisions\/2495"}],"up":[{"embeddable":true,"href":"https:\/\/eblum.ch\/de\/wp-json\/wp\/v2\/pages\/214"}],"wp:featuredmedia":[{"embeddable":true,"href":"https:\/\/eblum.ch\/de\/wp-json\/wp\/v2\/media\/625"}],"wp:attachment":[{"href":"https:\/\/eblum.ch\/de\/wp-json\/wp\/v2\/media?parent=271"}],"curies":[{"name":"wp","href":"https:\/\/api.w.org\/{rel}","templated":true}]}}