{"id":277,"date":"2023-08-07T12:00:00","date_gmt":"2023-08-07T10:00:00","guid":{"rendered":"https:\/\/eblum.ch\/?page_id=277"},"modified":"2024-12-12T18:38:12","modified_gmt":"2024-12-12T17:38:12","slug":"life-sciences","status":"publish","type":"page","link":"https:\/\/eblum.ch\/de\/technologiegebiete\/life-sciences\/","title":{"rendered":"Life Sciences"},"content":{"rendered":"\n<p>Life Sciences befassen sich mit lebender Materie und lebenden Systemen. Life Sciences behandeln etwa Gesundheit und Ern\u00e4hrung und &#8211; im weiteren Sinne &#8211; auch unser Wohlergehen und unsere Umwelt. Damit sind Nahrungsmittel, Nahrungserg\u00e4nzungsmittel und Kosmetika diesem Bereich zuzuordnen. Um sich vor Nachahmern zu sch\u00fctzen ist Patentschutz f\u00fcr diese Produkte und deren Herstellung das Mittel der Wahl. Vielfach ist es empfehlenswert, zus\u00e4tzlich \u00fcber Marken- und Design-Schutz die eigene Position abzusichern.<\/p>\n\n\n\n<p>Pflanzenz\u00fcchtungen, Pflanzenschutzmittel und Verfahren der Wasseraufbereitung und -bereitstellung stellen die Grundlage f\u00fcr unsere Ern\u00e4hrung dar, und sind somit zentrale Themen der Life Sciences. Neben dem Patentschutz ist hier der&nbsp;<a href=\"https:\/\/www.blw.admin.ch\/blw\/de\/home\/nachhaltige-produktion\/pflanzliche-produktion\/sortenschutz.html\" target=\"_blank\" rel=\"noreferrer noopener\">Sortenschutz<\/a>&nbsp;f\u00fcr die klassische Z\u00fcchtung zu erw\u00e4hnen. Sofern gentechnologische Aspekte relevant sind &#8211; bei Z\u00fcchtungen oder im Pflanzenschutz ist das fast die Regel &#8211; m\u00fcssen patentrechtliche Besonderheiten ber\u00fccksichtigt werden. Selbstverst\u00e4ndlich wird auch das weite Gebiet der pharmazeutischen Forschung, vom Pflanzenextrakt f\u00fcr alternative Medizin bis zum HIV-Pr\u00e4parat, den Life Sciences zugeordnet.<\/p>\n\n\n\n<p>Es gilt: Forschungsergebnisse der Life Sciences sind patentierbar, egal ob es sich um eine Hautcreme, einen Wasserfilter, ein neues Rezept f\u00fcr einen Keksriegel oder ein Bioassay handelt. Wichtige Einschr\u00e4nkungen im Zusammenhang mit der Gentechnologie m\u00fcssen beachtet werden; ebenso die M\u00f6glichkeiten, welche der Sortenschutz, das Design- und Markenrecht bietet.<\/p>\n\n\n\n<p>Bitte werfen Sie auch einen Blick auf unsere Beitr\u00e4ge zu benachbarten Gebieten:<\/p>\n\n\n\n<ul class=\"wp-block-list\">\n<li><a href=\"https:\/\/eblum.ch\/technologiegebiete\/biotechnologie\/\">Biotechnologie<\/a><\/li>\n\n\n\n<li><a href=\"https:\/\/eblum.ch\/technologiegebiete\/chemie\/\">Chemie<\/a><\/li>\n\n\n\n<li><a href=\"https:\/\/eblum.ch\/technologiegebiete\/lebensmitteltechnologie\/\">Lebensmitteltechnologie<\/a><\/li>\n\n\n\n<li><a href=\"https:\/\/eblum.ch\/technologiegebiete\/pharmazie\/\">Pharmazie<\/a><\/li>\n\n\n\n<li><a href=\"https:\/\/eblum.ch\/technologiegebiete\/umwelttechnologie\/\">Umwelttechnologie<\/a><\/li>\n\n\n\n<li><a href=\"https:\/\/eblum.ch\/technologiegebiete\/verfahrenstechnik\/\">Verfahrenstechnik<\/a><\/li>\n<\/ul>\n","protected":false},"excerpt":{"rendered":"<p>Life Sciences befassen sich mit lebender Materie und lebenden Systemen. Life Sciences behandeln etwa Gesundheit und Ern\u00e4hrung und &#8211; im weiteren Sinne &#8211; auch unser Wohlergehen und unsere Umwelt. Damit sind Nahrungsmittel, Nahrungserg\u00e4nzungsmittel und Kosmetika diesem Bereich zuzuordnen. Um sich vor Nachahmern zu sch\u00fctzen ist Patentschutz f\u00fcr diese Produkte und deren Herstellung das Mittel der &hellip; <\/p>\n<p class=\"link-more\"><a href=\"https:\/\/eblum.ch\/de\/technologiegebiete\/life-sciences\/\" class=\"more-link\">Weiterlesen<span class=\"screen-reader-text\"> &#171;Life Sciences&#187;<\/span><\/a><\/p>\n","protected":false},"author":1,"featured_media":629,"parent":214,"menu_order":3,"comment_status":"closed","ping_status":"closed","template":"","meta":{"_acf_changed":false,"footnotes":""},"class_list":["post-277","page","type-page","status-publish","has-post-thumbnail","hentry"],"acf":[],"yoast_head":"<!-- This site is optimized with the Yoast SEO plugin v26.0 - https:\/\/yoast.com\/wordpress\/plugins\/seo\/ -->\n<title>Life Sciences - E. Blum &amp; Co. AG Patent- und Markenanw\u00e4lte Z\u00fcrich<\/title>\n<meta name=\"description\" content=\"Life Sciences - E. Blum &amp; Co. AG, Z\u00fcrich, Patentanw\u00e4lte und Markenanw\u00e4lte in Z\u00fcrich: Patente, Marken, Designs, Trademarks und alle weiteren Bereiche des Immaterialg\u00fcterrechts\" \/>\n<meta name=\"robots\" content=\"index, follow, max-snippet:-1, max-image-preview:large, max-video-preview:-1\" \/>\n<link rel=\"canonical\" href=\"https:\/\/eblum.ch\/de\/technologiegebiete\/life-sciences\/\" \/>\n<meta property=\"og:locale\" content=\"de_DE\" \/>\n<meta property=\"og:type\" content=\"article\" \/>\n<meta property=\"og:title\" content=\"Life Sciences - E. Blum &amp; Co. AG Patent- und Markenanw\u00e4lte Z\u00fcrich\" \/>\n<meta property=\"og:description\" content=\"Life Sciences - E. Blum &amp; Co. AG, Z\u00fcrich, Patentanw\u00e4lte und Markenanw\u00e4lte in Z\u00fcrich: Patente, Marken, Designs, Trademarks und alle weiteren Bereiche des Immaterialg\u00fcterrechts\" \/>\n<meta property=\"og:url\" content=\"https:\/\/eblum.ch\/de\/technologiegebiete\/life-sciences\/\" \/>\n<meta property=\"og:site_name\" content=\"E. Blum &amp; Co. AG Patent- und Markenanw\u00e4lte Z\u00fcrich\" \/>\n<meta property=\"article:modified_time\" content=\"2024-12-12T17:38:12+00:00\" \/>\n<meta property=\"og:image\" content=\"https:\/\/eblum.ch\/wp-content\/uploads\/2023\/05\/e-blum-patentanwalt-life-sciences.jpg\" \/>\n\t<meta property=\"og:image:width\" content=\"2000\" \/>\n\t<meta property=\"og:image:height\" content=\"2000\" \/>\n\t<meta property=\"og:image:type\" content=\"image\/jpeg\" \/>\n<meta name=\"twitter:card\" content=\"summary_large_image\" \/>\n<meta name=\"twitter:label1\" content=\"Gesch\u00e4tzte Lesezeit\" \/>\n\t<meta name=\"twitter:data1\" content=\"2\u00a0Minuten\" \/>\n<script type=\"application\/ld+json\" class=\"yoast-schema-graph\">{\"@context\":\"https:\/\/schema.org\",\"@graph\":[{\"@type\":\"WebPage\",\"@id\":\"https:\/\/eblum.ch\/de\/technologiegebiete\/life-sciences\/\",\"url\":\"https:\/\/eblum.ch\/de\/technologiegebiete\/life-sciences\/\",\"name\":\"Life Sciences - E. Blum &amp; Co. AG Patent- und Markenanw\u00e4lte Z\u00fcrich\",\"isPartOf\":{\"@id\":\"https:\/\/eblum.ch\/de\/#website\"},\"primaryImageOfPage\":{\"@id\":\"https:\/\/eblum.ch\/de\/technologiegebiete\/life-sciences\/#primaryimage\"},\"image\":{\"@id\":\"https:\/\/eblum.ch\/de\/technologiegebiete\/life-sciences\/#primaryimage\"},\"thumbnailUrl\":\"https:\/\/eblum.ch\/wp-content\/uploads\/2023\/05\/e-blum-patentanwalt-life-sciences.jpg\",\"datePublished\":\"2023-08-07T10:00:00+00:00\",\"dateModified\":\"2024-12-12T17:38:12+00:00\",\"description\":\"Life Sciences - E. Blum & Co. AG, Z\u00fcrich, Patentanw\u00e4lte und Markenanw\u00e4lte in Z\u00fcrich: Patente, Marken, Designs, Trademarks und alle weiteren Bereiche des Immaterialg\u00fcterrechts\",\"breadcrumb\":{\"@id\":\"https:\/\/eblum.ch\/de\/technologiegebiete\/life-sciences\/#breadcrumb\"},\"inLanguage\":\"de-CH\",\"potentialAction\":[{\"@type\":\"ReadAction\",\"target\":[\"https:\/\/eblum.ch\/de\/technologiegebiete\/life-sciences\/\"]}]},{\"@type\":\"ImageObject\",\"inLanguage\":\"de-CH\",\"@id\":\"https:\/\/eblum.ch\/de\/technologiegebiete\/life-sciences\/#primaryimage\",\"url\":\"https:\/\/eblum.ch\/wp-content\/uploads\/2023\/05\/e-blum-patentanwalt-life-sciences.jpg\",\"contentUrl\":\"https:\/\/eblum.ch\/wp-content\/uploads\/2023\/05\/e-blum-patentanwalt-life-sciences.jpg\",\"width\":2000,\"height\":2000},{\"@type\":\"BreadcrumbList\",\"@id\":\"https:\/\/eblum.ch\/de\/technologiegebiete\/life-sciences\/#breadcrumb\",\"itemListElement\":[{\"@type\":\"ListItem\",\"position\":1,\"name\":\"Home\",\"item\":\"https:\/\/eblum.ch\/de\/\"},{\"@type\":\"ListItem\",\"position\":2,\"name\":\"Technologiegebiete\",\"item\":\"https:\/\/eblum.ch\/de\/technologiegebiete\/\"},{\"@type\":\"ListItem\",\"position\":3,\"name\":\"Life Sciences\"}]},{\"@type\":\"WebSite\",\"@id\":\"https:\/\/eblum.ch\/de\/#website\",\"url\":\"https:\/\/eblum.ch\/de\/\",\"name\":\"E. Blum & Co. AG Patent- und Markenanw\u00e4lte Z\u00fcrich\",\"description\":\"\",\"potentialAction\":[{\"@type\":\"SearchAction\",\"target\":{\"@type\":\"EntryPoint\",\"urlTemplate\":\"https:\/\/eblum.ch\/de\/?s={search_term_string}\"},\"query-input\":{\"@type\":\"PropertyValueSpecification\",\"valueRequired\":true,\"valueName\":\"search_term_string\"}}],\"inLanguage\":\"de-CH\"}]}<\/script>\n<!-- \/ Yoast SEO plugin. -->","yoast_head_json":{"title":"Life Sciences - E. Blum &amp; Co. AG Patent- und Markenanw\u00e4lte Z\u00fcrich","description":"Life Sciences - E. Blum & Co. AG, Z\u00fcrich, Patentanw\u00e4lte und Markenanw\u00e4lte in Z\u00fcrich: Patente, Marken, Designs, Trademarks und alle weiteren Bereiche des Immaterialg\u00fcterrechts","robots":{"index":"index","follow":"follow","max-snippet":"max-snippet:-1","max-image-preview":"max-image-preview:large","max-video-preview":"max-video-preview:-1"},"canonical":"https:\/\/eblum.ch\/de\/technologiegebiete\/life-sciences\/","og_locale":"de_DE","og_type":"article","og_title":"Life Sciences - E. Blum &amp; Co. AG Patent- und Markenanw\u00e4lte Z\u00fcrich","og_description":"Life Sciences - E. Blum & Co. AG, Z\u00fcrich, Patentanw\u00e4lte und Markenanw\u00e4lte in Z\u00fcrich: Patente, Marken, Designs, Trademarks und alle weiteren Bereiche des Immaterialg\u00fcterrechts","og_url":"https:\/\/eblum.ch\/de\/technologiegebiete\/life-sciences\/","og_site_name":"E. Blum &amp; Co. AG Patent- und Markenanw\u00e4lte Z\u00fcrich","article_modified_time":"2024-12-12T17:38:12+00:00","og_image":[{"width":2000,"height":2000,"url":"https:\/\/eblum.ch\/wp-content\/uploads\/2023\/05\/e-blum-patentanwalt-life-sciences.jpg","type":"image\/jpeg"}],"twitter_card":"summary_large_image","twitter_misc":{"Gesch\u00e4tzte Lesezeit":"2\u00a0Minuten"},"schema":{"@context":"https:\/\/schema.org","@graph":[{"@type":"WebPage","@id":"https:\/\/eblum.ch\/de\/technologiegebiete\/life-sciences\/","url":"https:\/\/eblum.ch\/de\/technologiegebiete\/life-sciences\/","name":"Life Sciences - E. Blum &amp; Co. AG Patent- und Markenanw\u00e4lte Z\u00fcrich","isPartOf":{"@id":"https:\/\/eblum.ch\/de\/#website"},"primaryImageOfPage":{"@id":"https:\/\/eblum.ch\/de\/technologiegebiete\/life-sciences\/#primaryimage"},"image":{"@id":"https:\/\/eblum.ch\/de\/technologiegebiete\/life-sciences\/#primaryimage"},"thumbnailUrl":"https:\/\/eblum.ch\/wp-content\/uploads\/2023\/05\/e-blum-patentanwalt-life-sciences.jpg","datePublished":"2023-08-07T10:00:00+00:00","dateModified":"2024-12-12T17:38:12+00:00","description":"Life Sciences - E. Blum & Co. AG, Z\u00fcrich, Patentanw\u00e4lte und Markenanw\u00e4lte in Z\u00fcrich: Patente, Marken, Designs, Trademarks und alle weiteren Bereiche des Immaterialg\u00fcterrechts","breadcrumb":{"@id":"https:\/\/eblum.ch\/de\/technologiegebiete\/life-sciences\/#breadcrumb"},"inLanguage":"de-CH","potentialAction":[{"@type":"ReadAction","target":["https:\/\/eblum.ch\/de\/technologiegebiete\/life-sciences\/"]}]},{"@type":"ImageObject","inLanguage":"de-CH","@id":"https:\/\/eblum.ch\/de\/technologiegebiete\/life-sciences\/#primaryimage","url":"https:\/\/eblum.ch\/wp-content\/uploads\/2023\/05\/e-blum-patentanwalt-life-sciences.jpg","contentUrl":"https:\/\/eblum.ch\/wp-content\/uploads\/2023\/05\/e-blum-patentanwalt-life-sciences.jpg","width":2000,"height":2000},{"@type":"BreadcrumbList","@id":"https:\/\/eblum.ch\/de\/technologiegebiete\/life-sciences\/#breadcrumb","itemListElement":[{"@type":"ListItem","position":1,"name":"Home","item":"https:\/\/eblum.ch\/de\/"},{"@type":"ListItem","position":2,"name":"Technologiegebiete","item":"https:\/\/eblum.ch\/de\/technologiegebiete\/"},{"@type":"ListItem","position":3,"name":"Life Sciences"}]},{"@type":"WebSite","@id":"https:\/\/eblum.ch\/de\/#website","url":"https:\/\/eblum.ch\/de\/","name":"E. Blum & Co. AG Patent- und Markenanw\u00e4lte Z\u00fcrich","description":"","potentialAction":[{"@type":"SearchAction","target":{"@type":"EntryPoint","urlTemplate":"https:\/\/eblum.ch\/de\/?s={search_term_string}"},"query-input":{"@type":"PropertyValueSpecification","valueRequired":true,"valueName":"search_term_string"}}],"inLanguage":"de-CH"}]}},"_links":{"self":[{"href":"https:\/\/eblum.ch\/de\/wp-json\/wp\/v2\/pages\/277","targetHints":{"allow":["GET"]}}],"collection":[{"href":"https:\/\/eblum.ch\/de\/wp-json\/wp\/v2\/pages"}],"about":[{"href":"https:\/\/eblum.ch\/de\/wp-json\/wp\/v2\/types\/page"}],"author":[{"embeddable":true,"href":"https:\/\/eblum.ch\/de\/wp-json\/wp\/v2\/users\/1"}],"replies":[{"embeddable":true,"href":"https:\/\/eblum.ch\/de\/wp-json\/wp\/v2\/comments?post=277"}],"version-history":[{"count":4,"href":"https:\/\/eblum.ch\/de\/wp-json\/wp\/v2\/pages\/277\/revisions"}],"predecessor-version":[{"id":3282,"href":"https:\/\/eblum.ch\/de\/wp-json\/wp\/v2\/pages\/277\/revisions\/3282"}],"up":[{"embeddable":true,"href":"https:\/\/eblum.ch\/de\/wp-json\/wp\/v2\/pages\/214"}],"wp:featuredmedia":[{"embeddable":true,"href":"https:\/\/eblum.ch\/de\/wp-json\/wp\/v2\/media\/629"}],"wp:attachment":[{"href":"https:\/\/eblum.ch\/de\/wp-json\/wp\/v2\/media?parent=277"}],"curies":[{"name":"wp","href":"https:\/\/api.w.org\/{rel}","templated":true}]}}