{"id":2796,"date":"2024-03-01T12:00:24","date_gmt":"2024-03-01T11:00:24","guid":{"rendered":"https:\/\/eblum.ch\/?page_id=2796"},"modified":"2024-03-01T13:06:59","modified_gmt":"2024-03-01T12:06:59","slug":"simulationen","status":"publish","type":"page","link":"https:\/\/eblum.ch\/de\/technologiegebiete\/simulationen\/","title":{"rendered":"Simulationen"},"content":{"rendered":"\n<p>Eine computerimplementierte Simulation ist eine auf einem Computer durchgef\u00fchrte Berechnung, die auf einer Software basiert, die ein (mathematisches) Modell f\u00fcr das simulierte System implementiert, bei dem es sich in der Regel um ein physikalisches System handelt. Simulationen sind erforderlich, um das Verhalten von Systemen zu untersuchen, die in der Regel zu komplex sind, um einfache (z. B. analytische) L\u00f6sungen zu haben.<\/p>\n\n\n\n<p>Eine computerimplementierte Simulation wird \u00e4hnlich behandelt wie andere computerimplementierte Methoden. Das heisst, die Erfindung muss technischen Charakter haben, um patentierbar zu sein, d. h. sie muss eine technische L\u00f6sung mit einer technischen Wirkung bieten. In der Praxis muss die Simulation einen (zumindest indirekten) Bezug zur physischen Realit\u00e4t aufweisen, um das Vorliegen einer technischen Wirkung zu belegen.<\/p>\n\n\n\n<p>Selbst rein numerische Simulationen (d. h. ohne direkten Bezug zur physischen Realit\u00e4t) k\u00f6nnen ein technisches Problem l\u00f6sen, wenn das zugrunde liegende Modell und\/oder der Algorithmus an eine bestimmte technische Umsetzung angepasst sind oder wenn eine bestimmte technische Verwendung der aus der Simulation resultierenden Daten vorgesehen ist.<\/p>\n\n\n\n<p>Eine glaubw\u00fcrdige technische Wirkung muss sich jedoch (zumindest implizit) aus dem Wortlaut des Patentanspruchs selbst ableiten lassen und \u00fcber den gesamten beanspruchten Bereich erzielt werden. Es versteht sich von selbst, dass solche Erfindungen mit Sorgfalt behandelt werden m\u00fcssen.<\/p>\n\n\n\n<p>Unsere Berater in diesem Bereich sind:<\/p>\n","protected":false},"excerpt":{"rendered":"<p>Eine computerimplementierte Simulation ist eine auf einem Computer durchgef\u00fchrte Berechnung, die auf einer Software basiert, die ein (mathematisches) Modell f\u00fcr das simulierte System implementiert, bei dem es sich in der Regel um ein physikalisches System handelt. Simulationen sind erforderlich, um das Verhalten von Systemen zu untersuchen, die in der Regel zu komplex sind, um einfache &hellip; <\/p>\n<p class=\"link-more\"><a href=\"https:\/\/eblum.ch\/de\/technologiegebiete\/simulationen\/\" class=\"more-link\">Weiterlesen<span class=\"screen-reader-text\"> &#171;Simulationen&#187;<\/span><\/a><\/p>\n","protected":false},"author":2,"featured_media":0,"parent":214,"menu_order":3,"comment_status":"closed","ping_status":"closed","template":"","meta":{"_acf_changed":false,"footnotes":""},"class_list":["post-2796","page","type-page","status-publish","hentry"],"acf":[],"yoast_head":"<!-- This site is optimized with the Yoast SEO plugin v26.0 - https:\/\/yoast.com\/wordpress\/plugins\/seo\/ -->\n<title>Simulationen - E. Blum &amp; Co. AG Patent- und Markenanw\u00e4lte Z\u00fcrich<\/title>\n<meta name=\"description\" content=\"Simulationen - E. Blum &amp; Co. AG, Z\u00fcrich, Patentanw\u00e4lte und Markenanw\u00e4lte in Z\u00fcrich: Patente, Marken, Designs, Trademarks und alle weiteren Bereiche des Immaterialg\u00fcterrechts\" \/>\n<meta name=\"robots\" content=\"index, follow, max-snippet:-1, max-image-preview:large, max-video-preview:-1\" \/>\n<link rel=\"canonical\" href=\"https:\/\/eblum.ch\/de\/technologiegebiete\/simulationen\/\" \/>\n<meta property=\"og:locale\" content=\"de_DE\" \/>\n<meta property=\"og:type\" content=\"article\" \/>\n<meta property=\"og:title\" content=\"Simulationen - E. Blum &amp; Co. AG Patent- und Markenanw\u00e4lte Z\u00fcrich\" \/>\n<meta property=\"og:description\" content=\"Simulationen - E. Blum &amp; Co. AG, Z\u00fcrich, Patentanw\u00e4lte und Markenanw\u00e4lte in Z\u00fcrich: Patente, Marken, Designs, Trademarks und alle weiteren Bereiche des Immaterialg\u00fcterrechts\" \/>\n<meta property=\"og:url\" content=\"https:\/\/eblum.ch\/de\/technologiegebiete\/simulationen\/\" \/>\n<meta property=\"og:site_name\" content=\"E. Blum &amp; Co. AG Patent- und Markenanw\u00e4lte Z\u00fcrich\" \/>\n<meta property=\"article:modified_time\" content=\"2024-03-01T12:06:59+00:00\" \/>\n<meta name=\"twitter:card\" content=\"summary_large_image\" \/>\n<meta name=\"twitter:label1\" content=\"Gesch\u00e4tzte Lesezeit\" \/>\n\t<meta name=\"twitter:data1\" content=\"2\u00a0Minuten\" \/>\n<script type=\"application\/ld+json\" class=\"yoast-schema-graph\">{\"@context\":\"https:\/\/schema.org\",\"@graph\":[{\"@type\":\"WebPage\",\"@id\":\"https:\/\/eblum.ch\/de\/technologiegebiete\/simulationen\/\",\"url\":\"https:\/\/eblum.ch\/de\/technologiegebiete\/simulationen\/\",\"name\":\"Simulationen - E. Blum &amp; Co. AG Patent- und Markenanw\u00e4lte Z\u00fcrich\",\"isPartOf\":{\"@id\":\"https:\/\/eblum.ch\/de\/#website\"},\"datePublished\":\"2024-03-01T11:00:24+00:00\",\"dateModified\":\"2024-03-01T12:06:59+00:00\",\"description\":\"Simulationen - E. Blum & Co. AG, Z\u00fcrich, Patentanw\u00e4lte und Markenanw\u00e4lte in Z\u00fcrich: Patente, Marken, Designs, Trademarks und alle weiteren Bereiche des Immaterialg\u00fcterrechts\",\"breadcrumb\":{\"@id\":\"https:\/\/eblum.ch\/de\/technologiegebiete\/simulationen\/#breadcrumb\"},\"inLanguage\":\"de-CH\",\"potentialAction\":[{\"@type\":\"ReadAction\",\"target\":[\"https:\/\/eblum.ch\/de\/technologiegebiete\/simulationen\/\"]}]},{\"@type\":\"BreadcrumbList\",\"@id\":\"https:\/\/eblum.ch\/de\/technologiegebiete\/simulationen\/#breadcrumb\",\"itemListElement\":[{\"@type\":\"ListItem\",\"position\":1,\"name\":\"Home\",\"item\":\"https:\/\/eblum.ch\/de\/\"},{\"@type\":\"ListItem\",\"position\":2,\"name\":\"Technologiegebiete\",\"item\":\"https:\/\/eblum.ch\/de\/technologiegebiete\/\"},{\"@type\":\"ListItem\",\"position\":3,\"name\":\"Simulationen\"}]},{\"@type\":\"WebSite\",\"@id\":\"https:\/\/eblum.ch\/de\/#website\",\"url\":\"https:\/\/eblum.ch\/de\/\",\"name\":\"E. Blum & Co. AG Patent- und Markenanw\u00e4lte Z\u00fcrich\",\"description\":\"\",\"potentialAction\":[{\"@type\":\"SearchAction\",\"target\":{\"@type\":\"EntryPoint\",\"urlTemplate\":\"https:\/\/eblum.ch\/de\/?s={search_term_string}\"},\"query-input\":{\"@type\":\"PropertyValueSpecification\",\"valueRequired\":true,\"valueName\":\"search_term_string\"}}],\"inLanguage\":\"de-CH\"}]}<\/script>\n<!-- \/ Yoast SEO plugin. -->","yoast_head_json":{"title":"Simulationen - E. Blum &amp; Co. AG Patent- und Markenanw\u00e4lte Z\u00fcrich","description":"Simulationen - E. Blum & Co. AG, Z\u00fcrich, Patentanw\u00e4lte und Markenanw\u00e4lte in Z\u00fcrich: Patente, Marken, Designs, Trademarks und alle weiteren Bereiche des Immaterialg\u00fcterrechts","robots":{"index":"index","follow":"follow","max-snippet":"max-snippet:-1","max-image-preview":"max-image-preview:large","max-video-preview":"max-video-preview:-1"},"canonical":"https:\/\/eblum.ch\/de\/technologiegebiete\/simulationen\/","og_locale":"de_DE","og_type":"article","og_title":"Simulationen - E. Blum &amp; Co. AG Patent- und Markenanw\u00e4lte Z\u00fcrich","og_description":"Simulationen - E. Blum & Co. AG, Z\u00fcrich, Patentanw\u00e4lte und Markenanw\u00e4lte in Z\u00fcrich: Patente, Marken, Designs, Trademarks und alle weiteren Bereiche des Immaterialg\u00fcterrechts","og_url":"https:\/\/eblum.ch\/de\/technologiegebiete\/simulationen\/","og_site_name":"E. Blum &amp; Co. AG Patent- und Markenanw\u00e4lte Z\u00fcrich","article_modified_time":"2024-03-01T12:06:59+00:00","twitter_card":"summary_large_image","twitter_misc":{"Gesch\u00e4tzte Lesezeit":"2\u00a0Minuten"},"schema":{"@context":"https:\/\/schema.org","@graph":[{"@type":"WebPage","@id":"https:\/\/eblum.ch\/de\/technologiegebiete\/simulationen\/","url":"https:\/\/eblum.ch\/de\/technologiegebiete\/simulationen\/","name":"Simulationen - E. Blum &amp; Co. AG Patent- und Markenanw\u00e4lte Z\u00fcrich","isPartOf":{"@id":"https:\/\/eblum.ch\/de\/#website"},"datePublished":"2024-03-01T11:00:24+00:00","dateModified":"2024-03-01T12:06:59+00:00","description":"Simulationen - E. Blum & Co. AG, Z\u00fcrich, Patentanw\u00e4lte und Markenanw\u00e4lte in Z\u00fcrich: Patente, Marken, Designs, Trademarks und alle weiteren Bereiche des Immaterialg\u00fcterrechts","breadcrumb":{"@id":"https:\/\/eblum.ch\/de\/technologiegebiete\/simulationen\/#breadcrumb"},"inLanguage":"de-CH","potentialAction":[{"@type":"ReadAction","target":["https:\/\/eblum.ch\/de\/technologiegebiete\/simulationen\/"]}]},{"@type":"BreadcrumbList","@id":"https:\/\/eblum.ch\/de\/technologiegebiete\/simulationen\/#breadcrumb","itemListElement":[{"@type":"ListItem","position":1,"name":"Home","item":"https:\/\/eblum.ch\/de\/"},{"@type":"ListItem","position":2,"name":"Technologiegebiete","item":"https:\/\/eblum.ch\/de\/technologiegebiete\/"},{"@type":"ListItem","position":3,"name":"Simulationen"}]},{"@type":"WebSite","@id":"https:\/\/eblum.ch\/de\/#website","url":"https:\/\/eblum.ch\/de\/","name":"E. Blum & Co. AG Patent- und Markenanw\u00e4lte Z\u00fcrich","description":"","potentialAction":[{"@type":"SearchAction","target":{"@type":"EntryPoint","urlTemplate":"https:\/\/eblum.ch\/de\/?s={search_term_string}"},"query-input":{"@type":"PropertyValueSpecification","valueRequired":true,"valueName":"search_term_string"}}],"inLanguage":"de-CH"}]}},"_links":{"self":[{"href":"https:\/\/eblum.ch\/de\/wp-json\/wp\/v2\/pages\/2796","targetHints":{"allow":["GET"]}}],"collection":[{"href":"https:\/\/eblum.ch\/de\/wp-json\/wp\/v2\/pages"}],"about":[{"href":"https:\/\/eblum.ch\/de\/wp-json\/wp\/v2\/types\/page"}],"author":[{"embeddable":true,"href":"https:\/\/eblum.ch\/de\/wp-json\/wp\/v2\/users\/2"}],"replies":[{"embeddable":true,"href":"https:\/\/eblum.ch\/de\/wp-json\/wp\/v2\/comments?post=2796"}],"version-history":[{"count":2,"href":"https:\/\/eblum.ch\/de\/wp-json\/wp\/v2\/pages\/2796\/revisions"}],"predecessor-version":[{"id":2804,"href":"https:\/\/eblum.ch\/de\/wp-json\/wp\/v2\/pages\/2796\/revisions\/2804"}],"up":[{"embeddable":true,"href":"https:\/\/eblum.ch\/de\/wp-json\/wp\/v2\/pages\/214"}],"wp:attachment":[{"href":"https:\/\/eblum.ch\/de\/wp-json\/wp\/v2\/media?parent=2796"}],"curies":[{"name":"wp","href":"https:\/\/api.w.org\/{rel}","templated":true}]}}