{"id":281,"date":"2023-08-07T12:00:00","date_gmt":"2023-08-07T10:00:00","guid":{"rendered":"https:\/\/eblum.ch\/?page_id=281"},"modified":"2025-02-13T13:37:31","modified_gmt":"2025-02-13T12:37:31","slug":"materialwissenschaften","status":"publish","type":"page","link":"https:\/\/eblum.ch\/de\/technologiegebiete\/materialwissenschaften\/","title":{"rendered":"Materialwissenschaften"},"content":{"rendered":"\n<p>Als Querschnittsdisziplin vereinigt die&nbsp;<a href=\"https:\/\/de.wikipedia.org\/wiki\/Materialwissenschaft_und_Werkstofftechnik\" target=\"_blank\" rel=\"noreferrer noopener\">Materialwissenschaft<\/a>&nbsp;die verschiedensten Wissensbereiche aus Chemie, Metallurgie, D\u00fcnnschichttechnologie, Biochemie und Medizin. Egal ob moderne Batterien, Mobile Devices, Implantate oder Leichtbaumaterialien \u2013 ohne die Forschungs- und Entwicklungsergebnisse der Materialwissenschaften w\u00e4re nichts davon m\u00f6glich.<\/p>\n\n\n\n<p>Neue Materialien als Forschungsergebnisse der Materialwissenschaften sind patentierbar. Dies gilt zun\u00e4chst einmal f\u00fcr das abstrakte Material wie z.B. ein Composite mit eingebettetem Wirkstoff oder eine stabilisierte Emulsion. Aber auch daraus abgeleitete Produkte,&nbsp;wie&nbsp; z.B. eine Solarzelle oder eine Sonnencreme, k\u00f6nnen patentiert werden. Ebenso sind Herstellungsverfahren f\u00fcr neue Materialien, wie z.B. das Herstellen eines Betontr\u00e4gers, oder neue Verwendungen dieser Materialien, wie z.B. als Isolationsmaterial, patentierbar. Die entsprechenden Patente sind f\u00fcr Start-ups eine wichtige Gesch\u00e4ftsgrundlage f\u00fcr die Wachstumsstrategie und die Suche nach Kooperationspartnern. Etablierte Unternehmen k\u00f6nnen \u00fcber eine Patentstrategie einen USP definieren und sich so mit ihren Produkten vom Wettbewerb abgrenzen. Bei vielen Projekten im Zusammenhang mit neuen Materialien stellt sich die Frage, welche Entwicklungsergebnisse patentierbar sind und ob dies auch sinnvoll ist.<\/p>\n\n\n\n<p>&nbsp;Bitte besuchen Sie auch unsere Seiten mit verwandten Themen:<\/p>\n\n\n\n<ul class=\"wp-block-list\">\n<li><a href=\"https:\/\/eblum.ch\/technologiegebiete\/bauwesen\/\">Bau- und Werkstoffe<\/a><\/li>\n\n\n\n<li><a href=\"https:\/\/eblum.ch\/technologiegebiete\/chemie\/\">Chemie<\/a><\/li>\n\n\n\n<li><a href=\"https:\/\/eblum.ch\/technologiegebiete\/lebensmitteltechnologie\/\">Lebensmitteltechnologie<\/a><\/li>\n\n\n\n<li><a href=\"https:\/\/eblum.ch\/technologiegebiete\/life-sciences\/\">Life Sciences<\/a><\/li>\n\n\n\n<li><a href=\"https:\/\/eblum.ch\/technologiegebiete\/pharmazie\/\">Pharmazie<\/a><\/li>\n\n\n\n<li><a href=\"https:\/\/eblum.ch\/technologiegebiete\/umwelttechnologie\/\">Umwelttechnologie<\/a><\/li>\n\n\n\n<li><a href=\"https:\/\/eblum.ch\/technologiegebiete\/verfahrenstechnik\/\">Verfahrenstechnik<\/a><\/li>\n<\/ul>\n","protected":false},"excerpt":{"rendered":"<p>Als Querschnittsdisziplin vereinigt die&nbsp;Materialwissenschaft&nbsp;die verschiedensten Wissensbereiche aus Chemie, Metallurgie, D\u00fcnnschichttechnologie, Biochemie und Medizin. Egal ob moderne Batterien, Mobile Devices, Implantate oder Leichtbaumaterialien \u2013 ohne die Forschungs- und Entwicklungsergebnisse der Materialwissenschaften w\u00e4re nichts davon m\u00f6glich. Neue Materialien als Forschungsergebnisse der Materialwissenschaften sind patentierbar. Dies gilt zun\u00e4chst einmal f\u00fcr das abstrakte Material wie z.B. ein Composite mit &hellip; <\/p>\n<p class=\"link-more\"><a href=\"https:\/\/eblum.ch\/de\/technologiegebiete\/materialwissenschaften\/\" class=\"more-link\">Weiterlesen<span class=\"screen-reader-text\"> &#171;Materialwissenschaften&#187;<\/span><\/a><\/p>\n","protected":false},"author":1,"featured_media":635,"parent":214,"menu_order":3,"comment_status":"closed","ping_status":"closed","template":"","meta":{"_acf_changed":false,"footnotes":""},"class_list":["post-281","page","type-page","status-publish","has-post-thumbnail","hentry"],"acf":[],"yoast_head":"<!-- This site is optimized with the Yoast SEO plugin v26.0 - https:\/\/yoast.com\/wordpress\/plugins\/seo\/ -->\n<title>Materialwissenschaften - E. Blum &amp; Co. AG Patent- und Markenanw\u00e4lte Z\u00fcrich<\/title>\n<meta name=\"description\" content=\"Materialwissenschaften - E. Blum &amp; Co. AG, Z\u00fcrich, Patentanw\u00e4lte und Markenanw\u00e4lte in Z\u00fcrich: Patente, Marken, Designs, Trademarks und alle weiteren Bereiche des Immaterialg\u00fcterrechts\" \/>\n<meta name=\"robots\" content=\"index, follow, max-snippet:-1, max-image-preview:large, max-video-preview:-1\" \/>\n<link rel=\"canonical\" href=\"https:\/\/eblum.ch\/de\/technologiegebiete\/materialwissenschaften\/\" \/>\n<meta property=\"og:locale\" content=\"de_DE\" \/>\n<meta property=\"og:type\" content=\"article\" \/>\n<meta property=\"og:title\" content=\"Materialwissenschaften - E. Blum &amp; Co. AG Patent- und Markenanw\u00e4lte Z\u00fcrich\" \/>\n<meta property=\"og:description\" content=\"Materialwissenschaften - E. Blum &amp; Co. AG, Z\u00fcrich, Patentanw\u00e4lte und Markenanw\u00e4lte in Z\u00fcrich: Patente, Marken, Designs, Trademarks und alle weiteren Bereiche des Immaterialg\u00fcterrechts\" \/>\n<meta property=\"og:url\" content=\"https:\/\/eblum.ch\/de\/technologiegebiete\/materialwissenschaften\/\" \/>\n<meta property=\"og:site_name\" content=\"E. Blum &amp; Co. AG Patent- und Markenanw\u00e4lte Z\u00fcrich\" \/>\n<meta property=\"article:modified_time\" content=\"2025-02-13T12:37:31+00:00\" \/>\n<meta property=\"og:image\" content=\"https:\/\/eblum.ch\/wp-content\/uploads\/2023\/05\/e-blum-patentanwalt-materialwissenschaften-1024x1024.jpg\" \/>\n\t<meta property=\"og:image:width\" content=\"1024\" \/>\n\t<meta property=\"og:image:height\" content=\"1024\" \/>\n\t<meta property=\"og:image:type\" content=\"image\/jpeg\" \/>\n<meta name=\"twitter:card\" content=\"summary_large_image\" \/>\n<meta name=\"twitter:label1\" content=\"Gesch\u00e4tzte Lesezeit\" \/>\n\t<meta name=\"twitter:data1\" content=\"2\u00a0Minuten\" \/>\n<script type=\"application\/ld+json\" class=\"yoast-schema-graph\">{\"@context\":\"https:\/\/schema.org\",\"@graph\":[{\"@type\":\"WebPage\",\"@id\":\"https:\/\/eblum.ch\/de\/technologiegebiete\/materialwissenschaften\/\",\"url\":\"https:\/\/eblum.ch\/de\/technologiegebiete\/materialwissenschaften\/\",\"name\":\"Materialwissenschaften - E. Blum &amp; Co. AG Patent- und Markenanw\u00e4lte Z\u00fcrich\",\"isPartOf\":{\"@id\":\"https:\/\/eblum.ch\/de\/#website\"},\"primaryImageOfPage\":{\"@id\":\"https:\/\/eblum.ch\/de\/technologiegebiete\/materialwissenschaften\/#primaryimage\"},\"image\":{\"@id\":\"https:\/\/eblum.ch\/de\/technologiegebiete\/materialwissenschaften\/#primaryimage\"},\"thumbnailUrl\":\"https:\/\/eblum.ch\/wp-content\/uploads\/2023\/05\/e-blum-patentanwalt-materialwissenschaften.jpg\",\"datePublished\":\"2023-08-07T10:00:00+00:00\",\"dateModified\":\"2025-02-13T12:37:31+00:00\",\"description\":\"Materialwissenschaften - E. Blum & Co. AG, Z\u00fcrich, Patentanw\u00e4lte und Markenanw\u00e4lte in Z\u00fcrich: Patente, Marken, Designs, Trademarks und alle weiteren Bereiche des Immaterialg\u00fcterrechts\",\"breadcrumb\":{\"@id\":\"https:\/\/eblum.ch\/de\/technologiegebiete\/materialwissenschaften\/#breadcrumb\"},\"inLanguage\":\"de-CH\",\"potentialAction\":[{\"@type\":\"ReadAction\",\"target\":[\"https:\/\/eblum.ch\/de\/technologiegebiete\/materialwissenschaften\/\"]}]},{\"@type\":\"ImageObject\",\"inLanguage\":\"de-CH\",\"@id\":\"https:\/\/eblum.ch\/de\/technologiegebiete\/materialwissenschaften\/#primaryimage\",\"url\":\"https:\/\/eblum.ch\/wp-content\/uploads\/2023\/05\/e-blum-patentanwalt-materialwissenschaften.jpg\",\"contentUrl\":\"https:\/\/eblum.ch\/wp-content\/uploads\/2023\/05\/e-blum-patentanwalt-materialwissenschaften.jpg\",\"width\":2000,\"height\":2000},{\"@type\":\"BreadcrumbList\",\"@id\":\"https:\/\/eblum.ch\/de\/technologiegebiete\/materialwissenschaften\/#breadcrumb\",\"itemListElement\":[{\"@type\":\"ListItem\",\"position\":1,\"name\":\"Home\",\"item\":\"https:\/\/eblum.ch\/de\/\"},{\"@type\":\"ListItem\",\"position\":2,\"name\":\"Technologiegebiete\",\"item\":\"https:\/\/eblum.ch\/de\/technologiegebiete\/\"},{\"@type\":\"ListItem\",\"position\":3,\"name\":\"Materialwissenschaften\"}]},{\"@type\":\"WebSite\",\"@id\":\"https:\/\/eblum.ch\/de\/#website\",\"url\":\"https:\/\/eblum.ch\/de\/\",\"name\":\"E. Blum & Co. AG Patent- und Markenanw\u00e4lte Z\u00fcrich\",\"description\":\"\",\"potentialAction\":[{\"@type\":\"SearchAction\",\"target\":{\"@type\":\"EntryPoint\",\"urlTemplate\":\"https:\/\/eblum.ch\/de\/?s={search_term_string}\"},\"query-input\":{\"@type\":\"PropertyValueSpecification\",\"valueRequired\":true,\"valueName\":\"search_term_string\"}}],\"inLanguage\":\"de-CH\"}]}<\/script>\n<!-- \/ Yoast SEO plugin. -->","yoast_head_json":{"title":"Materialwissenschaften - E. Blum &amp; Co. AG Patent- und Markenanw\u00e4lte Z\u00fcrich","description":"Materialwissenschaften - E. Blum & Co. AG, Z\u00fcrich, Patentanw\u00e4lte und Markenanw\u00e4lte in Z\u00fcrich: Patente, Marken, Designs, Trademarks und alle weiteren Bereiche des Immaterialg\u00fcterrechts","robots":{"index":"index","follow":"follow","max-snippet":"max-snippet:-1","max-image-preview":"max-image-preview:large","max-video-preview":"max-video-preview:-1"},"canonical":"https:\/\/eblum.ch\/de\/technologiegebiete\/materialwissenschaften\/","og_locale":"de_DE","og_type":"article","og_title":"Materialwissenschaften - E. Blum &amp; Co. AG Patent- und Markenanw\u00e4lte Z\u00fcrich","og_description":"Materialwissenschaften - E. Blum & Co. AG, Z\u00fcrich, Patentanw\u00e4lte und Markenanw\u00e4lte in Z\u00fcrich: Patente, Marken, Designs, Trademarks und alle weiteren Bereiche des Immaterialg\u00fcterrechts","og_url":"https:\/\/eblum.ch\/de\/technologiegebiete\/materialwissenschaften\/","og_site_name":"E. Blum &amp; Co. AG Patent- und Markenanw\u00e4lte Z\u00fcrich","article_modified_time":"2025-02-13T12:37:31+00:00","og_image":[{"width":1024,"height":1024,"url":"https:\/\/eblum.ch\/wp-content\/uploads\/2023\/05\/e-blum-patentanwalt-materialwissenschaften-1024x1024.jpg","type":"image\/jpeg"}],"twitter_card":"summary_large_image","twitter_misc":{"Gesch\u00e4tzte Lesezeit":"2\u00a0Minuten"},"schema":{"@context":"https:\/\/schema.org","@graph":[{"@type":"WebPage","@id":"https:\/\/eblum.ch\/de\/technologiegebiete\/materialwissenschaften\/","url":"https:\/\/eblum.ch\/de\/technologiegebiete\/materialwissenschaften\/","name":"Materialwissenschaften - E. Blum &amp; Co. AG Patent- und Markenanw\u00e4lte Z\u00fcrich","isPartOf":{"@id":"https:\/\/eblum.ch\/de\/#website"},"primaryImageOfPage":{"@id":"https:\/\/eblum.ch\/de\/technologiegebiete\/materialwissenschaften\/#primaryimage"},"image":{"@id":"https:\/\/eblum.ch\/de\/technologiegebiete\/materialwissenschaften\/#primaryimage"},"thumbnailUrl":"https:\/\/eblum.ch\/wp-content\/uploads\/2023\/05\/e-blum-patentanwalt-materialwissenschaften.jpg","datePublished":"2023-08-07T10:00:00+00:00","dateModified":"2025-02-13T12:37:31+00:00","description":"Materialwissenschaften - E. Blum & Co. AG, Z\u00fcrich, Patentanw\u00e4lte und Markenanw\u00e4lte in Z\u00fcrich: Patente, Marken, Designs, Trademarks und alle weiteren Bereiche des Immaterialg\u00fcterrechts","breadcrumb":{"@id":"https:\/\/eblum.ch\/de\/technologiegebiete\/materialwissenschaften\/#breadcrumb"},"inLanguage":"de-CH","potentialAction":[{"@type":"ReadAction","target":["https:\/\/eblum.ch\/de\/technologiegebiete\/materialwissenschaften\/"]}]},{"@type":"ImageObject","inLanguage":"de-CH","@id":"https:\/\/eblum.ch\/de\/technologiegebiete\/materialwissenschaften\/#primaryimage","url":"https:\/\/eblum.ch\/wp-content\/uploads\/2023\/05\/e-blum-patentanwalt-materialwissenschaften.jpg","contentUrl":"https:\/\/eblum.ch\/wp-content\/uploads\/2023\/05\/e-blum-patentanwalt-materialwissenschaften.jpg","width":2000,"height":2000},{"@type":"BreadcrumbList","@id":"https:\/\/eblum.ch\/de\/technologiegebiete\/materialwissenschaften\/#breadcrumb","itemListElement":[{"@type":"ListItem","position":1,"name":"Home","item":"https:\/\/eblum.ch\/de\/"},{"@type":"ListItem","position":2,"name":"Technologiegebiete","item":"https:\/\/eblum.ch\/de\/technologiegebiete\/"},{"@type":"ListItem","position":3,"name":"Materialwissenschaften"}]},{"@type":"WebSite","@id":"https:\/\/eblum.ch\/de\/#website","url":"https:\/\/eblum.ch\/de\/","name":"E. Blum & Co. AG Patent- und Markenanw\u00e4lte Z\u00fcrich","description":"","potentialAction":[{"@type":"SearchAction","target":{"@type":"EntryPoint","urlTemplate":"https:\/\/eblum.ch\/de\/?s={search_term_string}"},"query-input":{"@type":"PropertyValueSpecification","valueRequired":true,"valueName":"search_term_string"}}],"inLanguage":"de-CH"}]}},"_links":{"self":[{"href":"https:\/\/eblum.ch\/de\/wp-json\/wp\/v2\/pages\/281","targetHints":{"allow":["GET"]}}],"collection":[{"href":"https:\/\/eblum.ch\/de\/wp-json\/wp\/v2\/pages"}],"about":[{"href":"https:\/\/eblum.ch\/de\/wp-json\/wp\/v2\/types\/page"}],"author":[{"embeddable":true,"href":"https:\/\/eblum.ch\/de\/wp-json\/wp\/v2\/users\/1"}],"replies":[{"embeddable":true,"href":"https:\/\/eblum.ch\/de\/wp-json\/wp\/v2\/comments?post=281"}],"version-history":[{"count":6,"href":"https:\/\/eblum.ch\/de\/wp-json\/wp\/v2\/pages\/281\/revisions"}],"predecessor-version":[{"id":3370,"href":"https:\/\/eblum.ch\/de\/wp-json\/wp\/v2\/pages\/281\/revisions\/3370"}],"up":[{"embeddable":true,"href":"https:\/\/eblum.ch\/de\/wp-json\/wp\/v2\/pages\/214"}],"wp:featuredmedia":[{"embeddable":true,"href":"https:\/\/eblum.ch\/de\/wp-json\/wp\/v2\/media\/635"}],"wp:attachment":[{"href":"https:\/\/eblum.ch\/de\/wp-json\/wp\/v2\/media?parent=281"}],"curies":[{"name":"wp","href":"https:\/\/api.w.org\/{rel}","templated":true}]}}