{"id":289,"date":"2023-08-07T12:00:00","date_gmt":"2023-08-07T10:00:00","guid":{"rendered":"https:\/\/eblum.ch\/?page_id=289"},"modified":"2025-02-13T13:39:53","modified_gmt":"2025-02-13T12:39:53","slug":"mikrofluidik","status":"publish","type":"page","link":"https:\/\/eblum.ch\/de\/technologiegebiete\/mikrofluidik\/","title":{"rendered":"Mikrofluidik"},"content":{"rendered":"\n<p>Die Mikrofluidik besch\u00e4ftigt sich mit der pr\u00e4zisen Steuerung und Manipulation kleiner Fl\u00fcssigkeitsmengen und ist somit eine Disziplin der&nbsp;<a href=\"https:\/\/eblum.ch\/technologiegebiete\/thermodynamik-und-fluidmechanik\/\">Str\u00f6mungsmechanik<\/a>. Typischerweise liegen solche Volumina im Sub-Milliliter-Bereich und sind auf Kan\u00e4le mit Dimensionen von Mikrometern beschr\u00e4nkt. Besonderheiten der Mikrofluidik ergeben sich aus dem Verhalten von Fl\u00fcssigkeiten im Mikrometerbereich. Die Str\u00f6mung von Fl\u00fcssigkeiten in der Mikrofluidik ist typischerweise laminar.<\/p>\n\n\n\n<p>Mikrofluidikger\u00e4te werden zum Pumpen, Entnehmen, Mischen, Analysieren und Dosieren von Fl\u00fcssigkeiten eingesetzt. Geschlossene Str\u00f6mungspfade in vielen mikrofluidischen Ger\u00e4ten erm\u00f6glichen die Integration von Funktionselementen (z.B. Heizungen, Mischeinheiten, Pumpen, UV-Detektoren, Ventilen usw.) und minimieren gleichzeitig Probleme durch Undichtigkeiten und Verdampfung. Die Analyse von fl\u00fcssigen Proben erfordert oft eine Reihe von Schritten (z.B. Filtern, Aufl\u00f6sen von Reagenzien, Erw\u00e4rmen, Waschen, Auslesen von Signalen, etc.). In einigen F\u00e4llen sind metallische Elektroden in die Kan\u00e4le des Ger\u00e4tes eingesetzt.<\/p>\n\n\n\n<p>Die Mikrofluidik hat in vielen Bereichen des&nbsp;<a href=\"https:\/\/de.wikipedia.org\/wiki\/Gesundheitssystem\" target=\"_blank\" rel=\"noreferrer noopener\">Gesundheitswesens<\/a>&nbsp;und der&nbsp;<a href=\"https:\/\/eblum.ch\/technologiegebiete\/life-sciences\/\">Life Sciences<\/a>&nbsp;die T\u00fcr f\u00fcr neue Anwendungen ge\u00f6ffnet, wie z.B. Point-of-Care-Diagnostik (POCDs),&nbsp;<a href=\"https:\/\/eblum.ch\/technologiegebiete\/umwelttechnologie\/\">Umweltanalytik<\/a>&nbsp;und Wirkstoffforschung. POCDs profitieren stark von Mikrofluidik-Technologien durch die Miniaturisierung von Tests, welche die Portabilit\u00e4t und die Integration verschiedener Funktionen in ein Diagnoseger\u00e4t verbessert. Zum Beispiel helfen die Mikrofluidik und Mikrofabrikation, die Pr\u00e4zision und Multiplexf\u00e4higkeit bei lateralen Flusstests zu erh\u00f6hen.<\/p>\n","protected":false},"excerpt":{"rendered":"<p>Die Mikrofluidik besch\u00e4ftigt sich mit der pr\u00e4zisen Steuerung und Manipulation kleiner Fl\u00fcssigkeitsmengen und ist somit eine Disziplin der&nbsp;Str\u00f6mungsmechanik. Typischerweise liegen solche Volumina im Sub-Milliliter-Bereich und sind auf Kan\u00e4le mit Dimensionen von Mikrometern beschr\u00e4nkt. Besonderheiten der Mikrofluidik ergeben sich aus dem Verhalten von Fl\u00fcssigkeiten im Mikrometerbereich. Die Str\u00f6mung von Fl\u00fcssigkeiten in der Mikrofluidik ist typischerweise laminar. &hellip; <\/p>\n<p class=\"link-more\"><a href=\"https:\/\/eblum.ch\/de\/technologiegebiete\/mikrofluidik\/\" class=\"more-link\">Weiterlesen<span class=\"screen-reader-text\"> &#171;Mikrofluidik&#187;<\/span><\/a><\/p>\n","protected":false},"author":1,"featured_media":644,"parent":214,"menu_order":3,"comment_status":"closed","ping_status":"closed","template":"","meta":{"_acf_changed":false,"footnotes":""},"class_list":["post-289","page","type-page","status-publish","has-post-thumbnail","hentry"],"acf":[],"yoast_head":"<!-- This site is optimized with the Yoast SEO plugin v26.0 - https:\/\/yoast.com\/wordpress\/plugins\/seo\/ -->\n<title>Mikrofluidik - E. Blum &amp; Co. AG Patent- und Markenanw\u00e4lte Z\u00fcrich<\/title>\n<meta name=\"description\" content=\"Mikrofluidik - E. Blum &amp; Co. AG, Z\u00fcrich, Patentanw\u00e4lte und Markenanw\u00e4lte in Z\u00fcrich: Patente, Marken, Designs, Trademarks und alle weiteren Bereiche des Immaterialg\u00fcterrechts\" \/>\n<meta name=\"robots\" content=\"index, follow, max-snippet:-1, max-image-preview:large, max-video-preview:-1\" \/>\n<link rel=\"canonical\" href=\"https:\/\/eblum.ch\/de\/technologiegebiete\/mikrofluidik\/\" \/>\n<meta property=\"og:locale\" content=\"de_DE\" \/>\n<meta property=\"og:type\" content=\"article\" \/>\n<meta property=\"og:title\" content=\"Mikrofluidik - E. Blum &amp; Co. AG Patent- und Markenanw\u00e4lte Z\u00fcrich\" \/>\n<meta property=\"og:description\" content=\"Mikrofluidik - E. Blum &amp; Co. AG, Z\u00fcrich, Patentanw\u00e4lte und Markenanw\u00e4lte in Z\u00fcrich: Patente, Marken, Designs, Trademarks und alle weiteren Bereiche des Immaterialg\u00fcterrechts\" \/>\n<meta property=\"og:url\" content=\"https:\/\/eblum.ch\/de\/technologiegebiete\/mikrofluidik\/\" \/>\n<meta property=\"og:site_name\" content=\"E. Blum &amp; Co. AG Patent- und Markenanw\u00e4lte Z\u00fcrich\" \/>\n<meta property=\"article:modified_time\" content=\"2025-02-13T12:39:53+00:00\" \/>\n<meta property=\"og:image\" content=\"https:\/\/eblum.ch\/wp-content\/uploads\/2023\/05\/e-blum-patentanwalt-microfluidics.jpg\" \/>\n\t<meta property=\"og:image:width\" content=\"2000\" \/>\n\t<meta property=\"og:image:height\" content=\"2000\" \/>\n\t<meta property=\"og:image:type\" content=\"image\/jpeg\" \/>\n<meta name=\"twitter:card\" content=\"summary_large_image\" \/>\n<meta name=\"twitter:label1\" content=\"Gesch\u00e4tzte Lesezeit\" \/>\n\t<meta name=\"twitter:data1\" content=\"2\u00a0Minuten\" \/>\n<script type=\"application\/ld+json\" class=\"yoast-schema-graph\">{\"@context\":\"https:\/\/schema.org\",\"@graph\":[{\"@type\":\"WebPage\",\"@id\":\"https:\/\/eblum.ch\/de\/technologiegebiete\/mikrofluidik\/\",\"url\":\"https:\/\/eblum.ch\/de\/technologiegebiete\/mikrofluidik\/\",\"name\":\"Mikrofluidik - E. Blum &amp; Co. AG Patent- und Markenanw\u00e4lte Z\u00fcrich\",\"isPartOf\":{\"@id\":\"https:\/\/eblum.ch\/de\/#website\"},\"primaryImageOfPage\":{\"@id\":\"https:\/\/eblum.ch\/de\/technologiegebiete\/mikrofluidik\/#primaryimage\"},\"image\":{\"@id\":\"https:\/\/eblum.ch\/de\/technologiegebiete\/mikrofluidik\/#primaryimage\"},\"thumbnailUrl\":\"https:\/\/eblum.ch\/wp-content\/uploads\/2023\/05\/e-blum-patentanwalt-microfluidics.jpg\",\"datePublished\":\"2023-08-07T10:00:00+00:00\",\"dateModified\":\"2025-02-13T12:39:53+00:00\",\"description\":\"Mikrofluidik - E. Blum & Co. AG, Z\u00fcrich, Patentanw\u00e4lte und Markenanw\u00e4lte in Z\u00fcrich: Patente, Marken, Designs, Trademarks und alle weiteren Bereiche des Immaterialg\u00fcterrechts\",\"breadcrumb\":{\"@id\":\"https:\/\/eblum.ch\/de\/technologiegebiete\/mikrofluidik\/#breadcrumb\"},\"inLanguage\":\"de-CH\",\"potentialAction\":[{\"@type\":\"ReadAction\",\"target\":[\"https:\/\/eblum.ch\/de\/technologiegebiete\/mikrofluidik\/\"]}]},{\"@type\":\"ImageObject\",\"inLanguage\":\"de-CH\",\"@id\":\"https:\/\/eblum.ch\/de\/technologiegebiete\/mikrofluidik\/#primaryimage\",\"url\":\"https:\/\/eblum.ch\/wp-content\/uploads\/2023\/05\/e-blum-patentanwalt-microfluidics.jpg\",\"contentUrl\":\"https:\/\/eblum.ch\/wp-content\/uploads\/2023\/05\/e-blum-patentanwalt-microfluidics.jpg\",\"width\":2000,\"height\":2000},{\"@type\":\"BreadcrumbList\",\"@id\":\"https:\/\/eblum.ch\/de\/technologiegebiete\/mikrofluidik\/#breadcrumb\",\"itemListElement\":[{\"@type\":\"ListItem\",\"position\":1,\"name\":\"Home\",\"item\":\"https:\/\/eblum.ch\/de\/\"},{\"@type\":\"ListItem\",\"position\":2,\"name\":\"Technologiegebiete\",\"item\":\"https:\/\/eblum.ch\/de\/technologiegebiete\/\"},{\"@type\":\"ListItem\",\"position\":3,\"name\":\"Mikrofluidik\"}]},{\"@type\":\"WebSite\",\"@id\":\"https:\/\/eblum.ch\/de\/#website\",\"url\":\"https:\/\/eblum.ch\/de\/\",\"name\":\"E. Blum & Co. AG Patent- und Markenanw\u00e4lte Z\u00fcrich\",\"description\":\"\",\"potentialAction\":[{\"@type\":\"SearchAction\",\"target\":{\"@type\":\"EntryPoint\",\"urlTemplate\":\"https:\/\/eblum.ch\/de\/?s={search_term_string}\"},\"query-input\":{\"@type\":\"PropertyValueSpecification\",\"valueRequired\":true,\"valueName\":\"search_term_string\"}}],\"inLanguage\":\"de-CH\"}]}<\/script>\n<!-- \/ Yoast SEO plugin. -->","yoast_head_json":{"title":"Mikrofluidik - E. Blum &amp; Co. AG Patent- und Markenanw\u00e4lte Z\u00fcrich","description":"Mikrofluidik - E. Blum & Co. AG, Z\u00fcrich, Patentanw\u00e4lte und Markenanw\u00e4lte in Z\u00fcrich: Patente, Marken, Designs, Trademarks und alle weiteren Bereiche des Immaterialg\u00fcterrechts","robots":{"index":"index","follow":"follow","max-snippet":"max-snippet:-1","max-image-preview":"max-image-preview:large","max-video-preview":"max-video-preview:-1"},"canonical":"https:\/\/eblum.ch\/de\/technologiegebiete\/mikrofluidik\/","og_locale":"de_DE","og_type":"article","og_title":"Mikrofluidik - E. Blum &amp; Co. AG Patent- und Markenanw\u00e4lte Z\u00fcrich","og_description":"Mikrofluidik - E. Blum & Co. AG, Z\u00fcrich, Patentanw\u00e4lte und Markenanw\u00e4lte in Z\u00fcrich: Patente, Marken, Designs, Trademarks und alle weiteren Bereiche des Immaterialg\u00fcterrechts","og_url":"https:\/\/eblum.ch\/de\/technologiegebiete\/mikrofluidik\/","og_site_name":"E. Blum &amp; Co. AG Patent- und Markenanw\u00e4lte Z\u00fcrich","article_modified_time":"2025-02-13T12:39:53+00:00","og_image":[{"width":2000,"height":2000,"url":"https:\/\/eblum.ch\/wp-content\/uploads\/2023\/05\/e-blum-patentanwalt-microfluidics.jpg","type":"image\/jpeg"}],"twitter_card":"summary_large_image","twitter_misc":{"Gesch\u00e4tzte Lesezeit":"2\u00a0Minuten"},"schema":{"@context":"https:\/\/schema.org","@graph":[{"@type":"WebPage","@id":"https:\/\/eblum.ch\/de\/technologiegebiete\/mikrofluidik\/","url":"https:\/\/eblum.ch\/de\/technologiegebiete\/mikrofluidik\/","name":"Mikrofluidik - E. Blum &amp; Co. AG Patent- und Markenanw\u00e4lte Z\u00fcrich","isPartOf":{"@id":"https:\/\/eblum.ch\/de\/#website"},"primaryImageOfPage":{"@id":"https:\/\/eblum.ch\/de\/technologiegebiete\/mikrofluidik\/#primaryimage"},"image":{"@id":"https:\/\/eblum.ch\/de\/technologiegebiete\/mikrofluidik\/#primaryimage"},"thumbnailUrl":"https:\/\/eblum.ch\/wp-content\/uploads\/2023\/05\/e-blum-patentanwalt-microfluidics.jpg","datePublished":"2023-08-07T10:00:00+00:00","dateModified":"2025-02-13T12:39:53+00:00","description":"Mikrofluidik - E. Blum & Co. AG, Z\u00fcrich, Patentanw\u00e4lte und Markenanw\u00e4lte in Z\u00fcrich: Patente, Marken, Designs, Trademarks und alle weiteren Bereiche des Immaterialg\u00fcterrechts","breadcrumb":{"@id":"https:\/\/eblum.ch\/de\/technologiegebiete\/mikrofluidik\/#breadcrumb"},"inLanguage":"de-CH","potentialAction":[{"@type":"ReadAction","target":["https:\/\/eblum.ch\/de\/technologiegebiete\/mikrofluidik\/"]}]},{"@type":"ImageObject","inLanguage":"de-CH","@id":"https:\/\/eblum.ch\/de\/technologiegebiete\/mikrofluidik\/#primaryimage","url":"https:\/\/eblum.ch\/wp-content\/uploads\/2023\/05\/e-blum-patentanwalt-microfluidics.jpg","contentUrl":"https:\/\/eblum.ch\/wp-content\/uploads\/2023\/05\/e-blum-patentanwalt-microfluidics.jpg","width":2000,"height":2000},{"@type":"BreadcrumbList","@id":"https:\/\/eblum.ch\/de\/technologiegebiete\/mikrofluidik\/#breadcrumb","itemListElement":[{"@type":"ListItem","position":1,"name":"Home","item":"https:\/\/eblum.ch\/de\/"},{"@type":"ListItem","position":2,"name":"Technologiegebiete","item":"https:\/\/eblum.ch\/de\/technologiegebiete\/"},{"@type":"ListItem","position":3,"name":"Mikrofluidik"}]},{"@type":"WebSite","@id":"https:\/\/eblum.ch\/de\/#website","url":"https:\/\/eblum.ch\/de\/","name":"E. Blum & Co. AG Patent- und Markenanw\u00e4lte Z\u00fcrich","description":"","potentialAction":[{"@type":"SearchAction","target":{"@type":"EntryPoint","urlTemplate":"https:\/\/eblum.ch\/de\/?s={search_term_string}"},"query-input":{"@type":"PropertyValueSpecification","valueRequired":true,"valueName":"search_term_string"}}],"inLanguage":"de-CH"}]}},"_links":{"self":[{"href":"https:\/\/eblum.ch\/de\/wp-json\/wp\/v2\/pages\/289","targetHints":{"allow":["GET"]}}],"collection":[{"href":"https:\/\/eblum.ch\/de\/wp-json\/wp\/v2\/pages"}],"about":[{"href":"https:\/\/eblum.ch\/de\/wp-json\/wp\/v2\/types\/page"}],"author":[{"embeddable":true,"href":"https:\/\/eblum.ch\/de\/wp-json\/wp\/v2\/users\/1"}],"replies":[{"embeddable":true,"href":"https:\/\/eblum.ch\/de\/wp-json\/wp\/v2\/comments?post=289"}],"version-history":[{"count":5,"href":"https:\/\/eblum.ch\/de\/wp-json\/wp\/v2\/pages\/289\/revisions"}],"predecessor-version":[{"id":3374,"href":"https:\/\/eblum.ch\/de\/wp-json\/wp\/v2\/pages\/289\/revisions\/3374"}],"up":[{"embeddable":true,"href":"https:\/\/eblum.ch\/de\/wp-json\/wp\/v2\/pages\/214"}],"wp:featuredmedia":[{"embeddable":true,"href":"https:\/\/eblum.ch\/de\/wp-json\/wp\/v2\/media\/644"}],"wp:attachment":[{"href":"https:\/\/eblum.ch\/de\/wp-json\/wp\/v2\/media?parent=289"}],"curies":[{"name":"wp","href":"https:\/\/api.w.org\/{rel}","templated":true}]}}