{"id":2890,"date":"2024-05-21T14:44:05","date_gmt":"2024-05-21T12:44:05","guid":{"rendered":"https:\/\/eblum.ch\/?page_id=2890"},"modified":"2024-05-21T15:22:32","modified_gmt":"2024-05-21T13:22:32","slug":"fe-vertraege","status":"publish","type":"page","link":"https:\/\/eblum.ch\/de\/dienstleistungen\/fe-vertraege\/","title":{"rendered":"F&#038;E-Vertr\u00e4ge"},"content":{"rendered":"\n<p>Ein <a href=\"https:\/\/en.wikipedia.org\/wiki\/Research_and_development_agreement\" target=\"_blank\" rel=\"noreferrer noopener\">F&amp;E-Vertrag<\/a> ist eine Vereinbarung zwischen zwei Parteien mit dem Ziel einer Zusammenarbeit in Forschung und\/oder Entwicklung.<\/p>\n\n\n\n<p>Solche Kooperationen k\u00f6nnen z.B. darin bestehen, dass eine Partei Forschung und\/oder Entwicklung f\u00fcr eine andere durchf\u00fchrt (&#171;Auftragsforschung\/Auftragsentwicklung&#187;), oder es kann sich um ein gemeinsames F&amp;E-Projekt handeln, in dessen Rahmen die Parteien auf gleicher Ebene zusammenarbeiten.<\/p>\n\n\n\n<p>In einigen F\u00e4llen ist der Weg zum Ziel klar, und es braucht lediglich Zeit und Arbeit, um dorthin zu gelangen. In anderen F\u00e4llen sind zun\u00e4chst Abkl\u00e4rungen und Forschungsarbeit erforderlich, bevor klar wird, was erreicht werden kann.<\/p>\n\n\n\n<p>F\u00fcr eine solide Zusammenarbeit sollten deren Regeln von Anfang an in einem F&amp;E-Vertrag festgehalten werden. In einem solchen Vertrag werden z.B. das Projekt, die zu liefernden Ergebnisse, die Berichterstattung, die Beendigung, die Zahlungen, der Umgang mit geistigem Eigentum und die Vertraulichkeit sowie Fragen der Haftung und Gew\u00e4hrleistung definiert. Weitere Details finden Sie z.B. in <a href=\"https:\/\/www.linkedin.com\/pulse\/rd-agreements-small-print-joel-hochreutener-jseoe\" target=\"_blank\" rel=\"noreferrer noopener\">diesem LinkedIn-Artikel von Joel Hochreutener und Kurt Sutter<\/a>.<\/p>\n\n\n\n<p>Die Ausarbeitung des Vertrags erfordert sowohl juristische Erfahrung als auch technische Expertise. Unser interdisziplin\u00e4res Team verf\u00fcgt \u00fcber beides. Wir unterst\u00fctzen Sie gerne bei der Formulierung eines Vertrags, der zum Projekt passt und gleichzeitig die Interessen der Parteien wahrt.<\/p>\n","protected":false},"excerpt":{"rendered":"<p>Ein F&amp;E-Vertrag ist eine Vereinbarung zwischen zwei Parteien mit dem Ziel einer Zusammenarbeit in Forschung und\/oder Entwicklung. Solche Kooperationen k\u00f6nnen z.B. darin bestehen, dass eine Partei Forschung und\/oder Entwicklung f\u00fcr eine andere durchf\u00fchrt (&#171;Auftragsforschung\/Auftragsentwicklung&#187;), oder es kann sich um ein gemeinsames F&amp;E-Projekt handeln, in dessen Rahmen die Parteien auf gleicher Ebene zusammenarbeiten. In einigen F\u00e4llen &hellip; <\/p>\n<p class=\"link-more\"><a href=\"https:\/\/eblum.ch\/de\/dienstleistungen\/fe-vertraege\/\" class=\"more-link\">Weiterlesen<span class=\"screen-reader-text\"> &#171;F&#038;E-Vertr\u00e4ge&#187;<\/span><\/a><\/p>\n","protected":false},"author":2,"featured_media":0,"parent":367,"menu_order":0,"comment_status":"closed","ping_status":"closed","template":"","meta":{"_acf_changed":false,"footnotes":""},"class_list":["post-2890","page","type-page","status-publish","hentry"],"acf":[],"yoast_head":"<!-- This site is optimized with the Yoast SEO plugin v26.0 - https:\/\/yoast.com\/wordpress\/plugins\/seo\/ -->\n<title>F&amp;E-Vertr\u00e4ge - E. Blum &amp; Co. AG Patent- und Markenanw\u00e4lte Z\u00fcrich<\/title>\n<meta name=\"description\" content=\"F&amp;E-Vertr\u00e4ge - E. Blum &amp; Co. AG, Z\u00fcrich, Patentanw\u00e4lte und Markenanw\u00e4lte in Z\u00fcrich: Patente, Marken, Designs, Trademarks und alle weiteren Bereiche des Immaterialg\u00fcterrechts\" \/>\n<meta name=\"robots\" content=\"index, follow, max-snippet:-1, max-image-preview:large, max-video-preview:-1\" \/>\n<link rel=\"canonical\" href=\"https:\/\/eblum.ch\/de\/dienstleistungen\/fe-vertraege\/\" \/>\n<meta property=\"og:locale\" content=\"de_DE\" \/>\n<meta property=\"og:type\" content=\"article\" \/>\n<meta property=\"og:title\" content=\"F&amp;E-Vertr\u00e4ge - E. Blum &amp; Co. AG Patent- und Markenanw\u00e4lte Z\u00fcrich\" \/>\n<meta property=\"og:description\" content=\"F&amp;E-Vertr\u00e4ge - E. Blum &amp; Co. AG, Z\u00fcrich, Patentanw\u00e4lte und Markenanw\u00e4lte in Z\u00fcrich: Patente, Marken, Designs, Trademarks und alle weiteren Bereiche des Immaterialg\u00fcterrechts\" \/>\n<meta property=\"og:url\" content=\"https:\/\/eblum.ch\/de\/dienstleistungen\/fe-vertraege\/\" \/>\n<meta property=\"og:site_name\" content=\"E. Blum &amp; Co. AG Patent- und Markenanw\u00e4lte Z\u00fcrich\" \/>\n<meta property=\"article:modified_time\" content=\"2024-05-21T13:22:32+00:00\" \/>\n<meta name=\"twitter:card\" content=\"summary_large_image\" \/>\n<meta name=\"twitter:label1\" content=\"Gesch\u00e4tzte Lesezeit\" \/>\n\t<meta name=\"twitter:data1\" content=\"2\u00a0Minuten\" \/>\n<script type=\"application\/ld+json\" class=\"yoast-schema-graph\">{\"@context\":\"https:\/\/schema.org\",\"@graph\":[{\"@type\":\"WebPage\",\"@id\":\"https:\/\/eblum.ch\/de\/dienstleistungen\/fe-vertraege\/\",\"url\":\"https:\/\/eblum.ch\/de\/dienstleistungen\/fe-vertraege\/\",\"name\":\"F&E-Vertr\u00e4ge - E. Blum &amp; Co. AG Patent- und Markenanw\u00e4lte Z\u00fcrich\",\"isPartOf\":{\"@id\":\"https:\/\/eblum.ch\/de\/#website\"},\"datePublished\":\"2024-05-21T12:44:05+00:00\",\"dateModified\":\"2024-05-21T13:22:32+00:00\",\"description\":\"F&E-Vertr\u00e4ge - E. Blum & Co. AG, Z\u00fcrich, Patentanw\u00e4lte und Markenanw\u00e4lte in Z\u00fcrich: Patente, Marken, Designs, Trademarks und alle weiteren Bereiche des Immaterialg\u00fcterrechts\",\"breadcrumb\":{\"@id\":\"https:\/\/eblum.ch\/de\/dienstleistungen\/fe-vertraege\/#breadcrumb\"},\"inLanguage\":\"de-CH\",\"potentialAction\":[{\"@type\":\"ReadAction\",\"target\":[\"https:\/\/eblum.ch\/de\/dienstleistungen\/fe-vertraege\/\"]}]},{\"@type\":\"BreadcrumbList\",\"@id\":\"https:\/\/eblum.ch\/de\/dienstleistungen\/fe-vertraege\/#breadcrumb\",\"itemListElement\":[{\"@type\":\"ListItem\",\"position\":1,\"name\":\"Home\",\"item\":\"https:\/\/eblum.ch\/de\/\"},{\"@type\":\"ListItem\",\"position\":2,\"name\":\"Dienstleistungen\",\"item\":\"https:\/\/eblum.ch\/de\/dienstleistungen\/\"},{\"@type\":\"ListItem\",\"position\":3,\"name\":\"F&#038;E-Vertr\u00e4ge\"}]},{\"@type\":\"WebSite\",\"@id\":\"https:\/\/eblum.ch\/de\/#website\",\"url\":\"https:\/\/eblum.ch\/de\/\",\"name\":\"E. Blum & Co. AG Patent- und Markenanw\u00e4lte Z\u00fcrich\",\"description\":\"\",\"potentialAction\":[{\"@type\":\"SearchAction\",\"target\":{\"@type\":\"EntryPoint\",\"urlTemplate\":\"https:\/\/eblum.ch\/de\/?s={search_term_string}\"},\"query-input\":{\"@type\":\"PropertyValueSpecification\",\"valueRequired\":true,\"valueName\":\"search_term_string\"}}],\"inLanguage\":\"de-CH\"}]}<\/script>\n<!-- \/ Yoast SEO plugin. -->","yoast_head_json":{"title":"F&E-Vertr\u00e4ge - E. Blum &amp; Co. AG Patent- und Markenanw\u00e4lte Z\u00fcrich","description":"F&E-Vertr\u00e4ge - E. Blum & Co. AG, Z\u00fcrich, Patentanw\u00e4lte und Markenanw\u00e4lte in Z\u00fcrich: Patente, Marken, Designs, Trademarks und alle weiteren Bereiche des Immaterialg\u00fcterrechts","robots":{"index":"index","follow":"follow","max-snippet":"max-snippet:-1","max-image-preview":"max-image-preview:large","max-video-preview":"max-video-preview:-1"},"canonical":"https:\/\/eblum.ch\/de\/dienstleistungen\/fe-vertraege\/","og_locale":"de_DE","og_type":"article","og_title":"F&E-Vertr\u00e4ge - E. Blum &amp; Co. AG Patent- und Markenanw\u00e4lte Z\u00fcrich","og_description":"F&E-Vertr\u00e4ge - E. Blum & Co. AG, Z\u00fcrich, Patentanw\u00e4lte und Markenanw\u00e4lte in Z\u00fcrich: Patente, Marken, Designs, Trademarks und alle weiteren Bereiche des Immaterialg\u00fcterrechts","og_url":"https:\/\/eblum.ch\/de\/dienstleistungen\/fe-vertraege\/","og_site_name":"E. Blum &amp; Co. AG Patent- und Markenanw\u00e4lte Z\u00fcrich","article_modified_time":"2024-05-21T13:22:32+00:00","twitter_card":"summary_large_image","twitter_misc":{"Gesch\u00e4tzte Lesezeit":"2\u00a0Minuten"},"schema":{"@context":"https:\/\/schema.org","@graph":[{"@type":"WebPage","@id":"https:\/\/eblum.ch\/de\/dienstleistungen\/fe-vertraege\/","url":"https:\/\/eblum.ch\/de\/dienstleistungen\/fe-vertraege\/","name":"F&E-Vertr\u00e4ge - E. Blum &amp; Co. AG Patent- und Markenanw\u00e4lte Z\u00fcrich","isPartOf":{"@id":"https:\/\/eblum.ch\/de\/#website"},"datePublished":"2024-05-21T12:44:05+00:00","dateModified":"2024-05-21T13:22:32+00:00","description":"F&E-Vertr\u00e4ge - E. Blum & Co. AG, Z\u00fcrich, Patentanw\u00e4lte und Markenanw\u00e4lte in Z\u00fcrich: Patente, Marken, Designs, Trademarks und alle weiteren Bereiche des Immaterialg\u00fcterrechts","breadcrumb":{"@id":"https:\/\/eblum.ch\/de\/dienstleistungen\/fe-vertraege\/#breadcrumb"},"inLanguage":"de-CH","potentialAction":[{"@type":"ReadAction","target":["https:\/\/eblum.ch\/de\/dienstleistungen\/fe-vertraege\/"]}]},{"@type":"BreadcrumbList","@id":"https:\/\/eblum.ch\/de\/dienstleistungen\/fe-vertraege\/#breadcrumb","itemListElement":[{"@type":"ListItem","position":1,"name":"Home","item":"https:\/\/eblum.ch\/de\/"},{"@type":"ListItem","position":2,"name":"Dienstleistungen","item":"https:\/\/eblum.ch\/de\/dienstleistungen\/"},{"@type":"ListItem","position":3,"name":"F&#038;E-Vertr\u00e4ge"}]},{"@type":"WebSite","@id":"https:\/\/eblum.ch\/de\/#website","url":"https:\/\/eblum.ch\/de\/","name":"E. Blum & Co. AG Patent- und Markenanw\u00e4lte Z\u00fcrich","description":"","potentialAction":[{"@type":"SearchAction","target":{"@type":"EntryPoint","urlTemplate":"https:\/\/eblum.ch\/de\/?s={search_term_string}"},"query-input":{"@type":"PropertyValueSpecification","valueRequired":true,"valueName":"search_term_string"}}],"inLanguage":"de-CH"}]}},"_links":{"self":[{"href":"https:\/\/eblum.ch\/de\/wp-json\/wp\/v2\/pages\/2890","targetHints":{"allow":["GET"]}}],"collection":[{"href":"https:\/\/eblum.ch\/de\/wp-json\/wp\/v2\/pages"}],"about":[{"href":"https:\/\/eblum.ch\/de\/wp-json\/wp\/v2\/types\/page"}],"author":[{"embeddable":true,"href":"https:\/\/eblum.ch\/de\/wp-json\/wp\/v2\/users\/2"}],"replies":[{"embeddable":true,"href":"https:\/\/eblum.ch\/de\/wp-json\/wp\/v2\/comments?post=2890"}],"version-history":[{"count":3,"href":"https:\/\/eblum.ch\/de\/wp-json\/wp\/v2\/pages\/2890\/revisions"}],"predecessor-version":[{"id":2898,"href":"https:\/\/eblum.ch\/de\/wp-json\/wp\/v2\/pages\/2890\/revisions\/2898"}],"up":[{"embeddable":true,"href":"https:\/\/eblum.ch\/de\/wp-json\/wp\/v2\/pages\/367"}],"wp:attachment":[{"href":"https:\/\/eblum.ch\/de\/wp-json\/wp\/v2\/media?parent=2890"}],"curies":[{"name":"wp","href":"https:\/\/api.w.org\/{rel}","templated":true}]}}