{"id":293,"date":"2023-08-07T12:00:00","date_gmt":"2023-08-07T10:00:00","guid":{"rendered":"https:\/\/eblum.ch\/?page_id=293"},"modified":"2023-08-07T12:00:00","modified_gmt":"2023-08-07T10:00:00","slug":"molekularbiologie-und-biochemie","status":"publish","type":"page","link":"https:\/\/eblum.ch\/de\/technologiegebiete\/molekularbiologie-und-biochemie\/","title":{"rendered":"Molekularbiologie und Biochemie"},"content":{"rendered":"\n<p>Die Molekularbiologie und Biochemie befassen sich mit den chemischen und molekularen Grundlagen lebender Organismen.<\/p>\n\n\n\n<p>Die&nbsp;<a href=\"https:\/\/de.wikipedia.org\/wiki\/Molekularbiologie\" target=\"_blank\" rel=\"noreferrer noopener\">Molekularbiologie<\/a>&nbsp;und&nbsp;<a href=\"https:\/\/de.wikipedia.org\/wiki\/Biochemie\" target=\"_blank\" rel=\"noreferrer noopener\">Biochemie<\/a>&nbsp;bilden die wissenschaftliche Grundlage f\u00fcr die moderne&nbsp;<a href=\"https:\/\/de.wikipedia.org\/wiki\/Biotechnologie\" target=\"_blank\" rel=\"noreferrer noopener\">Biotechnologie.&nbsp;<\/a>Die Molekularbiologie ist verwoben mit verschiedenen Teilgebieten des Bereichs&nbsp;<a href=\"https:\/\/eblum.ch\/technologiegebiete\/life-sciences\/\">Life Sciences<\/a>. So erkl\u00e4rt z.B. die molekulare&nbsp;<a href=\"https:\/\/de.wikipedia.org\/wiki\/Genetik\" target=\"_blank\" rel=\"noreferrer noopener\">Genetik<\/a>&nbsp;den molekularen Aufbau der Erbsubstanz DNA, wie die genetische Information (Gene) an die n\u00e4chste Generation weitergegeben wird und wie durch Genexpression, d.h. \u00dcbersetzung der DNA in Proteine, wichtige Funktionen der lebenden Zellen ausgef\u00fchrt werden. Analog beschreiben beispielsweise die molekulare Immunologie die wesentlichen Molek\u00fcle und molekularen Mechanismen der Immunabwehr oder die molekulare Neurowissenschaft jene der Signalerkennung und -verarbeitung durch die Nervenzellen. Die Biochemie \u00fcberlappt weitgehend mit der Molekularbiologie und teilweise auch mit der&nbsp;<a href=\"https:\/\/eblum.ch\/technologiegebiete\/mikrobiologie-und-zellbiologie\/\">Mikrobiologie und Zellbiologie<\/a>. Ein Fokus der Biochemie richtet sich auf Stoffwechselvorg\u00e4nge in lebenden Organismen.<\/p>\n\n\n\n<p>Erfindungen, also technische Anwendungen der Molekularbiologie und Biochemie, finden sich insbesondere in der&nbsp;<a href=\"https:\/\/eblum.ch\/technologiegebiete\/biotechnologie\/\">Biotechnologie<\/a>,&nbsp;<a href=\"https:\/\/eblum.ch\/technologiegebiete\/pharmazie\/\">Pharmazie<\/a>&nbsp;und Immunologie, siehe zugeh\u00f6rige Spezialseiten. F\u00fcr molekularbiologische und biochemische Erfindungen, wie beispielsweise Gensequenzen, gelten in verschiedenen L\u00e4ndern unterschiedliche Einschr\u00e4nkungen der Patentierbarkeit.<\/p>\n","protected":false},"excerpt":{"rendered":"<p>Die Molekularbiologie und Biochemie befassen sich mit den chemischen und molekularen Grundlagen lebender Organismen. Die&nbsp;Molekularbiologie&nbsp;und&nbsp;Biochemie&nbsp;bilden die wissenschaftliche Grundlage f\u00fcr die moderne&nbsp;Biotechnologie.&nbsp;Die Molekularbiologie ist verwoben mit verschiedenen Teilgebieten des Bereichs&nbsp;Life Sciences. So erkl\u00e4rt z.B. die molekulare&nbsp;Genetik&nbsp;den molekularen Aufbau der Erbsubstanz DNA, wie die genetische Information (Gene) an die n\u00e4chste Generation weitergegeben wird und wie durch Genexpression, &hellip; <\/p>\n<p class=\"link-more\"><a href=\"https:\/\/eblum.ch\/de\/technologiegebiete\/molekularbiologie-und-biochemie\/\" class=\"more-link\">Weiterlesen<span class=\"screen-reader-text\"> &#171;Molekularbiologie und Biochemie&#187;<\/span><\/a><\/p>\n","protected":false},"author":1,"featured_media":649,"parent":214,"menu_order":3,"comment_status":"closed","ping_status":"closed","template":"","meta":{"_acf_changed":false,"footnotes":""},"class_list":["post-293","page","type-page","status-publish","has-post-thumbnail","hentry"],"acf":[],"yoast_head":"<!-- This site is optimized with the Yoast SEO plugin v26.0 - https:\/\/yoast.com\/wordpress\/plugins\/seo\/ -->\n<title>Molekularbiologie und Biochemie - E. Blum &amp; Co. AG Patent- und Markenanw\u00e4lte Z\u00fcrich<\/title>\n<meta name=\"description\" content=\"Molekularbiologie und Biochemie - E. Blum &amp; Co. AG, Z\u00fcrich, Patentanw\u00e4lte und Markenanw\u00e4lte in Z\u00fcrich: Patente, Marken, Designs, Trademarks und alle weiteren Bereiche des Immaterialg\u00fcterrechts\" \/>\n<meta name=\"robots\" content=\"index, follow, max-snippet:-1, max-image-preview:large, max-video-preview:-1\" \/>\n<link rel=\"canonical\" href=\"https:\/\/eblum.ch\/de\/technologiegebiete\/molekularbiologie-und-biochemie\/\" \/>\n<meta property=\"og:locale\" content=\"de_DE\" \/>\n<meta property=\"og:type\" content=\"article\" \/>\n<meta property=\"og:title\" content=\"Molekularbiologie und Biochemie - E. Blum &amp; Co. AG Patent- und Markenanw\u00e4lte Z\u00fcrich\" \/>\n<meta property=\"og:description\" content=\"Molekularbiologie und Biochemie - E. Blum &amp; Co. AG, Z\u00fcrich, Patentanw\u00e4lte und Markenanw\u00e4lte in Z\u00fcrich: Patente, Marken, Designs, Trademarks und alle weiteren Bereiche des Immaterialg\u00fcterrechts\" \/>\n<meta property=\"og:url\" content=\"https:\/\/eblum.ch\/de\/technologiegebiete\/molekularbiologie-und-biochemie\/\" \/>\n<meta property=\"og:site_name\" content=\"E. Blum &amp; Co. AG Patent- und Markenanw\u00e4lte Z\u00fcrich\" \/>\n<meta property=\"og:image\" content=\"https:\/\/eblum.ch\/wp-content\/uploads\/2023\/05\/e-blum-patentanwalt-molekularbiologie.jpg\" \/>\n\t<meta property=\"og:image:width\" content=\"2000\" \/>\n\t<meta property=\"og:image:height\" content=\"2000\" \/>\n\t<meta property=\"og:image:type\" content=\"image\/jpeg\" \/>\n<meta name=\"twitter:card\" content=\"summary_large_image\" \/>\n<meta name=\"twitter:label1\" content=\"Gesch\u00e4tzte Lesezeit\" \/>\n\t<meta name=\"twitter:data1\" content=\"1\u00a0Minute\" \/>\n<script type=\"application\/ld+json\" class=\"yoast-schema-graph\">{\"@context\":\"https:\/\/schema.org\",\"@graph\":[{\"@type\":\"WebPage\",\"@id\":\"https:\/\/eblum.ch\/de\/technologiegebiete\/molekularbiologie-und-biochemie\/\",\"url\":\"https:\/\/eblum.ch\/de\/technologiegebiete\/molekularbiologie-und-biochemie\/\",\"name\":\"Molekularbiologie und Biochemie - E. Blum &amp; Co. AG Patent- und Markenanw\u00e4lte Z\u00fcrich\",\"isPartOf\":{\"@id\":\"https:\/\/eblum.ch\/de\/#website\"},\"primaryImageOfPage\":{\"@id\":\"https:\/\/eblum.ch\/de\/technologiegebiete\/molekularbiologie-und-biochemie\/#primaryimage\"},\"image\":{\"@id\":\"https:\/\/eblum.ch\/de\/technologiegebiete\/molekularbiologie-und-biochemie\/#primaryimage\"},\"thumbnailUrl\":\"https:\/\/eblum.ch\/wp-content\/uploads\/2023\/05\/e-blum-patentanwalt-molekularbiologie.jpg\",\"datePublished\":\"2023-08-07T10:00:00+00:00\",\"description\":\"Molekularbiologie und Biochemie - E. Blum & Co. AG, Z\u00fcrich, Patentanw\u00e4lte und Markenanw\u00e4lte in Z\u00fcrich: Patente, Marken, Designs, Trademarks und alle weiteren Bereiche des Immaterialg\u00fcterrechts\",\"breadcrumb\":{\"@id\":\"https:\/\/eblum.ch\/de\/technologiegebiete\/molekularbiologie-und-biochemie\/#breadcrumb\"},\"inLanguage\":\"de-CH\",\"potentialAction\":[{\"@type\":\"ReadAction\",\"target\":[\"https:\/\/eblum.ch\/de\/technologiegebiete\/molekularbiologie-und-biochemie\/\"]}]},{\"@type\":\"ImageObject\",\"inLanguage\":\"de-CH\",\"@id\":\"https:\/\/eblum.ch\/de\/technologiegebiete\/molekularbiologie-und-biochemie\/#primaryimage\",\"url\":\"https:\/\/eblum.ch\/wp-content\/uploads\/2023\/05\/e-blum-patentanwalt-molekularbiologie.jpg\",\"contentUrl\":\"https:\/\/eblum.ch\/wp-content\/uploads\/2023\/05\/e-blum-patentanwalt-molekularbiologie.jpg\",\"width\":2000,\"height\":2000},{\"@type\":\"BreadcrumbList\",\"@id\":\"https:\/\/eblum.ch\/de\/technologiegebiete\/molekularbiologie-und-biochemie\/#breadcrumb\",\"itemListElement\":[{\"@type\":\"ListItem\",\"position\":1,\"name\":\"Home\",\"item\":\"https:\/\/eblum.ch\/de\/\"},{\"@type\":\"ListItem\",\"position\":2,\"name\":\"Technologiegebiete\",\"item\":\"https:\/\/eblum.ch\/de\/technologiegebiete\/\"},{\"@type\":\"ListItem\",\"position\":3,\"name\":\"Molekularbiologie und Biochemie\"}]},{\"@type\":\"WebSite\",\"@id\":\"https:\/\/eblum.ch\/de\/#website\",\"url\":\"https:\/\/eblum.ch\/de\/\",\"name\":\"E. Blum & Co. AG Patent- und Markenanw\u00e4lte Z\u00fcrich\",\"description\":\"\",\"potentialAction\":[{\"@type\":\"SearchAction\",\"target\":{\"@type\":\"EntryPoint\",\"urlTemplate\":\"https:\/\/eblum.ch\/de\/?s={search_term_string}\"},\"query-input\":{\"@type\":\"PropertyValueSpecification\",\"valueRequired\":true,\"valueName\":\"search_term_string\"}}],\"inLanguage\":\"de-CH\"}]}<\/script>\n<!-- \/ Yoast SEO plugin. -->","yoast_head_json":{"title":"Molekularbiologie und Biochemie - E. Blum &amp; Co. AG Patent- und Markenanw\u00e4lte Z\u00fcrich","description":"Molekularbiologie und Biochemie - E. Blum & Co. AG, Z\u00fcrich, Patentanw\u00e4lte und Markenanw\u00e4lte in Z\u00fcrich: Patente, Marken, Designs, Trademarks und alle weiteren Bereiche des Immaterialg\u00fcterrechts","robots":{"index":"index","follow":"follow","max-snippet":"max-snippet:-1","max-image-preview":"max-image-preview:large","max-video-preview":"max-video-preview:-1"},"canonical":"https:\/\/eblum.ch\/de\/technologiegebiete\/molekularbiologie-und-biochemie\/","og_locale":"de_DE","og_type":"article","og_title":"Molekularbiologie und Biochemie - E. Blum &amp; Co. AG Patent- und Markenanw\u00e4lte Z\u00fcrich","og_description":"Molekularbiologie und Biochemie - E. Blum & Co. AG, Z\u00fcrich, Patentanw\u00e4lte und Markenanw\u00e4lte in Z\u00fcrich: Patente, Marken, Designs, Trademarks und alle weiteren Bereiche des Immaterialg\u00fcterrechts","og_url":"https:\/\/eblum.ch\/de\/technologiegebiete\/molekularbiologie-und-biochemie\/","og_site_name":"E. Blum &amp; Co. AG Patent- und Markenanw\u00e4lte Z\u00fcrich","og_image":[{"width":2000,"height":2000,"url":"https:\/\/eblum.ch\/wp-content\/uploads\/2023\/05\/e-blum-patentanwalt-molekularbiologie.jpg","type":"image\/jpeg"}],"twitter_card":"summary_large_image","twitter_misc":{"Gesch\u00e4tzte Lesezeit":"1\u00a0Minute"},"schema":{"@context":"https:\/\/schema.org","@graph":[{"@type":"WebPage","@id":"https:\/\/eblum.ch\/de\/technologiegebiete\/molekularbiologie-und-biochemie\/","url":"https:\/\/eblum.ch\/de\/technologiegebiete\/molekularbiologie-und-biochemie\/","name":"Molekularbiologie und Biochemie - E. Blum &amp; Co. AG Patent- und Markenanw\u00e4lte Z\u00fcrich","isPartOf":{"@id":"https:\/\/eblum.ch\/de\/#website"},"primaryImageOfPage":{"@id":"https:\/\/eblum.ch\/de\/technologiegebiete\/molekularbiologie-und-biochemie\/#primaryimage"},"image":{"@id":"https:\/\/eblum.ch\/de\/technologiegebiete\/molekularbiologie-und-biochemie\/#primaryimage"},"thumbnailUrl":"https:\/\/eblum.ch\/wp-content\/uploads\/2023\/05\/e-blum-patentanwalt-molekularbiologie.jpg","datePublished":"2023-08-07T10:00:00+00:00","description":"Molekularbiologie und Biochemie - E. Blum & Co. AG, Z\u00fcrich, Patentanw\u00e4lte und Markenanw\u00e4lte in Z\u00fcrich: Patente, Marken, Designs, Trademarks und alle weiteren Bereiche des Immaterialg\u00fcterrechts","breadcrumb":{"@id":"https:\/\/eblum.ch\/de\/technologiegebiete\/molekularbiologie-und-biochemie\/#breadcrumb"},"inLanguage":"de-CH","potentialAction":[{"@type":"ReadAction","target":["https:\/\/eblum.ch\/de\/technologiegebiete\/molekularbiologie-und-biochemie\/"]}]},{"@type":"ImageObject","inLanguage":"de-CH","@id":"https:\/\/eblum.ch\/de\/technologiegebiete\/molekularbiologie-und-biochemie\/#primaryimage","url":"https:\/\/eblum.ch\/wp-content\/uploads\/2023\/05\/e-blum-patentanwalt-molekularbiologie.jpg","contentUrl":"https:\/\/eblum.ch\/wp-content\/uploads\/2023\/05\/e-blum-patentanwalt-molekularbiologie.jpg","width":2000,"height":2000},{"@type":"BreadcrumbList","@id":"https:\/\/eblum.ch\/de\/technologiegebiete\/molekularbiologie-und-biochemie\/#breadcrumb","itemListElement":[{"@type":"ListItem","position":1,"name":"Home","item":"https:\/\/eblum.ch\/de\/"},{"@type":"ListItem","position":2,"name":"Technologiegebiete","item":"https:\/\/eblum.ch\/de\/technologiegebiete\/"},{"@type":"ListItem","position":3,"name":"Molekularbiologie und Biochemie"}]},{"@type":"WebSite","@id":"https:\/\/eblum.ch\/de\/#website","url":"https:\/\/eblum.ch\/de\/","name":"E. Blum & Co. AG Patent- und Markenanw\u00e4lte Z\u00fcrich","description":"","potentialAction":[{"@type":"SearchAction","target":{"@type":"EntryPoint","urlTemplate":"https:\/\/eblum.ch\/de\/?s={search_term_string}"},"query-input":{"@type":"PropertyValueSpecification","valueRequired":true,"valueName":"search_term_string"}}],"inLanguage":"de-CH"}]}},"_links":{"self":[{"href":"https:\/\/eblum.ch\/de\/wp-json\/wp\/v2\/pages\/293","targetHints":{"allow":["GET"]}}],"collection":[{"href":"https:\/\/eblum.ch\/de\/wp-json\/wp\/v2\/pages"}],"about":[{"href":"https:\/\/eblum.ch\/de\/wp-json\/wp\/v2\/types\/page"}],"author":[{"embeddable":true,"href":"https:\/\/eblum.ch\/de\/wp-json\/wp\/v2\/users\/1"}],"replies":[{"embeddable":true,"href":"https:\/\/eblum.ch\/de\/wp-json\/wp\/v2\/comments?post=293"}],"version-history":[{"count":4,"href":"https:\/\/eblum.ch\/de\/wp-json\/wp\/v2\/pages\/293\/revisions"}],"predecessor-version":[{"id":1484,"href":"https:\/\/eblum.ch\/de\/wp-json\/wp\/v2\/pages\/293\/revisions\/1484"}],"up":[{"embeddable":true,"href":"https:\/\/eblum.ch\/de\/wp-json\/wp\/v2\/pages\/214"}],"wp:featuredmedia":[{"embeddable":true,"href":"https:\/\/eblum.ch\/de\/wp-json\/wp\/v2\/media\/649"}],"wp:attachment":[{"href":"https:\/\/eblum.ch\/de\/wp-json\/wp\/v2\/media?parent=293"}],"curies":[{"name":"wp","href":"https:\/\/api.w.org\/{rel}","templated":true}]}}