{"id":299,"date":"2023-08-07T12:00:00","date_gmt":"2023-08-07T10:00:00","guid":{"rendered":"https:\/\/eblum.ch\/?page_id=299"},"modified":"2024-12-12T18:40:28","modified_gmt":"2024-12-12T17:40:28","slug":"pharmazie","status":"publish","type":"page","link":"https:\/\/eblum.ch\/de\/technologiegebiete\/pharmazie\/","title":{"rendered":"Pharmazie"},"content":{"rendered":"\n<p>Gesundheit und Patentrecht \u2013 das ist ein spannungsgeladenes Feld. Einerseits sollen qualitativ hochwertige, sichere und wirksame Medikamente f\u00fcr Alle zur Verf\u00fcgung stehen. Daf\u00fcr ist die&nbsp;<a href=\"https:\/\/www.swissmedic.ch\/swissmedic\/de\/home.html\" target=\"_blank\" rel=\"noreferrer noopener\">Swissmedic<\/a>&nbsp;mit Ihren&nbsp;<a href=\"https:\/\/www.swissmedic.ch\/swissmedic\/de\/home\/services\/listen_neu.html#-257211596\" target=\"_blank\" rel=\"noreferrer noopener\">Zulassungsverfahren<\/a>&nbsp;gem\u00e4ss&nbsp;<a href=\"https:\/\/www.admin.ch\/opc\/de\/classified-compilation\/20002716\/index.html\" target=\"_blank\" rel=\"noreferrer noopener\">Heilmittelgesetz<\/a>&nbsp;zust\u00e4ndig. Andererseits ist die medizinische Versorgung ein High-Tech Gebiet par excellence und verdient als solches soliden patentrechtlichen Schutz &#8211; wie jede andere Technologie auch.<\/p>\n\n\n\n<p>Hier greift das Patentgesetz ein und erm\u00f6glich Patentschutz f\u00fcr pharmazeutische Forschungsergebnisse. Allerdings wird mit zahlreichen Spezialbestimmungen&nbsp; den besonderen Interessen auf diesem Gebiet Rechnung getragen. So wird durch das Gesetz die Handlungsfreiheit von Apothekern und \u00c4rzten gesichert und die Gentechnologie besonderen Begrenzungen unterworfen. Andererseits wird durch die Einf\u00fchrung von&nbsp;<a href=\"https:\/\/www.ige.ch\/de\/etwas-schuetzen\/patente\/nach-der-erteilung\/ergaenzendes-schutzzertifikat.html\" target=\"_blank\" rel=\"noreferrer noopener\">Erg\u00e4nzenden Schutzzertifikaten<\/a>&nbsp;f\u00fcr regulierte Produkte wie Medikamente der Patentschutz \u00fcber die regul\u00e4ren 20 Jahre hinaus verl\u00e4ngert.<\/p>\n\n\n\n<p>Zu bedenken ist ferner, dass Patentverletzungen im Bereich Pharmazie besonders kostspielig sind; der Widerstreit zwischen&nbsp;<a href=\"https:\/\/de.wikipedia.org\/wiki\/Generikum\" target=\"_blank\" rel=\"noreferrer noopener\">Generika<\/a>&nbsp;und&nbsp;<a href=\"https:\/\/de.wikipedia.org\/wiki\/Originalpr%C3%A4parat\" target=\"_blank\" rel=\"noreferrer noopener\">Originatoren<\/a>&nbsp;spiegelt sich in zahlreichen Verletzungsprozessen wider. Diese werden durch die Instanzen ausgefochten, oft sowohl in der Schweiz als auch parallel dazu im Ausland. Ein koordiniertes Vorgehen, eine genaue Kenntnis der Gesetzeslage und Erfahrung vor Gericht sind f\u00fcr ein erfolgreiches Vorgehen unverzichtbar.<\/p>\n\n\n\n<p>Wir verf\u00fcgen \u00fcber ausgewiesene Erfahrung im Bereich Pharmazie; im Bereich der Patenterteilung genauso wie beim Thema der Erg\u00e4nzenden Schutzzertifikate und in streitigen F\u00e4llen vor dem Bundespatentgericht. Kontaktieren Sie uns, egal ob Sie eine Erfindung f\u00fcr neue klinische Anwendungen im Blick haben, den Parallelimport von Medikamenten erw\u00e4gen, eine neue Zulassung der Swissmedic vorliegt oder ein Streitfall im Raum steht.<\/p>\n","protected":false},"excerpt":{"rendered":"<p>Gesundheit und Patentrecht \u2013 das ist ein spannungsgeladenes Feld. Einerseits sollen qualitativ hochwertige, sichere und wirksame Medikamente f\u00fcr Alle zur Verf\u00fcgung stehen. Daf\u00fcr ist die&nbsp;Swissmedic&nbsp;mit Ihren&nbsp;Zulassungsverfahren&nbsp;gem\u00e4ss&nbsp;Heilmittelgesetz&nbsp;zust\u00e4ndig. Andererseits ist die medizinische Versorgung ein High-Tech Gebiet par excellence und verdient als solches soliden patentrechtlichen Schutz &#8211; wie jede andere Technologie auch. Hier greift das Patentgesetz ein und &hellip; <\/p>\n<p class=\"link-more\"><a href=\"https:\/\/eblum.ch\/de\/technologiegebiete\/pharmazie\/\" class=\"more-link\">Weiterlesen<span class=\"screen-reader-text\"> &#171;Pharmazie&#187;<\/span><\/a><\/p>\n","protected":false},"author":1,"featured_media":655,"parent":214,"menu_order":3,"comment_status":"closed","ping_status":"closed","template":"","meta":{"_acf_changed":false,"footnotes":""},"class_list":["post-299","page","type-page","status-publish","has-post-thumbnail","hentry"],"acf":[],"yoast_head":"<!-- This site is optimized with the Yoast SEO plugin v26.0 - https:\/\/yoast.com\/wordpress\/plugins\/seo\/ -->\n<title>Pharmazie - E. Blum &amp; Co. AG Patent- und Markenanw\u00e4lte Z\u00fcrich<\/title>\n<meta name=\"description\" content=\"Pharmazie - E. Blum &amp; Co. AG, Z\u00fcrich, Patentanw\u00e4lte und Markenanw\u00e4lte in Z\u00fcrich: Patente, Marken, Designs, Trademarks und alle weiteren Bereiche des Immaterialg\u00fcterrechts\" \/>\n<meta name=\"robots\" content=\"index, follow, max-snippet:-1, max-image-preview:large, max-video-preview:-1\" \/>\n<link rel=\"canonical\" href=\"https:\/\/eblum.ch\/de\/technologiegebiete\/pharmazie\/\" \/>\n<meta property=\"og:locale\" content=\"de_DE\" \/>\n<meta property=\"og:type\" content=\"article\" \/>\n<meta property=\"og:title\" content=\"Pharmazie - E. Blum &amp; Co. AG Patent- und Markenanw\u00e4lte Z\u00fcrich\" \/>\n<meta property=\"og:description\" content=\"Pharmazie - E. Blum &amp; Co. AG, Z\u00fcrich, Patentanw\u00e4lte und Markenanw\u00e4lte in Z\u00fcrich: Patente, Marken, Designs, Trademarks und alle weiteren Bereiche des Immaterialg\u00fcterrechts\" \/>\n<meta property=\"og:url\" content=\"https:\/\/eblum.ch\/de\/technologiegebiete\/pharmazie\/\" \/>\n<meta property=\"og:site_name\" content=\"E. Blum &amp; Co. AG Patent- und Markenanw\u00e4lte Z\u00fcrich\" \/>\n<meta property=\"article:modified_time\" content=\"2024-12-12T17:40:28+00:00\" \/>\n<meta property=\"og:image\" content=\"https:\/\/eblum.ch\/wp-content\/uploads\/2023\/05\/e-blum-patentanwalt-pharmazie-1024x1024.jpg\" \/>\n\t<meta property=\"og:image:width\" content=\"1024\" \/>\n\t<meta property=\"og:image:height\" content=\"1024\" \/>\n\t<meta property=\"og:image:type\" content=\"image\/jpeg\" \/>\n<meta name=\"twitter:card\" content=\"summary_large_image\" \/>\n<meta name=\"twitter:label1\" content=\"Gesch\u00e4tzte Lesezeit\" \/>\n\t<meta name=\"twitter:data1\" content=\"2\u00a0Minuten\" \/>\n<script type=\"application\/ld+json\" class=\"yoast-schema-graph\">{\"@context\":\"https:\/\/schema.org\",\"@graph\":[{\"@type\":\"WebPage\",\"@id\":\"https:\/\/eblum.ch\/de\/technologiegebiete\/pharmazie\/\",\"url\":\"https:\/\/eblum.ch\/de\/technologiegebiete\/pharmazie\/\",\"name\":\"Pharmazie - E. Blum &amp; Co. AG Patent- und Markenanw\u00e4lte Z\u00fcrich\",\"isPartOf\":{\"@id\":\"https:\/\/eblum.ch\/de\/#website\"},\"primaryImageOfPage\":{\"@id\":\"https:\/\/eblum.ch\/de\/technologiegebiete\/pharmazie\/#primaryimage\"},\"image\":{\"@id\":\"https:\/\/eblum.ch\/de\/technologiegebiete\/pharmazie\/#primaryimage\"},\"thumbnailUrl\":\"https:\/\/eblum.ch\/wp-content\/uploads\/2023\/05\/e-blum-patentanwalt-pharmazie.jpg\",\"datePublished\":\"2023-08-07T10:00:00+00:00\",\"dateModified\":\"2024-12-12T17:40:28+00:00\",\"description\":\"Pharmazie - E. Blum & Co. AG, Z\u00fcrich, Patentanw\u00e4lte und Markenanw\u00e4lte in Z\u00fcrich: Patente, Marken, Designs, Trademarks und alle weiteren Bereiche des Immaterialg\u00fcterrechts\",\"breadcrumb\":{\"@id\":\"https:\/\/eblum.ch\/de\/technologiegebiete\/pharmazie\/#breadcrumb\"},\"inLanguage\":\"de-CH\",\"potentialAction\":[{\"@type\":\"ReadAction\",\"target\":[\"https:\/\/eblum.ch\/de\/technologiegebiete\/pharmazie\/\"]}]},{\"@type\":\"ImageObject\",\"inLanguage\":\"de-CH\",\"@id\":\"https:\/\/eblum.ch\/de\/technologiegebiete\/pharmazie\/#primaryimage\",\"url\":\"https:\/\/eblum.ch\/wp-content\/uploads\/2023\/05\/e-blum-patentanwalt-pharmazie.jpg\",\"contentUrl\":\"https:\/\/eblum.ch\/wp-content\/uploads\/2023\/05\/e-blum-patentanwalt-pharmazie.jpg\",\"width\":2000,\"height\":2000},{\"@type\":\"BreadcrumbList\",\"@id\":\"https:\/\/eblum.ch\/de\/technologiegebiete\/pharmazie\/#breadcrumb\",\"itemListElement\":[{\"@type\":\"ListItem\",\"position\":1,\"name\":\"Home\",\"item\":\"https:\/\/eblum.ch\/de\/\"},{\"@type\":\"ListItem\",\"position\":2,\"name\":\"Technologiegebiete\",\"item\":\"https:\/\/eblum.ch\/de\/technologiegebiete\/\"},{\"@type\":\"ListItem\",\"position\":3,\"name\":\"Pharmazie\"}]},{\"@type\":\"WebSite\",\"@id\":\"https:\/\/eblum.ch\/de\/#website\",\"url\":\"https:\/\/eblum.ch\/de\/\",\"name\":\"E. Blum & Co. AG Patent- und Markenanw\u00e4lte Z\u00fcrich\",\"description\":\"\",\"potentialAction\":[{\"@type\":\"SearchAction\",\"target\":{\"@type\":\"EntryPoint\",\"urlTemplate\":\"https:\/\/eblum.ch\/de\/?s={search_term_string}\"},\"query-input\":{\"@type\":\"PropertyValueSpecification\",\"valueRequired\":true,\"valueName\":\"search_term_string\"}}],\"inLanguage\":\"de-CH\"}]}<\/script>\n<!-- \/ Yoast SEO plugin. -->","yoast_head_json":{"title":"Pharmazie - E. Blum &amp; Co. AG Patent- und Markenanw\u00e4lte Z\u00fcrich","description":"Pharmazie - E. Blum & Co. AG, Z\u00fcrich, Patentanw\u00e4lte und Markenanw\u00e4lte in Z\u00fcrich: Patente, Marken, Designs, Trademarks und alle weiteren Bereiche des Immaterialg\u00fcterrechts","robots":{"index":"index","follow":"follow","max-snippet":"max-snippet:-1","max-image-preview":"max-image-preview:large","max-video-preview":"max-video-preview:-1"},"canonical":"https:\/\/eblum.ch\/de\/technologiegebiete\/pharmazie\/","og_locale":"de_DE","og_type":"article","og_title":"Pharmazie - E. Blum &amp; Co. AG Patent- und Markenanw\u00e4lte Z\u00fcrich","og_description":"Pharmazie - E. Blum & Co. AG, Z\u00fcrich, Patentanw\u00e4lte und Markenanw\u00e4lte in Z\u00fcrich: Patente, Marken, Designs, Trademarks und alle weiteren Bereiche des Immaterialg\u00fcterrechts","og_url":"https:\/\/eblum.ch\/de\/technologiegebiete\/pharmazie\/","og_site_name":"E. Blum &amp; Co. AG Patent- und Markenanw\u00e4lte Z\u00fcrich","article_modified_time":"2024-12-12T17:40:28+00:00","og_image":[{"width":1024,"height":1024,"url":"https:\/\/eblum.ch\/wp-content\/uploads\/2023\/05\/e-blum-patentanwalt-pharmazie-1024x1024.jpg","type":"image\/jpeg"}],"twitter_card":"summary_large_image","twitter_misc":{"Gesch\u00e4tzte Lesezeit":"2\u00a0Minuten"},"schema":{"@context":"https:\/\/schema.org","@graph":[{"@type":"WebPage","@id":"https:\/\/eblum.ch\/de\/technologiegebiete\/pharmazie\/","url":"https:\/\/eblum.ch\/de\/technologiegebiete\/pharmazie\/","name":"Pharmazie - E. Blum &amp; Co. AG Patent- und Markenanw\u00e4lte Z\u00fcrich","isPartOf":{"@id":"https:\/\/eblum.ch\/de\/#website"},"primaryImageOfPage":{"@id":"https:\/\/eblum.ch\/de\/technologiegebiete\/pharmazie\/#primaryimage"},"image":{"@id":"https:\/\/eblum.ch\/de\/technologiegebiete\/pharmazie\/#primaryimage"},"thumbnailUrl":"https:\/\/eblum.ch\/wp-content\/uploads\/2023\/05\/e-blum-patentanwalt-pharmazie.jpg","datePublished":"2023-08-07T10:00:00+00:00","dateModified":"2024-12-12T17:40:28+00:00","description":"Pharmazie - E. Blum & Co. AG, Z\u00fcrich, Patentanw\u00e4lte und Markenanw\u00e4lte in Z\u00fcrich: Patente, Marken, Designs, Trademarks und alle weiteren Bereiche des Immaterialg\u00fcterrechts","breadcrumb":{"@id":"https:\/\/eblum.ch\/de\/technologiegebiete\/pharmazie\/#breadcrumb"},"inLanguage":"de-CH","potentialAction":[{"@type":"ReadAction","target":["https:\/\/eblum.ch\/de\/technologiegebiete\/pharmazie\/"]}]},{"@type":"ImageObject","inLanguage":"de-CH","@id":"https:\/\/eblum.ch\/de\/technologiegebiete\/pharmazie\/#primaryimage","url":"https:\/\/eblum.ch\/wp-content\/uploads\/2023\/05\/e-blum-patentanwalt-pharmazie.jpg","contentUrl":"https:\/\/eblum.ch\/wp-content\/uploads\/2023\/05\/e-blum-patentanwalt-pharmazie.jpg","width":2000,"height":2000},{"@type":"BreadcrumbList","@id":"https:\/\/eblum.ch\/de\/technologiegebiete\/pharmazie\/#breadcrumb","itemListElement":[{"@type":"ListItem","position":1,"name":"Home","item":"https:\/\/eblum.ch\/de\/"},{"@type":"ListItem","position":2,"name":"Technologiegebiete","item":"https:\/\/eblum.ch\/de\/technologiegebiete\/"},{"@type":"ListItem","position":3,"name":"Pharmazie"}]},{"@type":"WebSite","@id":"https:\/\/eblum.ch\/de\/#website","url":"https:\/\/eblum.ch\/de\/","name":"E. Blum & Co. AG Patent- und Markenanw\u00e4lte Z\u00fcrich","description":"","potentialAction":[{"@type":"SearchAction","target":{"@type":"EntryPoint","urlTemplate":"https:\/\/eblum.ch\/de\/?s={search_term_string}"},"query-input":{"@type":"PropertyValueSpecification","valueRequired":true,"valueName":"search_term_string"}}],"inLanguage":"de-CH"}]}},"_links":{"self":[{"href":"https:\/\/eblum.ch\/de\/wp-json\/wp\/v2\/pages\/299","targetHints":{"allow":["GET"]}}],"collection":[{"href":"https:\/\/eblum.ch\/de\/wp-json\/wp\/v2\/pages"}],"about":[{"href":"https:\/\/eblum.ch\/de\/wp-json\/wp\/v2\/types\/page"}],"author":[{"embeddable":true,"href":"https:\/\/eblum.ch\/de\/wp-json\/wp\/v2\/users\/1"}],"replies":[{"embeddable":true,"href":"https:\/\/eblum.ch\/de\/wp-json\/wp\/v2\/comments?post=299"}],"version-history":[{"count":3,"href":"https:\/\/eblum.ch\/de\/wp-json\/wp\/v2\/pages\/299\/revisions"}],"predecessor-version":[{"id":3289,"href":"https:\/\/eblum.ch\/de\/wp-json\/wp\/v2\/pages\/299\/revisions\/3289"}],"up":[{"embeddable":true,"href":"https:\/\/eblum.ch\/de\/wp-json\/wp\/v2\/pages\/214"}],"wp:featuredmedia":[{"embeddable":true,"href":"https:\/\/eblum.ch\/de\/wp-json\/wp\/v2\/media\/655"}],"wp:attachment":[{"href":"https:\/\/eblum.ch\/de\/wp-json\/wp\/v2\/media?parent=299"}],"curies":[{"name":"wp","href":"https:\/\/api.w.org\/{rel}","templated":true}]}}