{"id":303,"date":"2023-08-07T12:00:00","date_gmt":"2023-08-07T10:00:00","guid":{"rendered":"https:\/\/eblum.ch\/?page_id=303"},"modified":"2024-03-01T10:44:54","modified_gmt":"2024-03-01T09:44:54","slug":"quantencomputer-bzw-quantenprozessoren","status":"publish","type":"page","link":"https:\/\/eblum.ch\/de\/technologiegebiete\/quantencomputer-bzw-quantenprozessoren\/","title":{"rendered":"Quantencomputer bzw. Quantenprozessoren"},"content":{"rendered":"\n<p>Die j\u00fcngsten Fortschritte bei den&nbsp;<a href=\"https:\/\/de.wikipedia.org\/wiki\/Quantencomputer\" target=\"_blank\" rel=\"noreferrer noopener\">Quantencomputern<\/a> (Quantenprozessoren) machen diese Technologie auch f\u00fcr industrielle Anwendungen relevant. Quantencomputer nutzen quantenmechanische Ph\u00e4nomene wie \u00dcberlagerung und Verschr\u00e4nkung, um Operationen an verschr\u00e4nkten Quantenbits (qubits) durchzuf\u00fchren, d.h. Informationen, die in Quantenzust\u00e4nden gespeichert sind. Supraleitende Schaltungen sind mit aktuellen Technologien relativ einfach herzustellen und daher vielversprechende Kandidaten f\u00fcr die weitere Skalierung von Quanteninformations-Technologien. In naher Zukunft wird ein kleiner Quantencomputer, der auf einigen hundert supraleitenden Qubits mit Fehlerreduzierung oder begrenzter Fehlerkorrektur basiert, in der Lage sein, mathematische Probleme zu l\u00f6sen, die f\u00fcr konventionelle Computer un\u00fcberwindbar sind.<\/p>\n\n\n\n<p>M\u00f6gliche Anwendungen auf Quantencomputern sind die L\u00f6sung von komplexen Optimierungsproblemen, die ausserhalb der Reichweite klassischer Algorithmen liegen. So sind beispielsweise Quantenoptimierungen nach dem Variationsprinzip besonders attraktiv. Insbesondere k\u00f6nnen Anwendungen in der Quantenchemie, in der Metrologie oder effiziente Fehlersyndrom-Messungen in Fehlerkorrekturcodes in Betracht gezogen werden.<\/p>\n\n\n\n<p>Siehe auch&nbsp;<a href=\"https:\/\/eblum.ch\/wp-content\/uploads\/2023\/06\/e-blum-patentanwalt-markenanwalt-patent-protection-of-quantum-computing.pdf\" target=\"_blank\" rel=\"noreferrer noopener\">Patent protection of quantum computing<\/a><\/p>\n","protected":false},"excerpt":{"rendered":"<p>Die j\u00fcngsten Fortschritte bei den&nbsp;Quantencomputern (Quantenprozessoren) machen diese Technologie auch f\u00fcr industrielle Anwendungen relevant. Quantencomputer nutzen quantenmechanische Ph\u00e4nomene wie \u00dcberlagerung und Verschr\u00e4nkung, um Operationen an verschr\u00e4nkten Quantenbits (qubits) durchzuf\u00fchren, d.h. Informationen, die in Quantenzust\u00e4nden gespeichert sind. Supraleitende Schaltungen sind mit aktuellen Technologien relativ einfach herzustellen und daher vielversprechende Kandidaten f\u00fcr die weitere Skalierung von Quanteninformations-Technologien. &hellip; <\/p>\n<p class=\"link-more\"><a href=\"https:\/\/eblum.ch\/de\/technologiegebiete\/quantencomputer-bzw-quantenprozessoren\/\" class=\"more-link\">Weiterlesen<span class=\"screen-reader-text\"> &#171;Quantencomputer bzw. Quantenprozessoren&#187;<\/span><\/a><\/p>\n","protected":false},"author":1,"featured_media":659,"parent":214,"menu_order":3,"comment_status":"closed","ping_status":"closed","template":"","meta":{"_acf_changed":false,"footnotes":""},"class_list":["post-303","page","type-page","status-publish","has-post-thumbnail","hentry"],"acf":[],"yoast_head":"<!-- This site is optimized with the Yoast SEO plugin v26.0 - https:\/\/yoast.com\/wordpress\/plugins\/seo\/ -->\n<title>Quantencomputer bzw. Quantenprozessoren - E. Blum &amp; Co. AG Patent- und Markenanw\u00e4lte Z\u00fcrich<\/title>\n<meta name=\"description\" content=\"Quantencomputer bzw. Quantenprozessoren - E. Blum &amp; Co. AG, Z\u00fcrich, Patentanw\u00e4lte und Markenanw\u00e4lte in Z\u00fcrich: Patente, Marken, Designs, Trademarks und alle weiteren Bereiche des Immaterialg\u00fcterrechts\" \/>\n<meta name=\"robots\" content=\"index, follow, max-snippet:-1, max-image-preview:large, max-video-preview:-1\" \/>\n<link rel=\"canonical\" href=\"https:\/\/eblum.ch\/de\/technologiegebiete\/quantencomputer-bzw-quantenprozessoren\/\" \/>\n<meta property=\"og:locale\" content=\"de_DE\" \/>\n<meta property=\"og:type\" content=\"article\" \/>\n<meta property=\"og:title\" content=\"Quantencomputer bzw. Quantenprozessoren - E. Blum &amp; Co. AG Patent- und Markenanw\u00e4lte Z\u00fcrich\" \/>\n<meta property=\"og:description\" content=\"Quantencomputer bzw. Quantenprozessoren - E. Blum &amp; Co. AG, Z\u00fcrich, Patentanw\u00e4lte und Markenanw\u00e4lte in Z\u00fcrich: Patente, Marken, Designs, Trademarks und alle weiteren Bereiche des Immaterialg\u00fcterrechts\" \/>\n<meta property=\"og:url\" content=\"https:\/\/eblum.ch\/de\/technologiegebiete\/quantencomputer-bzw-quantenprozessoren\/\" \/>\n<meta property=\"og:site_name\" content=\"E. Blum &amp; Co. AG Patent- und Markenanw\u00e4lte Z\u00fcrich\" \/>\n<meta property=\"article:modified_time\" content=\"2024-03-01T09:44:54+00:00\" \/>\n<meta property=\"og:image\" content=\"https:\/\/eblum.ch\/wp-content\/uploads\/2023\/05\/e-blum-patentanwalt-quantum-computing-1024x1024.jpg\" \/>\n\t<meta property=\"og:image:width\" content=\"1024\" \/>\n\t<meta property=\"og:image:height\" content=\"1024\" \/>\n\t<meta property=\"og:image:type\" content=\"image\/jpeg\" \/>\n<meta name=\"twitter:card\" content=\"summary_large_image\" \/>\n<meta name=\"twitter:label1\" content=\"Gesch\u00e4tzte Lesezeit\" \/>\n\t<meta name=\"twitter:data1\" content=\"1\u00a0Minute\" \/>\n<script type=\"application\/ld+json\" class=\"yoast-schema-graph\">{\"@context\":\"https:\/\/schema.org\",\"@graph\":[{\"@type\":\"WebPage\",\"@id\":\"https:\/\/eblum.ch\/de\/technologiegebiete\/quantencomputer-bzw-quantenprozessoren\/\",\"url\":\"https:\/\/eblum.ch\/de\/technologiegebiete\/quantencomputer-bzw-quantenprozessoren\/\",\"name\":\"Quantencomputer bzw. Quantenprozessoren - E. Blum &amp; Co. AG Patent- und Markenanw\u00e4lte Z\u00fcrich\",\"isPartOf\":{\"@id\":\"https:\/\/eblum.ch\/de\/#website\"},\"primaryImageOfPage\":{\"@id\":\"https:\/\/eblum.ch\/de\/technologiegebiete\/quantencomputer-bzw-quantenprozessoren\/#primaryimage\"},\"image\":{\"@id\":\"https:\/\/eblum.ch\/de\/technologiegebiete\/quantencomputer-bzw-quantenprozessoren\/#primaryimage\"},\"thumbnailUrl\":\"https:\/\/eblum.ch\/wp-content\/uploads\/2023\/05\/e-blum-patentanwalt-quantum-computing.jpg\",\"datePublished\":\"2023-08-07T10:00:00+00:00\",\"dateModified\":\"2024-03-01T09:44:54+00:00\",\"description\":\"Quantencomputer bzw. Quantenprozessoren - E. Blum & Co. AG, Z\u00fcrich, Patentanw\u00e4lte und Markenanw\u00e4lte in Z\u00fcrich: Patente, Marken, Designs, Trademarks und alle weiteren Bereiche des Immaterialg\u00fcterrechts\",\"breadcrumb\":{\"@id\":\"https:\/\/eblum.ch\/de\/technologiegebiete\/quantencomputer-bzw-quantenprozessoren\/#breadcrumb\"},\"inLanguage\":\"de-CH\",\"potentialAction\":[{\"@type\":\"ReadAction\",\"target\":[\"https:\/\/eblum.ch\/de\/technologiegebiete\/quantencomputer-bzw-quantenprozessoren\/\"]}]},{\"@type\":\"ImageObject\",\"inLanguage\":\"de-CH\",\"@id\":\"https:\/\/eblum.ch\/de\/technologiegebiete\/quantencomputer-bzw-quantenprozessoren\/#primaryimage\",\"url\":\"https:\/\/eblum.ch\/wp-content\/uploads\/2023\/05\/e-blum-patentanwalt-quantum-computing.jpg\",\"contentUrl\":\"https:\/\/eblum.ch\/wp-content\/uploads\/2023\/05\/e-blum-patentanwalt-quantum-computing.jpg\",\"width\":2000,\"height\":2000},{\"@type\":\"BreadcrumbList\",\"@id\":\"https:\/\/eblum.ch\/de\/technologiegebiete\/quantencomputer-bzw-quantenprozessoren\/#breadcrumb\",\"itemListElement\":[{\"@type\":\"ListItem\",\"position\":1,\"name\":\"Home\",\"item\":\"https:\/\/eblum.ch\/de\/\"},{\"@type\":\"ListItem\",\"position\":2,\"name\":\"Technologiegebiete\",\"item\":\"https:\/\/eblum.ch\/de\/technologiegebiete\/\"},{\"@type\":\"ListItem\",\"position\":3,\"name\":\"Quantencomputer bzw. Quantenprozessoren\"}]},{\"@type\":\"WebSite\",\"@id\":\"https:\/\/eblum.ch\/de\/#website\",\"url\":\"https:\/\/eblum.ch\/de\/\",\"name\":\"E. Blum & Co. AG Patent- und Markenanw\u00e4lte Z\u00fcrich\",\"description\":\"\",\"potentialAction\":[{\"@type\":\"SearchAction\",\"target\":{\"@type\":\"EntryPoint\",\"urlTemplate\":\"https:\/\/eblum.ch\/de\/?s={search_term_string}\"},\"query-input\":{\"@type\":\"PropertyValueSpecification\",\"valueRequired\":true,\"valueName\":\"search_term_string\"}}],\"inLanguage\":\"de-CH\"}]}<\/script>\n<!-- \/ Yoast SEO plugin. -->","yoast_head_json":{"title":"Quantencomputer bzw. Quantenprozessoren - E. Blum &amp; Co. AG Patent- und Markenanw\u00e4lte Z\u00fcrich","description":"Quantencomputer bzw. Quantenprozessoren - E. Blum & Co. AG, Z\u00fcrich, Patentanw\u00e4lte und Markenanw\u00e4lte in Z\u00fcrich: Patente, Marken, Designs, Trademarks und alle weiteren Bereiche des Immaterialg\u00fcterrechts","robots":{"index":"index","follow":"follow","max-snippet":"max-snippet:-1","max-image-preview":"max-image-preview:large","max-video-preview":"max-video-preview:-1"},"canonical":"https:\/\/eblum.ch\/de\/technologiegebiete\/quantencomputer-bzw-quantenprozessoren\/","og_locale":"de_DE","og_type":"article","og_title":"Quantencomputer bzw. Quantenprozessoren - E. Blum &amp; Co. AG Patent- und Markenanw\u00e4lte Z\u00fcrich","og_description":"Quantencomputer bzw. Quantenprozessoren - E. Blum & Co. AG, Z\u00fcrich, Patentanw\u00e4lte und Markenanw\u00e4lte in Z\u00fcrich: Patente, Marken, Designs, Trademarks und alle weiteren Bereiche des Immaterialg\u00fcterrechts","og_url":"https:\/\/eblum.ch\/de\/technologiegebiete\/quantencomputer-bzw-quantenprozessoren\/","og_site_name":"E. Blum &amp; Co. AG Patent- und Markenanw\u00e4lte Z\u00fcrich","article_modified_time":"2024-03-01T09:44:54+00:00","og_image":[{"width":1024,"height":1024,"url":"https:\/\/eblum.ch\/wp-content\/uploads\/2023\/05\/e-blum-patentanwalt-quantum-computing-1024x1024.jpg","type":"image\/jpeg"}],"twitter_card":"summary_large_image","twitter_misc":{"Gesch\u00e4tzte Lesezeit":"1\u00a0Minute"},"schema":{"@context":"https:\/\/schema.org","@graph":[{"@type":"WebPage","@id":"https:\/\/eblum.ch\/de\/technologiegebiete\/quantencomputer-bzw-quantenprozessoren\/","url":"https:\/\/eblum.ch\/de\/technologiegebiete\/quantencomputer-bzw-quantenprozessoren\/","name":"Quantencomputer bzw. Quantenprozessoren - E. Blum &amp; Co. AG Patent- und Markenanw\u00e4lte Z\u00fcrich","isPartOf":{"@id":"https:\/\/eblum.ch\/de\/#website"},"primaryImageOfPage":{"@id":"https:\/\/eblum.ch\/de\/technologiegebiete\/quantencomputer-bzw-quantenprozessoren\/#primaryimage"},"image":{"@id":"https:\/\/eblum.ch\/de\/technologiegebiete\/quantencomputer-bzw-quantenprozessoren\/#primaryimage"},"thumbnailUrl":"https:\/\/eblum.ch\/wp-content\/uploads\/2023\/05\/e-blum-patentanwalt-quantum-computing.jpg","datePublished":"2023-08-07T10:00:00+00:00","dateModified":"2024-03-01T09:44:54+00:00","description":"Quantencomputer bzw. Quantenprozessoren - E. Blum & Co. AG, Z\u00fcrich, Patentanw\u00e4lte und Markenanw\u00e4lte in Z\u00fcrich: Patente, Marken, Designs, Trademarks und alle weiteren Bereiche des Immaterialg\u00fcterrechts","breadcrumb":{"@id":"https:\/\/eblum.ch\/de\/technologiegebiete\/quantencomputer-bzw-quantenprozessoren\/#breadcrumb"},"inLanguage":"de-CH","potentialAction":[{"@type":"ReadAction","target":["https:\/\/eblum.ch\/de\/technologiegebiete\/quantencomputer-bzw-quantenprozessoren\/"]}]},{"@type":"ImageObject","inLanguage":"de-CH","@id":"https:\/\/eblum.ch\/de\/technologiegebiete\/quantencomputer-bzw-quantenprozessoren\/#primaryimage","url":"https:\/\/eblum.ch\/wp-content\/uploads\/2023\/05\/e-blum-patentanwalt-quantum-computing.jpg","contentUrl":"https:\/\/eblum.ch\/wp-content\/uploads\/2023\/05\/e-blum-patentanwalt-quantum-computing.jpg","width":2000,"height":2000},{"@type":"BreadcrumbList","@id":"https:\/\/eblum.ch\/de\/technologiegebiete\/quantencomputer-bzw-quantenprozessoren\/#breadcrumb","itemListElement":[{"@type":"ListItem","position":1,"name":"Home","item":"https:\/\/eblum.ch\/de\/"},{"@type":"ListItem","position":2,"name":"Technologiegebiete","item":"https:\/\/eblum.ch\/de\/technologiegebiete\/"},{"@type":"ListItem","position":3,"name":"Quantencomputer bzw. Quantenprozessoren"}]},{"@type":"WebSite","@id":"https:\/\/eblum.ch\/de\/#website","url":"https:\/\/eblum.ch\/de\/","name":"E. Blum & Co. AG Patent- und Markenanw\u00e4lte Z\u00fcrich","description":"","potentialAction":[{"@type":"SearchAction","target":{"@type":"EntryPoint","urlTemplate":"https:\/\/eblum.ch\/de\/?s={search_term_string}"},"query-input":{"@type":"PropertyValueSpecification","valueRequired":true,"valueName":"search_term_string"}}],"inLanguage":"de-CH"}]}},"_links":{"self":[{"href":"https:\/\/eblum.ch\/de\/wp-json\/wp\/v2\/pages\/303","targetHints":{"allow":["GET"]}}],"collection":[{"href":"https:\/\/eblum.ch\/de\/wp-json\/wp\/v2\/pages"}],"about":[{"href":"https:\/\/eblum.ch\/de\/wp-json\/wp\/v2\/types\/page"}],"author":[{"embeddable":true,"href":"https:\/\/eblum.ch\/de\/wp-json\/wp\/v2\/users\/1"}],"replies":[{"embeddable":true,"href":"https:\/\/eblum.ch\/de\/wp-json\/wp\/v2\/comments?post=303"}],"version-history":[{"count":7,"href":"https:\/\/eblum.ch\/de\/wp-json\/wp\/v2\/pages\/303\/revisions"}],"predecessor-version":[{"id":2777,"href":"https:\/\/eblum.ch\/de\/wp-json\/wp\/v2\/pages\/303\/revisions\/2777"}],"up":[{"embeddable":true,"href":"https:\/\/eblum.ch\/de\/wp-json\/wp\/v2\/pages\/214"}],"wp:featuredmedia":[{"embeddable":true,"href":"https:\/\/eblum.ch\/de\/wp-json\/wp\/v2\/media\/659"}],"wp:attachment":[{"href":"https:\/\/eblum.ch\/de\/wp-json\/wp\/v2\/media?parent=303"}],"curies":[{"name":"wp","href":"https:\/\/api.w.org\/{rel}","templated":true}]}}