{"id":3065,"date":"2024-08-27T09:54:11","date_gmt":"2024-08-27T07:54:11","guid":{"rendered":"https:\/\/eblum.ch\/?page_id=3065"},"modified":"2025-08-06T15:35:22","modified_gmt":"2025-08-06T13:35:22","slug":"kostenlose-erstberatung-buchen","status":"publish","type":"page","link":"https:\/\/eblum.ch\/de\/kostenlose-erstberatung-buchen\/","title":{"rendered":"Kostenlose Erstberatung buchen"},"content":{"rendered":"\n<p>Buchen Sie jetzt ein kostenloses und unverbindliches Online-Erstgespr\u00e4ch und finden Sie heraus, wie wir Sie am besten unterst\u00fctzen k\u00f6nnen.<br><\/p>\n\n\n\n<div class=\"wp-block-buttons is-content-justification-center is-layout-flex wp-container-core-buttons-is-layout-16018d1d wp-block-buttons-is-layout-flex\">\n<div class=\"wp-block-button has-custom-width wp-block-button__width-100\"><a class=\"wp-block-button__link has-background wp-element-button\" href=\"https:\/\/calendly.com\/consultation-eblum\/20-min-patent-de\" style=\"background-color:#0c4070\" target=\"_blank\" rel=\"noreferrer noopener\">Kostenlose Erstberatung mit einem Patentanwalt buchen<\/a><\/div>\n\n\n\n<div class=\"wp-block-button has-custom-width wp-block-button__width-100\"><a class=\"wp-block-button__link has-background wp-element-button\" href=\"https:\/\/calendly.com\/consultation-eblum\/20-min-marken-de\" style=\"background-color:#0c4070\" target=\"_blank\" rel=\"noreferrer noopener\">Kostenlose Erstberatung mit einem Markenanwalt buchen<\/a><\/div>\n\n\n\n<div class=\"wp-block-button has-custom-width wp-block-button__width-100\"><a class=\"wp-block-button__link has-background wp-element-button\" href=\"https:\/\/calendly.com\/consultation-eblum\/20-min-firmengrundung\" style=\"background-color:#0c4070\" target=\"_blank\" rel=\"noreferrer noopener\">Kostenlose Erstberatung zur Firmengr\u00fcndung buchen<\/a><\/div>\n<\/div>\n\n\n\n<p class=\"has-small-font-size\"><br><\/p>\n\n\n\n<p class=\"has-small-font-size\">Diese Beratungsgespr\u00e4che werden als kostenlose Erstberatungen mit dem Ziel einer ersten Einordnung und Orientierung hinsichtlich der sich stellenden tats\u00e4chlichen und rechtlichen Fragen im Zusammenhang mit Ihrem Anliegen angeboten. Als solche begr\u00fcnden sie kein anwaltliches Mandatsverh\u00e4ltnis, erfolgen ohne jegliche Gew\u00e4hr, und ersetzen insbesondere nicht eine umfassende Beratung im Rahmen eines allf\u00e4lligen erteilten Mandats. Die Beratungen einschliesslich deren Inhalt werden unsererseits vertraulich behandelt. Die Gespr\u00e4che k\u00f6nnen unter Einsatz von Telekommunikationsanwendungen Dritter (z.Bsp. ZOOM\u00ae) durchgef\u00fchrt werden; f\u00fcr die Sicherheit dieser Verbindungen wird unsererseits keine Haftung \u00fcbernommen.<\/p>\n\n\n\n<p class=\"has-small-font-size\">Bitte beachten Sie, dass Sie beim Klicken auf die Schaltfl\u00e4chen oben von unserer Website zu Calendly weitergeleitet werden. Ab diesem Zeitpunkt gelten die Datenschutzrichtlinien und Nutzungsbedingungen von Calendly. Wir empfehlen Ihnen, keine vertraulichen Daten in die entsprechenden Formulare einzugeben.<\/p>\n","protected":false},"excerpt":{"rendered":"<p>Buchen Sie jetzt ein kostenloses und unverbindliches Online-Erstgespr\u00e4ch und finden Sie heraus, wie wir Sie am besten unterst\u00fctzen k\u00f6nnen. Diese Beratungsgespr\u00e4che werden als kostenlose Erstberatungen mit dem Ziel einer ersten Einordnung und Orientierung hinsichtlich der sich stellenden tats\u00e4chlichen und rechtlichen Fragen im Zusammenhang mit Ihrem Anliegen angeboten. Als solche begr\u00fcnden sie kein anwaltliches Mandatsverh\u00e4ltnis, erfolgen &hellip; <\/p>\n<p class=\"link-more\"><a href=\"https:\/\/eblum.ch\/de\/kostenlose-erstberatung-buchen\/\" class=\"more-link\">Weiterlesen<span class=\"screen-reader-text\"> &#171;Kostenlose Erstberatung buchen&#187;<\/span><\/a><\/p>\n","protected":false},"author":2,"featured_media":0,"parent":0,"menu_order":2,"comment_status":"closed","ping_status":"closed","template":"","meta":{"_acf_changed":false,"footnotes":""},"class_list":["post-3065","page","type-page","status-publish","hentry"],"acf":[],"yoast_head":"<!-- This site is optimized with the Yoast SEO plugin v26.0 - https:\/\/yoast.com\/wordpress\/plugins\/seo\/ -->\n<title>Kostenlose Erstberatung buchen - E. Blum &amp; Co. AG Patent- und Markenanw\u00e4lte Z\u00fcrich<\/title>\n<meta name=\"description\" content=\"Kostenlose Erstberatung buchen - E. Blum &amp; Co. AG, Z\u00fcrich, Patentanw\u00e4lte und Markenanw\u00e4lte in Z\u00fcrich: Patente, Marken, Designs, Trademarks und alle weiteren Bereiche des Immaterialg\u00fcterrechts\" \/>\n<meta name=\"robots\" content=\"index, follow, max-snippet:-1, max-image-preview:large, max-video-preview:-1\" \/>\n<link rel=\"canonical\" href=\"https:\/\/eblum.ch\/de\/kostenlose-erstberatung-buchen\/\" \/>\n<meta property=\"og:locale\" content=\"de_DE\" \/>\n<meta property=\"og:type\" content=\"article\" \/>\n<meta property=\"og:title\" content=\"Kostenlose Erstberatung buchen - E. Blum &amp; Co. AG Patent- und Markenanw\u00e4lte Z\u00fcrich\" \/>\n<meta property=\"og:description\" content=\"Kostenlose Erstberatung buchen - E. Blum &amp; Co. AG, Z\u00fcrich, Patentanw\u00e4lte und Markenanw\u00e4lte in Z\u00fcrich: Patente, Marken, Designs, Trademarks und alle weiteren Bereiche des Immaterialg\u00fcterrechts\" \/>\n<meta property=\"og:url\" content=\"https:\/\/eblum.ch\/de\/kostenlose-erstberatung-buchen\/\" \/>\n<meta property=\"og:site_name\" content=\"E. Blum &amp; Co. AG Patent- und Markenanw\u00e4lte Z\u00fcrich\" \/>\n<meta property=\"article:modified_time\" content=\"2025-08-06T13:35:22+00:00\" \/>\n<meta name=\"twitter:card\" content=\"summary_large_image\" \/>\n<meta name=\"twitter:label1\" content=\"Gesch\u00e4tzte Lesezeit\" \/>\n\t<meta name=\"twitter:data1\" content=\"1\u00a0Minute\" \/>\n<script type=\"application\/ld+json\" class=\"yoast-schema-graph\">{\"@context\":\"https:\/\/schema.org\",\"@graph\":[{\"@type\":\"WebPage\",\"@id\":\"https:\/\/eblum.ch\/de\/kostenlose-erstberatung-buchen\/\",\"url\":\"https:\/\/eblum.ch\/de\/kostenlose-erstberatung-buchen\/\",\"name\":\"Kostenlose Erstberatung buchen - E. Blum &amp; Co. AG Patent- und Markenanw\u00e4lte Z\u00fcrich\",\"isPartOf\":{\"@id\":\"https:\/\/eblum.ch\/de\/#website\"},\"datePublished\":\"2024-08-27T07:54:11+00:00\",\"dateModified\":\"2025-08-06T13:35:22+00:00\",\"description\":\"Kostenlose Erstberatung buchen - E. Blum & Co. AG, Z\u00fcrich, Patentanw\u00e4lte und Markenanw\u00e4lte in Z\u00fcrich: Patente, Marken, Designs, Trademarks und alle weiteren Bereiche des Immaterialg\u00fcterrechts\",\"breadcrumb\":{\"@id\":\"https:\/\/eblum.ch\/de\/kostenlose-erstberatung-buchen\/#breadcrumb\"},\"inLanguage\":\"de-CH\",\"potentialAction\":[{\"@type\":\"ReadAction\",\"target\":[\"https:\/\/eblum.ch\/de\/kostenlose-erstberatung-buchen\/\"]}]},{\"@type\":\"BreadcrumbList\",\"@id\":\"https:\/\/eblum.ch\/de\/kostenlose-erstberatung-buchen\/#breadcrumb\",\"itemListElement\":[{\"@type\":\"ListItem\",\"position\":1,\"name\":\"Home\",\"item\":\"https:\/\/eblum.ch\/de\/\"},{\"@type\":\"ListItem\",\"position\":2,\"name\":\"Kostenlose Erstberatung buchen\"}]},{\"@type\":\"WebSite\",\"@id\":\"https:\/\/eblum.ch\/de\/#website\",\"url\":\"https:\/\/eblum.ch\/de\/\",\"name\":\"E. Blum & Co. AG Patent- und Markenanw\u00e4lte Z\u00fcrich\",\"description\":\"\",\"potentialAction\":[{\"@type\":\"SearchAction\",\"target\":{\"@type\":\"EntryPoint\",\"urlTemplate\":\"https:\/\/eblum.ch\/de\/?s={search_term_string}\"},\"query-input\":{\"@type\":\"PropertyValueSpecification\",\"valueRequired\":true,\"valueName\":\"search_term_string\"}}],\"inLanguage\":\"de-CH\"}]}<\/script>\n<!-- \/ Yoast SEO plugin. -->","yoast_head_json":{"title":"Kostenlose Erstberatung buchen - E. Blum &amp; Co. AG Patent- und Markenanw\u00e4lte Z\u00fcrich","description":"Kostenlose Erstberatung buchen - E. Blum & Co. AG, Z\u00fcrich, Patentanw\u00e4lte und Markenanw\u00e4lte in Z\u00fcrich: Patente, Marken, Designs, Trademarks und alle weiteren Bereiche des Immaterialg\u00fcterrechts","robots":{"index":"index","follow":"follow","max-snippet":"max-snippet:-1","max-image-preview":"max-image-preview:large","max-video-preview":"max-video-preview:-1"},"canonical":"https:\/\/eblum.ch\/de\/kostenlose-erstberatung-buchen\/","og_locale":"de_DE","og_type":"article","og_title":"Kostenlose Erstberatung buchen - E. Blum &amp; Co. AG Patent- und Markenanw\u00e4lte Z\u00fcrich","og_description":"Kostenlose Erstberatung buchen - E. Blum & Co. AG, Z\u00fcrich, Patentanw\u00e4lte und Markenanw\u00e4lte in Z\u00fcrich: Patente, Marken, Designs, Trademarks und alle weiteren Bereiche des Immaterialg\u00fcterrechts","og_url":"https:\/\/eblum.ch\/de\/kostenlose-erstberatung-buchen\/","og_site_name":"E. Blum &amp; Co. AG Patent- und Markenanw\u00e4lte Z\u00fcrich","article_modified_time":"2025-08-06T13:35:22+00:00","twitter_card":"summary_large_image","twitter_misc":{"Gesch\u00e4tzte Lesezeit":"1\u00a0Minute"},"schema":{"@context":"https:\/\/schema.org","@graph":[{"@type":"WebPage","@id":"https:\/\/eblum.ch\/de\/kostenlose-erstberatung-buchen\/","url":"https:\/\/eblum.ch\/de\/kostenlose-erstberatung-buchen\/","name":"Kostenlose Erstberatung buchen - E. Blum &amp; Co. AG Patent- und Markenanw\u00e4lte Z\u00fcrich","isPartOf":{"@id":"https:\/\/eblum.ch\/de\/#website"},"datePublished":"2024-08-27T07:54:11+00:00","dateModified":"2025-08-06T13:35:22+00:00","description":"Kostenlose Erstberatung buchen - E. Blum & Co. AG, Z\u00fcrich, Patentanw\u00e4lte und Markenanw\u00e4lte in Z\u00fcrich: Patente, Marken, Designs, Trademarks und alle weiteren Bereiche des Immaterialg\u00fcterrechts","breadcrumb":{"@id":"https:\/\/eblum.ch\/de\/kostenlose-erstberatung-buchen\/#breadcrumb"},"inLanguage":"de-CH","potentialAction":[{"@type":"ReadAction","target":["https:\/\/eblum.ch\/de\/kostenlose-erstberatung-buchen\/"]}]},{"@type":"BreadcrumbList","@id":"https:\/\/eblum.ch\/de\/kostenlose-erstberatung-buchen\/#breadcrumb","itemListElement":[{"@type":"ListItem","position":1,"name":"Home","item":"https:\/\/eblum.ch\/de\/"},{"@type":"ListItem","position":2,"name":"Kostenlose Erstberatung buchen"}]},{"@type":"WebSite","@id":"https:\/\/eblum.ch\/de\/#website","url":"https:\/\/eblum.ch\/de\/","name":"E. Blum & Co. AG Patent- und Markenanw\u00e4lte Z\u00fcrich","description":"","potentialAction":[{"@type":"SearchAction","target":{"@type":"EntryPoint","urlTemplate":"https:\/\/eblum.ch\/de\/?s={search_term_string}"},"query-input":{"@type":"PropertyValueSpecification","valueRequired":true,"valueName":"search_term_string"}}],"inLanguage":"de-CH"}]}},"_links":{"self":[{"href":"https:\/\/eblum.ch\/de\/wp-json\/wp\/v2\/pages\/3065","targetHints":{"allow":["GET"]}}],"collection":[{"href":"https:\/\/eblum.ch\/de\/wp-json\/wp\/v2\/pages"}],"about":[{"href":"https:\/\/eblum.ch\/de\/wp-json\/wp\/v2\/types\/page"}],"author":[{"embeddable":true,"href":"https:\/\/eblum.ch\/de\/wp-json\/wp\/v2\/users\/2"}],"replies":[{"embeddable":true,"href":"https:\/\/eblum.ch\/de\/wp-json\/wp\/v2\/comments?post=3065"}],"version-history":[{"count":28,"href":"https:\/\/eblum.ch\/de\/wp-json\/wp\/v2\/pages\/3065\/revisions"}],"predecessor-version":[{"id":3478,"href":"https:\/\/eblum.ch\/de\/wp-json\/wp\/v2\/pages\/3065\/revisions\/3478"}],"wp:attachment":[{"href":"https:\/\/eblum.ch\/de\/wp-json\/wp\/v2\/media?parent=3065"}],"curies":[{"name":"wp","href":"https:\/\/api.w.org\/{rel}","templated":true}]}}