{"id":311,"date":"2023-08-07T12:00:00","date_gmt":"2023-08-07T10:00:00","guid":{"rendered":"https:\/\/eblum.ch\/?page_id=311"},"modified":"2023-08-07T12:00:00","modified_gmt":"2023-08-07T10:00:00","slug":"speichertechnologien","status":"publish","type":"page","link":"https:\/\/eblum.ch\/de\/technologiegebiete\/speichertechnologien\/","title":{"rendered":"Speichertechnologien"},"content":{"rendered":"\n<p>Mechanische Speicher, magnetische Speicher, optische Speicher, elektronische Speicher \u2013 oder plakativer die zugeh\u00f6rigen Produktbezeichnungen oder Standards: Lochkarte, Diskette, Festplatte, LTO, CD, DVD, Blue Ray, Flash, SSD, PCM,&nbsp; FeFET, RRAM, STTMRAM: Die Entwicklung von Speichertechnologien war und ist rasant und erm\u00f6glichte erst neue Computerwissenschaften wie Big Data,&nbsp;<a href=\"https:\/\/eblum.ch\/technologiegebiete\/blockchain\/\">Blockchain&nbsp;<\/a>oder&nbsp;<a href=\"https:\/\/eblum.ch\/technologiegebiete\/cloud-computing\/\">Cloud Computing<\/a>&nbsp;(siehe unsere zugeh\u00f6rigen Seiten). Doch selbst wenn viele grundlegenden physikalischen Prinzipien zum Speichern von Daten nicht mehr neu sind: Raum f\u00fcr neue Ideen und technischen Fortschritt bieten heutzutage vor allem Themen wie Hierarchische Speichersysteme, Verteilte Speichersysteme, Caching Strategien, Read-Write-Mechanismen, RAID,&nbsp;<a href=\"https:\/\/eblum.ch\/technologiegebiete\/key-value-stores-kvs\/\">Key Value Stores<\/a>, und zugeh\u00f6rige Speicher-Management-Software. Das Ende der Fahnenstange ist noch lange nicht erreicht, gewinnt doch bei der Flut von zu speichernden Daten die Intelligenz in der Klassifizierung und Zuordnung von Daten zu Speichern unterschiedlicher Technologie \u2013 auch \u201etiered storage\u201c genannt \u2013 zunehmend an Bedeutung.<\/p>\n","protected":false},"excerpt":{"rendered":"<p>Mechanische Speicher, magnetische Speicher, optische Speicher, elektronische Speicher \u2013 oder plakativer die zugeh\u00f6rigen Produktbezeichnungen oder Standards: Lochkarte, Diskette, Festplatte, LTO, CD, DVD, Blue Ray, Flash, SSD, PCM,&nbsp; FeFET, RRAM, STTMRAM: Die Entwicklung von Speichertechnologien war und ist rasant und erm\u00f6glichte erst neue Computerwissenschaften wie Big Data,&nbsp;Blockchain&nbsp;oder&nbsp;Cloud Computing&nbsp;(siehe unsere zugeh\u00f6rigen Seiten). Doch selbst wenn viele grundlegenden &hellip; <\/p>\n<p class=\"link-more\"><a href=\"https:\/\/eblum.ch\/de\/technologiegebiete\/speichertechnologien\/\" class=\"more-link\">Weiterlesen<span class=\"screen-reader-text\"> &#171;Speichertechnologien&#187;<\/span><\/a><\/p>\n","protected":false},"author":1,"featured_media":671,"parent":214,"menu_order":3,"comment_status":"closed","ping_status":"closed","template":"","meta":{"_acf_changed":false,"footnotes":""},"class_list":["post-311","page","type-page","status-publish","has-post-thumbnail","hentry"],"acf":[],"yoast_head":"<!-- This site is optimized with the Yoast SEO plugin v26.0 - https:\/\/yoast.com\/wordpress\/plugins\/seo\/ -->\n<title>Speichertechnologien - E. Blum &amp; Co. AG Patent- und Markenanw\u00e4lte Z\u00fcrich<\/title>\n<meta name=\"description\" content=\"Speichertechnologien - E. Blum &amp; Co. AG, Z\u00fcrich, Patentanw\u00e4lte und Markenanw\u00e4lte in Z\u00fcrich: Patente, Marken, Designs, Trademarks und alle weiteren Bereiche des Immaterialg\u00fcterrechts\" \/>\n<meta name=\"robots\" content=\"index, follow, max-snippet:-1, max-image-preview:large, max-video-preview:-1\" \/>\n<link rel=\"canonical\" href=\"https:\/\/eblum.ch\/de\/technologiegebiete\/speichertechnologien\/\" \/>\n<meta property=\"og:locale\" content=\"de_DE\" \/>\n<meta property=\"og:type\" content=\"article\" \/>\n<meta property=\"og:title\" content=\"Speichertechnologien - E. Blum &amp; Co. AG Patent- und Markenanw\u00e4lte Z\u00fcrich\" \/>\n<meta property=\"og:description\" content=\"Speichertechnologien - E. Blum &amp; Co. AG, Z\u00fcrich, Patentanw\u00e4lte und Markenanw\u00e4lte in Z\u00fcrich: Patente, Marken, Designs, Trademarks und alle weiteren Bereiche des Immaterialg\u00fcterrechts\" \/>\n<meta property=\"og:url\" content=\"https:\/\/eblum.ch\/de\/technologiegebiete\/speichertechnologien\/\" \/>\n<meta property=\"og:site_name\" content=\"E. Blum &amp; Co. AG Patent- und Markenanw\u00e4lte Z\u00fcrich\" \/>\n<meta property=\"og:image\" content=\"https:\/\/eblum.ch\/wp-content\/uploads\/2023\/05\/e-blum-patentanwalt-speichertechnologien.jpg\" \/>\n\t<meta property=\"og:image:width\" content=\"2000\" \/>\n\t<meta property=\"og:image:height\" content=\"2000\" \/>\n\t<meta property=\"og:image:type\" content=\"image\/jpeg\" \/>\n<meta name=\"twitter:card\" content=\"summary_large_image\" \/>\n<meta name=\"twitter:label1\" content=\"Gesch\u00e4tzte Lesezeit\" \/>\n\t<meta name=\"twitter:data1\" content=\"1\u00a0Minute\" \/>\n<script type=\"application\/ld+json\" class=\"yoast-schema-graph\">{\"@context\":\"https:\/\/schema.org\",\"@graph\":[{\"@type\":\"WebPage\",\"@id\":\"https:\/\/eblum.ch\/de\/technologiegebiete\/speichertechnologien\/\",\"url\":\"https:\/\/eblum.ch\/de\/technologiegebiete\/speichertechnologien\/\",\"name\":\"Speichertechnologien - E. Blum &amp; Co. AG Patent- und Markenanw\u00e4lte Z\u00fcrich\",\"isPartOf\":{\"@id\":\"https:\/\/eblum.ch\/de\/#website\"},\"primaryImageOfPage\":{\"@id\":\"https:\/\/eblum.ch\/de\/technologiegebiete\/speichertechnologien\/#primaryimage\"},\"image\":{\"@id\":\"https:\/\/eblum.ch\/de\/technologiegebiete\/speichertechnologien\/#primaryimage\"},\"thumbnailUrl\":\"https:\/\/eblum.ch\/wp-content\/uploads\/2023\/05\/e-blum-patentanwalt-speichertechnologien.jpg\",\"datePublished\":\"2023-08-07T10:00:00+00:00\",\"description\":\"Speichertechnologien - E. Blum & Co. AG, Z\u00fcrich, Patentanw\u00e4lte und Markenanw\u00e4lte in Z\u00fcrich: Patente, Marken, Designs, Trademarks und alle weiteren Bereiche des Immaterialg\u00fcterrechts\",\"breadcrumb\":{\"@id\":\"https:\/\/eblum.ch\/de\/technologiegebiete\/speichertechnologien\/#breadcrumb\"},\"inLanguage\":\"de-CH\",\"potentialAction\":[{\"@type\":\"ReadAction\",\"target\":[\"https:\/\/eblum.ch\/de\/technologiegebiete\/speichertechnologien\/\"]}]},{\"@type\":\"ImageObject\",\"inLanguage\":\"de-CH\",\"@id\":\"https:\/\/eblum.ch\/de\/technologiegebiete\/speichertechnologien\/#primaryimage\",\"url\":\"https:\/\/eblum.ch\/wp-content\/uploads\/2023\/05\/e-blum-patentanwalt-speichertechnologien.jpg\",\"contentUrl\":\"https:\/\/eblum.ch\/wp-content\/uploads\/2023\/05\/e-blum-patentanwalt-speichertechnologien.jpg\",\"width\":2000,\"height\":2000},{\"@type\":\"BreadcrumbList\",\"@id\":\"https:\/\/eblum.ch\/de\/technologiegebiete\/speichertechnologien\/#breadcrumb\",\"itemListElement\":[{\"@type\":\"ListItem\",\"position\":1,\"name\":\"Home\",\"item\":\"https:\/\/eblum.ch\/de\/\"},{\"@type\":\"ListItem\",\"position\":2,\"name\":\"Technologiegebiete\",\"item\":\"https:\/\/eblum.ch\/de\/technologiegebiete\/\"},{\"@type\":\"ListItem\",\"position\":3,\"name\":\"Speichertechnologien\"}]},{\"@type\":\"WebSite\",\"@id\":\"https:\/\/eblum.ch\/de\/#website\",\"url\":\"https:\/\/eblum.ch\/de\/\",\"name\":\"E. Blum & Co. AG Patent- und Markenanw\u00e4lte Z\u00fcrich\",\"description\":\"\",\"potentialAction\":[{\"@type\":\"SearchAction\",\"target\":{\"@type\":\"EntryPoint\",\"urlTemplate\":\"https:\/\/eblum.ch\/de\/?s={search_term_string}\"},\"query-input\":{\"@type\":\"PropertyValueSpecification\",\"valueRequired\":true,\"valueName\":\"search_term_string\"}}],\"inLanguage\":\"de-CH\"}]}<\/script>\n<!-- \/ Yoast SEO plugin. -->","yoast_head_json":{"title":"Speichertechnologien - E. Blum &amp; Co. AG Patent- und Markenanw\u00e4lte Z\u00fcrich","description":"Speichertechnologien - E. Blum & Co. AG, Z\u00fcrich, Patentanw\u00e4lte und Markenanw\u00e4lte in Z\u00fcrich: Patente, Marken, Designs, Trademarks und alle weiteren Bereiche des Immaterialg\u00fcterrechts","robots":{"index":"index","follow":"follow","max-snippet":"max-snippet:-1","max-image-preview":"max-image-preview:large","max-video-preview":"max-video-preview:-1"},"canonical":"https:\/\/eblum.ch\/de\/technologiegebiete\/speichertechnologien\/","og_locale":"de_DE","og_type":"article","og_title":"Speichertechnologien - E. Blum &amp; Co. AG Patent- und Markenanw\u00e4lte Z\u00fcrich","og_description":"Speichertechnologien - E. Blum & Co. AG, Z\u00fcrich, Patentanw\u00e4lte und Markenanw\u00e4lte in Z\u00fcrich: Patente, Marken, Designs, Trademarks und alle weiteren Bereiche des Immaterialg\u00fcterrechts","og_url":"https:\/\/eblum.ch\/de\/technologiegebiete\/speichertechnologien\/","og_site_name":"E. Blum &amp; Co. AG Patent- und Markenanw\u00e4lte Z\u00fcrich","og_image":[{"width":2000,"height":2000,"url":"https:\/\/eblum.ch\/wp-content\/uploads\/2023\/05\/e-blum-patentanwalt-speichertechnologien.jpg","type":"image\/jpeg"}],"twitter_card":"summary_large_image","twitter_misc":{"Gesch\u00e4tzte Lesezeit":"1\u00a0Minute"},"schema":{"@context":"https:\/\/schema.org","@graph":[{"@type":"WebPage","@id":"https:\/\/eblum.ch\/de\/technologiegebiete\/speichertechnologien\/","url":"https:\/\/eblum.ch\/de\/technologiegebiete\/speichertechnologien\/","name":"Speichertechnologien - E. Blum &amp; Co. AG Patent- und Markenanw\u00e4lte Z\u00fcrich","isPartOf":{"@id":"https:\/\/eblum.ch\/de\/#website"},"primaryImageOfPage":{"@id":"https:\/\/eblum.ch\/de\/technologiegebiete\/speichertechnologien\/#primaryimage"},"image":{"@id":"https:\/\/eblum.ch\/de\/technologiegebiete\/speichertechnologien\/#primaryimage"},"thumbnailUrl":"https:\/\/eblum.ch\/wp-content\/uploads\/2023\/05\/e-blum-patentanwalt-speichertechnologien.jpg","datePublished":"2023-08-07T10:00:00+00:00","description":"Speichertechnologien - E. Blum & Co. AG, Z\u00fcrich, Patentanw\u00e4lte und Markenanw\u00e4lte in Z\u00fcrich: Patente, Marken, Designs, Trademarks und alle weiteren Bereiche des Immaterialg\u00fcterrechts","breadcrumb":{"@id":"https:\/\/eblum.ch\/de\/technologiegebiete\/speichertechnologien\/#breadcrumb"},"inLanguage":"de-CH","potentialAction":[{"@type":"ReadAction","target":["https:\/\/eblum.ch\/de\/technologiegebiete\/speichertechnologien\/"]}]},{"@type":"ImageObject","inLanguage":"de-CH","@id":"https:\/\/eblum.ch\/de\/technologiegebiete\/speichertechnologien\/#primaryimage","url":"https:\/\/eblum.ch\/wp-content\/uploads\/2023\/05\/e-blum-patentanwalt-speichertechnologien.jpg","contentUrl":"https:\/\/eblum.ch\/wp-content\/uploads\/2023\/05\/e-blum-patentanwalt-speichertechnologien.jpg","width":2000,"height":2000},{"@type":"BreadcrumbList","@id":"https:\/\/eblum.ch\/de\/technologiegebiete\/speichertechnologien\/#breadcrumb","itemListElement":[{"@type":"ListItem","position":1,"name":"Home","item":"https:\/\/eblum.ch\/de\/"},{"@type":"ListItem","position":2,"name":"Technologiegebiete","item":"https:\/\/eblum.ch\/de\/technologiegebiete\/"},{"@type":"ListItem","position":3,"name":"Speichertechnologien"}]},{"@type":"WebSite","@id":"https:\/\/eblum.ch\/de\/#website","url":"https:\/\/eblum.ch\/de\/","name":"E. Blum & Co. AG Patent- und Markenanw\u00e4lte Z\u00fcrich","description":"","potentialAction":[{"@type":"SearchAction","target":{"@type":"EntryPoint","urlTemplate":"https:\/\/eblum.ch\/de\/?s={search_term_string}"},"query-input":{"@type":"PropertyValueSpecification","valueRequired":true,"valueName":"search_term_string"}}],"inLanguage":"de-CH"}]}},"_links":{"self":[{"href":"https:\/\/eblum.ch\/de\/wp-json\/wp\/v2\/pages\/311","targetHints":{"allow":["GET"]}}],"collection":[{"href":"https:\/\/eblum.ch\/de\/wp-json\/wp\/v2\/pages"}],"about":[{"href":"https:\/\/eblum.ch\/de\/wp-json\/wp\/v2\/types\/page"}],"author":[{"embeddable":true,"href":"https:\/\/eblum.ch\/de\/wp-json\/wp\/v2\/users\/1"}],"replies":[{"embeddable":true,"href":"https:\/\/eblum.ch\/de\/wp-json\/wp\/v2\/comments?post=311"}],"version-history":[{"count":6,"href":"https:\/\/eblum.ch\/de\/wp-json\/wp\/v2\/pages\/311\/revisions"}],"predecessor-version":[{"id":1495,"href":"https:\/\/eblum.ch\/de\/wp-json\/wp\/v2\/pages\/311\/revisions\/1495"}],"up":[{"embeddable":true,"href":"https:\/\/eblum.ch\/de\/wp-json\/wp\/v2\/pages\/214"}],"wp:featuredmedia":[{"embeddable":true,"href":"https:\/\/eblum.ch\/de\/wp-json\/wp\/v2\/media\/671"}],"wp:attachment":[{"href":"https:\/\/eblum.ch\/de\/wp-json\/wp\/v2\/media?parent=311"}],"curies":[{"name":"wp","href":"https:\/\/api.w.org\/{rel}","templated":true}]}}