{"id":313,"date":"2023-08-07T12:00:00","date_gmt":"2023-08-07T10:00:00","guid":{"rendered":"https:\/\/eblum.ch\/?page_id=313"},"modified":"2023-08-07T12:00:00","modified_gmt":"2023-08-07T10:00:00","slug":"thermodynamik-und-fluidmechanik","status":"publish","type":"page","link":"https:\/\/eblum.ch\/de\/technologiegebiete\/thermodynamik-und-fluidmechanik\/","title":{"rendered":"Thermodynamik und Fluidmechanik"},"content":{"rendered":"\n<p>Die Entwicklung der Dampfmaschine stellt einen wichtigen Meilenstein im technologischen Fortschritt der Menschheit dar. James Watt erhielt f\u00fcr eine entscheidende Verbesserung des Wirkungsgrades der Dampfmaschine im Jahre 1769 ein Patent. Dampfmaschinen erzeugen durch Verbrennung Dampf und wandeln die im Dampf enthaltene W\u00e4rme in W\u00e4rmeenergie um. Dampfturbinen werden in Kraftwerken bis heute eingesetzt, w\u00e4hrend die Dampfmaschine als Fahrzeugantrieb durch Verbrennungs- und elektrische Motoren ersetzt wurde.<\/p>\n\n\n\n<p>Das Studium der Dampfmaschine bildete eine wichtige Motivation f\u00fcr die Wissenschaften der Thermodynamik und der Fluidmechanik. Die Thermodynamik (auch W\u00e4rmelehre genannt) untersucht zum Beispiel die Frage, wie W\u00e4rme in mechanische Arbeit umgewandelt werden kann. Die Fluidmechanik (auch Str\u00f6mungsmechanik genannt) untersucht das Verhalten von Fl\u00fcssigkeiten und Gasen (Fluiden). Die Thermodynamik und die Fluidmechanik finden allerdings nicht nur Anwendung in klassischen Ingenieursdisziplinen, wie dem&nbsp;<a href=\"https:\/\/eblum.ch\/technologiegebiete\/fahrzeugtechnik-automotive\/\">Auto<\/a>&#8211; und dem&nbsp;<a href=\"https:\/\/eblum.ch\/technologiegebiete\/maschinenbau\/\">Flugzeugbau<\/a>, sondern beispielsweise auch in der&nbsp;<a href=\"https:\/\/eblum.ch\/technologiegebiete\/medtech\/\">Medizintechnik<\/a>&nbsp;oder bei der Erzeugung&nbsp;<a href=\"https:\/\/eblum.ch\/technologiegebiete\/umwelttechnologie\/\">erneuerbarer Energien<\/a>. Eine wichtige Rolle spielen die beiden Disziplinen beispielsweise auch in der Entwicklung von Haushaltsger\u00e4ten, z.B. bei Kaffeemaschinen, Staubsaugern oder Back\u00f6fen.<\/p>\n\n\n\n<p>Unsere Experten auf den Gebieten der Thermodynamik und Fluidmechanik unterst\u00fctzen Sie gerne bei der Beurteilung und Patentierung neuer Erfindungen sowie in entsprechenden Streitf\u00e4llen. Spezialkompetenzen k\u00f6nnen wir insbesondere auch in den Feldern Magnetohydrodynamik, Messung von Str\u00f6mungen, Str\u00f6mungssimulation und&nbsp;<a href=\"https:\/\/eblum.ch\/technologiegebiete\/mikrofluidik\/\">Mikrofluidik<\/a>&nbsp;anbieten.<\/p>\n","protected":false},"excerpt":{"rendered":"<p>Die Entwicklung der Dampfmaschine stellt einen wichtigen Meilenstein im technologischen Fortschritt der Menschheit dar. James Watt erhielt f\u00fcr eine entscheidende Verbesserung des Wirkungsgrades der Dampfmaschine im Jahre 1769 ein Patent. Dampfmaschinen erzeugen durch Verbrennung Dampf und wandeln die im Dampf enthaltene W\u00e4rme in W\u00e4rmeenergie um. Dampfturbinen werden in Kraftwerken bis heute eingesetzt, w\u00e4hrend die Dampfmaschine &hellip; <\/p>\n<p class=\"link-more\"><a href=\"https:\/\/eblum.ch\/de\/technologiegebiete\/thermodynamik-und-fluidmechanik\/\" class=\"more-link\">Weiterlesen<span class=\"screen-reader-text\"> &#171;Thermodynamik und Fluidmechanik&#187;<\/span><\/a><\/p>\n","protected":false},"author":1,"featured_media":675,"parent":214,"menu_order":3,"comment_status":"closed","ping_status":"closed","template":"","meta":{"_acf_changed":false,"footnotes":""},"class_list":["post-313","page","type-page","status-publish","has-post-thumbnail","hentry"],"acf":[],"yoast_head":"<!-- This site is optimized with the Yoast SEO plugin v26.0 - https:\/\/yoast.com\/wordpress\/plugins\/seo\/ -->\n<title>Thermodynamik und Fluidmechanik - E. Blum &amp; Co. AG Patent- und Markenanw\u00e4lte Z\u00fcrich<\/title>\n<meta name=\"description\" content=\"Thermodynamik und Fluidmechanik - E. Blum &amp; Co. AG, Z\u00fcrich, Patentanw\u00e4lte und Markenanw\u00e4lte in Z\u00fcrich: Patente, Marken, Designs, Trademarks und alle weiteren Bereiche des Immaterialg\u00fcterrechts\" \/>\n<meta name=\"robots\" content=\"index, follow, max-snippet:-1, max-image-preview:large, max-video-preview:-1\" \/>\n<link rel=\"canonical\" href=\"https:\/\/eblum.ch\/de\/technologiegebiete\/thermodynamik-und-fluidmechanik\/\" \/>\n<meta property=\"og:locale\" content=\"de_DE\" \/>\n<meta property=\"og:type\" content=\"article\" \/>\n<meta property=\"og:title\" content=\"Thermodynamik und Fluidmechanik - E. Blum &amp; Co. AG Patent- und Markenanw\u00e4lte Z\u00fcrich\" \/>\n<meta property=\"og:description\" content=\"Thermodynamik und Fluidmechanik - E. Blum &amp; Co. AG, Z\u00fcrich, Patentanw\u00e4lte und Markenanw\u00e4lte in Z\u00fcrich: Patente, Marken, Designs, Trademarks und alle weiteren Bereiche des Immaterialg\u00fcterrechts\" \/>\n<meta property=\"og:url\" content=\"https:\/\/eblum.ch\/de\/technologiegebiete\/thermodynamik-und-fluidmechanik\/\" \/>\n<meta property=\"og:site_name\" content=\"E. Blum &amp; Co. AG Patent- und Markenanw\u00e4lte Z\u00fcrich\" \/>\n<meta property=\"og:image\" content=\"https:\/\/eblum.ch\/wp-content\/uploads\/2023\/05\/e-blum-patentanwalt-thermodynamik-fluidmechanik-1024x1024.jpg\" \/>\n\t<meta property=\"og:image:width\" content=\"1024\" \/>\n\t<meta property=\"og:image:height\" content=\"1024\" \/>\n\t<meta property=\"og:image:type\" content=\"image\/jpeg\" \/>\n<meta name=\"twitter:card\" content=\"summary_large_image\" \/>\n<meta name=\"twitter:label1\" content=\"Gesch\u00e4tzte Lesezeit\" \/>\n\t<meta name=\"twitter:data1\" content=\"2\u00a0Minuten\" \/>\n<script type=\"application\/ld+json\" class=\"yoast-schema-graph\">{\"@context\":\"https:\/\/schema.org\",\"@graph\":[{\"@type\":\"WebPage\",\"@id\":\"https:\/\/eblum.ch\/de\/technologiegebiete\/thermodynamik-und-fluidmechanik\/\",\"url\":\"https:\/\/eblum.ch\/de\/technologiegebiete\/thermodynamik-und-fluidmechanik\/\",\"name\":\"Thermodynamik und Fluidmechanik - E. Blum &amp; Co. AG Patent- und Markenanw\u00e4lte Z\u00fcrich\",\"isPartOf\":{\"@id\":\"https:\/\/eblum.ch\/de\/#website\"},\"primaryImageOfPage\":{\"@id\":\"https:\/\/eblum.ch\/de\/technologiegebiete\/thermodynamik-und-fluidmechanik\/#primaryimage\"},\"image\":{\"@id\":\"https:\/\/eblum.ch\/de\/technologiegebiete\/thermodynamik-und-fluidmechanik\/#primaryimage\"},\"thumbnailUrl\":\"https:\/\/eblum.ch\/wp-content\/uploads\/2023\/05\/e-blum-patentanwalt-thermodynamik-fluidmechanik.jpg\",\"datePublished\":\"2023-08-07T10:00:00+00:00\",\"description\":\"Thermodynamik und Fluidmechanik - E. Blum & Co. AG, Z\u00fcrich, Patentanw\u00e4lte und Markenanw\u00e4lte in Z\u00fcrich: Patente, Marken, Designs, Trademarks und alle weiteren Bereiche des Immaterialg\u00fcterrechts\",\"breadcrumb\":{\"@id\":\"https:\/\/eblum.ch\/de\/technologiegebiete\/thermodynamik-und-fluidmechanik\/#breadcrumb\"},\"inLanguage\":\"de-CH\",\"potentialAction\":[{\"@type\":\"ReadAction\",\"target\":[\"https:\/\/eblum.ch\/de\/technologiegebiete\/thermodynamik-und-fluidmechanik\/\"]}]},{\"@type\":\"ImageObject\",\"inLanguage\":\"de-CH\",\"@id\":\"https:\/\/eblum.ch\/de\/technologiegebiete\/thermodynamik-und-fluidmechanik\/#primaryimage\",\"url\":\"https:\/\/eblum.ch\/wp-content\/uploads\/2023\/05\/e-blum-patentanwalt-thermodynamik-fluidmechanik.jpg\",\"contentUrl\":\"https:\/\/eblum.ch\/wp-content\/uploads\/2023\/05\/e-blum-patentanwalt-thermodynamik-fluidmechanik.jpg\",\"width\":2000,\"height\":2000},{\"@type\":\"BreadcrumbList\",\"@id\":\"https:\/\/eblum.ch\/de\/technologiegebiete\/thermodynamik-und-fluidmechanik\/#breadcrumb\",\"itemListElement\":[{\"@type\":\"ListItem\",\"position\":1,\"name\":\"Home\",\"item\":\"https:\/\/eblum.ch\/de\/\"},{\"@type\":\"ListItem\",\"position\":2,\"name\":\"Technologiegebiete\",\"item\":\"https:\/\/eblum.ch\/de\/technologiegebiete\/\"},{\"@type\":\"ListItem\",\"position\":3,\"name\":\"Thermodynamik und Fluidmechanik\"}]},{\"@type\":\"WebSite\",\"@id\":\"https:\/\/eblum.ch\/de\/#website\",\"url\":\"https:\/\/eblum.ch\/de\/\",\"name\":\"E. Blum & Co. AG Patent- und Markenanw\u00e4lte Z\u00fcrich\",\"description\":\"\",\"potentialAction\":[{\"@type\":\"SearchAction\",\"target\":{\"@type\":\"EntryPoint\",\"urlTemplate\":\"https:\/\/eblum.ch\/de\/?s={search_term_string}\"},\"query-input\":{\"@type\":\"PropertyValueSpecification\",\"valueRequired\":true,\"valueName\":\"search_term_string\"}}],\"inLanguage\":\"de-CH\"}]}<\/script>\n<!-- \/ Yoast SEO plugin. -->","yoast_head_json":{"title":"Thermodynamik und Fluidmechanik - E. Blum &amp; Co. AG Patent- und Markenanw\u00e4lte Z\u00fcrich","description":"Thermodynamik und Fluidmechanik - E. Blum & Co. AG, Z\u00fcrich, Patentanw\u00e4lte und Markenanw\u00e4lte in Z\u00fcrich: Patente, Marken, Designs, Trademarks und alle weiteren Bereiche des Immaterialg\u00fcterrechts","robots":{"index":"index","follow":"follow","max-snippet":"max-snippet:-1","max-image-preview":"max-image-preview:large","max-video-preview":"max-video-preview:-1"},"canonical":"https:\/\/eblum.ch\/de\/technologiegebiete\/thermodynamik-und-fluidmechanik\/","og_locale":"de_DE","og_type":"article","og_title":"Thermodynamik und Fluidmechanik - E. Blum &amp; Co. AG Patent- und Markenanw\u00e4lte Z\u00fcrich","og_description":"Thermodynamik und Fluidmechanik - E. Blum & Co. AG, Z\u00fcrich, Patentanw\u00e4lte und Markenanw\u00e4lte in Z\u00fcrich: Patente, Marken, Designs, Trademarks und alle weiteren Bereiche des Immaterialg\u00fcterrechts","og_url":"https:\/\/eblum.ch\/de\/technologiegebiete\/thermodynamik-und-fluidmechanik\/","og_site_name":"E. Blum &amp; Co. AG Patent- und Markenanw\u00e4lte Z\u00fcrich","og_image":[{"width":1024,"height":1024,"url":"https:\/\/eblum.ch\/wp-content\/uploads\/2023\/05\/e-blum-patentanwalt-thermodynamik-fluidmechanik-1024x1024.jpg","type":"image\/jpeg"}],"twitter_card":"summary_large_image","twitter_misc":{"Gesch\u00e4tzte Lesezeit":"2\u00a0Minuten"},"schema":{"@context":"https:\/\/schema.org","@graph":[{"@type":"WebPage","@id":"https:\/\/eblum.ch\/de\/technologiegebiete\/thermodynamik-und-fluidmechanik\/","url":"https:\/\/eblum.ch\/de\/technologiegebiete\/thermodynamik-und-fluidmechanik\/","name":"Thermodynamik und Fluidmechanik - E. Blum &amp; Co. AG Patent- und Markenanw\u00e4lte Z\u00fcrich","isPartOf":{"@id":"https:\/\/eblum.ch\/de\/#website"},"primaryImageOfPage":{"@id":"https:\/\/eblum.ch\/de\/technologiegebiete\/thermodynamik-und-fluidmechanik\/#primaryimage"},"image":{"@id":"https:\/\/eblum.ch\/de\/technologiegebiete\/thermodynamik-und-fluidmechanik\/#primaryimage"},"thumbnailUrl":"https:\/\/eblum.ch\/wp-content\/uploads\/2023\/05\/e-blum-patentanwalt-thermodynamik-fluidmechanik.jpg","datePublished":"2023-08-07T10:00:00+00:00","description":"Thermodynamik und Fluidmechanik - E. Blum & Co. AG, Z\u00fcrich, Patentanw\u00e4lte und Markenanw\u00e4lte in Z\u00fcrich: Patente, Marken, Designs, Trademarks und alle weiteren Bereiche des Immaterialg\u00fcterrechts","breadcrumb":{"@id":"https:\/\/eblum.ch\/de\/technologiegebiete\/thermodynamik-und-fluidmechanik\/#breadcrumb"},"inLanguage":"de-CH","potentialAction":[{"@type":"ReadAction","target":["https:\/\/eblum.ch\/de\/technologiegebiete\/thermodynamik-und-fluidmechanik\/"]}]},{"@type":"ImageObject","inLanguage":"de-CH","@id":"https:\/\/eblum.ch\/de\/technologiegebiete\/thermodynamik-und-fluidmechanik\/#primaryimage","url":"https:\/\/eblum.ch\/wp-content\/uploads\/2023\/05\/e-blum-patentanwalt-thermodynamik-fluidmechanik.jpg","contentUrl":"https:\/\/eblum.ch\/wp-content\/uploads\/2023\/05\/e-blum-patentanwalt-thermodynamik-fluidmechanik.jpg","width":2000,"height":2000},{"@type":"BreadcrumbList","@id":"https:\/\/eblum.ch\/de\/technologiegebiete\/thermodynamik-und-fluidmechanik\/#breadcrumb","itemListElement":[{"@type":"ListItem","position":1,"name":"Home","item":"https:\/\/eblum.ch\/de\/"},{"@type":"ListItem","position":2,"name":"Technologiegebiete","item":"https:\/\/eblum.ch\/de\/technologiegebiete\/"},{"@type":"ListItem","position":3,"name":"Thermodynamik und Fluidmechanik"}]},{"@type":"WebSite","@id":"https:\/\/eblum.ch\/de\/#website","url":"https:\/\/eblum.ch\/de\/","name":"E. Blum & Co. AG Patent- und Markenanw\u00e4lte Z\u00fcrich","description":"","potentialAction":[{"@type":"SearchAction","target":{"@type":"EntryPoint","urlTemplate":"https:\/\/eblum.ch\/de\/?s={search_term_string}"},"query-input":{"@type":"PropertyValueSpecification","valueRequired":true,"valueName":"search_term_string"}}],"inLanguage":"de-CH"}]}},"_links":{"self":[{"href":"https:\/\/eblum.ch\/de\/wp-json\/wp\/v2\/pages\/313","targetHints":{"allow":["GET"]}}],"collection":[{"href":"https:\/\/eblum.ch\/de\/wp-json\/wp\/v2\/pages"}],"about":[{"href":"https:\/\/eblum.ch\/de\/wp-json\/wp\/v2\/types\/page"}],"author":[{"embeddable":true,"href":"https:\/\/eblum.ch\/de\/wp-json\/wp\/v2\/users\/1"}],"replies":[{"embeddable":true,"href":"https:\/\/eblum.ch\/de\/wp-json\/wp\/v2\/comments?post=313"}],"version-history":[{"count":4,"href":"https:\/\/eblum.ch\/de\/wp-json\/wp\/v2\/pages\/313\/revisions"}],"predecessor-version":[{"id":1496,"href":"https:\/\/eblum.ch\/de\/wp-json\/wp\/v2\/pages\/313\/revisions\/1496"}],"up":[{"embeddable":true,"href":"https:\/\/eblum.ch\/de\/wp-json\/wp\/v2\/pages\/214"}],"wp:featuredmedia":[{"embeddable":true,"href":"https:\/\/eblum.ch\/de\/wp-json\/wp\/v2\/media\/675"}],"wp:attachment":[{"href":"https:\/\/eblum.ch\/de\/wp-json\/wp\/v2\/media?parent=313"}],"curies":[{"name":"wp","href":"https:\/\/api.w.org\/{rel}","templated":true}]}}