{"id":3441,"date":"2025-07-02T09:26:52","date_gmt":"2025-07-02T07:26:52","guid":{"rendered":"https:\/\/eblum.ch\/?page_id=3441"},"modified":"2025-07-02T09:26:53","modified_gmt":"2025-07-02T07:26:53","slug":"ip-due-diligence","status":"publish","type":"page","link":"https:\/\/eblum.ch\/de\/dienstleistungen\/ip-due-diligence\/","title":{"rendered":"IP-Due-Diligence"},"content":{"rendered":"\n<p>Vor einer gesch\u00e4ftlichen Transaktion, bei welcher geistiges Eigentum betroffen ist (z. B. Investitionen, Joint Ventures, Fusionen und \u00dcbernahmen, Lizenzvergabe, Verkauf), ist eine IP-Due-Diligence essentiell.<\/p>\n\n\n\n<p>Die IP-Due-Diligence erm\u00f6glicht es, die St\u00e4rken und Schw\u00e4chen des IP-Portfolios eines Unternehmens zu bewerten und\/oder die mit dem geistigen Eigentum verbundenen Risiken bei der Vermarktung der Produkte und Dienstleistungen eines Unternehmens zu ermitteln.<\/p>\n\n\n\n<p>Der Prozess kann folgende T\u00e4tigkeiten umfassen:<br><\/p>\n\n\n\n<ul class=\"wp-block-list\">\n<li>Ermittlung der IP-Rechte (z. B. Patente, Marken, Designs, Know-how, Urheberrechte zum Schutz von Software, Lizenzen usw.)<\/li>\n\n\n\n<li>Analyse der IP-Rechte (z. B. \u00dcberpr\u00fcfung der Eigentumsverh\u00e4ltnisse und der Rechtskette, des Schutzumfangs im Hinblick auf die kommerziellen Ziele, der G\u00fcltigkeit und der Durchsetzbarkeit)<\/li>\n\n\n\n<li>Ermittlung der Aus\u00fcbungsfreiheit f\u00fcr Schl\u00fcsselprodukte und -prozesse, inklusive Ermittlung von Problemen aus fehlerhafter Anwendung von Open-Source Materialien<\/li>\n\n\n\n<li>Beurteilen der Handhabung von IP in Entwicklungsprozessen und bei der Mitarbeiterausbildung<\/li>\n\n\n\n<li>Bewertung der Wahrscheinlichkeit und des Risikos von IP-Rechtsstreitigkeiten<\/li>\n<\/ul>\n\n\n\n<p>Es gibt keine Standard-IP-Due-Diligence-Pr\u00fcfung, die einheitlich anwendbar ist. Unsere erfahrenen IP-Spezialisten arbeiten eng mit Ihnen zusammen, um Ihre Bed\u00fcrfnisse und Ziele zu verstehen und unter Ber\u00fccksichtigung der verf\u00fcgbaren Zeit und Ressourcen einen Due-Diligence-Bericht zu erstellen, der speziell auf Ihre gesch\u00e4ftlichen Ziele zugeschnitten ist.<\/p>\n","protected":false},"excerpt":{"rendered":"<p>Vor einer gesch\u00e4ftlichen Transaktion, bei welcher geistiges Eigentum betroffen ist (z. B. Investitionen, Joint Ventures, Fusionen und \u00dcbernahmen, Lizenzvergabe, Verkauf), ist eine IP-Due-Diligence essentiell. Die IP-Due-Diligence erm\u00f6glicht es, die St\u00e4rken und Schw\u00e4chen des IP-Portfolios eines Unternehmens zu bewerten und\/oder die mit dem geistigen Eigentum verbundenen Risiken bei der Vermarktung der Produkte und Dienstleistungen eines Unternehmens &hellip; <\/p>\n<p class=\"link-more\"><a href=\"https:\/\/eblum.ch\/de\/dienstleistungen\/ip-due-diligence\/\" class=\"more-link\">Weiterlesen<span class=\"screen-reader-text\"> &#171;IP-Due-Diligence&#187;<\/span><\/a><\/p>\n","protected":false},"author":2,"featured_media":0,"parent":367,"menu_order":0,"comment_status":"closed","ping_status":"closed","template":"","meta":{"_acf_changed":false,"footnotes":""},"class_list":["post-3441","page","type-page","status-publish","hentry"],"acf":[],"yoast_head":"<!-- This site is optimized with the Yoast SEO plugin v26.0 - https:\/\/yoast.com\/wordpress\/plugins\/seo\/ -->\n<title>IP-Due-Diligence - E. Blum &amp; Co. AG Patent- und Markenanw\u00e4lte Z\u00fcrich<\/title>\n<meta name=\"description\" content=\"IP-Due-Diligence - E. Blum &amp; Co. AG, Z\u00fcrich, Patentanw\u00e4lte und Markenanw\u00e4lte in Z\u00fcrich: Patente, Marken, Designs, Trademarks und alle weiteren Bereiche des Immaterialg\u00fcterrechts\" \/>\n<meta name=\"robots\" content=\"index, follow, max-snippet:-1, max-image-preview:large, max-video-preview:-1\" \/>\n<link rel=\"canonical\" href=\"https:\/\/eblum.ch\/de\/dienstleistungen\/ip-due-diligence\/\" \/>\n<meta property=\"og:locale\" content=\"de_DE\" \/>\n<meta property=\"og:type\" content=\"article\" \/>\n<meta property=\"og:title\" content=\"IP-Due-Diligence - E. Blum &amp; Co. AG Patent- und Markenanw\u00e4lte Z\u00fcrich\" \/>\n<meta property=\"og:description\" content=\"IP-Due-Diligence - E. Blum &amp; Co. AG, Z\u00fcrich, Patentanw\u00e4lte und Markenanw\u00e4lte in Z\u00fcrich: Patente, Marken, Designs, Trademarks und alle weiteren Bereiche des Immaterialg\u00fcterrechts\" \/>\n<meta property=\"og:url\" content=\"https:\/\/eblum.ch\/de\/dienstleistungen\/ip-due-diligence\/\" \/>\n<meta property=\"og:site_name\" content=\"E. Blum &amp; Co. AG Patent- und Markenanw\u00e4lte Z\u00fcrich\" \/>\n<meta property=\"article:modified_time\" content=\"2025-07-02T07:26:53+00:00\" \/>\n<meta name=\"twitter:card\" content=\"summary_large_image\" \/>\n<meta name=\"twitter:label1\" content=\"Gesch\u00e4tzte Lesezeit\" \/>\n\t<meta name=\"twitter:data1\" content=\"2\u00a0Minuten\" \/>\n<script type=\"application\/ld+json\" class=\"yoast-schema-graph\">{\"@context\":\"https:\/\/schema.org\",\"@graph\":[{\"@type\":\"WebPage\",\"@id\":\"https:\/\/eblum.ch\/de\/dienstleistungen\/ip-due-diligence\/\",\"url\":\"https:\/\/eblum.ch\/de\/dienstleistungen\/ip-due-diligence\/\",\"name\":\"IP-Due-Diligence - E. Blum &amp; Co. AG Patent- und Markenanw\u00e4lte Z\u00fcrich\",\"isPartOf\":{\"@id\":\"https:\/\/eblum.ch\/de\/#website\"},\"datePublished\":\"2025-07-02T07:26:52+00:00\",\"dateModified\":\"2025-07-02T07:26:53+00:00\",\"description\":\"IP-Due-Diligence - E. Blum & Co. AG, Z\u00fcrich, Patentanw\u00e4lte und Markenanw\u00e4lte in Z\u00fcrich: Patente, Marken, Designs, Trademarks und alle weiteren Bereiche des Immaterialg\u00fcterrechts\",\"breadcrumb\":{\"@id\":\"https:\/\/eblum.ch\/de\/dienstleistungen\/ip-due-diligence\/#breadcrumb\"},\"inLanguage\":\"de-CH\",\"potentialAction\":[{\"@type\":\"ReadAction\",\"target\":[\"https:\/\/eblum.ch\/de\/dienstleistungen\/ip-due-diligence\/\"]}]},{\"@type\":\"BreadcrumbList\",\"@id\":\"https:\/\/eblum.ch\/de\/dienstleistungen\/ip-due-diligence\/#breadcrumb\",\"itemListElement\":[{\"@type\":\"ListItem\",\"position\":1,\"name\":\"Home\",\"item\":\"https:\/\/eblum.ch\/de\/\"},{\"@type\":\"ListItem\",\"position\":2,\"name\":\"Dienstleistungen\",\"item\":\"https:\/\/eblum.ch\/de\/dienstleistungen\/\"},{\"@type\":\"ListItem\",\"position\":3,\"name\":\"IP-Due-Diligence\"}]},{\"@type\":\"WebSite\",\"@id\":\"https:\/\/eblum.ch\/de\/#website\",\"url\":\"https:\/\/eblum.ch\/de\/\",\"name\":\"E. Blum & Co. AG Patent- und Markenanw\u00e4lte Z\u00fcrich\",\"description\":\"\",\"potentialAction\":[{\"@type\":\"SearchAction\",\"target\":{\"@type\":\"EntryPoint\",\"urlTemplate\":\"https:\/\/eblum.ch\/de\/?s={search_term_string}\"},\"query-input\":{\"@type\":\"PropertyValueSpecification\",\"valueRequired\":true,\"valueName\":\"search_term_string\"}}],\"inLanguage\":\"de-CH\"}]}<\/script>\n<!-- \/ Yoast SEO plugin. -->","yoast_head_json":{"title":"IP-Due-Diligence - E. Blum &amp; Co. AG Patent- und Markenanw\u00e4lte Z\u00fcrich","description":"IP-Due-Diligence - E. Blum & Co. AG, Z\u00fcrich, Patentanw\u00e4lte und Markenanw\u00e4lte in Z\u00fcrich: Patente, Marken, Designs, Trademarks und alle weiteren Bereiche des Immaterialg\u00fcterrechts","robots":{"index":"index","follow":"follow","max-snippet":"max-snippet:-1","max-image-preview":"max-image-preview:large","max-video-preview":"max-video-preview:-1"},"canonical":"https:\/\/eblum.ch\/de\/dienstleistungen\/ip-due-diligence\/","og_locale":"de_DE","og_type":"article","og_title":"IP-Due-Diligence - E. Blum &amp; Co. AG Patent- und Markenanw\u00e4lte Z\u00fcrich","og_description":"IP-Due-Diligence - E. Blum & Co. AG, Z\u00fcrich, Patentanw\u00e4lte und Markenanw\u00e4lte in Z\u00fcrich: Patente, Marken, Designs, Trademarks und alle weiteren Bereiche des Immaterialg\u00fcterrechts","og_url":"https:\/\/eblum.ch\/de\/dienstleistungen\/ip-due-diligence\/","og_site_name":"E. Blum &amp; Co. AG Patent- und Markenanw\u00e4lte Z\u00fcrich","article_modified_time":"2025-07-02T07:26:53+00:00","twitter_card":"summary_large_image","twitter_misc":{"Gesch\u00e4tzte Lesezeit":"2\u00a0Minuten"},"schema":{"@context":"https:\/\/schema.org","@graph":[{"@type":"WebPage","@id":"https:\/\/eblum.ch\/de\/dienstleistungen\/ip-due-diligence\/","url":"https:\/\/eblum.ch\/de\/dienstleistungen\/ip-due-diligence\/","name":"IP-Due-Diligence - E. Blum &amp; Co. AG Patent- und Markenanw\u00e4lte Z\u00fcrich","isPartOf":{"@id":"https:\/\/eblum.ch\/de\/#website"},"datePublished":"2025-07-02T07:26:52+00:00","dateModified":"2025-07-02T07:26:53+00:00","description":"IP-Due-Diligence - E. Blum & Co. AG, Z\u00fcrich, Patentanw\u00e4lte und Markenanw\u00e4lte in Z\u00fcrich: Patente, Marken, Designs, Trademarks und alle weiteren Bereiche des Immaterialg\u00fcterrechts","breadcrumb":{"@id":"https:\/\/eblum.ch\/de\/dienstleistungen\/ip-due-diligence\/#breadcrumb"},"inLanguage":"de-CH","potentialAction":[{"@type":"ReadAction","target":["https:\/\/eblum.ch\/de\/dienstleistungen\/ip-due-diligence\/"]}]},{"@type":"BreadcrumbList","@id":"https:\/\/eblum.ch\/de\/dienstleistungen\/ip-due-diligence\/#breadcrumb","itemListElement":[{"@type":"ListItem","position":1,"name":"Home","item":"https:\/\/eblum.ch\/de\/"},{"@type":"ListItem","position":2,"name":"Dienstleistungen","item":"https:\/\/eblum.ch\/de\/dienstleistungen\/"},{"@type":"ListItem","position":3,"name":"IP-Due-Diligence"}]},{"@type":"WebSite","@id":"https:\/\/eblum.ch\/de\/#website","url":"https:\/\/eblum.ch\/de\/","name":"E. Blum & Co. AG Patent- und Markenanw\u00e4lte Z\u00fcrich","description":"","potentialAction":[{"@type":"SearchAction","target":{"@type":"EntryPoint","urlTemplate":"https:\/\/eblum.ch\/de\/?s={search_term_string}"},"query-input":{"@type":"PropertyValueSpecification","valueRequired":true,"valueName":"search_term_string"}}],"inLanguage":"de-CH"}]}},"_links":{"self":[{"href":"https:\/\/eblum.ch\/de\/wp-json\/wp\/v2\/pages\/3441","targetHints":{"allow":["GET"]}}],"collection":[{"href":"https:\/\/eblum.ch\/de\/wp-json\/wp\/v2\/pages"}],"about":[{"href":"https:\/\/eblum.ch\/de\/wp-json\/wp\/v2\/types\/page"}],"author":[{"embeddable":true,"href":"https:\/\/eblum.ch\/de\/wp-json\/wp\/v2\/users\/2"}],"replies":[{"embeddable":true,"href":"https:\/\/eblum.ch\/de\/wp-json\/wp\/v2\/comments?post=3441"}],"version-history":[{"count":4,"href":"https:\/\/eblum.ch\/de\/wp-json\/wp\/v2\/pages\/3441\/revisions"}],"predecessor-version":[{"id":3445,"href":"https:\/\/eblum.ch\/de\/wp-json\/wp\/v2\/pages\/3441\/revisions\/3445"}],"up":[{"embeddable":true,"href":"https:\/\/eblum.ch\/de\/wp-json\/wp\/v2\/pages\/367"}],"wp:attachment":[{"href":"https:\/\/eblum.ch\/de\/wp-json\/wp\/v2\/media?parent=3441"}],"curies":[{"name":"wp","href":"https:\/\/api.w.org\/{rel}","templated":true}]}}