{"id":385,"date":"2023-08-07T12:00:00","date_gmt":"2023-08-07T10:00:00","guid":{"rendered":"https:\/\/eblum.ch\/?page_id=385"},"modified":"2023-11-06T19:59:11","modified_gmt":"2023-11-06T18:59:11","slug":"ip-strategien","status":"publish","type":"page","link":"https:\/\/eblum.ch\/de\/dienstleistungen\/ip-strategien\/","title":{"rendered":"IP-Strategien"},"content":{"rendered":"\n<p>Eine solide IP-Strategie (Patentstrategie, Markenstrategie, etc.) sollte Ihre Firmenstrategie im Bereich des geistigen Eigentums umsetzen. Sie enth\u00e4lt Richtlinen zum Einreichen und Aufrechterhalten von Schutzrechten sowie zu deren Durchsetzung. Sie sollte auch die Bereiche &#171;Freedom-to-Operate&#187; und Schutzrechts\u00fcberwachung ber\u00fccksichtigen.<\/p>\n\n\n\n<p>Weitere Elemente der Strategie sind z.B. das Kostenmanagement, Standards in Vertr\u00e4gen mit Mitarbeitenden und Dritten, die Lizenzpolitik sowie Richtlinien im Umgang mit Open Source und Open Innovation.<\/p>\n\n\n\n<p>Bei der Implementierung einer Strategie m\u00fcssen Verantwortlichkeiten definiert und Arbeitsabl\u00e4ufe \u00fcberpr\u00fcft werden. Training bildet oftmals ebenfalls einen wichtigen Bestandteil der Arbeiten.<\/p>\n\n\n\n<p>Es gibt keine ideale IP-Strategie f\u00fcr alle. Aber unser Strategieteam hat reiche Erfahrung auf diesem Gebiet und kann Sie je nach Bedarf bei einzelnen Aspekten oder einer vollst\u00e4ndigen \u00dcberpr\u00fcfung Ihrer Richtlinien unterst\u00fctzen.<\/p>\n","protected":false},"excerpt":{"rendered":"<p>Eine solide IP-Strategie (Patentstrategie, Markenstrategie, etc.) sollte Ihre Firmenstrategie im Bereich des geistigen Eigentums umsetzen. Sie enth\u00e4lt Richtlinen zum Einreichen und Aufrechterhalten von Schutzrechten sowie zu deren Durchsetzung. Sie sollte auch die Bereiche &#171;Freedom-to-Operate&#187; und Schutzrechts\u00fcberwachung ber\u00fccksichtigen. Weitere Elemente der Strategie sind z.B. das Kostenmanagement, Standards in Vertr\u00e4gen mit Mitarbeitenden und Dritten, die Lizenzpolitik sowie &hellip; <\/p>\n<p class=\"link-more\"><a href=\"https:\/\/eblum.ch\/de\/dienstleistungen\/ip-strategien\/\" class=\"more-link\">Weiterlesen<span class=\"screen-reader-text\"> &#171;IP-Strategien&#187;<\/span><\/a><\/p>\n","protected":false},"author":1,"featured_media":0,"parent":367,"menu_order":0,"comment_status":"closed","ping_status":"closed","template":"","meta":{"_acf_changed":false,"footnotes":""},"class_list":["post-385","page","type-page","status-publish","hentry"],"acf":[],"yoast_head":"<!-- This site is optimized with the Yoast SEO plugin v26.0 - https:\/\/yoast.com\/wordpress\/plugins\/seo\/ -->\n<title>IP-Strategien - E. Blum &amp; Co. AG Patent- und Markenanw\u00e4lte Z\u00fcrich<\/title>\n<meta name=\"description\" content=\"IP-Strategien - E. Blum &amp; Co. AG, Z\u00fcrich, Patentanw\u00e4lte und Markenanw\u00e4lte in Z\u00fcrich: Patente, Marken, Designs, Trademarks und alle weiteren Bereiche des Immaterialg\u00fcterrechts\" \/>\n<meta name=\"robots\" content=\"index, follow, max-snippet:-1, max-image-preview:large, max-video-preview:-1\" \/>\n<link rel=\"canonical\" href=\"https:\/\/eblum.ch\/de\/dienstleistungen\/ip-strategien\/\" \/>\n<meta property=\"og:locale\" content=\"de_DE\" \/>\n<meta property=\"og:type\" content=\"article\" \/>\n<meta property=\"og:title\" content=\"IP-Strategien - E. Blum &amp; Co. AG Patent- und Markenanw\u00e4lte Z\u00fcrich\" \/>\n<meta property=\"og:description\" content=\"IP-Strategien - E. Blum &amp; Co. AG, Z\u00fcrich, Patentanw\u00e4lte und Markenanw\u00e4lte in Z\u00fcrich: Patente, Marken, Designs, Trademarks und alle weiteren Bereiche des Immaterialg\u00fcterrechts\" \/>\n<meta property=\"og:url\" content=\"https:\/\/eblum.ch\/de\/dienstleistungen\/ip-strategien\/\" \/>\n<meta property=\"og:site_name\" content=\"E. Blum &amp; Co. AG Patent- und Markenanw\u00e4lte Z\u00fcrich\" \/>\n<meta property=\"article:modified_time\" content=\"2023-11-06T18:59:11+00:00\" \/>\n<meta name=\"twitter:card\" content=\"summary_large_image\" \/>\n<meta name=\"twitter:label1\" content=\"Gesch\u00e4tzte Lesezeit\" \/>\n\t<meta name=\"twitter:data1\" content=\"1\u00a0Minute\" \/>\n<script type=\"application\/ld+json\" class=\"yoast-schema-graph\">{\"@context\":\"https:\/\/schema.org\",\"@graph\":[{\"@type\":\"WebPage\",\"@id\":\"https:\/\/eblum.ch\/de\/dienstleistungen\/ip-strategien\/\",\"url\":\"https:\/\/eblum.ch\/de\/dienstleistungen\/ip-strategien\/\",\"name\":\"IP-Strategien - E. Blum &amp; Co. AG Patent- und Markenanw\u00e4lte Z\u00fcrich\",\"isPartOf\":{\"@id\":\"https:\/\/eblum.ch\/de\/#website\"},\"datePublished\":\"2023-08-07T10:00:00+00:00\",\"dateModified\":\"2023-11-06T18:59:11+00:00\",\"description\":\"IP-Strategien - E. Blum & Co. AG, Z\u00fcrich, Patentanw\u00e4lte und Markenanw\u00e4lte in Z\u00fcrich: Patente, Marken, Designs, Trademarks und alle weiteren Bereiche des Immaterialg\u00fcterrechts\",\"breadcrumb\":{\"@id\":\"https:\/\/eblum.ch\/de\/dienstleistungen\/ip-strategien\/#breadcrumb\"},\"inLanguage\":\"de-CH\",\"potentialAction\":[{\"@type\":\"ReadAction\",\"target\":[\"https:\/\/eblum.ch\/de\/dienstleistungen\/ip-strategien\/\"]}]},{\"@type\":\"BreadcrumbList\",\"@id\":\"https:\/\/eblum.ch\/de\/dienstleistungen\/ip-strategien\/#breadcrumb\",\"itemListElement\":[{\"@type\":\"ListItem\",\"position\":1,\"name\":\"Home\",\"item\":\"https:\/\/eblum.ch\/de\/\"},{\"@type\":\"ListItem\",\"position\":2,\"name\":\"Dienstleistungen\",\"item\":\"https:\/\/eblum.ch\/de\/dienstleistungen\/\"},{\"@type\":\"ListItem\",\"position\":3,\"name\":\"IP-Strategien\"}]},{\"@type\":\"WebSite\",\"@id\":\"https:\/\/eblum.ch\/de\/#website\",\"url\":\"https:\/\/eblum.ch\/de\/\",\"name\":\"E. Blum & Co. AG Patent- und Markenanw\u00e4lte Z\u00fcrich\",\"description\":\"\",\"potentialAction\":[{\"@type\":\"SearchAction\",\"target\":{\"@type\":\"EntryPoint\",\"urlTemplate\":\"https:\/\/eblum.ch\/de\/?s={search_term_string}\"},\"query-input\":{\"@type\":\"PropertyValueSpecification\",\"valueRequired\":true,\"valueName\":\"search_term_string\"}}],\"inLanguage\":\"de-CH\"}]}<\/script>\n<!-- \/ Yoast SEO plugin. -->","yoast_head_json":{"title":"IP-Strategien - E. Blum &amp; Co. AG Patent- und Markenanw\u00e4lte Z\u00fcrich","description":"IP-Strategien - E. Blum & Co. AG, Z\u00fcrich, Patentanw\u00e4lte und Markenanw\u00e4lte in Z\u00fcrich: Patente, Marken, Designs, Trademarks und alle weiteren Bereiche des Immaterialg\u00fcterrechts","robots":{"index":"index","follow":"follow","max-snippet":"max-snippet:-1","max-image-preview":"max-image-preview:large","max-video-preview":"max-video-preview:-1"},"canonical":"https:\/\/eblum.ch\/de\/dienstleistungen\/ip-strategien\/","og_locale":"de_DE","og_type":"article","og_title":"IP-Strategien - E. Blum &amp; Co. AG Patent- und Markenanw\u00e4lte Z\u00fcrich","og_description":"IP-Strategien - E. Blum & Co. AG, Z\u00fcrich, Patentanw\u00e4lte und Markenanw\u00e4lte in Z\u00fcrich: Patente, Marken, Designs, Trademarks und alle weiteren Bereiche des Immaterialg\u00fcterrechts","og_url":"https:\/\/eblum.ch\/de\/dienstleistungen\/ip-strategien\/","og_site_name":"E. Blum &amp; Co. AG Patent- und Markenanw\u00e4lte Z\u00fcrich","article_modified_time":"2023-11-06T18:59:11+00:00","twitter_card":"summary_large_image","twitter_misc":{"Gesch\u00e4tzte Lesezeit":"1\u00a0Minute"},"schema":{"@context":"https:\/\/schema.org","@graph":[{"@type":"WebPage","@id":"https:\/\/eblum.ch\/de\/dienstleistungen\/ip-strategien\/","url":"https:\/\/eblum.ch\/de\/dienstleistungen\/ip-strategien\/","name":"IP-Strategien - E. Blum &amp; Co. AG Patent- und Markenanw\u00e4lte Z\u00fcrich","isPartOf":{"@id":"https:\/\/eblum.ch\/de\/#website"},"datePublished":"2023-08-07T10:00:00+00:00","dateModified":"2023-11-06T18:59:11+00:00","description":"IP-Strategien - E. Blum & Co. AG, Z\u00fcrich, Patentanw\u00e4lte und Markenanw\u00e4lte in Z\u00fcrich: Patente, Marken, Designs, Trademarks und alle weiteren Bereiche des Immaterialg\u00fcterrechts","breadcrumb":{"@id":"https:\/\/eblum.ch\/de\/dienstleistungen\/ip-strategien\/#breadcrumb"},"inLanguage":"de-CH","potentialAction":[{"@type":"ReadAction","target":["https:\/\/eblum.ch\/de\/dienstleistungen\/ip-strategien\/"]}]},{"@type":"BreadcrumbList","@id":"https:\/\/eblum.ch\/de\/dienstleistungen\/ip-strategien\/#breadcrumb","itemListElement":[{"@type":"ListItem","position":1,"name":"Home","item":"https:\/\/eblum.ch\/de\/"},{"@type":"ListItem","position":2,"name":"Dienstleistungen","item":"https:\/\/eblum.ch\/de\/dienstleistungen\/"},{"@type":"ListItem","position":3,"name":"IP-Strategien"}]},{"@type":"WebSite","@id":"https:\/\/eblum.ch\/de\/#website","url":"https:\/\/eblum.ch\/de\/","name":"E. Blum & Co. AG Patent- und Markenanw\u00e4lte Z\u00fcrich","description":"","potentialAction":[{"@type":"SearchAction","target":{"@type":"EntryPoint","urlTemplate":"https:\/\/eblum.ch\/de\/?s={search_term_string}"},"query-input":{"@type":"PropertyValueSpecification","valueRequired":true,"valueName":"search_term_string"}}],"inLanguage":"de-CH"}]}},"_links":{"self":[{"href":"https:\/\/eblum.ch\/de\/wp-json\/wp\/v2\/pages\/385","targetHints":{"allow":["GET"]}}],"collection":[{"href":"https:\/\/eblum.ch\/de\/wp-json\/wp\/v2\/pages"}],"about":[{"href":"https:\/\/eblum.ch\/de\/wp-json\/wp\/v2\/types\/page"}],"author":[{"embeddable":true,"href":"https:\/\/eblum.ch\/de\/wp-json\/wp\/v2\/users\/1"}],"replies":[{"embeddable":true,"href":"https:\/\/eblum.ch\/de\/wp-json\/wp\/v2\/comments?post=385"}],"version-history":[{"count":4,"href":"https:\/\/eblum.ch\/de\/wp-json\/wp\/v2\/pages\/385\/revisions"}],"predecessor-version":[{"id":2560,"href":"https:\/\/eblum.ch\/de\/wp-json\/wp\/v2\/pages\/385\/revisions\/2560"}],"up":[{"embeddable":true,"href":"https:\/\/eblum.ch\/de\/wp-json\/wp\/v2\/pages\/367"}],"wp:attachment":[{"href":"https:\/\/eblum.ch\/de\/wp-json\/wp\/v2\/media?parent=385"}],"curies":[{"name":"wp","href":"https:\/\/api.w.org\/{rel}","templated":true}]}}