{"id":389,"date":"2023-08-07T12:00:00","date_gmt":"2023-08-07T10:00:00","guid":{"rendered":"https:\/\/eblum.ch\/?page_id=389"},"modified":"2023-11-06T20:00:33","modified_gmt":"2023-11-06T19:00:33","slug":"patentbox","status":"publish","type":"page","link":"https:\/\/eblum.ch\/de\/dienstleistungen\/patentbox\/","title":{"rendered":"Patentbox"},"content":{"rendered":"\n<p>Die schweizerische Patentbox wurde im Rahmen der\u00a0<a href=\"https:\/\/www.admin.ch\/gov\/de\/start\/dokumentation\/abstimmungen\/20190519\/steuerreform-und-ahv-finanzierung.html\" target=\"_blank\" rel=\"noreferrer noopener\">Bundesgesetzes<\/a> \u00fcber die Steuerreform und die AHV-Finanzierung\u00a0(STAF)\u00a0geschaffen. Sie\u00a0erlaubt es einer Firma, einen Teil der Erl\u00f6se aus patentierten Produkten am steuerbaren Einkommen zum Abzug zu bringen. Daraus k\u00f6nnen betr\u00e4chtliche Einsparungen resultieren, aber die Umsetzung f\u00fchrt zu administrativem Mehraufwand und verschiedenen Kosten.<\/p>\n\n\n\n<p>Die Einsparungen h\u00e4ngen stark von Umsatz und Marge einer Firma ab. Auch das Domizil spielt eine Rolle, da die Kantone die Box teilweise sehr unterschiedlich umsetzen. Ein weiterer wichtiger Parameter ist die &#171;Gr\u00f6sse&#187; der Patentbox.<\/p>\n\n\n\n<p>Von Bedeutung sind zudem die Kosten, die beim Erstellen der Box anfallen, da der Forschungs- und Entwicklungsaufwand der Box aus den letzten zehn Jahren&nbsp;zum steuerbaren Reingewinn hinzuzurechnen ist. Um diese Kosten zu minimieren, ist eine sorgf\u00e4ltige Planung sinnvoll.&nbsp;<\/p>\n\n\n\n<p>Eine interessante Alternative oder Erg\u00e4nzung zur Patentbox bildet die privilegierte Besteuerung des Forschungs- und Entwicklungsaufwands, welche einige Kantone im Rahmen der STAF eingef\u00fchrt haben.<\/p>\n\n\n\n<p>Unsere Spezialisten haben bereits im Rahmen der rechtlichen Vorbereitungsarbeiten an der Diskussion dieses Werkzeugs teilgenommen, und sie k\u00f6nnen Sie in diesem Gebiet kompetent beraten.<\/p>\n\n\n\n<p>F\u00fcr eine eingehende Diskussion und die Umsetzung ist jedoch immer eine Zusammenarbeit zwischen Patent- und Steuerexperten erforderlich. Wir sind gerne bereit, Sie dabei zu unterst\u00fctzen. Wir k\u00f6nnen dabei mit Ihrem jetzigen Steuerexperten zusammenarbeiten, vermitteln aber bei Bedarf auch gerne einen geeigneten Steuerrechtler.<\/p>\n","protected":false},"excerpt":{"rendered":"<p>Die schweizerische Patentbox wurde im Rahmen der\u00a0Bundesgesetzes \u00fcber die Steuerreform und die AHV-Finanzierung\u00a0(STAF)\u00a0geschaffen. Sie\u00a0erlaubt es einer Firma, einen Teil der Erl\u00f6se aus patentierten Produkten am steuerbaren Einkommen zum Abzug zu bringen. Daraus k\u00f6nnen betr\u00e4chtliche Einsparungen resultieren, aber die Umsetzung f\u00fchrt zu administrativem Mehraufwand und verschiedenen Kosten. Die Einsparungen h\u00e4ngen stark von Umsatz und Marge einer &hellip; <\/p>\n<p class=\"link-more\"><a href=\"https:\/\/eblum.ch\/de\/dienstleistungen\/patentbox\/\" class=\"more-link\">Weiterlesen<span class=\"screen-reader-text\"> &#171;Patentbox&#187;<\/span><\/a><\/p>\n","protected":false},"author":1,"featured_media":0,"parent":367,"menu_order":0,"comment_status":"closed","ping_status":"closed","template":"","meta":{"_acf_changed":false,"footnotes":""},"class_list":["post-389","page","type-page","status-publish","hentry"],"acf":[],"yoast_head":"<!-- This site is optimized with the Yoast SEO plugin v26.0 - https:\/\/yoast.com\/wordpress\/plugins\/seo\/ -->\n<title>Patentbox - E. Blum &amp; Co. AG Patent- und Markenanw\u00e4lte Z\u00fcrich<\/title>\n<meta name=\"description\" content=\"Patentbox - E. Blum &amp; Co. AG, Z\u00fcrich, Patentanw\u00e4lte und Markenanw\u00e4lte in Z\u00fcrich: Patente, Marken, Designs, Trademarks und alle weiteren Bereiche des Immaterialg\u00fcterrechts\" \/>\n<meta name=\"robots\" content=\"index, follow, max-snippet:-1, max-image-preview:large, max-video-preview:-1\" \/>\n<link rel=\"canonical\" href=\"https:\/\/eblum.ch\/de\/dienstleistungen\/patentbox\/\" \/>\n<meta property=\"og:locale\" content=\"de_DE\" \/>\n<meta property=\"og:type\" content=\"article\" \/>\n<meta property=\"og:title\" content=\"Patentbox - E. Blum &amp; Co. AG Patent- und Markenanw\u00e4lte Z\u00fcrich\" \/>\n<meta property=\"og:description\" content=\"Patentbox - E. Blum &amp; Co. AG, Z\u00fcrich, Patentanw\u00e4lte und Markenanw\u00e4lte in Z\u00fcrich: Patente, Marken, Designs, Trademarks und alle weiteren Bereiche des Immaterialg\u00fcterrechts\" \/>\n<meta property=\"og:url\" content=\"https:\/\/eblum.ch\/de\/dienstleistungen\/patentbox\/\" \/>\n<meta property=\"og:site_name\" content=\"E. Blum &amp; Co. AG Patent- und Markenanw\u00e4lte Z\u00fcrich\" \/>\n<meta property=\"article:modified_time\" content=\"2023-11-06T19:00:33+00:00\" \/>\n<meta name=\"twitter:card\" content=\"summary_large_image\" \/>\n<meta name=\"twitter:label1\" content=\"Gesch\u00e4tzte Lesezeit\" \/>\n\t<meta name=\"twitter:data1\" content=\"2\u00a0Minuten\" \/>\n<script type=\"application\/ld+json\" class=\"yoast-schema-graph\">{\"@context\":\"https:\/\/schema.org\",\"@graph\":[{\"@type\":\"WebPage\",\"@id\":\"https:\/\/eblum.ch\/de\/dienstleistungen\/patentbox\/\",\"url\":\"https:\/\/eblum.ch\/de\/dienstleistungen\/patentbox\/\",\"name\":\"Patentbox - E. Blum &amp; Co. AG Patent- und Markenanw\u00e4lte Z\u00fcrich\",\"isPartOf\":{\"@id\":\"https:\/\/eblum.ch\/de\/#website\"},\"datePublished\":\"2023-08-07T10:00:00+00:00\",\"dateModified\":\"2023-11-06T19:00:33+00:00\",\"description\":\"Patentbox - E. Blum & Co. AG, Z\u00fcrich, Patentanw\u00e4lte und Markenanw\u00e4lte in Z\u00fcrich: Patente, Marken, Designs, Trademarks und alle weiteren Bereiche des Immaterialg\u00fcterrechts\",\"breadcrumb\":{\"@id\":\"https:\/\/eblum.ch\/de\/dienstleistungen\/patentbox\/#breadcrumb\"},\"inLanguage\":\"de-CH\",\"potentialAction\":[{\"@type\":\"ReadAction\",\"target\":[\"https:\/\/eblum.ch\/de\/dienstleistungen\/patentbox\/\"]}]},{\"@type\":\"BreadcrumbList\",\"@id\":\"https:\/\/eblum.ch\/de\/dienstleistungen\/patentbox\/#breadcrumb\",\"itemListElement\":[{\"@type\":\"ListItem\",\"position\":1,\"name\":\"Home\",\"item\":\"https:\/\/eblum.ch\/de\/\"},{\"@type\":\"ListItem\",\"position\":2,\"name\":\"Dienstleistungen\",\"item\":\"https:\/\/eblum.ch\/de\/dienstleistungen\/\"},{\"@type\":\"ListItem\",\"position\":3,\"name\":\"Patentbox\"}]},{\"@type\":\"WebSite\",\"@id\":\"https:\/\/eblum.ch\/de\/#website\",\"url\":\"https:\/\/eblum.ch\/de\/\",\"name\":\"E. Blum & Co. AG Patent- und Markenanw\u00e4lte Z\u00fcrich\",\"description\":\"\",\"potentialAction\":[{\"@type\":\"SearchAction\",\"target\":{\"@type\":\"EntryPoint\",\"urlTemplate\":\"https:\/\/eblum.ch\/de\/?s={search_term_string}\"},\"query-input\":{\"@type\":\"PropertyValueSpecification\",\"valueRequired\":true,\"valueName\":\"search_term_string\"}}],\"inLanguage\":\"de-CH\"}]}<\/script>\n<!-- \/ Yoast SEO plugin. -->","yoast_head_json":{"title":"Patentbox - E. Blum &amp; Co. AG Patent- und Markenanw\u00e4lte Z\u00fcrich","description":"Patentbox - E. Blum & Co. AG, Z\u00fcrich, Patentanw\u00e4lte und Markenanw\u00e4lte in Z\u00fcrich: Patente, Marken, Designs, Trademarks und alle weiteren Bereiche des Immaterialg\u00fcterrechts","robots":{"index":"index","follow":"follow","max-snippet":"max-snippet:-1","max-image-preview":"max-image-preview:large","max-video-preview":"max-video-preview:-1"},"canonical":"https:\/\/eblum.ch\/de\/dienstleistungen\/patentbox\/","og_locale":"de_DE","og_type":"article","og_title":"Patentbox - E. Blum &amp; Co. AG Patent- und Markenanw\u00e4lte Z\u00fcrich","og_description":"Patentbox - E. Blum & Co. AG, Z\u00fcrich, Patentanw\u00e4lte und Markenanw\u00e4lte in Z\u00fcrich: Patente, Marken, Designs, Trademarks und alle weiteren Bereiche des Immaterialg\u00fcterrechts","og_url":"https:\/\/eblum.ch\/de\/dienstleistungen\/patentbox\/","og_site_name":"E. Blum &amp; Co. AG Patent- und Markenanw\u00e4lte Z\u00fcrich","article_modified_time":"2023-11-06T19:00:33+00:00","twitter_card":"summary_large_image","twitter_misc":{"Gesch\u00e4tzte Lesezeit":"2\u00a0Minuten"},"schema":{"@context":"https:\/\/schema.org","@graph":[{"@type":"WebPage","@id":"https:\/\/eblum.ch\/de\/dienstleistungen\/patentbox\/","url":"https:\/\/eblum.ch\/de\/dienstleistungen\/patentbox\/","name":"Patentbox - E. Blum &amp; Co. AG Patent- und Markenanw\u00e4lte Z\u00fcrich","isPartOf":{"@id":"https:\/\/eblum.ch\/de\/#website"},"datePublished":"2023-08-07T10:00:00+00:00","dateModified":"2023-11-06T19:00:33+00:00","description":"Patentbox - E. Blum & Co. AG, Z\u00fcrich, Patentanw\u00e4lte und Markenanw\u00e4lte in Z\u00fcrich: Patente, Marken, Designs, Trademarks und alle weiteren Bereiche des Immaterialg\u00fcterrechts","breadcrumb":{"@id":"https:\/\/eblum.ch\/de\/dienstleistungen\/patentbox\/#breadcrumb"},"inLanguage":"de-CH","potentialAction":[{"@type":"ReadAction","target":["https:\/\/eblum.ch\/de\/dienstleistungen\/patentbox\/"]}]},{"@type":"BreadcrumbList","@id":"https:\/\/eblum.ch\/de\/dienstleistungen\/patentbox\/#breadcrumb","itemListElement":[{"@type":"ListItem","position":1,"name":"Home","item":"https:\/\/eblum.ch\/de\/"},{"@type":"ListItem","position":2,"name":"Dienstleistungen","item":"https:\/\/eblum.ch\/de\/dienstleistungen\/"},{"@type":"ListItem","position":3,"name":"Patentbox"}]},{"@type":"WebSite","@id":"https:\/\/eblum.ch\/de\/#website","url":"https:\/\/eblum.ch\/de\/","name":"E. Blum & Co. AG Patent- und Markenanw\u00e4lte Z\u00fcrich","description":"","potentialAction":[{"@type":"SearchAction","target":{"@type":"EntryPoint","urlTemplate":"https:\/\/eblum.ch\/de\/?s={search_term_string}"},"query-input":{"@type":"PropertyValueSpecification","valueRequired":true,"valueName":"search_term_string"}}],"inLanguage":"de-CH"}]}},"_links":{"self":[{"href":"https:\/\/eblum.ch\/de\/wp-json\/wp\/v2\/pages\/389","targetHints":{"allow":["GET"]}}],"collection":[{"href":"https:\/\/eblum.ch\/de\/wp-json\/wp\/v2\/pages"}],"about":[{"href":"https:\/\/eblum.ch\/de\/wp-json\/wp\/v2\/types\/page"}],"author":[{"embeddable":true,"href":"https:\/\/eblum.ch\/de\/wp-json\/wp\/v2\/users\/1"}],"replies":[{"embeddable":true,"href":"https:\/\/eblum.ch\/de\/wp-json\/wp\/v2\/comments?post=389"}],"version-history":[{"count":5,"href":"https:\/\/eblum.ch\/de\/wp-json\/wp\/v2\/pages\/389\/revisions"}],"predecessor-version":[{"id":2562,"href":"https:\/\/eblum.ch\/de\/wp-json\/wp\/v2\/pages\/389\/revisions\/2562"}],"up":[{"embeddable":true,"href":"https:\/\/eblum.ch\/de\/wp-json\/wp\/v2\/pages\/367"}],"wp:attachment":[{"href":"https:\/\/eblum.ch\/de\/wp-json\/wp\/v2\/media?parent=389"}],"curies":[{"name":"wp","href":"https:\/\/api.w.org\/{rel}","templated":true}]}}