{"id":411,"date":"2023-08-07T12:00:00","date_gmt":"2023-08-07T10:00:00","guid":{"rendered":"https:\/\/eblum.ch\/?page_id=411"},"modified":"2025-03-03T15:05:47","modified_gmt":"2025-03-03T14:05:47","slug":"firmenleitbild","status":"publish","type":"page","link":"https:\/\/eblum.ch\/de\/ueber-uns\/firmenleitbild\/","title":{"rendered":"Leitbild"},"content":{"rendered":"\n<p>Vor einigen Jahren haben die Mitarbeitenden von Blum in mehreren Sitzungen diskutiert, was aus ihrer Sicht die Werte und Priorit\u00e4ten der Firma sein sollen. Am Schluss dieser Diskussionen wurden gemeinsam acht Leits\u00e4tze formuliert, von denen vier die Firma nach aussen und vier die interne Zusammenarbeit charakterisieren:<\/p>\n\n\n\n<h3 class=\"wp-block-heading\">Nach aussen<\/h3>\n\n\n\n<ul class=\"wp-block-list\">\n<li>Wir bieten qualitativ hochwertige, klientenorientierte Dienstleistungen aufgrund langj\u00e4hriger, professioneller Erfahrung und fundiertem Fachwissen.<\/li>\n\n\n\n<li>Wir bauen auf Kompetenz, Qualit\u00e4t, Zuverl\u00e4ssigkeit und Vertrauen.<\/li>\n\n\n\n<li>Die Bed\u00fcrfnisse unserer Klientinnen und Klienten stehen im Zentrum unserer Arbeit.<\/li>\n\n\n\n<li>Seit 1878 geh\u00f6ren wir zu den Besten, und wir arbeiten engagiert daran, dass dies so bleibt.<\/li>\n<\/ul>\n\n\n\n<h3 class=\"wp-block-heading\">Nach innen<\/h3>\n\n\n\n<ul class=\"wp-block-list\">\n<li>Wir legen grossen Wert auf gegenseitige Unterst\u00fctzung sowie auf einen freundlichen, respektvollen Umgang miteinander, unabh\u00e4ngig von Position und Stellung.<\/li>\n\n\n\n<li>Klare, nachvollziehbare Leitlinien schaffen Transparenz und sichern Effizienz.<\/li>\n\n\n\n<li>Wir passen Arbeitsabl\u00e4ufe und interne Prozesse laufend den aktuellen Anforderungen an, ohne auf Bew\u00e4hrtes zu verzichten.<\/li>\n\n\n\n<li>Wir bieten Raum f\u00fcr Selbstst\u00e4ndigkeit und Individualit\u00e4t im Rahmen klarer Leitlinien sowie faire Anstellungsbedingungen.<\/li>\n<\/ul>\n\n\n\n<p>Blum steht voll hinter diesen Leits\u00e4tzen und ist bestrebt, sie wo immer m\u00f6glich umzusetzen.<\/p>\n","protected":false},"excerpt":{"rendered":"<p>Vor einigen Jahren haben die Mitarbeitenden von Blum in mehreren Sitzungen diskutiert, was aus ihrer Sicht die Werte und Priorit\u00e4ten der Firma sein sollen. Am Schluss dieser Diskussionen wurden gemeinsam acht Leits\u00e4tze formuliert, von denen vier die Firma nach aussen und vier die interne Zusammenarbeit charakterisieren: Nach aussen Nach innen Blum steht voll hinter diesen &hellip; <\/p>\n<p class=\"link-more\"><a href=\"https:\/\/eblum.ch\/de\/ueber-uns\/firmenleitbild\/\" class=\"more-link\">Weiterlesen<span class=\"screen-reader-text\"> &#171;Leitbild&#187;<\/span><\/a><\/p>\n","protected":false},"author":1,"featured_media":0,"parent":409,"menu_order":0,"comment_status":"closed","ping_status":"closed","template":"","meta":{"_acf_changed":false,"footnotes":""},"class_list":["post-411","page","type-page","status-publish","hentry"],"acf":[],"yoast_head":"<!-- This site is optimized with the Yoast SEO plugin v26.0 - https:\/\/yoast.com\/wordpress\/plugins\/seo\/ -->\n<title>Leitbild - E. Blum &amp; Co. AG Patent- und Markenanw\u00e4lte Z\u00fcrich<\/title>\n<meta name=\"description\" content=\"Leitbild - E. Blum &amp; Co. AG, Z\u00fcrich, Patentanw\u00e4lte und Markenanw\u00e4lte in Z\u00fcrich: Patente, Marken, Designs, Trademarks und alle weiteren Bereiche des Immaterialg\u00fcterrechts\" \/>\n<meta name=\"robots\" content=\"index, follow, max-snippet:-1, max-image-preview:large, max-video-preview:-1\" \/>\n<link rel=\"canonical\" href=\"https:\/\/eblum.ch\/de\/ueber-uns\/firmenleitbild\/\" \/>\n<meta property=\"og:locale\" content=\"de_DE\" \/>\n<meta property=\"og:type\" content=\"article\" \/>\n<meta property=\"og:title\" content=\"Leitbild - E. Blum &amp; Co. AG Patent- und Markenanw\u00e4lte Z\u00fcrich\" \/>\n<meta property=\"og:description\" content=\"Leitbild - E. Blum &amp; Co. AG, Z\u00fcrich, Patentanw\u00e4lte und Markenanw\u00e4lte in Z\u00fcrich: Patente, Marken, Designs, Trademarks und alle weiteren Bereiche des Immaterialg\u00fcterrechts\" \/>\n<meta property=\"og:url\" content=\"https:\/\/eblum.ch\/de\/ueber-uns\/firmenleitbild\/\" \/>\n<meta property=\"og:site_name\" content=\"E. Blum &amp; Co. AG Patent- und Markenanw\u00e4lte Z\u00fcrich\" \/>\n<meta property=\"article:modified_time\" content=\"2025-03-03T14:05:47+00:00\" \/>\n<meta name=\"twitter:card\" content=\"summary_large_image\" \/>\n<meta name=\"twitter:label1\" content=\"Gesch\u00e4tzte Lesezeit\" \/>\n\t<meta name=\"twitter:data1\" content=\"1\u00a0Minute\" \/>\n<script type=\"application\/ld+json\" class=\"yoast-schema-graph\">{\"@context\":\"https:\/\/schema.org\",\"@graph\":[{\"@type\":\"WebPage\",\"@id\":\"https:\/\/eblum.ch\/de\/ueber-uns\/firmenleitbild\/\",\"url\":\"https:\/\/eblum.ch\/de\/ueber-uns\/firmenleitbild\/\",\"name\":\"Leitbild - E. Blum &amp; Co. AG Patent- und Markenanw\u00e4lte Z\u00fcrich\",\"isPartOf\":{\"@id\":\"https:\/\/eblum.ch\/de\/#website\"},\"datePublished\":\"2023-08-07T10:00:00+00:00\",\"dateModified\":\"2025-03-03T14:05:47+00:00\",\"description\":\"Leitbild - E. Blum & Co. AG, Z\u00fcrich, Patentanw\u00e4lte und Markenanw\u00e4lte in Z\u00fcrich: Patente, Marken, Designs, Trademarks und alle weiteren Bereiche des Immaterialg\u00fcterrechts\",\"breadcrumb\":{\"@id\":\"https:\/\/eblum.ch\/de\/ueber-uns\/firmenleitbild\/#breadcrumb\"},\"inLanguage\":\"de-CH\",\"potentialAction\":[{\"@type\":\"ReadAction\",\"target\":[\"https:\/\/eblum.ch\/de\/ueber-uns\/firmenleitbild\/\"]}]},{\"@type\":\"BreadcrumbList\",\"@id\":\"https:\/\/eblum.ch\/de\/ueber-uns\/firmenleitbild\/#breadcrumb\",\"itemListElement\":[{\"@type\":\"ListItem\",\"position\":1,\"name\":\"Home\",\"item\":\"https:\/\/eblum.ch\/de\/\"},{\"@type\":\"ListItem\",\"position\":2,\"name\":\"\u00dcber uns\",\"item\":\"https:\/\/eblum.ch\/de\/ueber-uns\/\"},{\"@type\":\"ListItem\",\"position\":3,\"name\":\"Leitbild\"}]},{\"@type\":\"WebSite\",\"@id\":\"https:\/\/eblum.ch\/de\/#website\",\"url\":\"https:\/\/eblum.ch\/de\/\",\"name\":\"E. Blum & Co. AG Patent- und Markenanw\u00e4lte Z\u00fcrich\",\"description\":\"\",\"potentialAction\":[{\"@type\":\"SearchAction\",\"target\":{\"@type\":\"EntryPoint\",\"urlTemplate\":\"https:\/\/eblum.ch\/de\/?s={search_term_string}\"},\"query-input\":{\"@type\":\"PropertyValueSpecification\",\"valueRequired\":true,\"valueName\":\"search_term_string\"}}],\"inLanguage\":\"de-CH\"}]}<\/script>\n<!-- \/ Yoast SEO plugin. -->","yoast_head_json":{"title":"Leitbild - E. Blum &amp; Co. AG Patent- und Markenanw\u00e4lte Z\u00fcrich","description":"Leitbild - E. Blum & Co. AG, Z\u00fcrich, Patentanw\u00e4lte und Markenanw\u00e4lte in Z\u00fcrich: Patente, Marken, Designs, Trademarks und alle weiteren Bereiche des Immaterialg\u00fcterrechts","robots":{"index":"index","follow":"follow","max-snippet":"max-snippet:-1","max-image-preview":"max-image-preview:large","max-video-preview":"max-video-preview:-1"},"canonical":"https:\/\/eblum.ch\/de\/ueber-uns\/firmenleitbild\/","og_locale":"de_DE","og_type":"article","og_title":"Leitbild - E. Blum &amp; Co. AG Patent- und Markenanw\u00e4lte Z\u00fcrich","og_description":"Leitbild - E. Blum & Co. AG, Z\u00fcrich, Patentanw\u00e4lte und Markenanw\u00e4lte in Z\u00fcrich: Patente, Marken, Designs, Trademarks und alle weiteren Bereiche des Immaterialg\u00fcterrechts","og_url":"https:\/\/eblum.ch\/de\/ueber-uns\/firmenleitbild\/","og_site_name":"E. Blum &amp; Co. AG Patent- und Markenanw\u00e4lte Z\u00fcrich","article_modified_time":"2025-03-03T14:05:47+00:00","twitter_card":"summary_large_image","twitter_misc":{"Gesch\u00e4tzte Lesezeit":"1\u00a0Minute"},"schema":{"@context":"https:\/\/schema.org","@graph":[{"@type":"WebPage","@id":"https:\/\/eblum.ch\/de\/ueber-uns\/firmenleitbild\/","url":"https:\/\/eblum.ch\/de\/ueber-uns\/firmenleitbild\/","name":"Leitbild - E. Blum &amp; Co. AG Patent- und Markenanw\u00e4lte Z\u00fcrich","isPartOf":{"@id":"https:\/\/eblum.ch\/de\/#website"},"datePublished":"2023-08-07T10:00:00+00:00","dateModified":"2025-03-03T14:05:47+00:00","description":"Leitbild - E. Blum & Co. AG, Z\u00fcrich, Patentanw\u00e4lte und Markenanw\u00e4lte in Z\u00fcrich: Patente, Marken, Designs, Trademarks und alle weiteren Bereiche des Immaterialg\u00fcterrechts","breadcrumb":{"@id":"https:\/\/eblum.ch\/de\/ueber-uns\/firmenleitbild\/#breadcrumb"},"inLanguage":"de-CH","potentialAction":[{"@type":"ReadAction","target":["https:\/\/eblum.ch\/de\/ueber-uns\/firmenleitbild\/"]}]},{"@type":"BreadcrumbList","@id":"https:\/\/eblum.ch\/de\/ueber-uns\/firmenleitbild\/#breadcrumb","itemListElement":[{"@type":"ListItem","position":1,"name":"Home","item":"https:\/\/eblum.ch\/de\/"},{"@type":"ListItem","position":2,"name":"\u00dcber uns","item":"https:\/\/eblum.ch\/de\/ueber-uns\/"},{"@type":"ListItem","position":3,"name":"Leitbild"}]},{"@type":"WebSite","@id":"https:\/\/eblum.ch\/de\/#website","url":"https:\/\/eblum.ch\/de\/","name":"E. Blum & Co. AG Patent- und Markenanw\u00e4lte Z\u00fcrich","description":"","potentialAction":[{"@type":"SearchAction","target":{"@type":"EntryPoint","urlTemplate":"https:\/\/eblum.ch\/de\/?s={search_term_string}"},"query-input":{"@type":"PropertyValueSpecification","valueRequired":true,"valueName":"search_term_string"}}],"inLanguage":"de-CH"}]}},"_links":{"self":[{"href":"https:\/\/eblum.ch\/de\/wp-json\/wp\/v2\/pages\/411","targetHints":{"allow":["GET"]}}],"collection":[{"href":"https:\/\/eblum.ch\/de\/wp-json\/wp\/v2\/pages"}],"about":[{"href":"https:\/\/eblum.ch\/de\/wp-json\/wp\/v2\/types\/page"}],"author":[{"embeddable":true,"href":"https:\/\/eblum.ch\/de\/wp-json\/wp\/v2\/users\/1"}],"replies":[{"embeddable":true,"href":"https:\/\/eblum.ch\/de\/wp-json\/wp\/v2\/comments?post=411"}],"version-history":[{"count":7,"href":"https:\/\/eblum.ch\/de\/wp-json\/wp\/v2\/pages\/411\/revisions"}],"predecessor-version":[{"id":3413,"href":"https:\/\/eblum.ch\/de\/wp-json\/wp\/v2\/pages\/411\/revisions\/3413"}],"up":[{"embeddable":true,"href":"https:\/\/eblum.ch\/de\/wp-json\/wp\/v2\/pages\/409"}],"wp:attachment":[{"href":"https:\/\/eblum.ch\/de\/wp-json\/wp\/v2\/media?parent=411"}],"curies":[{"name":"wp","href":"https:\/\/api.w.org\/{rel}","templated":true}]}}