{"id":413,"date":"2023-08-07T12:00:00","date_gmt":"2023-08-07T10:00:00","guid":{"rendered":"https:\/\/eblum.ch\/?page_id=413"},"modified":"2023-11-06T19:47:33","modified_gmt":"2023-11-06T18:47:33","slug":"aus-und-weiterbildung","status":"publish","type":"page","link":"https:\/\/eblum.ch\/de\/ueber-uns\/aus-und-weiterbildung\/","title":{"rendered":"Aus- und Weiterbildung"},"content":{"rendered":"\n<p>Blum \u00fcbernimmt im Bereich von Aus- und Weiterbildung bewusst eine aktive Rolle. Wir sind \u00fcberzeugt, dass Wissen und K\u00f6nnen&nbsp;zentrale&nbsp;Voraussetzungen in unserem Arbeitsfeld&nbsp;sind und dass hierzu eine permanente Investition in die Ausbildung erforderlich ist.<\/p>\n\n\n\n<p>Unsere Patent- und Markenanw\u00e4lte nehmen regelm\u00e4ssig an externen sowie firmeninternen Seminaren und Lehrveranstaltungen teil. Zudem bilden wir auch neue junge Mitarbeitende in unserem Hause aus. Wir sind stolz darauf, dass viele\u00a0von ihnen\u00a0nach ihrer Ausbildung weiter bei uns arbeiten.<\/p>\n\n\n\n<p>Weiter \u00fcbernehmen einige unserer Mitarbeitenden auch ausserhalb unserer Firma Lehrt\u00e4tigkeiten, beispielsweise im Rahmen von Hochschulveranstaltungen oder bei Ausbildungsanl\u00e4ssen unserer Berufsverb\u00e4nde.<\/p>\n\n\n\n<p>Schliesslich f\u00fchren wir auch Trainings f\u00fcr interessierte Kreise ausserhalb unseres Berufsstands durch.\u00a0So halten wir regelm\u00e4ssig Seminare f\u00fcr unsere Klientinnen und Klienten. Ausserdem bieten wir massgeschneiderte Kurse zu relevanten Themen des Immaterialg\u00fcterrechts an.<\/p>\n","protected":false},"excerpt":{"rendered":"<p>Blum \u00fcbernimmt im Bereich von Aus- und Weiterbildung bewusst eine aktive Rolle. Wir sind \u00fcberzeugt, dass Wissen und K\u00f6nnen&nbsp;zentrale&nbsp;Voraussetzungen in unserem Arbeitsfeld&nbsp;sind und dass hierzu eine permanente Investition in die Ausbildung erforderlich ist. Unsere Patent- und Markenanw\u00e4lte nehmen regelm\u00e4ssig an externen sowie firmeninternen Seminaren und Lehrveranstaltungen teil. Zudem bilden wir auch neue junge Mitarbeitende in &hellip; <\/p>\n<p class=\"link-more\"><a href=\"https:\/\/eblum.ch\/de\/ueber-uns\/aus-und-weiterbildung\/\" class=\"more-link\">Weiterlesen<span class=\"screen-reader-text\"> &#171;Aus- und Weiterbildung&#187;<\/span><\/a><\/p>\n","protected":false},"author":1,"featured_media":0,"parent":409,"menu_order":0,"comment_status":"closed","ping_status":"closed","template":"","meta":{"_acf_changed":false,"footnotes":""},"class_list":["post-413","page","type-page","status-publish","hentry"],"acf":[],"yoast_head":"<!-- This site is optimized with the Yoast SEO plugin v26.0 - https:\/\/yoast.com\/wordpress\/plugins\/seo\/ -->\n<title>Aus- und Weiterbildung - E. Blum &amp; Co. AG Patent- und Markenanw\u00e4lte Z\u00fcrich<\/title>\n<meta name=\"description\" content=\"Aus- und Weiterbildung - E. Blum &amp; Co. AG, Z\u00fcrich, Patentanw\u00e4lte und Markenanw\u00e4lte in Z\u00fcrich: Patente, Marken, Designs, Trademarks und alle weiteren Bereiche des Immaterialg\u00fcterrechts\" \/>\n<meta name=\"robots\" content=\"index, follow, max-snippet:-1, max-image-preview:large, max-video-preview:-1\" \/>\n<link rel=\"canonical\" href=\"https:\/\/eblum.ch\/de\/ueber-uns\/aus-und-weiterbildung\/\" \/>\n<meta property=\"og:locale\" content=\"de_DE\" \/>\n<meta property=\"og:type\" content=\"article\" \/>\n<meta property=\"og:title\" content=\"Aus- und Weiterbildung - E. Blum &amp; Co. AG Patent- und Markenanw\u00e4lte Z\u00fcrich\" \/>\n<meta property=\"og:description\" content=\"Aus- und Weiterbildung - E. Blum &amp; Co. AG, Z\u00fcrich, Patentanw\u00e4lte und Markenanw\u00e4lte in Z\u00fcrich: Patente, Marken, Designs, Trademarks und alle weiteren Bereiche des Immaterialg\u00fcterrechts\" \/>\n<meta property=\"og:url\" content=\"https:\/\/eblum.ch\/de\/ueber-uns\/aus-und-weiterbildung\/\" \/>\n<meta property=\"og:site_name\" content=\"E. Blum &amp; Co. AG Patent- und Markenanw\u00e4lte Z\u00fcrich\" \/>\n<meta property=\"article:modified_time\" content=\"2023-11-06T18:47:33+00:00\" \/>\n<meta name=\"twitter:card\" content=\"summary_large_image\" \/>\n<meta name=\"twitter:label1\" content=\"Gesch\u00e4tzte Lesezeit\" \/>\n\t<meta name=\"twitter:data1\" content=\"1\u00a0Minute\" \/>\n<script type=\"application\/ld+json\" class=\"yoast-schema-graph\">{\"@context\":\"https:\/\/schema.org\",\"@graph\":[{\"@type\":\"WebPage\",\"@id\":\"https:\/\/eblum.ch\/de\/ueber-uns\/aus-und-weiterbildung\/\",\"url\":\"https:\/\/eblum.ch\/de\/ueber-uns\/aus-und-weiterbildung\/\",\"name\":\"Aus- und Weiterbildung - E. Blum &amp; Co. AG Patent- und Markenanw\u00e4lte Z\u00fcrich\",\"isPartOf\":{\"@id\":\"https:\/\/eblum.ch\/de\/#website\"},\"datePublished\":\"2023-08-07T10:00:00+00:00\",\"dateModified\":\"2023-11-06T18:47:33+00:00\",\"description\":\"Aus- und Weiterbildung - E. Blum & Co. AG, Z\u00fcrich, Patentanw\u00e4lte und Markenanw\u00e4lte in Z\u00fcrich: Patente, Marken, Designs, Trademarks und alle weiteren Bereiche des Immaterialg\u00fcterrechts\",\"breadcrumb\":{\"@id\":\"https:\/\/eblum.ch\/de\/ueber-uns\/aus-und-weiterbildung\/#breadcrumb\"},\"inLanguage\":\"de-CH\",\"potentialAction\":[{\"@type\":\"ReadAction\",\"target\":[\"https:\/\/eblum.ch\/de\/ueber-uns\/aus-und-weiterbildung\/\"]}]},{\"@type\":\"BreadcrumbList\",\"@id\":\"https:\/\/eblum.ch\/de\/ueber-uns\/aus-und-weiterbildung\/#breadcrumb\",\"itemListElement\":[{\"@type\":\"ListItem\",\"position\":1,\"name\":\"Home\",\"item\":\"https:\/\/eblum.ch\/de\/\"},{\"@type\":\"ListItem\",\"position\":2,\"name\":\"\u00dcber uns\",\"item\":\"https:\/\/eblum.ch\/de\/ueber-uns\/\"},{\"@type\":\"ListItem\",\"position\":3,\"name\":\"Aus- und Weiterbildung\"}]},{\"@type\":\"WebSite\",\"@id\":\"https:\/\/eblum.ch\/de\/#website\",\"url\":\"https:\/\/eblum.ch\/de\/\",\"name\":\"E. Blum & Co. AG Patent- und Markenanw\u00e4lte Z\u00fcrich\",\"description\":\"\",\"potentialAction\":[{\"@type\":\"SearchAction\",\"target\":{\"@type\":\"EntryPoint\",\"urlTemplate\":\"https:\/\/eblum.ch\/de\/?s={search_term_string}\"},\"query-input\":{\"@type\":\"PropertyValueSpecification\",\"valueRequired\":true,\"valueName\":\"search_term_string\"}}],\"inLanguage\":\"de-CH\"}]}<\/script>\n<!-- \/ Yoast SEO plugin. -->","yoast_head_json":{"title":"Aus- und Weiterbildung - E. Blum &amp; Co. AG Patent- und Markenanw\u00e4lte Z\u00fcrich","description":"Aus- und Weiterbildung - E. Blum & Co. AG, Z\u00fcrich, Patentanw\u00e4lte und Markenanw\u00e4lte in Z\u00fcrich: Patente, Marken, Designs, Trademarks und alle weiteren Bereiche des Immaterialg\u00fcterrechts","robots":{"index":"index","follow":"follow","max-snippet":"max-snippet:-1","max-image-preview":"max-image-preview:large","max-video-preview":"max-video-preview:-1"},"canonical":"https:\/\/eblum.ch\/de\/ueber-uns\/aus-und-weiterbildung\/","og_locale":"de_DE","og_type":"article","og_title":"Aus- und Weiterbildung - E. Blum &amp; Co. AG Patent- und Markenanw\u00e4lte Z\u00fcrich","og_description":"Aus- und Weiterbildung - E. Blum & Co. AG, Z\u00fcrich, Patentanw\u00e4lte und Markenanw\u00e4lte in Z\u00fcrich: Patente, Marken, Designs, Trademarks und alle weiteren Bereiche des Immaterialg\u00fcterrechts","og_url":"https:\/\/eblum.ch\/de\/ueber-uns\/aus-und-weiterbildung\/","og_site_name":"E. Blum &amp; Co. AG Patent- und Markenanw\u00e4lte Z\u00fcrich","article_modified_time":"2023-11-06T18:47:33+00:00","twitter_card":"summary_large_image","twitter_misc":{"Gesch\u00e4tzte Lesezeit":"1\u00a0Minute"},"schema":{"@context":"https:\/\/schema.org","@graph":[{"@type":"WebPage","@id":"https:\/\/eblum.ch\/de\/ueber-uns\/aus-und-weiterbildung\/","url":"https:\/\/eblum.ch\/de\/ueber-uns\/aus-und-weiterbildung\/","name":"Aus- und Weiterbildung - E. Blum &amp; Co. AG Patent- und Markenanw\u00e4lte Z\u00fcrich","isPartOf":{"@id":"https:\/\/eblum.ch\/de\/#website"},"datePublished":"2023-08-07T10:00:00+00:00","dateModified":"2023-11-06T18:47:33+00:00","description":"Aus- und Weiterbildung - E. Blum & Co. AG, Z\u00fcrich, Patentanw\u00e4lte und Markenanw\u00e4lte in Z\u00fcrich: Patente, Marken, Designs, Trademarks und alle weiteren Bereiche des Immaterialg\u00fcterrechts","breadcrumb":{"@id":"https:\/\/eblum.ch\/de\/ueber-uns\/aus-und-weiterbildung\/#breadcrumb"},"inLanguage":"de-CH","potentialAction":[{"@type":"ReadAction","target":["https:\/\/eblum.ch\/de\/ueber-uns\/aus-und-weiterbildung\/"]}]},{"@type":"BreadcrumbList","@id":"https:\/\/eblum.ch\/de\/ueber-uns\/aus-und-weiterbildung\/#breadcrumb","itemListElement":[{"@type":"ListItem","position":1,"name":"Home","item":"https:\/\/eblum.ch\/de\/"},{"@type":"ListItem","position":2,"name":"\u00dcber uns","item":"https:\/\/eblum.ch\/de\/ueber-uns\/"},{"@type":"ListItem","position":3,"name":"Aus- und Weiterbildung"}]},{"@type":"WebSite","@id":"https:\/\/eblum.ch\/de\/#website","url":"https:\/\/eblum.ch\/de\/","name":"E. Blum & Co. AG Patent- und Markenanw\u00e4lte Z\u00fcrich","description":"","potentialAction":[{"@type":"SearchAction","target":{"@type":"EntryPoint","urlTemplate":"https:\/\/eblum.ch\/de\/?s={search_term_string}"},"query-input":{"@type":"PropertyValueSpecification","valueRequired":true,"valueName":"search_term_string"}}],"inLanguage":"de-CH"}]}},"_links":{"self":[{"href":"https:\/\/eblum.ch\/de\/wp-json\/wp\/v2\/pages\/413","targetHints":{"allow":["GET"]}}],"collection":[{"href":"https:\/\/eblum.ch\/de\/wp-json\/wp\/v2\/pages"}],"about":[{"href":"https:\/\/eblum.ch\/de\/wp-json\/wp\/v2\/types\/page"}],"author":[{"embeddable":true,"href":"https:\/\/eblum.ch\/de\/wp-json\/wp\/v2\/users\/1"}],"replies":[{"embeddable":true,"href":"https:\/\/eblum.ch\/de\/wp-json\/wp\/v2\/comments?post=413"}],"version-history":[{"count":4,"href":"https:\/\/eblum.ch\/de\/wp-json\/wp\/v2\/pages\/413\/revisions"}],"predecessor-version":[{"id":2552,"href":"https:\/\/eblum.ch\/de\/wp-json\/wp\/v2\/pages\/413\/revisions\/2552"}],"up":[{"embeddable":true,"href":"https:\/\/eblum.ch\/de\/wp-json\/wp\/v2\/pages\/409"}],"wp:attachment":[{"href":"https:\/\/eblum.ch\/de\/wp-json\/wp\/v2\/media?parent=413"}],"curies":[{"name":"wp","href":"https:\/\/api.w.org\/{rel}","templated":true}]}}