{"id":415,"date":"2023-08-07T12:00:00","date_gmt":"2023-08-07T10:00:00","guid":{"rendered":"https:\/\/eblum.ch\/?page_id=415"},"modified":"2024-10-22T16:18:03","modified_gmt":"2024-10-22T14:18:03","slug":"auszeichnungen","status":"publish","type":"page","link":"https:\/\/eblum.ch\/de\/ueber-uns\/auszeichnungen\/","title":{"rendered":"Auszeichnungen"},"content":{"rendered":"\n<p>Gem\u00e4ss Bewertung zahlreicher Organisationen und Zeitschriften geh\u00f6rt Blum seit vielen Jahren zu den besten schweizerischen Patentanw\u00e4lten und Markenanw\u00e4lten. Massgebliche internationale Fachzeitschriften, wie Managing Intellectual Property (MIP), World Trademark Review (WTR), Leaders League, Intellectual Asset Management (IAM), und World Intellectual Property Review (WIPR) bzw. deren fachkundige Leserschaft, haben unsere Kanzlei und unsere Mitarbeiter ausgezeichnet. Nachstehend f\u00fchren wir eine Auswahl aus den in letzter Zeit erhaltenen Auszeichnungen auf.<\/p>\n\n\n\n<p><strong>2024<\/strong><\/p>\n\n\n\n<ul class=\"wp-block-list\">\n<li>IAM and WTR The Global IP Awards: Switzerland &#8211; Trademark Prosecution Firm of the Year<\/li>\n\n\n\n<li>WTR 1000 &#8211; the World\u00b4s Leading Trademark Professionals &#8211; Trademark&nbsp;Prosecution + Strategy \u2013 Category GOLD <\/li>\n\n\n\n<li>WTR 1000 &#8211;&nbsp; the World\u00b4s Leading Trademark Professionals &#8211; Recommended Individuals: Mathias Meyer, Brendan Bolli, Sven Capol <\/li>\n\n\n\n<li>WTR Global Leaders: Private Practice: Mathias Meyer<\/li>\n\n\n\n<li>MIP&nbsp; IP Stars Patent Prosecution TIER 1 <\/li>\n\n\n\n<li>MIP&nbsp; IP Stars Trademark Prosecution, Patent and Trademark Attorney Firms TIER 1 <\/li>\n\n\n\n<li>MIP Patent Star: Kurt Sutter; Notable Practitioners: Siegfried Grimm, <br>Joel Hochreutener; Rising Star: Zacharias Stelzer <\/li>\n\n\n\n<li>MIP Trademark Stars: Brendan Bolli, Sven&nbsp;Capol, Mathias Meyer <\/li>\n\n\n\n<li>MIP Pan-European Litigation Award: Siegfried Grimm<\/li>\n\n\n\n<li>Leaders League: Leading Firm Patent Prosecution; Leading Firm Trademark Prosecution <\/li>\n\n\n\n<li>Leaders League: Individuals: Patent Prosecution: Kurt Sutter, Antje Rey, Martin M\u00fcnch, Siegfried Grimm; Trademark Prosecution: Mathias Meyer, Brendan Bolli, Sven Capol<\/li>\n\n\n\n<li>IAM Patent 1000 \u2013 Highly Recommended Firm \u2013 Prosecution <\/li>\n\n\n\n<li>IAM Patent 1000 Recommended Individuals: Kurt Sutter, Martin Toleti, Siegfried Grimm, Antje Rey, S\u00e9bastien Ragot <\/li>\n\n\n\n<li>Who\u00b4s Who Legal &#8211; WWL Thought Leader: Kurt Sutter; WWL Recommended Experts: Brendan Bolli, Sven Capol, Mathias Meyer<\/li>\n<\/ul>\n\n\n\n<p><strong>2023<\/strong><\/p>\n\n\n\n<ul class=\"wp-block-list\">\n<li>WTR 1000 Trademark&nbsp;Prosecution + Strategy &#8211; Category GOLD<\/li>\n\n\n\n<li>WTR 1000 Recommended Individual Prosecution +&nbsp;Strategy: Mathias Meyer, Brendan Bolli, Sven Capol<\/li>\n\n\n\n<li>MIP&nbsp; IP Stars Patent Prosecution TIER 1<\/li>\n\n\n\n<li>MIP&nbsp; IP Stars Trademark Prosecution, Patent and Trademark Attorney Firms TIER 1<\/li>\n\n\n\n<li>MIP Patent Star: Kurt Sutter; Notable Practitioners: Siegfried Grimm, Joel Hochreutener; Rising Star: Zacharias Stelzer<\/li>\n\n\n\n<li>MIP Trademark Stars: Brendan Bolli, Sven&nbsp;Capol, Mathias Meyer<\/li>\n\n\n\n<li>Leaders League: Leading Firm Patent Prosecution; Leading Firm Trademark Prosecution<\/li>\n\n\n\n<li>Leaders League: Individuals: Patent Prosecution: Kurt Sutter, <br>Martin M\u00fcnch; Trademark Prosecution: Mathias Meyer, Brendan Bolli, Sven Capol, Beatrice Klingler<\/li>\n\n\n\n<li>World Intellectual Property Review WIPR Trademark Leader: Brendan Bolli<\/li>\n\n\n\n<li>IAM Patent 1000 &#8211; Recommended Firm &#8211; Prosecution<\/li>\n\n\n\n<li>IAM Patent 1000 Recommended Individuals: Kurt Sutter, Martin Toleti, Siegfried Grimm, Claudia Bibus<\/li>\n<\/ul>\n\n\n\n<p><strong>2022<\/strong><\/p>\n\n\n\n<ul class=\"wp-block-list\">\n<li>WTR 1000 Trademark&nbsp;Prosecution + Strategy &#8211; Category GOLD<\/li>\n\n\n\n<li>WTR Global Leaders 2022:&nbsp;Mathias Meyer<\/li>\n\n\n\n<li>WTR 1000 Recommended Individual Prosecution +&nbsp;Strategy: Mathias Meyer, Brendan Bolli, Sven Capol<\/li>\n\n\n\n<li>MIP&nbsp; IP Stars Patent Prosecution TIER 1<\/li>\n\n\n\n<li>MIP&nbsp; IP Stars Trademark Prosecution, Patent and Trademark Attorney Firms TIER 1<\/li>\n\n\n\n<li>MIP Patent Star: Kurt Sutter; Notable Practitioner: Joel Hochreutener; Rising Stars: Christoph Engelbrecht, Zacharias Stelzer<\/li>\n\n\n\n<li>MIP Trademark Stars: Brendan Bolli, Sven&nbsp;Capol, Mathias Meyer<\/li>\n\n\n\n<li>Leaders League: Leading Firm Patent Prosecution; Leading Firm Trademark Prosecution<\/li>\n\n\n\n<li>Leaders League: Individuals: Kurt Sutter, Martin M\u00fcnch, Mathias Meyer, Brendan Bolli, Sven Capol, Beatrice Klingler<\/li>\n\n\n\n<li>World Intellectual Property Review WIPR Trademark Leader&nbsp;: Brendan Bolli<\/li>\n\n\n\n<li>IAM Patent 1000 &#8211; Highly Recommended Firm &#8211; Prosecution<\/li>\n\n\n\n<li>IAM Patent 1000 Recommended Individuals: Kurt Sutter, Martin Toleti, Claudia Bibus&nbsp;; IAM Global Leaders&nbsp;: Kurt Sutter<\/li>\n<\/ul>\n\n\n\n<p><strong>2021<\/strong><\/p>\n\n\n\n<ul class=\"wp-block-list\">\n<li>WTR 1000 Trademark&nbsp;Prosecution + Strategy &#8211; Category GOLD<\/li>\n\n\n\n<li>WTR Global Leaders 2021:&nbsp;Mathias Meyer, Brendan Bolli, Sven Capol<\/li>\n\n\n\n<li>WTR 1000 Recommended Individual Prosecution +&nbsp;Strategy: Mathias Meyer, Brendan Bolli, Sven Capol,<\/li>\n\n\n\n<li>MIP&nbsp; IP Stars Patent Prosecution TIER 1<\/li>\n\n\n\n<li>MIP&nbsp; IP Stars Trademark Prosecution, Patent and Trademark Attorney Firms TIER 1<\/li>\n\n\n\n<li>MIP Patent Stars: Regula&nbsp;R\u00fcedi, Kurt Sutter, Christoph Engelbrecht; Notable practitioner: Joel Hochreutener<\/li>\n\n\n\n<li>MIP Trademark Stars: Brendan Bolli, Sven&nbsp;Capol, Mathias Meyer<\/li>\n\n\n\n<li>Leaders League: Leading Firm<\/li>\n\n\n\n<li>Leaders League: Individuals: Mathias Meyer, Brendan Bolli, Sven Capol<\/li>\n<\/ul>\n\n\n\n<p><strong>2020<\/strong><\/p>\n\n\n\n<ul class=\"wp-block-list\">\n<li>WTR 1000 Trademark&nbsp;Prosecution + Strategy &#8211; Category GOLD<\/li>\n\n\n\n<li>WTR Global Leaders 2020:&nbsp;Mathias Meyer, Brendan Bolli, Sven Capol<\/li>\n\n\n\n<li>WTR 1000 Recommended Individual Prosecution +&nbsp;Strategy: Mathias Meyer, Brendan Bolli, Sven Capol,<\/li>\n\n\n\n<li>MIP&nbsp; IP Stars Patent Prosecution TIER 1<\/li>\n\n\n\n<li>MIP&nbsp; IP Stars Trademark Prosecution, Patent and Trademark Attorney Firms TIER 1<\/li>\n\n\n\n<li>MIP Patent Stars: Regula&nbsp;R\u00fcedi, Kurt Sutter, Christoph Engelbrecht; Notable practitioner: Joel Hochreutener<\/li>\n\n\n\n<li>MIP Trademark Stars: Brendan Bolli, Sven&nbsp;Capol, Mathias Meyer<\/li>\n\n\n\n<li>IAM Highly Recommended Prosecution firm<\/li>\n\n\n\n<li>IAM Recommended Individual Prosecution: Regula R\u00fcedi, Kurt Sutter<\/li>\n<\/ul>\n\n\n\n<p><strong>2019<\/strong><\/p>\n\n\n\n<ul class=\"wp-block-list\">\n<li>WTR 1000 Trademark&nbsp;Prosecution + Strategy &#8211; Category GOLD<\/li>\n\n\n\n<li>WTR Global Leaders 2019:&nbsp;Mathias Meyer<\/li>\n\n\n\n<li>WTR 1000 Recommended Individual Prosecution +&nbsp;Strategy: Mathias Meyer, Brendan Bolli, Sven Capol,<\/li>\n\n\n\n<li>MIP&nbsp; IP Stars Patent Prosecution TIER 1<\/li>\n\n\n\n<li>MIP&nbsp; IP Stars Trademark Prosecution, Patent and Trademark Attorney Firms TIER 1<\/li>\n\n\n\n<li>MIP Patent Stars: Regula&nbsp;R\u00fcedi, Kurt Sutter; MIP Rising Star: Christoph Engelbrecht<\/li>\n\n\n\n<li>MIP Trademark Stars: Brendan Bolli, Sven&nbsp;Capol, Mathias Meyer<\/li>\n<\/ul>\n\n\n\n<p><strong>2018<\/strong><\/p>\n\n\n\n<ul class=\"wp-block-list\">\n<li>WTR Trademark Prosecution + Strategy &#8211; Category GOLD<\/li>\n\n\n\n<li>WTR Recommended Individual Prosecution + Strategy: Brendan Bolli, Sven Capol, Mathias Meyer<\/li>\n\n\n\n<li>MIP&nbsp; IP Stars Patent Prosecution TIER 1<\/li>\n\n\n\n<li>MIP&nbsp; IP Stars Trademark Prosecution TIER 1<\/li>\n\n\n\n<li>MIP IP Patent Stars: Regula R\u00fcedi, Rainer Schalch, Kurt Sutter<\/li>\n\n\n\n<li>MIP Trademark Stars: Brendan Bolli, Sven Capol, Mathias Meyer<\/li>\n<\/ul>\n\n\n\n<p><strong>2017<\/strong><\/p>\n\n\n\n<ul class=\"wp-block-list\">\n<li>MIP&nbsp; Patent Prosecution TIER 1<\/li>\n\n\n\n<li>MIP&nbsp; Trademark Prosecution TIER 1<\/li>\n\n\n\n<li>MIP IP Patent Stars: Regula R\u00fcedi, Rainer Schalch, Kurt Sutter<\/li>\n\n\n\n<li>MIP Trademark Stars: Brendan Bolli, Sven Capol, Mathias Meyer<\/li>\n\n\n\n<li>WTR Trademark Prosecution + Strategy &#8211; Category GOLD<\/li>\n\n\n\n<li>WTR Recommended Individual Prosecution + Strategy: Brendan Bolli, Sven Capol, Mathias Meyer<\/li>\n<\/ul>\n\n\n\n<p><strong>2016<\/strong><\/p>\n\n\n\n<ul class=\"wp-block-list\">\n<li>MIP&nbsp; Patent Prosecution TIER 1<\/li>\n\n\n\n<li>MIP&nbsp; Trademark Prosecution TIER 1<\/li>\n\n\n\n<li>WTR Trademark Prosecution + Strategy &#8211; Category GOLD<\/li>\n\n\n\n<li>WTR Recommended Individual Prosecution + Strategy: Brendan Bolli, Sven Capol, Mathias Meyer<\/li>\n<\/ul>\n\n\n\n<p><strong>2015<\/strong><\/p>\n\n\n\n<ul class=\"wp-block-list\">\n<li>MIP&nbsp; Patent Prosecution TIER 1<\/li>\n\n\n\n<li>MIP&nbsp; Trademark Prosecution TIER 1<\/li>\n\n\n\n<li>WTR Trademark Prosecution + Strategy &#8211; Category GOLD<\/li>\n\n\n\n<li>WTR Recommended Individual Prosecution + Strategy: Brendan Bolli, Sven Capol, Mathias Meyer<\/li>\n<\/ul>\n\n\n\n<p><strong>2014<\/strong><\/p>\n\n\n\n<ul class=\"wp-block-list\">\n<li>MIP&nbsp; Patent Prosecution TIER 1<\/li>\n\n\n\n<li>MIP&nbsp; Trademark Prosecution TIER 1<\/li>\n\n\n\n<li>WTR Trademark Prosecution + Strategy &#8211; Category GOLD<\/li>\n\n\n\n<li>WTR Recommended Individual Prosecution + Strategy: Brendan Bolli, Sven Capol, Mathias Meyer<\/li>\n<\/ul>\n\n\n\n<p><strong>2013<\/strong><\/p>\n\n\n\n<ul class=\"wp-block-list\">\n<li>WTR Trademark Prosecution + Strategy &#8211; Category GOLD<\/li>\n\n\n\n<li>MIP&nbsp; Patent Prosecution TIER 1<\/li>\n\n\n\n<li>MIP&nbsp; Trademark Prosecution TIER 1<\/li>\n\n\n\n<li>IAM Highly Recommended Prosecution firm<\/li>\n\n\n\n<li>IAM Recommended Individual Prosecution: Regula R\u00fcedi, Kurt Sutter, Rainer Schalch<\/li>\n\n\n\n<li>AZ Patent Law Firm of the Year &#8211; Switzerland<\/li>\n<\/ul>\n\n\n\n<p><strong>2012<\/strong><\/p>\n\n\n\n<ul class=\"wp-block-list\">\n<li>MIP&nbsp;&nbsp; SWISS IP FIRM OF THE YEAR<\/li>\n\n\n\n<li>MIP&nbsp;&nbsp; Patent Prosecution and Trademark Prosecution TIER 1<\/li>\n\n\n\n<li>ILO&nbsp;&nbsp; Client Choice Guide: Mathias Meyer Individual Award Winner<\/li>\n\n\n\n<li>IAM&nbsp; Recommended Prosecution Firm<\/li>\n\n\n\n<li>IAM&nbsp; Recommended Individuals Prosecution: Regula R\u00fcedi, Kurt Sutter, Rainer Schalch<\/li>\n\n\n\n<li>CORP-INTL Trademark Law, Firm of the Year in Switzerland<\/li>\n\n\n\n<li>CORP-INTL Copyright Law, Firm of the Year in Switzerland<\/li>\n\n\n\n<li>ICF Continent Award 2012, Premier Independent IP Law Firm, Europe<\/li>\n<\/ul>\n","protected":false},"excerpt":{"rendered":"<p>Gem\u00e4ss Bewertung zahlreicher Organisationen und Zeitschriften geh\u00f6rt Blum seit vielen Jahren zu den besten schweizerischen Patentanw\u00e4lten und Markenanw\u00e4lten. Massgebliche internationale Fachzeitschriften, wie Managing Intellectual Property (MIP), World Trademark Review (WTR), Leaders League, Intellectual Asset Management (IAM), und World Intellectual Property Review (WIPR) bzw. deren fachkundige Leserschaft, haben unsere Kanzlei und unsere Mitarbeiter ausgezeichnet. Nachstehend f\u00fchren &hellip; <\/p>\n<p class=\"link-more\"><a href=\"https:\/\/eblum.ch\/de\/ueber-uns\/auszeichnungen\/\" class=\"more-link\">Weiterlesen<span class=\"screen-reader-text\"> &#171;Auszeichnungen&#187;<\/span><\/a><\/p>\n","protected":false},"author":1,"featured_media":0,"parent":409,"menu_order":0,"comment_status":"closed","ping_status":"closed","template":"","meta":{"_acf_changed":false,"footnotes":""},"class_list":["post-415","page","type-page","status-publish","hentry"],"acf":[],"yoast_head":"<!-- This site is optimized with the Yoast SEO plugin v26.0 - https:\/\/yoast.com\/wordpress\/plugins\/seo\/ -->\n<title>Auszeichnungen - E. Blum &amp; Co. AG Patent- und Markenanw\u00e4lte Z\u00fcrich<\/title>\n<meta name=\"description\" content=\"Auszeichnungen - E. Blum &amp; Co. AG, Z\u00fcrich, Patentanw\u00e4lte und Markenanw\u00e4lte in Z\u00fcrich: Patente, Marken, Designs, Trademarks und alle weiteren Bereiche des Immaterialg\u00fcterrechts\" \/>\n<meta name=\"robots\" content=\"index, follow, max-snippet:-1, max-image-preview:large, max-video-preview:-1\" \/>\n<link rel=\"canonical\" href=\"https:\/\/eblum.ch\/de\/ueber-uns\/auszeichnungen\/\" \/>\n<meta property=\"og:locale\" content=\"de_DE\" \/>\n<meta property=\"og:type\" content=\"article\" \/>\n<meta property=\"og:title\" content=\"Auszeichnungen - E. Blum &amp; Co. AG Patent- und Markenanw\u00e4lte Z\u00fcrich\" \/>\n<meta property=\"og:description\" content=\"Auszeichnungen - E. Blum &amp; Co. AG, Z\u00fcrich, Patentanw\u00e4lte und Markenanw\u00e4lte in Z\u00fcrich: Patente, Marken, Designs, Trademarks und alle weiteren Bereiche des Immaterialg\u00fcterrechts\" \/>\n<meta property=\"og:url\" content=\"https:\/\/eblum.ch\/de\/ueber-uns\/auszeichnungen\/\" \/>\n<meta property=\"og:site_name\" content=\"E. Blum &amp; Co. AG Patent- und Markenanw\u00e4lte Z\u00fcrich\" \/>\n<meta property=\"article:modified_time\" content=\"2024-10-22T14:18:03+00:00\" \/>\n<meta name=\"twitter:card\" content=\"summary_large_image\" \/>\n<meta name=\"twitter:label1\" content=\"Gesch\u00e4tzte Lesezeit\" \/>\n\t<meta name=\"twitter:data1\" content=\"6\u00a0Minuten\" \/>\n<script type=\"application\/ld+json\" class=\"yoast-schema-graph\">{\"@context\":\"https:\/\/schema.org\",\"@graph\":[{\"@type\":\"WebPage\",\"@id\":\"https:\/\/eblum.ch\/de\/ueber-uns\/auszeichnungen\/\",\"url\":\"https:\/\/eblum.ch\/de\/ueber-uns\/auszeichnungen\/\",\"name\":\"Auszeichnungen - E. Blum &amp; Co. AG Patent- und Markenanw\u00e4lte Z\u00fcrich\",\"isPartOf\":{\"@id\":\"https:\/\/eblum.ch\/de\/#website\"},\"datePublished\":\"2023-08-07T10:00:00+00:00\",\"dateModified\":\"2024-10-22T14:18:03+00:00\",\"description\":\"Auszeichnungen - E. Blum & Co. AG, Z\u00fcrich, Patentanw\u00e4lte und Markenanw\u00e4lte in Z\u00fcrich: Patente, Marken, Designs, Trademarks und alle weiteren Bereiche des Immaterialg\u00fcterrechts\",\"breadcrumb\":{\"@id\":\"https:\/\/eblum.ch\/de\/ueber-uns\/auszeichnungen\/#breadcrumb\"},\"inLanguage\":\"de-CH\",\"potentialAction\":[{\"@type\":\"ReadAction\",\"target\":[\"https:\/\/eblum.ch\/de\/ueber-uns\/auszeichnungen\/\"]}]},{\"@type\":\"BreadcrumbList\",\"@id\":\"https:\/\/eblum.ch\/de\/ueber-uns\/auszeichnungen\/#breadcrumb\",\"itemListElement\":[{\"@type\":\"ListItem\",\"position\":1,\"name\":\"Home\",\"item\":\"https:\/\/eblum.ch\/de\/\"},{\"@type\":\"ListItem\",\"position\":2,\"name\":\"\u00dcber uns\",\"item\":\"https:\/\/eblum.ch\/de\/ueber-uns\/\"},{\"@type\":\"ListItem\",\"position\":3,\"name\":\"Auszeichnungen\"}]},{\"@type\":\"WebSite\",\"@id\":\"https:\/\/eblum.ch\/de\/#website\",\"url\":\"https:\/\/eblum.ch\/de\/\",\"name\":\"E. Blum & Co. AG Patent- und Markenanw\u00e4lte Z\u00fcrich\",\"description\":\"\",\"potentialAction\":[{\"@type\":\"SearchAction\",\"target\":{\"@type\":\"EntryPoint\",\"urlTemplate\":\"https:\/\/eblum.ch\/de\/?s={search_term_string}\"},\"query-input\":{\"@type\":\"PropertyValueSpecification\",\"valueRequired\":true,\"valueName\":\"search_term_string\"}}],\"inLanguage\":\"de-CH\"}]}<\/script>\n<!-- \/ Yoast SEO plugin. -->","yoast_head_json":{"title":"Auszeichnungen - E. Blum &amp; Co. AG Patent- und Markenanw\u00e4lte Z\u00fcrich","description":"Auszeichnungen - E. Blum & Co. AG, Z\u00fcrich, Patentanw\u00e4lte und Markenanw\u00e4lte in Z\u00fcrich: Patente, Marken, Designs, Trademarks und alle weiteren Bereiche des Immaterialg\u00fcterrechts","robots":{"index":"index","follow":"follow","max-snippet":"max-snippet:-1","max-image-preview":"max-image-preview:large","max-video-preview":"max-video-preview:-1"},"canonical":"https:\/\/eblum.ch\/de\/ueber-uns\/auszeichnungen\/","og_locale":"de_DE","og_type":"article","og_title":"Auszeichnungen - E. Blum &amp; Co. AG Patent- und Markenanw\u00e4lte Z\u00fcrich","og_description":"Auszeichnungen - E. Blum & Co. AG, Z\u00fcrich, Patentanw\u00e4lte und Markenanw\u00e4lte in Z\u00fcrich: Patente, Marken, Designs, Trademarks und alle weiteren Bereiche des Immaterialg\u00fcterrechts","og_url":"https:\/\/eblum.ch\/de\/ueber-uns\/auszeichnungen\/","og_site_name":"E. Blum &amp; Co. AG Patent- und Markenanw\u00e4lte Z\u00fcrich","article_modified_time":"2024-10-22T14:18:03+00:00","twitter_card":"summary_large_image","twitter_misc":{"Gesch\u00e4tzte Lesezeit":"6\u00a0Minuten"},"schema":{"@context":"https:\/\/schema.org","@graph":[{"@type":"WebPage","@id":"https:\/\/eblum.ch\/de\/ueber-uns\/auszeichnungen\/","url":"https:\/\/eblum.ch\/de\/ueber-uns\/auszeichnungen\/","name":"Auszeichnungen - E. Blum &amp; Co. AG Patent- und Markenanw\u00e4lte Z\u00fcrich","isPartOf":{"@id":"https:\/\/eblum.ch\/de\/#website"},"datePublished":"2023-08-07T10:00:00+00:00","dateModified":"2024-10-22T14:18:03+00:00","description":"Auszeichnungen - E. Blum & Co. AG, Z\u00fcrich, Patentanw\u00e4lte und Markenanw\u00e4lte in Z\u00fcrich: Patente, Marken, Designs, Trademarks und alle weiteren Bereiche des Immaterialg\u00fcterrechts","breadcrumb":{"@id":"https:\/\/eblum.ch\/de\/ueber-uns\/auszeichnungen\/#breadcrumb"},"inLanguage":"de-CH","potentialAction":[{"@type":"ReadAction","target":["https:\/\/eblum.ch\/de\/ueber-uns\/auszeichnungen\/"]}]},{"@type":"BreadcrumbList","@id":"https:\/\/eblum.ch\/de\/ueber-uns\/auszeichnungen\/#breadcrumb","itemListElement":[{"@type":"ListItem","position":1,"name":"Home","item":"https:\/\/eblum.ch\/de\/"},{"@type":"ListItem","position":2,"name":"\u00dcber uns","item":"https:\/\/eblum.ch\/de\/ueber-uns\/"},{"@type":"ListItem","position":3,"name":"Auszeichnungen"}]},{"@type":"WebSite","@id":"https:\/\/eblum.ch\/de\/#website","url":"https:\/\/eblum.ch\/de\/","name":"E. Blum & Co. AG Patent- und Markenanw\u00e4lte Z\u00fcrich","description":"","potentialAction":[{"@type":"SearchAction","target":{"@type":"EntryPoint","urlTemplate":"https:\/\/eblum.ch\/de\/?s={search_term_string}"},"query-input":{"@type":"PropertyValueSpecification","valueRequired":true,"valueName":"search_term_string"}}],"inLanguage":"de-CH"}]}},"_links":{"self":[{"href":"https:\/\/eblum.ch\/de\/wp-json\/wp\/v2\/pages\/415","targetHints":{"allow":["GET"]}}],"collection":[{"href":"https:\/\/eblum.ch\/de\/wp-json\/wp\/v2\/pages"}],"about":[{"href":"https:\/\/eblum.ch\/de\/wp-json\/wp\/v2\/types\/page"}],"author":[{"embeddable":true,"href":"https:\/\/eblum.ch\/de\/wp-json\/wp\/v2\/users\/1"}],"replies":[{"embeddable":true,"href":"https:\/\/eblum.ch\/de\/wp-json\/wp\/v2\/comments?post=415"}],"version-history":[{"count":17,"href":"https:\/\/eblum.ch\/de\/wp-json\/wp\/v2\/pages\/415\/revisions"}],"predecessor-version":[{"id":3254,"href":"https:\/\/eblum.ch\/de\/wp-json\/wp\/v2\/pages\/415\/revisions\/3254"}],"up":[{"embeddable":true,"href":"https:\/\/eblum.ch\/de\/wp-json\/wp\/v2\/pages\/409"}],"wp:attachment":[{"href":"https:\/\/eblum.ch\/de\/wp-json\/wp\/v2\/media?parent=415"}],"curies":[{"name":"wp","href":"https:\/\/api.w.org\/{rel}","templated":true}]}}