{"id":419,"date":"2023-08-07T12:00:00","date_gmt":"2023-08-07T10:00:00","guid":{"rendered":"https:\/\/eblum.ch\/?page_id=419"},"modified":"2023-11-03T13:46:42","modified_gmt":"2023-11-03T12:46:42","slug":"allgemeine-fragen","status":"publish","type":"page","link":"https:\/\/eblum.ch\/de\/fragen-antworten\/allgemeine-fragen\/","title":{"rendered":"Allgemeine Fragen"},"content":{"rendered":"\n<h2 class=\"wp-block-heading\" id=\"absatz1\">Wie wird geistiges Eigentum gesch\u00fctzt?<\/h2>\n\n\n\n<p>Zum Schutz von geistigem Eigentum, z.B. von Ideen, Kunstwerken oder Computersoftware, sieht das Immaterialg\u00fcterrecht verschiedene Formen des Schutzes vor:<\/p>\n\n\n\n<ul class=\"wp-block-list\">\n<li>Erfindungen&nbsp;auf technischem Gebiet k\u00f6nnen durch&nbsp;<a href=\"https:\/\/eblum.ch\/fragen-antworten\/patente\/\">Patentrecht<\/a>&nbsp;gesch\u00fctzt werden.<\/li>\n\n\n\n<li>Zum Schutz von&nbsp;Marken&nbsp;(Warenzeichen) dient das&nbsp;<a href=\"https:\/\/eblum.ch\/fragen-antworten\/marken\/\">Markenrecht.<\/a><\/li>\n\n\n\n<li>Gestaltungen von Erzeugnissen k\u00f6nnen durch das&nbsp;<a href=\"https:\/\/eblum.ch\/fragen-antworten\/designs\/\">Designrecht<\/a>&nbsp;(fr\u00fcher &#171;Muster- und Modellrecht&#187;) gesch\u00fctzt werden.<\/li>\n\n\n\n<li>Werke der&nbsp;Literatur&nbsp;und&nbsp;Kunst&nbsp;sowie&nbsp;Computerprogramme&nbsp;k\u00f6nnen durch das&nbsp;<a href=\"https:\/\/eblum.ch\/dienstleistungen\/urheberrecht\/\">Urheberrecht<\/a>&nbsp;gesch\u00fctzt werden.<\/li>\n\n\n\n<li>F\u00fcr&nbsp;Pflanzensorten&nbsp;und&nbsp;Halbleiter-Topografien&nbsp;sind das&nbsp;Sortenschutzrecht<strong>&nbsp;<\/strong>und das&nbsp;Topografierecht<strong>&nbsp;<\/strong>vorgesehen.<\/li>\n<\/ul>\n\n\n\n<p>Dar\u00fcber hinaus bietet das&nbsp;Wettbewerbsrecht&nbsp;unter bestimmten Voraussetzungen Schutz vor t\u00e4uschendem oder in anderer Weise gegen den Grundsatz von Treu und Glauben verstossendem Verhalten Dritter.<\/p>\n\n\n\n<p>Domain Namen&nbsp;unterliegen, je nach &#171;Top-Level-Domain&#187;, unterschiedlichen Regelungen oder Vereinbarungen, und stehen in enger Beziehung zum Marken- und Wettbewerbsrecht.<\/p>\n\n\n\n<p>Welche der verschiedenen Arten von Schutzrechten f\u00fcr die Sicherung Ihrer Interessen am besten geeignet ist, muss fallweise sorgf\u00e4ltig gepr\u00fcft werden. Oft wird der optimale Schutz durch eine Kombination verschiedener Schutzrechtsarten erreicht.&nbsp;<\/p>\n\n\n\n<h2 class=\"wp-block-heading\" id=\"absatz2\"><a><\/a>Muss ich mein geistiges Eigentum amtlich registrieren lassen?<\/h2>\n\n\n\n<p>Urheberrechtlicher Schutz entsteht in den meisten L\u00e4ndern bei Vorliegen bestimmter Voraussetzungen automatisch mit der Schaffung des Werks, w\u00e4hrend die \u00fcbrigen Schutzrechte (Patente, Marken, Designs, Pflanzensorten und Halbleiter-Topografien) einer speziellen Registrierung bed\u00fcrfen. Auch Domain Namen m\u00fcssen registriert werden.<\/p>\n","protected":false},"excerpt":{"rendered":"<p>Wie wird geistiges Eigentum gesch\u00fctzt? Zum Schutz von geistigem Eigentum, z.B. von Ideen, Kunstwerken oder Computersoftware, sieht das Immaterialg\u00fcterrecht verschiedene Formen des Schutzes vor: Dar\u00fcber hinaus bietet das&nbsp;Wettbewerbsrecht&nbsp;unter bestimmten Voraussetzungen Schutz vor t\u00e4uschendem oder in anderer Weise gegen den Grundsatz von Treu und Glauben verstossendem Verhalten Dritter. Domain Namen&nbsp;unterliegen, je nach &#171;Top-Level-Domain&#187;, unterschiedlichen Regelungen oder &hellip; <\/p>\n<p class=\"link-more\"><a href=\"https:\/\/eblum.ch\/de\/fragen-antworten\/allgemeine-fragen\/\" class=\"more-link\">Weiterlesen<span class=\"screen-reader-text\"> &#171;Allgemeine Fragen&#187;<\/span><\/a><\/p>\n","protected":false},"author":1,"featured_media":0,"parent":417,"menu_order":0,"comment_status":"closed","ping_status":"closed","template":"","meta":{"_acf_changed":false,"footnotes":""},"class_list":["post-419","page","type-page","status-publish","hentry"],"acf":[],"yoast_head":"<!-- This site is optimized with the Yoast SEO plugin v26.0 - https:\/\/yoast.com\/wordpress\/plugins\/seo\/ -->\n<title>Allgemeine Fragen - E. Blum &amp; Co. AG Patent- und Markenanw\u00e4lte Z\u00fcrich<\/title>\n<meta name=\"description\" content=\"Allgemeine Fragen - E. Blum &amp; Co. AG, Z\u00fcrich, Patentanw\u00e4lte und Markenanw\u00e4lte in Z\u00fcrich: Patente, Marken, Designs, Trademarks und alle weiteren Bereiche des Immaterialg\u00fcterrechts\" \/>\n<meta name=\"robots\" content=\"index, follow, max-snippet:-1, max-image-preview:large, max-video-preview:-1\" \/>\n<link rel=\"canonical\" href=\"https:\/\/eblum.ch\/de\/fragen-antworten\/allgemeine-fragen\/\" \/>\n<meta property=\"og:locale\" content=\"de_DE\" \/>\n<meta property=\"og:type\" content=\"article\" \/>\n<meta property=\"og:title\" content=\"Allgemeine Fragen - E. Blum &amp; Co. AG Patent- und Markenanw\u00e4lte Z\u00fcrich\" \/>\n<meta property=\"og:description\" content=\"Allgemeine Fragen - E. Blum &amp; Co. AG, Z\u00fcrich, Patentanw\u00e4lte und Markenanw\u00e4lte in Z\u00fcrich: Patente, Marken, Designs, Trademarks und alle weiteren Bereiche des Immaterialg\u00fcterrechts\" \/>\n<meta property=\"og:url\" content=\"https:\/\/eblum.ch\/de\/fragen-antworten\/allgemeine-fragen\/\" \/>\n<meta property=\"og:site_name\" content=\"E. Blum &amp; Co. AG Patent- und Markenanw\u00e4lte Z\u00fcrich\" \/>\n<meta property=\"article:modified_time\" content=\"2023-11-03T12:46:42+00:00\" \/>\n<meta name=\"twitter:card\" content=\"summary_large_image\" \/>\n<meta name=\"twitter:label1\" content=\"Gesch\u00e4tzte Lesezeit\" \/>\n\t<meta name=\"twitter:data1\" content=\"2\u00a0Minuten\" \/>\n<script type=\"application\/ld+json\" class=\"yoast-schema-graph\">{\"@context\":\"https:\/\/schema.org\",\"@graph\":[{\"@type\":\"WebPage\",\"@id\":\"https:\/\/eblum.ch\/de\/fragen-antworten\/allgemeine-fragen\/\",\"url\":\"https:\/\/eblum.ch\/de\/fragen-antworten\/allgemeine-fragen\/\",\"name\":\"Allgemeine Fragen - E. Blum &amp; Co. AG Patent- und Markenanw\u00e4lte Z\u00fcrich\",\"isPartOf\":{\"@id\":\"https:\/\/eblum.ch\/de\/#website\"},\"datePublished\":\"2023-08-07T10:00:00+00:00\",\"dateModified\":\"2023-11-03T12:46:42+00:00\",\"description\":\"Allgemeine Fragen - E. Blum & Co. AG, Z\u00fcrich, Patentanw\u00e4lte und Markenanw\u00e4lte in Z\u00fcrich: Patente, Marken, Designs, Trademarks und alle weiteren Bereiche des Immaterialg\u00fcterrechts\",\"breadcrumb\":{\"@id\":\"https:\/\/eblum.ch\/de\/fragen-antworten\/allgemeine-fragen\/#breadcrumb\"},\"inLanguage\":\"de-CH\",\"potentialAction\":[{\"@type\":\"ReadAction\",\"target\":[\"https:\/\/eblum.ch\/de\/fragen-antworten\/allgemeine-fragen\/\"]}]},{\"@type\":\"BreadcrumbList\",\"@id\":\"https:\/\/eblum.ch\/de\/fragen-antworten\/allgemeine-fragen\/#breadcrumb\",\"itemListElement\":[{\"@type\":\"ListItem\",\"position\":1,\"name\":\"Home\",\"item\":\"https:\/\/eblum.ch\/de\/\"},{\"@type\":\"ListItem\",\"position\":2,\"name\":\"Fragen &amp; Antworten\",\"item\":\"https:\/\/eblum.ch\/de\/fragen-antworten\/\"},{\"@type\":\"ListItem\",\"position\":3,\"name\":\"Allgemeine Fragen\"}]},{\"@type\":\"WebSite\",\"@id\":\"https:\/\/eblum.ch\/de\/#website\",\"url\":\"https:\/\/eblum.ch\/de\/\",\"name\":\"E. Blum & Co. AG Patent- und Markenanw\u00e4lte Z\u00fcrich\",\"description\":\"\",\"potentialAction\":[{\"@type\":\"SearchAction\",\"target\":{\"@type\":\"EntryPoint\",\"urlTemplate\":\"https:\/\/eblum.ch\/de\/?s={search_term_string}\"},\"query-input\":{\"@type\":\"PropertyValueSpecification\",\"valueRequired\":true,\"valueName\":\"search_term_string\"}}],\"inLanguage\":\"de-CH\"}]}<\/script>\n<!-- \/ Yoast SEO plugin. -->","yoast_head_json":{"title":"Allgemeine Fragen - E. Blum &amp; Co. AG Patent- und Markenanw\u00e4lte Z\u00fcrich","description":"Allgemeine Fragen - E. Blum & Co. AG, Z\u00fcrich, Patentanw\u00e4lte und Markenanw\u00e4lte in Z\u00fcrich: Patente, Marken, Designs, Trademarks und alle weiteren Bereiche des Immaterialg\u00fcterrechts","robots":{"index":"index","follow":"follow","max-snippet":"max-snippet:-1","max-image-preview":"max-image-preview:large","max-video-preview":"max-video-preview:-1"},"canonical":"https:\/\/eblum.ch\/de\/fragen-antworten\/allgemeine-fragen\/","og_locale":"de_DE","og_type":"article","og_title":"Allgemeine Fragen - E. Blum &amp; Co. AG Patent- und Markenanw\u00e4lte Z\u00fcrich","og_description":"Allgemeine Fragen - E. Blum & Co. AG, Z\u00fcrich, Patentanw\u00e4lte und Markenanw\u00e4lte in Z\u00fcrich: Patente, Marken, Designs, Trademarks und alle weiteren Bereiche des Immaterialg\u00fcterrechts","og_url":"https:\/\/eblum.ch\/de\/fragen-antworten\/allgemeine-fragen\/","og_site_name":"E. Blum &amp; Co. AG Patent- und Markenanw\u00e4lte Z\u00fcrich","article_modified_time":"2023-11-03T12:46:42+00:00","twitter_card":"summary_large_image","twitter_misc":{"Gesch\u00e4tzte Lesezeit":"2\u00a0Minuten"},"schema":{"@context":"https:\/\/schema.org","@graph":[{"@type":"WebPage","@id":"https:\/\/eblum.ch\/de\/fragen-antworten\/allgemeine-fragen\/","url":"https:\/\/eblum.ch\/de\/fragen-antworten\/allgemeine-fragen\/","name":"Allgemeine Fragen - E. Blum &amp; Co. AG Patent- und Markenanw\u00e4lte Z\u00fcrich","isPartOf":{"@id":"https:\/\/eblum.ch\/de\/#website"},"datePublished":"2023-08-07T10:00:00+00:00","dateModified":"2023-11-03T12:46:42+00:00","description":"Allgemeine Fragen - E. Blum & Co. AG, Z\u00fcrich, Patentanw\u00e4lte und Markenanw\u00e4lte in Z\u00fcrich: Patente, Marken, Designs, Trademarks und alle weiteren Bereiche des Immaterialg\u00fcterrechts","breadcrumb":{"@id":"https:\/\/eblum.ch\/de\/fragen-antworten\/allgemeine-fragen\/#breadcrumb"},"inLanguage":"de-CH","potentialAction":[{"@type":"ReadAction","target":["https:\/\/eblum.ch\/de\/fragen-antworten\/allgemeine-fragen\/"]}]},{"@type":"BreadcrumbList","@id":"https:\/\/eblum.ch\/de\/fragen-antworten\/allgemeine-fragen\/#breadcrumb","itemListElement":[{"@type":"ListItem","position":1,"name":"Home","item":"https:\/\/eblum.ch\/de\/"},{"@type":"ListItem","position":2,"name":"Fragen &amp; Antworten","item":"https:\/\/eblum.ch\/de\/fragen-antworten\/"},{"@type":"ListItem","position":3,"name":"Allgemeine Fragen"}]},{"@type":"WebSite","@id":"https:\/\/eblum.ch\/de\/#website","url":"https:\/\/eblum.ch\/de\/","name":"E. Blum & Co. AG Patent- und Markenanw\u00e4lte Z\u00fcrich","description":"","potentialAction":[{"@type":"SearchAction","target":{"@type":"EntryPoint","urlTemplate":"https:\/\/eblum.ch\/de\/?s={search_term_string}"},"query-input":{"@type":"PropertyValueSpecification","valueRequired":true,"valueName":"search_term_string"}}],"inLanguage":"de-CH"}]}},"_links":{"self":[{"href":"https:\/\/eblum.ch\/de\/wp-json\/wp\/v2\/pages\/419","targetHints":{"allow":["GET"]}}],"collection":[{"href":"https:\/\/eblum.ch\/de\/wp-json\/wp\/v2\/pages"}],"about":[{"href":"https:\/\/eblum.ch\/de\/wp-json\/wp\/v2\/types\/page"}],"author":[{"embeddable":true,"href":"https:\/\/eblum.ch\/de\/wp-json\/wp\/v2\/users\/1"}],"replies":[{"embeddable":true,"href":"https:\/\/eblum.ch\/de\/wp-json\/wp\/v2\/comments?post=419"}],"version-history":[{"count":4,"href":"https:\/\/eblum.ch\/de\/wp-json\/wp\/v2\/pages\/419\/revisions"}],"predecessor-version":[{"id":2505,"href":"https:\/\/eblum.ch\/de\/wp-json\/wp\/v2\/pages\/419\/revisions\/2505"}],"up":[{"embeddable":true,"href":"https:\/\/eblum.ch\/de\/wp-json\/wp\/v2\/pages\/417"}],"wp:attachment":[{"href":"https:\/\/eblum.ch\/de\/wp-json\/wp\/v2\/media?parent=419"}],"curies":[{"name":"wp","href":"https:\/\/api.w.org\/{rel}","templated":true}]}}