{"id":423,"date":"2023-08-07T12:00:00","date_gmt":"2023-08-07T10:00:00","guid":{"rendered":"https:\/\/eblum.ch\/?page_id=423"},"modified":"2024-02-19T14:47:31","modified_gmt":"2024-02-19T13:47:31","slug":"marken","status":"publish","type":"page","link":"https:\/\/eblum.ch\/de\/fragen-antworten\/marken\/","title":{"rendered":"Marken"},"content":{"rendered":"\n<h2 class=\"wp-block-heading\" id=\"absatz1\">Was kann als Marke gesch\u00fctzt werden?&nbsp;&nbsp;<\/h2>\n\n\n\n<p>Als Marke (&#171;Trademark&#187;) eingetragen werden k\u00f6nnen grunds\u00e4tzlich&nbsp;Kennzeichen, welche geeignet sind, die Waren oder Dienstleistungen eines Unternehmens zu unterscheiden, und&nbsp;bei denen keine sogenannten absoluten Schutzausschlussgr\u00fcnde vorliegen. Marken d\u00fcrfen nicht Gemeingut bilden (was inbesondere bei Angaben, welche die gekennzeichneten Waren oder Dienstleistungen beschreiben, der Fall ist) noch t\u00e4uschend sein und nicht gegen die guten Sitten, die \u00f6ffentliche Ordnung&nbsp;oder geltendes Recht verstossen.<\/p>\n\n\n\n<p>Beschreibende Markenelemente sind zwar zul\u00e4ssig, wenn \u00fcberdies unterscheidungskr\u00e4ftige Bestand\u00adteile vorhanden sind, sie geniessen aber markenrechtlich keinen oder lediglich marginalen Schutz. Unzul\u00e4ssig sind t\u00e4uschende Markenbestandteile. Je phantasievoller und damit kennzeichnungs\u00adkr\u00e4ftiger eine Marke ist, desto gr\u00f6sser ist ihr Schutzumfang.<\/p>\n\n\n\n<p>Neben reinen Wortmarken, Wort-\/Bildmarken (auch kombinierte Marken genannt), Bildmarken und Kennzeichen, die aus Zahlen- und\/oder Buchstabenkombinationen zusammengesetzt sind, gibt es auch Formmarken (dreidimensionale Marken) und H\u00f6rmarken. Geruchsmarken k\u00f6nnen in der Schweiz nicht eingetragen werden.<\/p>\n\n\n\n<h2 class=\"wp-block-heading\" id=\"absatz2\"><a><\/a>Was wird zum Registrieren einer Marke ben\u00f6tigt?&nbsp;<\/h2>\n\n\n\n<p>Mindestanforderungen f\u00fcr eine Markenanmeldung in der Schweiz:<\/p>\n\n\n\n<ul class=\"wp-block-list\">\n<li>Genauer Name und Adresse des Anmelders<\/li>\n\n\n\n<li>Liste der Waren, bzw. Dienstleistungen, f\u00fcr welche&nbsp;die Marke gesch\u00fctzt werden sollen.<\/li>\n\n\n\n<li>Eine Abbildung der Marke, falls diese keine reine Wortmarke ist. Die Abbildung sollte entlang ihrer l\u00e4ngsten Kante eine Aufl\u00f6sung von mindestens 1000 Pixeln haben. Wenn Farben f\u00fcr die Marke irrelevant sind, gen\u00fcgt eine schwarzweisse Abbildung, ansonsten wird eine farbige Abbildung ben\u00f6tigt.<\/li>\n\n\n\n<li>Datum und Land der Priorit\u00e4tsanmeldung, falls eine Priorit\u00e4t (Datum einer fr\u00fcheren Anmeldung der gleichen Marke in einem anderen Land der Pariser Verbands\u00fcbereinkunft) beansprucht wird.<\/li>\n<\/ul>\n\n\n\n<p>Die folgenden Dokumente werden regelm\u00e4ssig vom Vertreter, welcher die Anmeldung einreicht, ben\u00f6tigt, m\u00fcssen&nbsp;aber nicht in allen F\u00e4llen beim Markenamt eingereicht&nbsp;werden:<\/p>\n\n\n\n<ul class=\"wp-block-list\">\n<li>Priorit\u00e4tsbeleg<\/li>\n\n\n\n<li>Vollmacht (einfach unterzeichnet) ->\u00a0<a href=\"https:\/\/eblum.ch\/wp-content\/uploads\/2024\/02\/E.Blum_Vollmacht_PoA.pdf\" target=\"_blank\" rel=\"noreferrer noopener\">Vollmacht<\/a><\/li>\n<\/ul>\n\n\n\n<h2 class=\"wp-block-heading\" id=\"absatz3\"><a><\/a>Wo&nbsp;soll Markenschutz&nbsp;beansprucht werden?&nbsp;<\/h2>\n\n\n\n<p>Markenschutz ist grunds\u00e4tzlich \u00fcberall dort zu sichern, wo die unter der Marke beanspruchten Waren\/Dienstleistungen produziert und vertrieben werden. Dieser Markengebrauch sollte \u00fcber eine Zeitspanne von 3-5 Jahren ernsthaft beabsichtigt werden. Da die aus einer Markeneintragung erwachsenden Rechte grunds\u00e4tzlich nur dann durchsetzbar sind, wenn die Marke im Land, wo sie eingetragen ist, auch tats\u00e4chlich in Gebrauch steht, wird es typischerweise&nbsp;nicht empfehlenswert sein, Markenschutz in einem Land zu beantragen, in dem die Markeninhaberin nie t\u00e4tig sein wird, oder wo die tats\u00e4chliche&nbsp;Benutzung der Marke lediglich als entfernte M\u00f6glichkeit in Frage kommt. Bei fehlendem Gebrauch wird eine Markeneintragung in der Regel nach Ablauf der Gebrauchsschonfrist l\u00f6schungsreif. In den L\u00e4ndern, in welchen periodisch ein Benutzungsnachweis vor dem Markenamt zu erbringen ist, wird die Marke bei fehlender Benutzung von Amtes wegen aus dem Register gel\u00f6scht. Ausserdem f\u00fchrt die fehlende Benutzung nach Ablauf der Gebrauchsschonfrist dazu, dass seitens interessierter Dritter deren L\u00f6schung beantragt und durchgesetzt werden kann.<\/p>\n\n\n\n<p>Je nach Land bzw. Gebiet, in welchem Markenschutz erlangt werden soll, stehen verschiedene Markentypen bzw. Anmeldungssysteme zur Verf\u00fcgung. Beispielsweise k\u00f6nnen Marken national im jeweiligen Land registriert werden. Dar\u00fcber hinaus haben&nbsp;zahlreiche L\u00e4nder im Rahmen des Madrider Markenabkommens bzw. dem Protokoll zum Madrider Markenabkommen ein internationales Registrierungsverfahren geschaffen, unter welchem Marken mit Schutz in den jeweils bezeichneten Mitgliedstaaten zentral bei einer internationalen Beh\u00f6rde hinterlegt werden k\u00f6nnen. F\u00fcr die Mitgliedstaaten der Europ\u00e4ischen Union steht ausserdem die sog.&nbsp;Unionsmarke mit Schutz im gesamten Gebiet der EU&nbsp;zur Verf\u00fcgung.<\/p>\n\n\n\n<p>Wie im Einzelfall am besten vorzugehen ist, h\u00e4ngt von verschiedenen Faktoren ab, die Sie mit unseren Markenspezialisten er\u00f6rtern sollten.&nbsp;<\/p>\n\n\n\n<h2 class=\"wp-block-heading\" id=\"absatz4\"><a><\/a>Kollidiert meine Marke mit einer \u00e4lteren?&nbsp;<\/h2>\n\n\n\n<p>Wenn Sie eine Marke sch\u00fctzen oder benutzen wollen, ist es ratsam, eine Nachforschung nach schon bestehenden identischen oder verwechselbar \u00e4hnlichen Marken durchzuf\u00fchren. Dadurch l\u00e4sst sich das Risiko eines Widerspruches, einer amtlichen Entgegenhaltung oder einer gerichtlichen Klage wegen Markenverletzung&nbsp;besser absch\u00e4tzen.<\/p>\n","protected":false},"excerpt":{"rendered":"<p>Was kann als Marke gesch\u00fctzt werden?&nbsp;&nbsp; Als Marke (&#171;Trademark&#187;) eingetragen werden k\u00f6nnen grunds\u00e4tzlich&nbsp;Kennzeichen, welche geeignet sind, die Waren oder Dienstleistungen eines Unternehmens zu unterscheiden, und&nbsp;bei denen keine sogenannten absoluten Schutzausschlussgr\u00fcnde vorliegen. Marken d\u00fcrfen nicht Gemeingut bilden (was inbesondere bei Angaben, welche die gekennzeichneten Waren oder Dienstleistungen beschreiben, der Fall ist) noch t\u00e4uschend sein und nicht &hellip; <\/p>\n<p class=\"link-more\"><a href=\"https:\/\/eblum.ch\/de\/fragen-antworten\/marken\/\" class=\"more-link\">Weiterlesen<span class=\"screen-reader-text\"> &#171;Marken&#187;<\/span><\/a><\/p>\n","protected":false},"author":1,"featured_media":0,"parent":417,"menu_order":0,"comment_status":"closed","ping_status":"closed","template":"","meta":{"_acf_changed":false,"footnotes":""},"class_list":["post-423","page","type-page","status-publish","hentry"],"acf":[],"yoast_head":"<!-- This site is optimized with the Yoast SEO plugin v26.0 - https:\/\/yoast.com\/wordpress\/plugins\/seo\/ -->\n<title>Marken - E. Blum &amp; Co. AG Patent- und Markenanw\u00e4lte Z\u00fcrich<\/title>\n<meta name=\"description\" content=\"Marken - E. Blum &amp; Co. AG, Z\u00fcrich, Patentanw\u00e4lte und Markenanw\u00e4lte in Z\u00fcrich: Patente, Marken, Designs, Trademarks und alle weiteren Bereiche des Immaterialg\u00fcterrechts\" \/>\n<meta name=\"robots\" content=\"index, follow, max-snippet:-1, max-image-preview:large, max-video-preview:-1\" \/>\n<link rel=\"canonical\" href=\"https:\/\/eblum.ch\/de\/fragen-antworten\/marken\/\" \/>\n<meta property=\"og:locale\" content=\"de_DE\" \/>\n<meta property=\"og:type\" content=\"article\" \/>\n<meta property=\"og:title\" content=\"Marken - E. Blum &amp; Co. AG Patent- und Markenanw\u00e4lte Z\u00fcrich\" \/>\n<meta property=\"og:description\" content=\"Marken - E. Blum &amp; Co. AG, Z\u00fcrich, Patentanw\u00e4lte und Markenanw\u00e4lte in Z\u00fcrich: Patente, Marken, Designs, Trademarks und alle weiteren Bereiche des Immaterialg\u00fcterrechts\" \/>\n<meta property=\"og:url\" content=\"https:\/\/eblum.ch\/de\/fragen-antworten\/marken\/\" \/>\n<meta property=\"og:site_name\" content=\"E. Blum &amp; Co. AG Patent- und Markenanw\u00e4lte Z\u00fcrich\" \/>\n<meta property=\"article:modified_time\" content=\"2024-02-19T13:47:31+00:00\" \/>\n<meta name=\"twitter:card\" content=\"summary_large_image\" \/>\n<meta name=\"twitter:label1\" content=\"Gesch\u00e4tzte Lesezeit\" \/>\n\t<meta name=\"twitter:data1\" content=\"4\u00a0Minuten\" \/>\n<script type=\"application\/ld+json\" class=\"yoast-schema-graph\">{\"@context\":\"https:\/\/schema.org\",\"@graph\":[{\"@type\":\"WebPage\",\"@id\":\"https:\/\/eblum.ch\/de\/fragen-antworten\/marken\/\",\"url\":\"https:\/\/eblum.ch\/de\/fragen-antworten\/marken\/\",\"name\":\"Marken - E. Blum &amp; Co. AG Patent- und Markenanw\u00e4lte Z\u00fcrich\",\"isPartOf\":{\"@id\":\"https:\/\/eblum.ch\/de\/#website\"},\"datePublished\":\"2023-08-07T10:00:00+00:00\",\"dateModified\":\"2024-02-19T13:47:31+00:00\",\"description\":\"Marken - E. Blum & Co. AG, Z\u00fcrich, Patentanw\u00e4lte und Markenanw\u00e4lte in Z\u00fcrich: Patente, Marken, Designs, Trademarks und alle weiteren Bereiche des Immaterialg\u00fcterrechts\",\"breadcrumb\":{\"@id\":\"https:\/\/eblum.ch\/de\/fragen-antworten\/marken\/#breadcrumb\"},\"inLanguage\":\"de-CH\",\"potentialAction\":[{\"@type\":\"ReadAction\",\"target\":[\"https:\/\/eblum.ch\/de\/fragen-antworten\/marken\/\"]}]},{\"@type\":\"BreadcrumbList\",\"@id\":\"https:\/\/eblum.ch\/de\/fragen-antworten\/marken\/#breadcrumb\",\"itemListElement\":[{\"@type\":\"ListItem\",\"position\":1,\"name\":\"Home\",\"item\":\"https:\/\/eblum.ch\/de\/\"},{\"@type\":\"ListItem\",\"position\":2,\"name\":\"Fragen &amp; Antworten\",\"item\":\"https:\/\/eblum.ch\/de\/fragen-antworten\/\"},{\"@type\":\"ListItem\",\"position\":3,\"name\":\"Marken\"}]},{\"@type\":\"WebSite\",\"@id\":\"https:\/\/eblum.ch\/de\/#website\",\"url\":\"https:\/\/eblum.ch\/de\/\",\"name\":\"E. Blum & Co. AG Patent- und Markenanw\u00e4lte Z\u00fcrich\",\"description\":\"\",\"potentialAction\":[{\"@type\":\"SearchAction\",\"target\":{\"@type\":\"EntryPoint\",\"urlTemplate\":\"https:\/\/eblum.ch\/de\/?s={search_term_string}\"},\"query-input\":{\"@type\":\"PropertyValueSpecification\",\"valueRequired\":true,\"valueName\":\"search_term_string\"}}],\"inLanguage\":\"de-CH\"}]}<\/script>\n<!-- \/ Yoast SEO plugin. -->","yoast_head_json":{"title":"Marken - E. Blum &amp; Co. AG Patent- und Markenanw\u00e4lte Z\u00fcrich","description":"Marken - E. Blum & Co. AG, Z\u00fcrich, Patentanw\u00e4lte und Markenanw\u00e4lte in Z\u00fcrich: Patente, Marken, Designs, Trademarks und alle weiteren Bereiche des Immaterialg\u00fcterrechts","robots":{"index":"index","follow":"follow","max-snippet":"max-snippet:-1","max-image-preview":"max-image-preview:large","max-video-preview":"max-video-preview:-1"},"canonical":"https:\/\/eblum.ch\/de\/fragen-antworten\/marken\/","og_locale":"de_DE","og_type":"article","og_title":"Marken - E. Blum &amp; Co. AG Patent- und Markenanw\u00e4lte Z\u00fcrich","og_description":"Marken - E. Blum & Co. AG, Z\u00fcrich, Patentanw\u00e4lte und Markenanw\u00e4lte in Z\u00fcrich: Patente, Marken, Designs, Trademarks und alle weiteren Bereiche des Immaterialg\u00fcterrechts","og_url":"https:\/\/eblum.ch\/de\/fragen-antworten\/marken\/","og_site_name":"E. Blum &amp; Co. AG Patent- und Markenanw\u00e4lte Z\u00fcrich","article_modified_time":"2024-02-19T13:47:31+00:00","twitter_card":"summary_large_image","twitter_misc":{"Gesch\u00e4tzte Lesezeit":"4\u00a0Minuten"},"schema":{"@context":"https:\/\/schema.org","@graph":[{"@type":"WebPage","@id":"https:\/\/eblum.ch\/de\/fragen-antworten\/marken\/","url":"https:\/\/eblum.ch\/de\/fragen-antworten\/marken\/","name":"Marken - E. Blum &amp; Co. AG Patent- und Markenanw\u00e4lte Z\u00fcrich","isPartOf":{"@id":"https:\/\/eblum.ch\/de\/#website"},"datePublished":"2023-08-07T10:00:00+00:00","dateModified":"2024-02-19T13:47:31+00:00","description":"Marken - E. Blum & Co. AG, Z\u00fcrich, Patentanw\u00e4lte und Markenanw\u00e4lte in Z\u00fcrich: Patente, Marken, Designs, Trademarks und alle weiteren Bereiche des Immaterialg\u00fcterrechts","breadcrumb":{"@id":"https:\/\/eblum.ch\/de\/fragen-antworten\/marken\/#breadcrumb"},"inLanguage":"de-CH","potentialAction":[{"@type":"ReadAction","target":["https:\/\/eblum.ch\/de\/fragen-antworten\/marken\/"]}]},{"@type":"BreadcrumbList","@id":"https:\/\/eblum.ch\/de\/fragen-antworten\/marken\/#breadcrumb","itemListElement":[{"@type":"ListItem","position":1,"name":"Home","item":"https:\/\/eblum.ch\/de\/"},{"@type":"ListItem","position":2,"name":"Fragen &amp; Antworten","item":"https:\/\/eblum.ch\/de\/fragen-antworten\/"},{"@type":"ListItem","position":3,"name":"Marken"}]},{"@type":"WebSite","@id":"https:\/\/eblum.ch\/de\/#website","url":"https:\/\/eblum.ch\/de\/","name":"E. Blum & Co. AG Patent- und Markenanw\u00e4lte Z\u00fcrich","description":"","potentialAction":[{"@type":"SearchAction","target":{"@type":"EntryPoint","urlTemplate":"https:\/\/eblum.ch\/de\/?s={search_term_string}"},"query-input":{"@type":"PropertyValueSpecification","valueRequired":true,"valueName":"search_term_string"}}],"inLanguage":"de-CH"}]}},"_links":{"self":[{"href":"https:\/\/eblum.ch\/de\/wp-json\/wp\/v2\/pages\/423","targetHints":{"allow":["GET"]}}],"collection":[{"href":"https:\/\/eblum.ch\/de\/wp-json\/wp\/v2\/pages"}],"about":[{"href":"https:\/\/eblum.ch\/de\/wp-json\/wp\/v2\/types\/page"}],"author":[{"embeddable":true,"href":"https:\/\/eblum.ch\/de\/wp-json\/wp\/v2\/users\/1"}],"replies":[{"embeddable":true,"href":"https:\/\/eblum.ch\/de\/wp-json\/wp\/v2\/comments?post=423"}],"version-history":[{"count":5,"href":"https:\/\/eblum.ch\/de\/wp-json\/wp\/v2\/pages\/423\/revisions"}],"predecessor-version":[{"id":2643,"href":"https:\/\/eblum.ch\/de\/wp-json\/wp\/v2\/pages\/423\/revisions\/2643"}],"up":[{"embeddable":true,"href":"https:\/\/eblum.ch\/de\/wp-json\/wp\/v2\/pages\/417"}],"wp:attachment":[{"href":"https:\/\/eblum.ch\/de\/wp-json\/wp\/v2\/media?parent=423"}],"curies":[{"name":"wp","href":"https:\/\/api.w.org\/{rel}","templated":true}]}}