{"id":425,"date":"2023-08-07T12:00:00","date_gmt":"2023-08-07T10:00:00","guid":{"rendered":"https:\/\/eblum.ch\/?page_id=425"},"modified":"2023-11-03T13:47:06","modified_gmt":"2023-11-03T12:47:06","slug":"designs","status":"publish","type":"page","link":"https:\/\/eblum.ch\/de\/fragen-antworten\/designs\/","title":{"rendered":"Designs"},"content":{"rendered":"\n<h2 class=\"wp-block-heading\" id=\"absatz1\">Was kann als Design gesch\u00fctzt werden?<\/h2>\n\n\n\n<p>Als Design k\u00f6nnen Gestaltungen von Erzeugnissen oder Teile von Erzeugnissen, die namentlich durch die Anordnung von Linien, Fl\u00e4chen, Konturen oder Farben oder durch das verwendete Material charakterisiert sind, gesch\u00fctzt werden.<\/p>\n\n\n\n<p>Um einen g\u00fcltigen Designschutz zu erlangen, muss das hinterlegte Design&nbsp;neu&nbsp;sein und&nbsp;Eigenart&nbsp;aufweisen. Design oder Merkmale des Designs, welche ausschliesslich durch die technische Funktion des Produkts bedingt sind, werden nicht gesch\u00fctzt. Daneben sind im Gesetz weitere Ausschlussgr\u00fcnde aufgef\u00fchrt.<\/p>\n\n\n\n<p>Die&nbsp;Neuheit&nbsp;fehlt, wenn ein identisches Design vor dem Hinterlegungs- oder Priorit\u00e4tsdatum irgendwo auf der Welt der \u00d6ffentlichkeit offenbart wurde und deshalb &#8211; als weiteres Kriterium &#8211; den massgeblichen Verkehrskreisen (Produzenten, H\u00e4ndler, Konsumenten) im Inland aufgrund der Umst\u00e4nde der Ver\u00f6ffentlichung bekannt sein konnte. Die Ver\u00f6ffentlichung eines identischen Designs im Ausland zerst\u00f6rt also die Neuheit in der Schweiz nicht in jedem Fall.<\/p>\n\n\n\n<p>Design weist&nbsp;Eigenart&nbsp;auf, wenn es sich gen\u00fcgend von bereits bestehendem Design unterscheidet. Massgeblich ist dabei der Gesamteindruck. Dieser muss sich von vorbekanntem Design in wesentlichen Merkmalen unterscheiden. Unterschiede in Einzelheiten, wenn auch zahlreich vorhanden, gen\u00fcgen nicht, soweit der Gesamteindruck gleich oder \u00e4hnlich bleibt.<\/p>\n\n\n\n<p>F\u00fcr Designschutz in der Schweiz ist eine Offenbarung des Designs durch den Designsch\u00f6pfer oder dessen Rechtsnachfolger hinsichtlich&nbsp;Neuheit und Eigenart (im Gegensatz zum Patentrecht) unsch\u00e4dlich, sofern diese Offenbarung innerhalb von zw\u00f6lf Monaten vor dem Hinterlegungs- oder Priorit\u00e4tsdatum erfolgte.<\/p>\n\n\n\n<h2 class=\"wp-block-heading\" id=\"absatz2\"><a><\/a>Was wird f\u00fcr eine Design-Hinterlegung ben\u00f6tigt?&nbsp;<\/h2>\n\n\n\n<p>Pro Design wird mindestens eine Abbildung ben\u00f6tigt. Vorzugsweise werden aber Abbildungen aus verschiedenen Perspektiven eingereicht.<\/p>\n\n\n\n<p>Die Abbildungen k\u00f6nnen schwarzweiss oder &#8211; soweit Farbelemente gesch\u00fctzt werden sollen &#8211; farbig sein und m\u00fcssen reproduktionsf\u00e4hige Qualit\u00e4t aufweisen. Die Abbildungen d\u00fcrfen nur das Design darstellen. Es muss vor einem neutralen Hintergrund aufgenommen werden. Die Abbildungen d\u00fcrfen keine erl\u00e4uternden Angaben enthalten (z.B. Massangaben). Schatten sind zu beseitigen.<\/p>\n\n\n\n<p>Nat\u00fcrlich ben\u00f6tigen wir auch den Namen und die Anschrift des Designhinterlegers. Soweit der Hinterleger das Design nicht selbst entworfen hat, muss in der Schweiz der Name und der Wohnsitz des Designsch\u00f6pfers angegeben werden. Eine Rechtsnachfolgeerkl\u00e4rung wird aber nicht mehr ben\u00f6tigt. Zur Klassifizierung gem\u00e4ss dem Locarno-Abkommen ben\u00f6tigen wir schliesslich Angaben, f\u00fcr welche Produkte das Design vorgesehen ist.<\/p>\n\n\n\n<p>Neuheit und Eigenart des Designs werden im schweizerischen Eintragungsverfahren nicht gepr\u00fcft. Ob ein eingetragenes Design g\u00fcltig ist, wird erst in einem allf\u00e4lligen Schutzrechtsprozess vom befassten Gericht beurteilt. Eine Designeintragung kann sich deshalb mangels Neuheit und Eigenart des hinterlegten Designs nachtr\u00e4glich als ung\u00fcltig herausstellen und wirkungslos bleiben. Vielfach wird es bei der Hinterlegung von Design nicht abschliessend m\u00f6glich sein zu kl\u00e4ren, ob es neu ist und Eigenart aufweist. Dennoch empfiehlt sich die Hinterlegung auch in Zweifelsf\u00e4llen, da einerseits ohne Hinterlegung kein Schutz erlangt wird und andererseits auch von einer eventuell ung\u00fcltigen Designeintragung eine gewisse abschreckende Wirkung ausgehen kann. In prozessualer Hinsicht von Bedeutung ist auch der Umstand, dass bei einem hinterlegten Design die Neuheit und Eigenart gesetzlich vermutet wird; es liegt also am Prozessgegner zu beweisen, dass dem hinterlegten Design Neuheit und Eigenart fehlen.<\/p>\n","protected":false},"excerpt":{"rendered":"<p>Was kann als Design gesch\u00fctzt werden? Als Design k\u00f6nnen Gestaltungen von Erzeugnissen oder Teile von Erzeugnissen, die namentlich durch die Anordnung von Linien, Fl\u00e4chen, Konturen oder Farben oder durch das verwendete Material charakterisiert sind, gesch\u00fctzt werden. Um einen g\u00fcltigen Designschutz zu erlangen, muss das hinterlegte Design&nbsp;neu&nbsp;sein und&nbsp;Eigenart&nbsp;aufweisen. Design oder Merkmale des Designs, welche ausschliesslich durch &hellip; <\/p>\n<p class=\"link-more\"><a href=\"https:\/\/eblum.ch\/de\/fragen-antworten\/designs\/\" class=\"more-link\">Weiterlesen<span class=\"screen-reader-text\"> &#171;Designs&#187;<\/span><\/a><\/p>\n","protected":false},"author":1,"featured_media":0,"parent":417,"menu_order":0,"comment_status":"closed","ping_status":"closed","template":"","meta":{"_acf_changed":false,"footnotes":""},"class_list":["post-425","page","type-page","status-publish","hentry"],"acf":[],"yoast_head":"<!-- This site is optimized with the Yoast SEO plugin v26.0 - https:\/\/yoast.com\/wordpress\/plugins\/seo\/ -->\n<title>Designs - E. Blum &amp; Co. AG Patent- und Markenanw\u00e4lte Z\u00fcrich<\/title>\n<meta name=\"description\" content=\"Designs - E. Blum &amp; Co. AG, Z\u00fcrich, Patentanw\u00e4lte und Markenanw\u00e4lte in Z\u00fcrich: Patente, Marken, Designs, Trademarks und alle weiteren Bereiche des Immaterialg\u00fcterrechts\" \/>\n<meta name=\"robots\" content=\"index, follow, max-snippet:-1, max-image-preview:large, max-video-preview:-1\" \/>\n<link rel=\"canonical\" href=\"https:\/\/eblum.ch\/de\/fragen-antworten\/designs\/\" \/>\n<meta property=\"og:locale\" content=\"de_DE\" \/>\n<meta property=\"og:type\" content=\"article\" \/>\n<meta property=\"og:title\" content=\"Designs - E. Blum &amp; Co. AG Patent- und Markenanw\u00e4lte Z\u00fcrich\" \/>\n<meta property=\"og:description\" content=\"Designs - E. Blum &amp; Co. AG, Z\u00fcrich, Patentanw\u00e4lte und Markenanw\u00e4lte in Z\u00fcrich: Patente, Marken, Designs, Trademarks und alle weiteren Bereiche des Immaterialg\u00fcterrechts\" \/>\n<meta property=\"og:url\" content=\"https:\/\/eblum.ch\/de\/fragen-antworten\/designs\/\" \/>\n<meta property=\"og:site_name\" content=\"E. Blum &amp; Co. AG Patent- und Markenanw\u00e4lte Z\u00fcrich\" \/>\n<meta property=\"article:modified_time\" content=\"2023-11-03T12:47:06+00:00\" \/>\n<meta name=\"twitter:card\" content=\"summary_large_image\" \/>\n<meta name=\"twitter:label1\" content=\"Gesch\u00e4tzte Lesezeit\" \/>\n\t<meta name=\"twitter:data1\" content=\"3\u00a0Minuten\" \/>\n<script type=\"application\/ld+json\" class=\"yoast-schema-graph\">{\"@context\":\"https:\/\/schema.org\",\"@graph\":[{\"@type\":\"WebPage\",\"@id\":\"https:\/\/eblum.ch\/de\/fragen-antworten\/designs\/\",\"url\":\"https:\/\/eblum.ch\/de\/fragen-antworten\/designs\/\",\"name\":\"Designs - E. Blum &amp; Co. AG Patent- und Markenanw\u00e4lte Z\u00fcrich\",\"isPartOf\":{\"@id\":\"https:\/\/eblum.ch\/de\/#website\"},\"datePublished\":\"2023-08-07T10:00:00+00:00\",\"dateModified\":\"2023-11-03T12:47:06+00:00\",\"description\":\"Designs - E. Blum & Co. AG, Z\u00fcrich, Patentanw\u00e4lte und Markenanw\u00e4lte in Z\u00fcrich: Patente, Marken, Designs, Trademarks und alle weiteren Bereiche des Immaterialg\u00fcterrechts\",\"breadcrumb\":{\"@id\":\"https:\/\/eblum.ch\/de\/fragen-antworten\/designs\/#breadcrumb\"},\"inLanguage\":\"de-CH\",\"potentialAction\":[{\"@type\":\"ReadAction\",\"target\":[\"https:\/\/eblum.ch\/de\/fragen-antworten\/designs\/\"]}]},{\"@type\":\"BreadcrumbList\",\"@id\":\"https:\/\/eblum.ch\/de\/fragen-antworten\/designs\/#breadcrumb\",\"itemListElement\":[{\"@type\":\"ListItem\",\"position\":1,\"name\":\"Home\",\"item\":\"https:\/\/eblum.ch\/de\/\"},{\"@type\":\"ListItem\",\"position\":2,\"name\":\"Fragen &amp; Antworten\",\"item\":\"https:\/\/eblum.ch\/de\/fragen-antworten\/\"},{\"@type\":\"ListItem\",\"position\":3,\"name\":\"Designs\"}]},{\"@type\":\"WebSite\",\"@id\":\"https:\/\/eblum.ch\/de\/#website\",\"url\":\"https:\/\/eblum.ch\/de\/\",\"name\":\"E. Blum & Co. AG Patent- und Markenanw\u00e4lte Z\u00fcrich\",\"description\":\"\",\"potentialAction\":[{\"@type\":\"SearchAction\",\"target\":{\"@type\":\"EntryPoint\",\"urlTemplate\":\"https:\/\/eblum.ch\/de\/?s={search_term_string}\"},\"query-input\":{\"@type\":\"PropertyValueSpecification\",\"valueRequired\":true,\"valueName\":\"search_term_string\"}}],\"inLanguage\":\"de-CH\"}]}<\/script>\n<!-- \/ Yoast SEO plugin. -->","yoast_head_json":{"title":"Designs - E. Blum &amp; Co. AG Patent- und Markenanw\u00e4lte Z\u00fcrich","description":"Designs - E. Blum & Co. AG, Z\u00fcrich, Patentanw\u00e4lte und Markenanw\u00e4lte in Z\u00fcrich: Patente, Marken, Designs, Trademarks und alle weiteren Bereiche des Immaterialg\u00fcterrechts","robots":{"index":"index","follow":"follow","max-snippet":"max-snippet:-1","max-image-preview":"max-image-preview:large","max-video-preview":"max-video-preview:-1"},"canonical":"https:\/\/eblum.ch\/de\/fragen-antworten\/designs\/","og_locale":"de_DE","og_type":"article","og_title":"Designs - E. Blum &amp; Co. AG Patent- und Markenanw\u00e4lte Z\u00fcrich","og_description":"Designs - E. Blum & Co. AG, Z\u00fcrich, Patentanw\u00e4lte und Markenanw\u00e4lte in Z\u00fcrich: Patente, Marken, Designs, Trademarks und alle weiteren Bereiche des Immaterialg\u00fcterrechts","og_url":"https:\/\/eblum.ch\/de\/fragen-antworten\/designs\/","og_site_name":"E. Blum &amp; Co. AG Patent- und Markenanw\u00e4lte Z\u00fcrich","article_modified_time":"2023-11-03T12:47:06+00:00","twitter_card":"summary_large_image","twitter_misc":{"Gesch\u00e4tzte Lesezeit":"3\u00a0Minuten"},"schema":{"@context":"https:\/\/schema.org","@graph":[{"@type":"WebPage","@id":"https:\/\/eblum.ch\/de\/fragen-antworten\/designs\/","url":"https:\/\/eblum.ch\/de\/fragen-antworten\/designs\/","name":"Designs - E. Blum &amp; Co. AG Patent- und Markenanw\u00e4lte Z\u00fcrich","isPartOf":{"@id":"https:\/\/eblum.ch\/de\/#website"},"datePublished":"2023-08-07T10:00:00+00:00","dateModified":"2023-11-03T12:47:06+00:00","description":"Designs - E. Blum & Co. AG, Z\u00fcrich, Patentanw\u00e4lte und Markenanw\u00e4lte in Z\u00fcrich: Patente, Marken, Designs, Trademarks und alle weiteren Bereiche des Immaterialg\u00fcterrechts","breadcrumb":{"@id":"https:\/\/eblum.ch\/de\/fragen-antworten\/designs\/#breadcrumb"},"inLanguage":"de-CH","potentialAction":[{"@type":"ReadAction","target":["https:\/\/eblum.ch\/de\/fragen-antworten\/designs\/"]}]},{"@type":"BreadcrumbList","@id":"https:\/\/eblum.ch\/de\/fragen-antworten\/designs\/#breadcrumb","itemListElement":[{"@type":"ListItem","position":1,"name":"Home","item":"https:\/\/eblum.ch\/de\/"},{"@type":"ListItem","position":2,"name":"Fragen &amp; Antworten","item":"https:\/\/eblum.ch\/de\/fragen-antworten\/"},{"@type":"ListItem","position":3,"name":"Designs"}]},{"@type":"WebSite","@id":"https:\/\/eblum.ch\/de\/#website","url":"https:\/\/eblum.ch\/de\/","name":"E. Blum & Co. AG Patent- und Markenanw\u00e4lte Z\u00fcrich","description":"","potentialAction":[{"@type":"SearchAction","target":{"@type":"EntryPoint","urlTemplate":"https:\/\/eblum.ch\/de\/?s={search_term_string}"},"query-input":{"@type":"PropertyValueSpecification","valueRequired":true,"valueName":"search_term_string"}}],"inLanguage":"de-CH"}]}},"_links":{"self":[{"href":"https:\/\/eblum.ch\/de\/wp-json\/wp\/v2\/pages\/425","targetHints":{"allow":["GET"]}}],"collection":[{"href":"https:\/\/eblum.ch\/de\/wp-json\/wp\/v2\/pages"}],"about":[{"href":"https:\/\/eblum.ch\/de\/wp-json\/wp\/v2\/types\/page"}],"author":[{"embeddable":true,"href":"https:\/\/eblum.ch\/de\/wp-json\/wp\/v2\/users\/1"}],"replies":[{"embeddable":true,"href":"https:\/\/eblum.ch\/de\/wp-json\/wp\/v2\/comments?post=425"}],"version-history":[{"count":3,"href":"https:\/\/eblum.ch\/de\/wp-json\/wp\/v2\/pages\/425\/revisions"}],"predecessor-version":[{"id":2507,"href":"https:\/\/eblum.ch\/de\/wp-json\/wp\/v2\/pages\/425\/revisions\/2507"}],"up":[{"embeddable":true,"href":"https:\/\/eblum.ch\/de\/wp-json\/wp\/v2\/pages\/417"}],"wp:attachment":[{"href":"https:\/\/eblum.ch\/de\/wp-json\/wp\/v2\/media?parent=425"}],"curies":[{"name":"wp","href":"https:\/\/api.w.org\/{rel}","templated":true}]}}